
{"id":16241,"date":"2016-11-01T07:52:11","date_gmt":"2016-11-01T06:52:11","guid":{"rendered":"http:\/\/adamczewski.blog.polityka.pl\/?page_id=16241"},"modified":"2021-03-12T09:05:12","modified_gmt":"2021-03-12T08:05:12","slug":"o-autorkach","status":"publish","type":"page","link":"https:\/\/blog.polityka.pl\/adamczewski\/o-autorkach\/","title":{"rendered":"O autorkach"},"content":{"rendered":"<p><strong>Barbara Adamczewska<\/strong> &#8211; polonistka, dziennikarka, autorka ksi\u0105\u017cek kucharskich. Wsp\u00f3lnie z m\u0119\u017cem zajmowali si\u0119 kulinariami zawodowo i z upodobaniem gotowali prywatnie. Dzi\u015b jej wielk\u0105 pasj\u0105 jest wyk\u0142adanie historii kuchni.<\/p>\n<p><strong>Agata Adamczewska<\/strong> \u2013 z wykszta\u0142cenia biolog, z zawodu redaktor. Lubi gotowa\u0107, je\u015b\u0107 i rozmawia\u0107 o jedzeniu. Wsp\u00f3\u0142autorka kilku ksi\u0105\u017cek dla dzieci. Ch\u0119tnie wypr\u00f3bowuje nowe smaki i przepisy. Pieczenie ciast pozwala jej si\u0119 wyciszy\u0107. Obecnie studiuje w Szkole Edukacji PAFW i UW i zamierza wr\u00f3ci\u0107 do szko\u0142y jako nauczycielka biologii.<\/p>\n","protected":false},"excerpt":{"rendered":"<p>Barbara Adamczewska &#8211; polonistka, dziennikarka, autorka ksi\u0105\u017cek kucharskich. Wsp\u00f3lnie z m\u0119\u017cem zajmowali si\u0119 kulinariami zawodowo i z upodobaniem gotowali prywatnie. Dzi\u015b jej wielk\u0105 pasj\u0105 jest wyk\u0142adanie historii kuchni. Agata Adamczewska \u2013 z wykszta\u0142cenia biolog, z zawodu redaktor. Lubi gotowa\u0107, je\u015b\u0107 i rozmawia\u0107 o jedzeniu. Wsp\u00f3\u0142autorka kilku ksi\u0105\u017cek dla dzieci. Ch\u0119tnie wypr\u00f3bowuje nowe smaki i przepisy. [&hellip;]<\/p>\n","protected":false},"author":2,"featured_media":0,"parent":0,"menu_order":0,"comment_status":"open","ping_status":"closed","template":"","meta":{"footnotes":""},"_links":{"self":[{"href":"https:\/\/blog.polityka.pl\/adamczewski\/wp-json\/wp\/v2\/pages\/16241"}],"collection":[{"href":"https:\/\/blog.polityka.pl\/adamczewski\/wp-json\/wp\/v2\/pages"}],"about":[{"href":"https:\/\/blog.polityka.pl\/adamczewski\/wp-json\/wp\/v2\/types\/page"}],"author":[{"embeddable":true,"href":"https:\/\/blog.polityka.pl\/adamczewski\/wp-json\/wp\/v2\/users\/2"}],"replies":[{"embeddable":true,"href":"https:\/\/blog.polityka.pl\/adamczewski\/wp-json\/wp\/v2\/comments?post=16241"}],"version-history":[{"count":2,"href":"https:\/\/blog.polityka.pl\/adamczewski\/wp-json\/wp\/v2\/pages\/16241\/revisions"}],"predecessor-version":[{"id":17225,"href":"https:\/\/blog.polityka.pl\/adamczewski\/wp-json\/wp\/v2\/pages\/16241\/revisions\/17225"}],"wp:attachment":[{"href":"https:\/\/blog.polityka.pl\/adamczewski\/wp-json\/wp\/v2\/media?parent=16241"}],"curies":[{"name":"wp","href":"https:\/\/api.w.org\/{rel}","templated":true}]}}