
{"id":2,"date":"2017-06-29T10:45:44","date_gmt":"2017-06-29T08:45:44","guid":{"rendered":"http:\/\/agatapassent.blog.polityka.pl\/?page_id=2"},"modified":"2017-06-29T13:48:43","modified_gmt":"2017-06-29T11:48:43","slug":"przykladowa-strona","status":"publish","type":"page","link":"https:\/\/blog.polityka.pl\/agatapassent\/przykladowa-strona\/","title":{"rendered":"O autorce"},"content":{"rendered":"<p>Z wykszta\u0142cenia germanistka,\u00a0z zawodu felietonistka, dziennikarka, recenzentka i emerytowana tenisistka. W TVN24 prowadzi program Xi\u0119garnia, w &#8222;Twoim Stylu&#8221; pisze felietony, dzia\u0142a w Fundacji Okularnicy im. Agnieszki Osieckiej. Bezskutecznie stara si\u0119\u00a0utrzyma\u0107 r\u00f3wnowag\u0119 mi\u0119dzy \u017cyciem prywatnym (dw\u00f3ch syn\u00f3w, m\u0105\u017c pisarz i pies mieszaniec), towarzyskim (nie ma czym si\u0119\u00a0chwali\u0107) a s\u0142u\u017cbowym. C\u00f3rka wybitnego felietonisty Daniela Passenta i genialnej pisarki Agnieszki Osieckiej. Mieszka w Warszawie, kt\u00f3rej po\u015bwi\u0119ci\u0142a m.in. ksi\u0105\u017cki\u00a0&#8222;Miast\u00f3wka&#8221; oraz \u201eStacja Warszawa\u201d.<\/p>\n<p><strong>Autorka o swoim blogu<\/strong>: Urodzi\u0142am si\u0119\u00a0w czasach analogowych, odebra\u0142am niez\u0142\u0105 edukacj\u0119, kt\u00f3rej nie mam zamiaru oddawa\u0107, ale nic mnie nie przygotowa\u0142o na taki rollercoaster, jakim jest \u017cycie w Polsce i wsp\u00f3\u0142czesnej Europie. Blog jest pr\u00f3b\u0105 odreagowania i zrozumienia otaczaj\u0105cej nas codzienno\u015bci &#8211; tej politycznej, ale te\u017c rodzinnej i tej, kt\u00f3r\u0105 znam z pracy w mediach i organizacji pozarz\u0105dowej.<\/p>\n","protected":false},"excerpt":{"rendered":"<p>Z wykszta\u0142cenia germanistka,\u00a0z zawodu felietonistka, dziennikarka, recenzentka i emerytowana tenisistka. W TVN24 prowadzi program Xi\u0119garnia, w &#8222;Twoim Stylu&#8221; pisze felietony, dzia\u0142a w Fundacji Okularnicy im. Agnieszki Osieckiej. Bezskutecznie stara si\u0119\u00a0utrzyma\u0107 r\u00f3wnowag\u0119 mi\u0119dzy \u017cyciem prywatnym (dw\u00f3ch syn\u00f3w, m\u0105\u017c pisarz i pies mieszaniec), towarzyskim (nie ma czym si\u0119\u00a0chwali\u0107) a s\u0142u\u017cbowym. C\u00f3rka wybitnego felietonisty Daniela Passenta i genialnej [&hellip;]<\/p>\n","protected":false},"author":3,"featured_media":0,"parent":0,"menu_order":0,"comment_status":"closed","ping_status":"open","template":"","meta":{"footnotes":""},"_links":{"self":[{"href":"https:\/\/blog.polityka.pl\/agatapassent\/wp-json\/wp\/v2\/pages\/2"}],"collection":[{"href":"https:\/\/blog.polityka.pl\/agatapassent\/wp-json\/wp\/v2\/pages"}],"about":[{"href":"https:\/\/blog.polityka.pl\/agatapassent\/wp-json\/wp\/v2\/types\/page"}],"author":[{"embeddable":true,"href":"https:\/\/blog.polityka.pl\/agatapassent\/wp-json\/wp\/v2\/users\/3"}],"replies":[{"embeddable":true,"href":"https:\/\/blog.polityka.pl\/agatapassent\/wp-json\/wp\/v2\/comments?post=2"}],"version-history":[{"count":2,"href":"https:\/\/blog.polityka.pl\/agatapassent\/wp-json\/wp\/v2\/pages\/2\/revisions"}],"predecessor-version":[{"id":7,"href":"https:\/\/blog.polityka.pl\/agatapassent\/wp-json\/wp\/v2\/pages\/2\/revisions\/7"}],"wp:attachment":[{"href":"https:\/\/blog.polityka.pl\/agatapassent\/wp-json\/wp\/v2\/media?parent=2"}],"curies":[{"name":"wp","href":"https:\/\/api.w.org\/{rel}","templated":true}]}}