
{"id":10,"date":"2013-04-05T14:35:08","date_gmt":"2013-04-05T12:35:08","guid":{"rendered":"http:\/\/antymatrix.blog.polityka.pl\/"},"modified":"2020-07-13T10:08:02","modified_gmt":"2020-07-13T08:08:02","slug":"ksiazki","status":"publish","type":"page","link":"https:\/\/blog.polityka.pl\/antymatrix\/ksiazki\/","title":{"rendered":"Ksi\u0105\u017cki"},"content":{"rendered":"\n<p><a href=\"https:\/\/sklep.polityka.pl\/catalog\/partdetail.aspx?PartNo=J2001000\">W Polsce, czyli wsz\u0119dzie<\/a>, Wydawnictwo Polityka, Warszawa 2020<br>Foresight. Sztuka i techniki zarz\u0105dzania przysz\u0142o\u015bci\u0105, Gda\u0144sk 2013<br><a rel=\"noopener noreferrer\" href=\"http:\/\/antymatrix.blog.polityka.pl\/bunt-sieci\/\" target=\"_blank\">Bunt Sieci, Wydawnictwo Polityka, Warszawa 2012<\/a><br><a rel=\"noopener noreferrer\" href=\"http:\/\/antymatrix.blog.polityka.pl\/ksiazki\/milosc-wojna-rewolucja-szkice-na-czas-kryzysu\/\" target=\"_blank\">Mi\u0142o\u015b\u0107, wojna, rewolucja. Szkice na czas kryzysu, W.A.B., Warszawa 2009<\/a><br><a rel=\"noopener noreferrer\" href=\"http:\/\/antymatrix.blog.polityka.pl\/antymatrix-czlowiek-w-labiryncie-sieci\/\" target=\"_blank\">Antymatrix. Cz\u0142owiek w labiryncie sieci, W.A.B., Warszawa 2004<\/a><br><a href=\"http:\/\/antymatrix.blog.polityka.pl\/ksiazki\/zatruta-studnia-rzecz-o-wladzy-i-wolnosci\/\">Zatruta studnia. Rzecz o w\u0142adzy i wolno\u015bci, W.A.B., Warszawa 2002<\/a><\/p>\n","protected":false},"excerpt":{"rendered":"<p>W Polsce, czyli wsz\u0119dzie, Wydawnictwo Polityka, Warszawa 2020Foresight. Sztuka i techniki zarz\u0105dzania przysz\u0142o\u015bci\u0105, Gda\u0144sk 2013Bunt Sieci, Wydawnictwo Polityka, Warszawa 2012Mi\u0142o\u015b\u0107, wojna, rewolucja. Szkice na czas kryzysu, W.A.B., Warszawa 2009Antymatrix. Cz\u0142owiek w labiryncie sieci, W.A.B., Warszawa 2004Zatruta studnia. Rzecz o w\u0142adzy i wolno\u015bci, W.A.B., Warszawa 2002<\/p>\n","protected":false},"author":1,"featured_media":0,"parent":0,"menu_order":0,"comment_status":"closed","ping_status":"closed","template":"","meta":{"footnotes":""},"_links":{"self":[{"href":"https:\/\/blog.polityka.pl\/antymatrix\/wp-json\/wp\/v2\/pages\/10"}],"collection":[{"href":"https:\/\/blog.polityka.pl\/antymatrix\/wp-json\/wp\/v2\/pages"}],"about":[{"href":"https:\/\/blog.polityka.pl\/antymatrix\/wp-json\/wp\/v2\/types\/page"}],"author":[{"embeddable":true,"href":"https:\/\/blog.polityka.pl\/antymatrix\/wp-json\/wp\/v2\/users\/1"}],"replies":[{"embeddable":true,"href":"https:\/\/blog.polityka.pl\/antymatrix\/wp-json\/wp\/v2\/comments?post=10"}],"version-history":[{"count":12,"href":"https:\/\/blog.polityka.pl\/antymatrix\/wp-json\/wp\/v2\/pages\/10\/revisions"}],"predecessor-version":[{"id":5444,"href":"https:\/\/blog.polityka.pl\/antymatrix\/wp-json\/wp\/v2\/pages\/10\/revisions\/5444"}],"wp:attachment":[{"href":"https:\/\/blog.polityka.pl\/antymatrix\/wp-json\/wp\/v2\/media?parent=10"}],"curies":[{"name":"wp","href":"https:\/\/api.w.org\/{rel}","templated":true}]}}