
{"id":12,"date":"2013-04-05T14:37:33","date_gmt":"2013-04-05T12:37:33","guid":{"rendered":"http:\/\/antymatrix.blog.polityka.pl\/"},"modified":"2020-11-12T16:02:44","modified_gmt":"2020-11-12T15:02:44","slug":"bunt-sieci","status":"publish","type":"page","link":"https:\/\/blog.polityka.pl\/antymatrix\/ksiazki\/bunt-sieci\/","title":{"rendered":"Bunt Sieci"},"content":{"rendered":"<p><img loading=\"lazy\" decoding=\"async\" class=\"alignleft\" title=\"Bunt Sieci\" src=\"http:\/\/bendyk.blog.polityka.pl\/wp-content\/uploads\/2012\/03\/Bunt_okladka-207x300.jpg\" alt=\"\" width=\"254\" height=\"368\" \/><\/p>\n<p><a href=\"http:\/\/antymatrix.blog.polityka.pl\/bunt-sieci\/spis-tresci\/\" target=\"_blank\" rel=\"noopener noreferrer\">1. Spis tre\u015bci<\/a><br \/>\n<a href=\"http:\/\/antymatrix.blog.polityka.pl\/bunt-sieci\/rewolucja-czas-manifestow\/\">2. Rewolucja. Czas manifest\u00f3w. Fragment ksi\u0105\u017cki.<\/a><br \/>\n<a href=\"https:\/\/docs.google.com\/open?id=0ByK_y-Qzm4NGTlU4SGF2R0NRMHVFQ3pDWlEtQUx3Zw\">3. Koniec utopii (rozdzia\u0142 z cz\u0119\u015bci II, powsta\u0142 dekad\u0119 temu, dla \u201eZatrutej studni\u201d)<\/a><br \/>\n<a href=\"http:\/\/bendyk.blog.polityka.pl\/bunt-sieci-2\/recenzje\/\" target=\"_blank\" rel=\"noopener noreferrer\">4. Recenzje<\/a><\/p>\n<p><strong>Pliki do pobrania:<\/strong><\/p>\n<p><em><a href=\"https:\/\/drive.google.com\/file\/d\/12A_XG4OOtU6A-mTUi7nUrOo1wuVK67VO\/view?usp=sharing\">Ksi\u0105\u017cka w formacie pdf<\/a><\/em><\/p>\n<p><em><a href=\"https:\/\/drive.google.com\/file\/d\/191LgZCsucuCXbazFIFLtk5Ie9bPkCz-w\/view?usp=sharing\">Ksi\u0105\u017cka w formacie epub<\/a><\/em><\/p>\n<p><em><a href=\"https:\/\/drive.google.com\/file\/d\/1OHuvxlKD_olWqaLOkXtkuFEDtKsGm0Tq\/view?usp=sharing\">Ksi\u0105\u017cka w formacie mobi<\/a><\/em><\/p>\n<p>\u201eBunt Sieci&#8221; powsta\u0142 zainspirowany protestami przeciwko porozumieniu ACTA, cho\u0107 tematy w nim poruszane zajmuj\u0105 mnie od wielu lat. Oczywi\u015bcie, nie wiedzia\u0142em \u017ce w styczniu 2012 r. dojdzie do masowych wyst\u0105pie\u0144. Obserwuj\u0105c jednak przemiany spo\u0142eczne i kulturowe w Polsce i na \u015bwiecie cz\u0119sto zadawa\u0142em, r\u00f3wnie\u017c podczas publicznych wyst\u0105pie\u0144, pytania o to, jak nowe formy uczestnictwa w kulturze, kt\u00f3re umo\u017cliwia m.in. Internet mog\u0105\u00a0prze\u0142o\u017cy\u0107\u00a0si\u0119 na nowe formy mobilizacji spo\u0142ecznej i politycznej. Kwesti\u0119\u00a0t\u0119\u00a0podnosi\u0142em m.in. 1 grudnia 2011 r. podczas inauguracji Pozna\u0144skiego Kongresu Kultury, w trakcie wyk\u0142adu o nowych formach uczestnictwa w kulturze i demokracji.<\/p>\n<p>Pytanie o mo\u017cliwo\u015b\u0107 zrywu znalaz\u0142o szybko odpowied\u017a. Nikt nie przewidzia\u0142 skali i intensywno\u015bci manifestacji organizowanych g\u0142\u00f3wnie przez ludzi m\u0142odych o r\u00f3\u017cnych przekonaniach politycznych, o r\u00f3\u017cnym statusie spo\u0142ecznym, mieszkaj\u0105cych w miastach du\u017cych i ma\u0142ych. To pierwsza taka mobilizacja w III Rzeczpospolitej. Nie jest to jednak pierwszy przyk\u0142ad \u201ezmowy obywatelskiej&#8221; przeciwko polityce z\u0142ej jako\u015bci i kiepskiemu zarz\u0105dzaniu r\u00f3\u017cnymi sferami \u017cycia w Polsce. Wyra\u017caj\u0105 si\u0119 w nich po prostu kolejne przejawy \u201eBuntu Sieci&#8221;, buntu nowego sieciowego spo\u0142ecze\u0144stwa przeciwko starym, niewydolnym strukturom pa\u0144stwa tkwi\u0105cego ci\u0105gle w XX, a nawet i XIX wieku.<\/p>\n<p>Protest przeciwko ACTA przyspieszy\u0142 prac\u0119 nad \u201eBuntem Sieci&#8221;. Zdecydowa\u0142em, \u017ce przygotuj\u0119 ksi\u0105\u017ck\u0119 b\u0119d\u0105c\u0105 kronik\u0105 trwaj\u0105cej po cichu i nabieraj\u0105cej na sile rewolucji.<\/p>\n<p>Gor\u0105c\u0105 analiz\u0119 tego, co wydarzy\u0142o si\u0119 na prze\u0142omie stycznia i lutego (cz\u0119\u015b\u0107 I ksi\u0105\u017cki, \u201eWirtualna wojna domowa&#8221;) uzupe\u0142niam tekstami, jakie powsta\u0142y w zwi\u0105zku z projektem \u201eBuntu Sieci&#8221; w ci\u0105gu ostatnich kilku lat (cz\u0119\u015b\u0107 II, \u201eWyznania kogniwoja\u017cera&#8221;). Dokumentuj\u0105 one przemiany w r\u00f3\u017cnych sferach \u017cycia &#8211; zestawione razem pozwalaj\u0105 nie tylko odczu\u0107 ich klimat, lecz tak\u017ce ods\u0142aniaj\u0105 procesy\u00a0in statu nascendi, jakby to powiedzieli chemicy.<\/p>\n<p>\u201eCzy Polska przetrwa do 2030 roku&#8221; &#8211; to kluczowe pytanie ksi\u0105\u017cki. Oczywi\u015bcie pytanie to nie jest prognoz\u0105, lecz zach\u0119t\u0105 do refleksji nad \u015bwiatem, w kt\u00f3rym najwa\u017cniejsze role odgrywa\u0107 b\u0119d\u0105 dzisiejsi protestuj\u0105cy z ulic polskich miast. Co zrobi\u0107, by nie zmarnowa\u0107 ich energii i umiej\u0119tno\u015bci?<\/p>\n<p>Zapraszam do lektury i wsp\u00f3lnego poszukiwania odpowiedzi. \u201eBuntowi Sieci&#8221; towarzyszy dost\u0119pna w Internecie ksi\u0105\u017cka \u201eZatruta studnia. Rzecz o w\u0142adzy i wolno\u015bci&#8221; (www.buntsieci.pl). Powsta\u0142a dekad\u0119\u00a0temu, lecz najwa\u017cniejsze jej wnioski dotycz\u0105ce delegitymizacji starego \u0142adu i kryzysu zaufania nie straci\u0142y na aktualno\u015bci. Zapraszam tak\u017ce na Facebooka:\u00a0<a href=\"http:\/\/www.facebook.com\/buntsieci\" target=\"_blank\" rel=\"noopener noreferrer\">http:\/\/www.facebook.com\/buntsieci<\/a>.<\/p>\n<p><strong>Zakup:<\/strong><br \/>\nebook:\u00a0<a href=\"http:\/\/www.nexto.pl\/ebooki\/bunt_sieci_p31463.xml\" target=\"_blank\" rel=\"noopener noreferrer\">ksi\u0119garnia nexto.pl<\/a><br \/>\nwydanie papierowe&#8221;\u00a0<a href=\"http:\/\/bendyk.blog.polityka.pl\/http:\/\/skleppolityki.pl\/pl,product,12849855,edwin,bendyk,bunt,sieci.html\/\" target=\"_blank\" rel=\"noopener noreferrer\">sklep POLITYKI<\/a><\/p>\n","protected":false},"excerpt":{"rendered":"<p>1. Spis tre\u015bci 2. Rewolucja. Czas manifest\u00f3w. Fragment ksi\u0105\u017cki. 3. Koniec utopii (rozdzia\u0142 z cz\u0119\u015bci II, powsta\u0142 dekad\u0119 temu, dla \u201eZatrutej studni\u201d) 4. Recenzje Pliki do pobrania: Ksi\u0105\u017cka w formacie pdf Ksi\u0105\u017cka w formacie epub Ksi\u0105\u017cka w formacie mobi \u201eBunt Sieci&#8221; powsta\u0142 zainspirowany protestami przeciwko porozumieniu ACTA, cho\u0107 tematy w nim poruszane zajmuj\u0105 mnie od [&hellip;]<\/p>\n","protected":false},"author":1,"featured_media":0,"parent":10,"menu_order":0,"comment_status":"closed","ping_status":"closed","template":"","meta":{"footnotes":""},"_links":{"self":[{"href":"https:\/\/blog.polityka.pl\/antymatrix\/wp-json\/wp\/v2\/pages\/12"}],"collection":[{"href":"https:\/\/blog.polityka.pl\/antymatrix\/wp-json\/wp\/v2\/pages"}],"about":[{"href":"https:\/\/blog.polityka.pl\/antymatrix\/wp-json\/wp\/v2\/types\/page"}],"author":[{"embeddable":true,"href":"https:\/\/blog.polityka.pl\/antymatrix\/wp-json\/wp\/v2\/users\/1"}],"replies":[{"embeddable":true,"href":"https:\/\/blog.polityka.pl\/antymatrix\/wp-json\/wp\/v2\/comments?post=12"}],"version-history":[{"count":10,"href":"https:\/\/blog.polityka.pl\/antymatrix\/wp-json\/wp\/v2\/pages\/12\/revisions"}],"predecessor-version":[{"id":5530,"href":"https:\/\/blog.polityka.pl\/antymatrix\/wp-json\/wp\/v2\/pages\/12\/revisions\/5530"}],"up":[{"embeddable":true,"href":"https:\/\/blog.polityka.pl\/antymatrix\/wp-json\/wp\/v2\/pages\/10"}],"wp:attachment":[{"href":"https:\/\/blog.polityka.pl\/antymatrix\/wp-json\/wp\/v2\/media?parent=12"}],"curies":[{"name":"wp","href":"https:\/\/api.w.org\/{rel}","templated":true}]}}