
{"id":26,"date":"2013-04-05T14:56:26","date_gmt":"2013-04-05T12:56:26","guid":{"rendered":"http:\/\/antymatrix.blog.polityka.pl\/"},"modified":"2015-12-28T18:39:12","modified_gmt":"2015-12-28T17:39:12","slug":"zatruta-studnia-rzecz-o-wladzy-i-wolnosci","status":"publish","type":"page","link":"https:\/\/blog.polityka.pl\/antymatrix\/ksiazki\/zatruta-studnia-rzecz-o-wladzy-i-wolnosci\/","title":{"rendered":"Zatruta studnia. Rzecz o w\u0142adzy i wolno\u015bci"},"content":{"rendered":"<p><a href=\"https:\/\/drive.google.com\/file\/d\/0ByK_y-Qzm4NGbUhwdFVyaF9UYy16OXExQ0V4YlBZdw\/view?usp=sharing\" target=\"_blank\"><img loading=\"lazy\" decoding=\"async\" class=\"alignleft\" title=\"Zatruta studnia\" src=\"http:\/\/bendyk.blog.polityka.pl\/wp-content\/uploads\/2011\/04\/13_60a-186x300.jpg\" alt=\"\" width=\"186\" height=\"300\" \/><\/a><a href=\"https:\/\/drive.google.com\/file\/d\/0ByK_y-Qzm4NGbUhwdFVyaF9UYy16OXExQ0V4YlBZdw\/view?usp=sharing\" target=\"_blank\">Odno\u015bnik do pliku PDF z tre\u015bci\u0105 ksi\u0105\u017cki dost\u0119pn\u0105 na licencji Creative Commons.<\/a><\/p>\n<p>Poni\u017cej nota wydawnicza\u00a0 o ksi\u0105\u017cce (z 2002):<\/p>\n<p>Ksi\u0105\u017cka po\u015bwi\u0119cona jest najistotniejszym zjawiskom &#8211; politycznym, spo\u0142ecznym, technologicznym i kulturowym &#8211; kszta\u0142tuj\u0105cym w ci\u0105gu ostatnich dekad wsp\u00f3\u0142czesny obraz nie tylko zachodniego \u015bwiata.<\/p>\n<p>To imponuj\u0105cy rozmachem i erudycj\u0105 publicystyczny fresk, wszechstronna panorama prze\u0142omu wiek\u00f3w, kolejne \u015bwiadectwo tego, \u017ce sko\u0144czy\u0142 si\u0119 czas jedynie s\u0142usznych diagnoz i uniwersalnych rozwi\u0105za\u0144, i \u017ce w obecnym stuleciu jedn\u0105 z najbardziej istotnych warto\u015bci b\u0119dzie wolno\u015b\u0107 &#8211; przede wszystkim wolno\u015b\u0107 my\u015blenia. Jest to jednocze\u015bnie zaproszenie do intelektualnej gry, wymagaj\u0105cej od czytelnika samodzielno\u015bci i otwarto\u015bci, r\u00f3wnie\u017c na niewielkie prowokacje.<\/p>\n<p>Upadek ZSRR, przetasowania w Europie \u015arodkowej, konflikty ba\u0142ka\u0144skie i bliskowschodnie, powstanie Internetu i Human Genome Project, odkrycia wsp\u00f3\u0142czesnej fizyki i przemiany kulturowe &#8211; perspektywa, jak\u0105 kre\u015bli Bendyk jest bardzo rozleg\u0142a. Szczeg\u00f3lny nacisk k\u0142adzie autor na kolejne etapy rewolucji technologicznej &#8211; technologia wszak to nie tylko rozliczne dobrodziejstwa, to r\u00f3wnie\u017c nowe zagro\u017cenia (przyk\u0142adem epidemia BSE), nowe dylematy, nowe metody prowadzenia polityki i wojen, a co za tym idzie &#8211; nowe, cz\u0119sto nieprzewidywalne formy terroryzmu. Eseje sk\u0142adaj\u0105ce si\u0119 na Zatrut\u0105 studni\u0119 maj\u0105 jednak charakter raczej publicystyczny ni\u017c popularnonaukowy. Autor swobodnie zmienia punkt widzenia z globalnego na lokalny i osobisty, przeplataj\u0105c odwo\u0142ania do prac najwybitniejszych wsp\u00f3\u0142czesnych my\u015blicieli anegdotami i barwnymi reporterskimi opowie\u015bciami.<\/p>\n<p>Czy uda si\u0119 za\u017cegna\u0107 powszechny kryzys zaufania, zagra\u017caj\u0105cy nie tylko polityce mi\u0119dzynarodowej, ale \u017cywotno\u015bci samych spo\u0142ecze\u0144stw? Jakie powinno by\u0107 miejsce nauki i kto ma okre\u015bla\u0107 granice jej wolno\u015bci? Czy nowy wspania\u0142y \u015bwiat XXI wieku nie oka\u017ce si\u0119 czasem l\u0119ku i pojawiaj\u0105cych si\u0119 znienacka zagro\u017ce\u0144, nowym \u015bredniowieczem? Edwin Bendyk oferuje swojemu czytelnikowi nie tylko ostro\u015b\u0107 spojrzenia i rozleg\u0142o\u015b\u0107 perspektywy, ale te\u017c, ostatecznie, optymizm.<\/p>\n<p>Ksi\u0105\u017cka otrzyma\u0142a tytu\u0142 \u201eKsi\u0105\u017cki Jesieni 2002&#8243; Pozna\u0144skiego Przegl\u0105du Nowo\u015bci Wydawniczych za pasjonuj\u0105cy raport o kondycji zaufania w dzisiejszym spo\u0142ecze\u0144stwie. W 2003 r. by\u0142a nominowana do Nagrody Literackiej Nike. W 2004 r. otrzyma\u0142a nagrod\u0119 w Konkursie Literackim Polskiego Towarzystwa Wydawc\u00f3w Ksi\u0105\u017cek.<\/p>\n","protected":false},"excerpt":{"rendered":"<p>Odno\u015bnik do pliku PDF z tre\u015bci\u0105 ksi\u0105\u017cki dost\u0119pn\u0105 na licencji Creative Commons. Poni\u017cej nota wydawnicza\u00a0 o ksi\u0105\u017cce (z 2002): Ksi\u0105\u017cka po\u015bwi\u0119cona jest najistotniejszym zjawiskom &#8211; politycznym, spo\u0142ecznym, technologicznym i kulturowym &#8211; kszta\u0142tuj\u0105cym w ci\u0105gu ostatnich dekad wsp\u00f3\u0142czesny obraz nie tylko zachodniego \u015bwiata. To imponuj\u0105cy rozmachem i erudycj\u0105 publicystyczny fresk, wszechstronna panorama prze\u0142omu wiek\u00f3w, kolejne \u015bwiadectwo [&hellip;]<\/p>\n","protected":false},"author":1,"featured_media":0,"parent":10,"menu_order":0,"comment_status":"closed","ping_status":"closed","template":"","meta":{"footnotes":""},"_links":{"self":[{"href":"https:\/\/blog.polityka.pl\/antymatrix\/wp-json\/wp\/v2\/pages\/26"}],"collection":[{"href":"https:\/\/blog.polityka.pl\/antymatrix\/wp-json\/wp\/v2\/pages"}],"about":[{"href":"https:\/\/blog.polityka.pl\/antymatrix\/wp-json\/wp\/v2\/types\/page"}],"author":[{"embeddable":true,"href":"https:\/\/blog.polityka.pl\/antymatrix\/wp-json\/wp\/v2\/users\/1"}],"replies":[{"embeddable":true,"href":"https:\/\/blog.polityka.pl\/antymatrix\/wp-json\/wp\/v2\/comments?post=26"}],"version-history":[{"count":6,"href":"https:\/\/blog.polityka.pl\/antymatrix\/wp-json\/wp\/v2\/pages\/26\/revisions"}],"predecessor-version":[{"id":1831,"href":"https:\/\/blog.polityka.pl\/antymatrix\/wp-json\/wp\/v2\/pages\/26\/revisions\/1831"}],"up":[{"embeddable":true,"href":"https:\/\/blog.polityka.pl\/antymatrix\/wp-json\/wp\/v2\/pages\/10"}],"wp:attachment":[{"href":"https:\/\/blog.polityka.pl\/antymatrix\/wp-json\/wp\/v2\/media?parent=26"}],"curies":[{"name":"wp","href":"https:\/\/api.w.org\/{rel}","templated":true}]}}