
{"id":3248,"date":"2017-08-15T12:38:53","date_gmt":"2017-08-15T10:38:53","guid":{"rendered":"http:\/\/antymatrix.blog.polityka.pl\/?page_id=3248"},"modified":"2017-08-15T12:43:13","modified_gmt":"2017-08-15T10:43:13","slug":"miasto-przyszloscilaboratorium-wroclaw","status":"publish","type":"page","link":"https:\/\/blog.polityka.pl\/antymatrix\/projekty\/miasto-przyszloscilaboratorium-wroclaw\/","title":{"rendered":"Miasto przysz\u0142o\u015bci\/Laboratorium Wroc\u0142aw"},"content":{"rendered":"<p><strong>Program Miasto Przysz\u0142o\u015bci\/Laboratorium Wroc\u0142aw<\/strong> realizowa\u0142em w ramach Europejskiej Stolicy Kultury Wroc\u0142aw 2016. Poni\u017cej dokumentacja multimedialna tego wielowymiarowego przedsi\u0119wzi\u0119cia:<\/p>\n<p><a href=\"http:\/\/miastoprzyszlosci.wroclaw2016.pl\/\" target=\"_blank\" rel=\"noopener noreferrer\"><strong>Miasto Przysz\u0142o\u015bci\/Laboratorium Wroc\u0142aw<\/strong> <\/a><\/p>\n<p>Poni\u017cej relacja z jednego z dziesi\u0105tk\u00f3w projekt\u00f3w &#8211; warsztat\u00f3w tanecznych protoCia\u0142o\u00a0 SEE me\/ ZOBACZ z osobami niewidomymi<\/p>\n<p><iframe loading=\"lazy\" title=\"protoCIA\u0141O: SEE me\/ ZOBACZ\" width=\"1778\" height=\"1000\" src=\"https:\/\/www.youtube.com\/embed\/j-jS1LYT4qw?feature=oembed\" frameborder=\"0\" allow=\"accelerometer; autoplay; encrypted-media; gyroscope; picture-in-picture\" allowfullscreen><\/iframe><\/p>\n","protected":false},"excerpt":{"rendered":"<p>Program Miasto Przysz\u0142o\u015bci\/Laboratorium Wroc\u0142aw realizowa\u0142em w ramach Europejskiej Stolicy Kultury Wroc\u0142aw 2016. Poni\u017cej dokumentacja multimedialna tego wielowymiarowego przedsi\u0119wzi\u0119cia: Miasto Przysz\u0142o\u015bci\/Laboratorium Wroc\u0142aw Poni\u017cej relacja z jednego z dziesi\u0105tk\u00f3w projekt\u00f3w &#8211; warsztat\u00f3w tanecznych protoCia\u0142o\u00a0 SEE me\/ ZOBACZ z osobami niewidomymi<\/p>\n","protected":false},"author":1,"featured_media":0,"parent":3244,"menu_order":0,"comment_status":"closed","ping_status":"closed","template":"","meta":{"footnotes":""},"_links":{"self":[{"href":"https:\/\/blog.polityka.pl\/antymatrix\/wp-json\/wp\/v2\/pages\/3248"}],"collection":[{"href":"https:\/\/blog.polityka.pl\/antymatrix\/wp-json\/wp\/v2\/pages"}],"about":[{"href":"https:\/\/blog.polityka.pl\/antymatrix\/wp-json\/wp\/v2\/types\/page"}],"author":[{"embeddable":true,"href":"https:\/\/blog.polityka.pl\/antymatrix\/wp-json\/wp\/v2\/users\/1"}],"replies":[{"embeddable":true,"href":"https:\/\/blog.polityka.pl\/antymatrix\/wp-json\/wp\/v2\/comments?post=3248"}],"version-history":[{"count":5,"href":"https:\/\/blog.polityka.pl\/antymatrix\/wp-json\/wp\/v2\/pages\/3248\/revisions"}],"predecessor-version":[{"id":3255,"href":"https:\/\/blog.polityka.pl\/antymatrix\/wp-json\/wp\/v2\/pages\/3248\/revisions\/3255"}],"up":[{"embeddable":true,"href":"https:\/\/blog.polityka.pl\/antymatrix\/wp-json\/wp\/v2\/pages\/3244"}],"wp:attachment":[{"href":"https:\/\/blog.polityka.pl\/antymatrix\/wp-json\/wp\/v2\/media?parent=3248"}],"curies":[{"name":"wp","href":"https:\/\/api.w.org\/{rel}","templated":true}]}}