
{"id":3256,"date":"2017-08-15T12:55:13","date_gmt":"2017-08-15T10:55:13","guid":{"rendered":"http:\/\/antymatrix.blog.polityka.pl\/?page_id=3256"},"modified":"2017-08-15T12:56:39","modified_gmt":"2017-08-15T10:56:39","slug":"spisek-kultury-w-strone-metakultury-rozwoju","status":"publish","type":"page","link":"https:\/\/blog.polityka.pl\/antymatrix\/projekty\/spisek-kultury-w-strone-metakultury-rozwoju\/","title":{"rendered":"Kultura i rozw\u00f3j"},"content":{"rendered":"<p class=\"p1\"><a href=\"http:\/\/spisekkultury.beczmiana.pl\/\" target=\"_blank\" rel=\"noopener noreferrer\"><strong>Strona zawiera syntetyczny raport z przebiegu projektu \u201eKultura i rozw\u00f3j\u201d<\/strong><\/a>. Raporty cz\u0105stkowe oraz dokumentacja dost\u0119pne s\u0105 pod wskazanymi adresami internetowymi. Zastrzec nale\u017cy, \u017ce wnioski przedstawione w tym raporcie mog\u0105 odbiega\u0107\u00a0od konkluzji cz\u0105stkowych. Projekt by\u0142 z zasady autorefleksyjny, nastawiony na modyfikacj\u0119 hipotez i konkluzji w miar\u0119 pojawiania si\u0119 nowych obserwacji.<\/p>\n<p class=\"p1\">Projekt \u201eKultura i Rozw\u00f3j\u201d zosta\u0142 zainicjowany w odpowiedzi na Kongres Kultury Polskiej zwo\u0142any w 2009 r. Jedno z hase\u0142 Kongresu g\u0142osi\u0142o \u201eKultura si\u0119 liczy!\u201d, a kwestie ekonomiczne: od finansowania kultury i sztuki po znaczenie kultury dla gospodarki zajmowa\u0142y wa\u017cne miejsce podczas nierzadko bardzo emocjonuj\u0105cych dyskusji. Projekt \u201eKultura i Rozw\u00f3j\u201d mia\u0142 za zadanie pog\u0142\u0119bienie dyskusji o relacjach mi\u0119dzy gospodark\u0105 a kultur\u0105 oraz rozwojowym znaczeniem kultury.<span id=\"more-410\"><\/span><\/p>\n<p class=\"p1\"><a title=\"CYKL I \/ 2010\" href=\"https:\/\/spisekkultury.wordpress.com\/wywiady\/cykl-i-2010\/\" target=\"_blank\" rel=\"noopener noreferrer\">I etap przedsi\u0119wzi\u0119cia<\/a>\u00a0realizowanego w 2010 r. polega\u0142 na przeprowadzeniu sze\u015bciu seminari\u00f3w po\u015bwi\u0119conych ekonomii kultury i sztuki, a wysi\u0142ek ten wie\u0144czy\u0142y dwudniowe warsztaty badawcze<span class=\"Apple-converted-space\">\u00a0\u00a0<\/span>zorganizowane w Radziejowicach;<\/p>\n<p class=\"p1\"><a title=\"CYKL II \/ 2011\" href=\"https:\/\/spisekkultury.wordpress.com\/wywiady\/cykl-ii-2011\/\" target=\"_blank\" rel=\"noopener noreferrer\">II etap przedsi\u0119wzi\u0119cia<\/a>, realizowany w 2011 r. nadal pos\u0142ugiwa\u0142 si\u0119 formatem seminaryjnym, spotkania odbywa\u0142y si\u0119 pod tytu\u0142em\u00a0<b>\u201eKultura na granicy\u201d<\/b>\u00a0i po\u015bwi\u0119cone by\u0142y analizie nowych, granicznych zjawisk w kulturze manifestuj\u0105cych si\u0119 w przestrzeniach styku r\u00f3\u017cnych proces\u00f3w spo\u0142ecznych, gospodarczych, urbanizacyjnych;<\/p>\n<p class=\"p1\">III etap projektu podejmowa\u0142 zagadnienia wskazane jako kluczowe do dalszej analizy w trakcie dzia\u0142a\u0144 realizowanych podczas pierwszego i drugiego etapu. W rezultacie odby\u0142y si\u0119 dwa minicykle seminaryjne (po trzy spotkania):<\/p>\n<ul>\n<li><a title=\"CYKL III \/ 2012 \u2013 METROPOLIS XXI\" href=\"https:\/\/spisekkultury.wordpress.com\/wywiady\/cykl-iii-2012-metropolis-xxi\/\" target=\"_blank\" rel=\"noopener noreferrer\"><b>Metropolis XXI<\/b><\/a>, cykl po\u015bwi\u0119cony przemianom kultury miejskiej i miast jako \u015brodowisk rozwoju kultury;<\/li>\n<li><a title=\"CYKL III \/ 2012 \u2013 KULTURA PRZYSZ\u0141O\u015aCI\" href=\"https:\/\/spisekkultury.wordpress.com\/wywiady\/cykl-iii-2012-kultura-przyszlosci\/\" target=\"_blank\" rel=\"noopener noreferrer\"><b>Kultura przysz\u0142o\u015bci<\/b><\/a>, po\u015bwi\u0119cony analizie najnowszych, nieoczekiwanych zjawisk w kulturze manifestuj\u0105cych si\u0119 spontanicznie, jak protesty przeciwko ACTA oraz ujawnianych w badaniach, jak analiza zjawiska grup rekonstrukcji historycznej.<\/li>\n<\/ul>\n<p class=\"p1\">Spotkania by\u0142y rejestrowane, a relacje z nich dost\u0119pne s\u0105 w witrynie \u201eObserwatorium Kultury\u201d Narodowego Centrum Kultury oraz w witrynie \u201eSpisek Kultury\u201d powsta\u0142ej w ramach realizacji IV etapu projektu, czyli podsumowania oraz badania hipotezy, do jakiej prowadzi\u0142a wiedza uzyskana w trakcie etap\u00f3w I-III: dynamicznie zmieniaj\u0105ce si\u0119 pole kultury wymyka si\u0119 pr\u00f3bom opisu naukowego, tym samym istotne fragmenty rzeczywisto\u015bci kulturalnej s\u0105 pozbawione reprezentacji, przez co nie istniej\u0105 w dyskursie publicznym i nie s\u0105 te\u017c przedmiotem polityk publicznych.<\/p>\n<p class=\"p1\">Powstaje wi\u0119c pytanie,\u00a0<strong>czy w ten spos\u00f3b nie tracimy przez \u201enieuobecnienie\u201d wa\u017cnych zasob\u00f3w kulturowych, jakie mog\u0142yby mie\u0107 znaczenie rozwojowe?<\/strong><\/p>\n<p class=\"p1\">To pytanie \u2013 hipoteza o ukrytych zasobach prowadzi do pyta\u0144 badawczych:<\/p>\n<ol>\n<li class=\"p2\">Jaki jest zasi\u0119g nieodkrytych i nieobecnych praktyk kulturowych?<\/li>\n<li class=\"p2\">Jakie s\u0105 powody nieobecno\u015bci tych praktyk?<\/li>\n<li class=\"p2\">Jak ujawnia\u0107 i waloryzowa\u0107 ujawniane zasoby i okre\u015bla\u0107 ich rozwojowy potencja\u0142?<\/li>\n<li class=\"p2\">Jak w\u0142\u0105cza\u0107 ujawnione i zwaloryzowane zasoby do polityk rozwojowych w wymiarze samorz\u0105dowym, krajowym, korporacyjnym, organizacyjnym?<\/li>\n<\/ol>\n<p class=\"p1\">Odpowiedzi na te pytania szukali\u015bmy w nast\u0119puj\u0105cy spos\u00f3b:<\/p>\n<ol>\n<li class=\"p2\">W trakcie szesnastu wywiad\u00f3w pog\u0142\u0119bionych oraz studia literaturowe zweryfikowali\u015bmy hipotez\u0119, \u017ce \u201emapa nie jest terytorium\u201d ujawniaj\u0105c bariery epistemologiczne przyczyniaj\u0105ce si\u0119 do nieobecno\u015bci istotnych zasob\u00f3w;<\/li>\n<li class=\"p2\">Podj\u0119li\u015bmy pilota\u017c ( podprojekt \u201eFraktale\u201d) polegaj\u0105cy na analizie sze\u015bciu studi\u00f3w przypadk\u00f3w maj\u0105cych zbada\u0107 istniej\u0105ce ju\u017c do\u015bwiadczenia odkrywania zapoznanych zasob\u00f3w i ich wzmacniania za pomoc\u0105 r\u00f3\u017cnorodnych narz\u0119dzi;<\/li>\n<li class=\"p2\">Bie\u017c\u0105ce wnioski weryfikowali\u015bmy w trakcie czterech konwersatori\u00f3w, w trakcie kt\u00f3rych w gronie ekspert\u00f3w problematyzowali\u015bmy uzyskane do\u015bwiadczenia.<\/li>\n<\/ol>\n<p class=\"p1\">Do kluczowych element\u00f3w kontekstu projektu \u201eKultura i Rozw\u00f3j\u201d nale\u017cy zaliczy\u0107 nast\u0119puj\u0105ce wydarzenia i procesy:<\/p>\n<ol>\n<li class=\"p2\">Obywatelski projekt ustawy medialnej przygotowany przez Komitet Obywatelski Medi\u00f3w Publicznych;<\/li>\n<li class=\"p2\">Powstanie Ruchu Spo\u0142ecznego \u201eObywatele Kultury\u201d, a nast\u0119pnie podpisanie w maju 2011 r. Paktu dla Kultury oraz instytucjonalizacja jego postanowie\u0144 przez powo\u0142anie odpowiednich komitet\u00f3w mieszanych przy Kancelarii Prezesa Rady Ministr\u00f3w oraz Ministrze Kultury i Dziedzictwa Narodowego;<\/li>\n<li class=\"p2\">Powstanie lokalnych ruch\u00f3w obywatelskich w kulturze, m.in. w Olsztynie, Krakowie, Poznaniu, Warszawie i Bydgoszczy (tu zwie\u0144czone podpisaniem bydgoskiego Paktu dla Kultury);<\/li>\n<li class=\"p2\">Prace nad Strategi\u0105 Rozwoju Kapita\u0142u Spo\u0142ecznego (powierzone Ministrowi Kultury i Dziedzictwa Narodowego);<\/li>\n<li class=\"p2\">Polska prezydencja w Unii Europejskiej oraz zwi\u0105zany z ni\u0105 Europejski Kongres Kultury we Wroc\u0142awiu;<\/li>\n<li class=\"p2\">Konkurs o tytu\u0142 Europejskiej Stolicy Kultury 2016;<\/li>\n<li class=\"p2\">Protesty przeciwko mi\u0119dzynarodowemu porozumieniu handlowemu ACTA;<\/li>\n<li class=\"p2\">Rozw\u00f3j programu \u201eObserwatorium Kultury\u201d jako \u017ar\u00f3d\u0142a dynamicznej wiedzy o procesach spo\u0142eczno-kulturowych w Polsce;<\/li>\n<li class=\"p2\">Refleksja nad innowacyjno\u015bci\u0105 animowana przez Polsk\u0105 Agencj\u0119 Rozwoju Przedsi\u0119biorczo\u015bci;<\/li>\n<li class=\"p2\">Seminarium i konferencja \u201eKultura i Rozw\u00f3j\u201d zainicjowane w 2013 r. przez prof. Jerzego Hausnera i Instytut Studi\u00f3w Zaawansowanych Krytyki Politycznej;<\/li>\n<li class=\"p2\">Elbl\u0105skie Fora Kulturoznawcze, zw\u0142aszcza edycja 2014 r.<\/li>\n<li class=\"p2\">Program debat o kulturze i gospodarce podczas Forum Ekonomicznego w Krynicy;<\/li>\n<li class=\"p2\">Do\u015bwiadczenie program\u00f3w badawczych \u00a0(<a href=\"http:\/\/www.ceik.eu\/dynamiczna-diagnoza-kultury-warmii-i-mazur.html\" target=\"_blank\" rel=\"noopener noreferrer\">Dynamiczna diagnoza kultury Warmii i Mazur<\/a>,\u00a0<a href=\"http:\/\/www.biblioteki.org\/pl\/_biuletyn_?ctype=ogolny&amp;cid=261\" target=\"_blank\" rel=\"noopener noreferrer\">Scenariusze Przysz\u0142o\u015bci Bibliotek<\/a>,\u00a0<a href=\"http:\/\/www.obserwatoriumkultury.pl\/artykuly\/119564-scenariusze-rozwoju-lokalnych-polityk-kultury--raport-badawczy-cal.html\" target=\"_blank\" rel=\"noopener noreferrer\">scenariusze przysz\u0142o\u015bci lokalnych polityk kulturalnych<\/a>.<\/li>\n<li class=\"p2\"><a href=\"http:\/\/www.platformakultury.pl\/kategorie\/o-niekongresie.html\" target=\"_blank\" rel=\"noopener noreferrer\">NieKongres Animator\u00f3w Kultury<\/a>;<\/li>\n<li class=\"p2\">Szerszy, globalny kontekst to procesy gwa\u0142townych zmian spo\u0142eczno-politycznych na \u015bwiecie, jak Arabska Wiosna, Ukrai\u0144ska Rewolucja Godno\u015bci, nowe ruchy miejskie na \u015bwiecie i w Polsce.<\/li>\n<\/ol>\n","protected":false},"excerpt":{"rendered":"<p>Strona zawiera syntetyczny raport z przebiegu projektu \u201eKultura i rozw\u00f3j\u201d. Raporty cz\u0105stkowe oraz dokumentacja dost\u0119pne s\u0105 pod wskazanymi adresami internetowymi. Zastrzec nale\u017cy, \u017ce wnioski przedstawione w tym raporcie mog\u0105 odbiega\u0107\u00a0od konkluzji cz\u0105stkowych. Projekt by\u0142 z zasady autorefleksyjny, nastawiony na modyfikacj\u0119 hipotez i konkluzji w miar\u0119 pojawiania si\u0119 nowych obserwacji. Projekt \u201eKultura i Rozw\u00f3j\u201d zosta\u0142 zainicjowany [&hellip;]<\/p>\n","protected":false},"author":1,"featured_media":0,"parent":3244,"menu_order":0,"comment_status":"closed","ping_status":"closed","template":"","meta":{"footnotes":""},"_links":{"self":[{"href":"https:\/\/blog.polityka.pl\/antymatrix\/wp-json\/wp\/v2\/pages\/3256"}],"collection":[{"href":"https:\/\/blog.polityka.pl\/antymatrix\/wp-json\/wp\/v2\/pages"}],"about":[{"href":"https:\/\/blog.polityka.pl\/antymatrix\/wp-json\/wp\/v2\/types\/page"}],"author":[{"embeddable":true,"href":"https:\/\/blog.polityka.pl\/antymatrix\/wp-json\/wp\/v2\/users\/1"}],"replies":[{"embeddable":true,"href":"https:\/\/blog.polityka.pl\/antymatrix\/wp-json\/wp\/v2\/comments?post=3256"}],"version-history":[{"count":2,"href":"https:\/\/blog.polityka.pl\/antymatrix\/wp-json\/wp\/v2\/pages\/3256\/revisions"}],"predecessor-version":[{"id":3258,"href":"https:\/\/blog.polityka.pl\/antymatrix\/wp-json\/wp\/v2\/pages\/3256\/revisions\/3258"}],"up":[{"embeddable":true,"href":"https:\/\/blog.polityka.pl\/antymatrix\/wp-json\/wp\/v2\/pages\/3244"}],"wp:attachment":[{"href":"https:\/\/blog.polityka.pl\/antymatrix\/wp-json\/wp\/v2\/media?parent=3256"}],"curies":[{"name":"wp","href":"https:\/\/api.w.org\/{rel}","templated":true}]}}