
{"id":3272,"date":"2017-08-15T13:18:18","date_gmt":"2017-08-15T11:18:18","guid":{"rendered":"http:\/\/antymatrix.blog.polityka.pl\/?page_id=3272"},"modified":"2017-08-15T13:21:07","modified_gmt":"2017-08-15T11:21:07","slug":"foresight-polska-2020","status":"publish","type":"page","link":"https:\/\/blog.polityka.pl\/antymatrix\/projekty\/foresight-polska-2020\/","title":{"rendered":"Foresight Polska 2020"},"content":{"rendered":"<p>W latach 2006-2008 uczestniczy\u0142em w Narodowym Programie Foresight Polska 2020 jako cz\u0142onek Panelu G\u0142\u00f3wnego i wsp\u00f3\u0142redaktor raportu ko\u0144cowego. Poni\u017cej linki do materia\u0142\u00f3w podsumowuj\u0105cych ten projekt:<\/p>\n<ul>\n<li><a href=\"http:\/\/www.nauka.gov.pl\/g2\/oryginal\/2013_05\/827a368f925a543b5c73e92d5779cd5e.pdf\" target=\"_blank\" rel=\"noopener noreferrer\">Raport ko\u0144cowy<\/a><\/li>\n<li><a href=\"http:\/\/www.nauka.gov.pl\/g2\/oryginal\/2013_05\/60ae15db0ec9b590e5533e392e7c2a91.pdf\" target=\"_blank\" rel=\"noopener noreferrer\">Broszura popularyzuj\u0105ca Polska 2020 &#8211; spojrzenie z przysz\u0142o\u015bci<\/a><\/li>\n<li><a href=\"http:\/\/www.nauka.gov.pl\/g2\/oryginal\/2013_05\/57618967bbf4f2a2fa716160a551b847.pdf\" target=\"_blank\" rel=\"noopener noreferrer\">Broszura Polska 2020 &#8211; spojrzenie z przysz\u0142o\u015bci po angielsku<\/a><\/li>\n<\/ul>\n","protected":false},"excerpt":{"rendered":"<p>W latach 2006-2008 uczestniczy\u0142em w Narodowym Programie Foresight Polska 2020 jako cz\u0142onek Panelu G\u0142\u00f3wnego i wsp\u00f3\u0142redaktor raportu ko\u0144cowego. Poni\u017cej linki do materia\u0142\u00f3w podsumowuj\u0105cych ten projekt: Raport ko\u0144cowy Broszura popularyzuj\u0105ca Polska 2020 &#8211; spojrzenie z przysz\u0142o\u015bci Broszura Polska 2020 &#8211; spojrzenie z przysz\u0142o\u015bci po angielsku<\/p>\n","protected":false},"author":1,"featured_media":0,"parent":3244,"menu_order":0,"comment_status":"closed","ping_status":"closed","template":"","meta":{"footnotes":""},"_links":{"self":[{"href":"https:\/\/blog.polityka.pl\/antymatrix\/wp-json\/wp\/v2\/pages\/3272"}],"collection":[{"href":"https:\/\/blog.polityka.pl\/antymatrix\/wp-json\/wp\/v2\/pages"}],"about":[{"href":"https:\/\/blog.polityka.pl\/antymatrix\/wp-json\/wp\/v2\/types\/page"}],"author":[{"embeddable":true,"href":"https:\/\/blog.polityka.pl\/antymatrix\/wp-json\/wp\/v2\/users\/1"}],"replies":[{"embeddable":true,"href":"https:\/\/blog.polityka.pl\/antymatrix\/wp-json\/wp\/v2\/comments?post=3272"}],"version-history":[{"count":3,"href":"https:\/\/blog.polityka.pl\/antymatrix\/wp-json\/wp\/v2\/pages\/3272\/revisions"}],"predecessor-version":[{"id":3275,"href":"https:\/\/blog.polityka.pl\/antymatrix\/wp-json\/wp\/v2\/pages\/3272\/revisions\/3275"}],"up":[{"embeddable":true,"href":"https:\/\/blog.polityka.pl\/antymatrix\/wp-json\/wp\/v2\/pages\/3244"}],"wp:attachment":[{"href":"https:\/\/blog.polityka.pl\/antymatrix\/wp-json\/wp\/v2\/media?parent=3272"}],"curies":[{"name":"wp","href":"https:\/\/api.w.org\/{rel}","templated":true}]}}