
{"id":3279,"date":"2017-08-15T13:43:09","date_gmt":"2017-08-15T11:43:09","guid":{"rendered":"http:\/\/antymatrix.blog.polityka.pl\/?page_id=3279"},"modified":"2017-08-15T13:44:35","modified_gmt":"2017-08-15T11:44:35","slug":"kultura-2-0","status":"publish","type":"page","link":"https:\/\/blog.polityka.pl\/antymatrix\/projekty\/kultura-2-0\/","title":{"rendered":"Kultura 2.0"},"content":{"rendered":"<p>W grudniu 2006 r.\u00a0 na zaproszenie Polskiego Wydawnictwa Audiowizualnego (p\u00f3\u017aniejszego Narodowego Instytutu Audiowizualnego) organizowa\u0142em (przy pomocy Justyny Hofmokl, Alka Tarkowskiego i Miros\u0142awa Filiciaka) konferencj\u0119 &#8222;Kultura 2.0. Media, sztuka, dziedzictwo&#8221; Poni\u017cej linki do raportu &#8222;Kultura 2.0&#8221; oraz nagra\u0144 niekt\u00f3rych wyk\u0142ad\u00f3w oraz bloga Kultura 2.0 jaki powsta\u0142 w domenie Polityka.pl:<\/p>\n<ul>\n<li><a href=\"http:\/\/kpbc.umk.pl\/Content\/45368\/Raport_Kultura_2.0.pdf\" target=\"_blank\" rel=\"noopener noreferrer\">Raport &#8222;Kultura 2.0 &#8211; wyzwania cyfrowej przysz\u0142o\u015bci&#8221;<\/a><\/li>\n<li><a href=\"http:\/\/ninateka.pl\/audio\/kultura-2-0\" target=\"_blank\" rel=\"noopener noreferrer\">Wyk\u0142ad Alexandra Barda &#8211; Netokraci, w\u0142adcy \u015bwiata<\/a><\/li>\n<li><a href=\"http:\/\/ninateka.pl\/audio\/kultura-2-0-warszawa-6-7-12-2006-henry-jenkins\" target=\"_blank\" rel=\"noopener noreferrer\">Wyk\u0142ad Henry&#8217;ego Jenkinsa &#8211; Witajcie w \u015bwiecie konwergencji<\/a><\/li>\n<li><a href=\"http:\/\/kultura20.blog.polityka.pl\/\" target=\"_blank\" rel=\"noopener noreferrer\">Blog kultura 2.0<\/a><\/li>\n<\/ul>\n","protected":false},"excerpt":{"rendered":"<p>W grudniu 2006 r.\u00a0 na zaproszenie Polskiego Wydawnictwa Audiowizualnego (p\u00f3\u017aniejszego Narodowego Instytutu Audiowizualnego) organizowa\u0142em (przy pomocy Justyny Hofmokl, Alka Tarkowskiego i Miros\u0142awa Filiciaka) konferencj\u0119 &#8222;Kultura 2.0. Media, sztuka, dziedzictwo&#8221; Poni\u017cej linki do raportu &#8222;Kultura 2.0&#8221; oraz nagra\u0144 niekt\u00f3rych wyk\u0142ad\u00f3w oraz bloga Kultura 2.0 jaki powsta\u0142 w domenie Polityka.pl: Raport &#8222;Kultura 2.0 &#8211; wyzwania cyfrowej przysz\u0142o\u015bci&#8221; [&hellip;]<\/p>\n","protected":false},"author":1,"featured_media":0,"parent":3244,"menu_order":0,"comment_status":"closed","ping_status":"closed","template":"","meta":{"footnotes":""},"_links":{"self":[{"href":"https:\/\/blog.polityka.pl\/antymatrix\/wp-json\/wp\/v2\/pages\/3279"}],"collection":[{"href":"https:\/\/blog.polityka.pl\/antymatrix\/wp-json\/wp\/v2\/pages"}],"about":[{"href":"https:\/\/blog.polityka.pl\/antymatrix\/wp-json\/wp\/v2\/types\/page"}],"author":[{"embeddable":true,"href":"https:\/\/blog.polityka.pl\/antymatrix\/wp-json\/wp\/v2\/users\/1"}],"replies":[{"embeddable":true,"href":"https:\/\/blog.polityka.pl\/antymatrix\/wp-json\/wp\/v2\/comments?post=3279"}],"version-history":[{"count":1,"href":"https:\/\/blog.polityka.pl\/antymatrix\/wp-json\/wp\/v2\/pages\/3279\/revisions"}],"predecessor-version":[{"id":3280,"href":"https:\/\/blog.polityka.pl\/antymatrix\/wp-json\/wp\/v2\/pages\/3279\/revisions\/3280"}],"up":[{"embeddable":true,"href":"https:\/\/blog.polityka.pl\/antymatrix\/wp-json\/wp\/v2\/pages\/3244"}],"wp:attachment":[{"href":"https:\/\/blog.polityka.pl\/antymatrix\/wp-json\/wp\/v2\/media?parent=3279"}],"curies":[{"name":"wp","href":"https:\/\/api.w.org\/{rel}","templated":true}]}}