
{"id":3283,"date":"2017-08-15T14:07:27","date_gmt":"2017-08-15T12:07:27","guid":{"rendered":"http:\/\/antymatrix.blog.polityka.pl\/?page_id=3283"},"modified":"2017-08-15T14:17:13","modified_gmt":"2017-08-15T12:17:13","slug":"wystawa-comnet-warszawa","status":"publish","type":"page","link":"https:\/\/blog.polityka.pl\/antymatrix\/projekty\/wystawa-comnet-warszawa\/","title":{"rendered":"Wystawa ComNet Warszawa"},"content":{"rendered":"<p>https:\/\/youtu.be\/P0R7ApZxt5E<\/p>\n<p>W latach 1995-1998 pracowa\u0142em w wydawnictwie IDG Poland S.A., gdzie od 1996 r. kierowa\u0142em dzia\u0142em Expo i Nowych Medi\u00f3w. Flagowym przedsi\u0119wzi\u0119ciem by\u0142a wystawa i konferencja ComNet. Organizowa\u0142em edycje 1996 i 1997. Poni\u017cej materia\u0142 archiwalny z WebArchive pozwalaj\u0105cy si\u0119 zorientowa\u0107, jak wygl\u0105da\u0142o promowanie internetu i telefonii kom\u00f3rkowej w pionierskich czasach.<\/p>\n<ul>\n<li><a href=\"https:\/\/web.archive.org\/web\/19970624111454\/http:\/\/www.comnet.com.pl:80\/comnet96\/index.htm\" target=\"_blank\" rel=\"noopener noreferrer\">Witryna ComNet 1996<\/a><\/li>\n<li><a href=\"https:\/\/web.archive.org\/web\/19970624110322\/http:\/\/www.comnet.com.pl:80\/mainp.htm\" target=\"_blank\" rel=\"noopener noreferrer\">Witryna ComNet 1997<\/a><\/li>\n<\/ul>\n","protected":false},"excerpt":{"rendered":"<p>https:\/\/youtu.be\/P0R7ApZxt5E W latach 1995-1998 pracowa\u0142em w wydawnictwie IDG Poland S.A., gdzie od 1996 r. kierowa\u0142em dzia\u0142em Expo i Nowych Medi\u00f3w. Flagowym przedsi\u0119wzi\u0119ciem by\u0142a wystawa i konferencja ComNet. Organizowa\u0142em edycje 1996 i 1997. Poni\u017cej materia\u0142 archiwalny z WebArchive pozwalaj\u0105cy si\u0119 zorientowa\u0107, jak wygl\u0105da\u0142o promowanie internetu i telefonii kom\u00f3rkowej w pionierskich czasach. Witryna ComNet 1996 Witryna ComNet [&hellip;]<\/p>\n","protected":false},"author":1,"featured_media":0,"parent":3244,"menu_order":0,"comment_status":"closed","ping_status":"closed","template":"","meta":{"footnotes":""},"_links":{"self":[{"href":"https:\/\/blog.polityka.pl\/antymatrix\/wp-json\/wp\/v2\/pages\/3283"}],"collection":[{"href":"https:\/\/blog.polityka.pl\/antymatrix\/wp-json\/wp\/v2\/pages"}],"about":[{"href":"https:\/\/blog.polityka.pl\/antymatrix\/wp-json\/wp\/v2\/types\/page"}],"author":[{"embeddable":true,"href":"https:\/\/blog.polityka.pl\/antymatrix\/wp-json\/wp\/v2\/users\/1"}],"replies":[{"embeddable":true,"href":"https:\/\/blog.polityka.pl\/antymatrix\/wp-json\/wp\/v2\/comments?post=3283"}],"version-history":[{"count":4,"href":"https:\/\/blog.polityka.pl\/antymatrix\/wp-json\/wp\/v2\/pages\/3283\/revisions"}],"predecessor-version":[{"id":3287,"href":"https:\/\/blog.polityka.pl\/antymatrix\/wp-json\/wp\/v2\/pages\/3283\/revisions\/3287"}],"up":[{"embeddable":true,"href":"https:\/\/blog.polityka.pl\/antymatrix\/wp-json\/wp\/v2\/pages\/3244"}],"wp:attachment":[{"href":"https:\/\/blog.polityka.pl\/antymatrix\/wp-json\/wp\/v2\/media?parent=3283"}],"curies":[{"name":"wp","href":"https:\/\/api.w.org\/{rel}","templated":true}]}}