
{"id":3301,"date":"2017-08-16T08:59:46","date_gmt":"2017-08-16T06:59:46","guid":{"rendered":"http:\/\/antymatrix.blog.polityka.pl\/?page_id=3301"},"modified":"2017-08-16T08:59:46","modified_gmt":"2017-08-16T06:59:46","slug":"wideo","status":"publish","type":"page","link":"https:\/\/blog.polityka.pl\/antymatrix\/wideo\/","title":{"rendered":"Wideo"},"content":{"rendered":"<p>Poni\u017cej linki do:<\/p>\n<ul>\n<li><a href=\"https:\/\/www.youtube.com\/channel\/UC7cEduJIhZb8Dgma12KFhHg\" target=\"_blank\" rel=\"noopener noreferrer\">mojego kana\u0142u wideo na YouTube<\/a><\/li>\n<li><a href=\"https:\/\/vimeo.com\/bendyk\/\" target=\"_blank\" rel=\"noopener noreferrer\">Mojego kana\u0142u wideo na Vimeo<\/a><\/li>\n<\/ul>\n","protected":false},"excerpt":{"rendered":"<p>Poni\u017cej linki do: mojego kana\u0142u wideo na YouTube Mojego kana\u0142u wideo na Vimeo<\/p>\n","protected":false},"author":1,"featured_media":0,"parent":0,"menu_order":0,"comment_status":"closed","ping_status":"closed","template":"","meta":{"footnotes":""},"_links":{"self":[{"href":"https:\/\/blog.polityka.pl\/antymatrix\/wp-json\/wp\/v2\/pages\/3301"}],"collection":[{"href":"https:\/\/blog.polityka.pl\/antymatrix\/wp-json\/wp\/v2\/pages"}],"about":[{"href":"https:\/\/blog.polityka.pl\/antymatrix\/wp-json\/wp\/v2\/types\/page"}],"author":[{"embeddable":true,"href":"https:\/\/blog.polityka.pl\/antymatrix\/wp-json\/wp\/v2\/users\/1"}],"replies":[{"embeddable":true,"href":"https:\/\/blog.polityka.pl\/antymatrix\/wp-json\/wp\/v2\/comments?post=3301"}],"version-history":[{"count":1,"href":"https:\/\/blog.polityka.pl\/antymatrix\/wp-json\/wp\/v2\/pages\/3301\/revisions"}],"predecessor-version":[{"id":3302,"href":"https:\/\/blog.polityka.pl\/antymatrix\/wp-json\/wp\/v2\/pages\/3301\/revisions\/3302"}],"wp:attachment":[{"href":"https:\/\/blog.polityka.pl\/antymatrix\/wp-json\/wp\/v2\/media?parent=3301"}],"curies":[{"name":"wp","href":"https:\/\/api.w.org\/{rel}","templated":true}]}}