
{"id":3315,"date":"2017-08-19T18:06:04","date_gmt":"2017-08-19T16:06:04","guid":{"rendered":"http:\/\/antymatrix.blog.polityka.pl\/?page_id=3315"},"modified":"2017-08-19T18:06:04","modified_gmt":"2017-08-19T16:06:04","slug":"manifest-nooawangardy","status":"publish","type":"page","link":"https:\/\/blog.polityka.pl\/antymatrix\/projekty\/manifest-nooawangardy\/","title":{"rendered":"Manifest nooawangardy"},"content":{"rendered":"<p>W 2009 r. uczestniczy\u0142em w projekcie koordynowanym przez Centrum Sztuki Wsp\u00f3\u0142czesnej i kuratora, \u0141ukasza Rondud\u0119, kt\u00f3rego celem by\u0142a pr\u00f3ba wyja\u015bnienia zjawiska kreatywno\u015bci w kontek\u015bcie naukowych poszukiwa\u0144 dotycz\u0105cych niezwykle rzadkich, nieprzewidywalnych wydarze\u0144. W projekcie uczestniczy\u0142 wybitny psycholog spo\u0142eczny prof. Andrzej Nowak, arty\u015bci Agnieszka Kurant, Oskar Dawicki, Jan Simon, Aleksandra Wasilkowska, wspomniany ju\u017c \u0141ukasz Ronduda oraz ja. Efektem pracy by\u0142y:<\/p>\n<p><iframe loading=\"lazy\" title=\"Niezwykle rzadkie zdarzenia\/Dystrybucja Nooawangardy - wystawa\" src=\"https:\/\/player.vimeo.com\/video\/6480213?dnt=1&amp;app_id=122963\" width=\"512\" height=\"288\" frameborder=\"0\" allow=\"autoplay; fullscreen\" allowfullscreen><\/iframe><\/p>\n<ul>\n<li>wystawa Dystrybucja nooawangardy \/ Niezwykle rzadkie zdarzenia<\/li>\n<li><a href=\"http:\/\/archiwum-obieg.u-jazdowski.pl\/wydarzenie\/13677\" target=\"_blank\" rel=\"noopener noreferrer\">Manifest nooawangardy<\/a><\/li>\n<li>cykl seminari\u00f3w &#8222;Antropocen, Noosfera, Nooawangarda. Sztuka w epoce kapitalizmu kognitywnego&#8221; <a href=\"https:\/\/vimeo.com\/channels\/57877\" target=\"_blank\" rel=\"noopener noreferrer\">(materia\u0142y wideo)<\/a><\/li>\n<\/ul>\n<p><iframe loading=\"lazy\" title=\"Niezwykle Rzadkie Zdarzenia - Architektura\" src=\"https:\/\/player.vimeo.com\/video\/6495869?dnt=1&amp;app_id=122963\" width=\"640\" height=\"480\" frameborder=\"0\" allow=\"autoplay; fullscreen\" allowfullscreen><\/iframe><\/p>\n","protected":false},"excerpt":{"rendered":"<p>W 2009 r. uczestniczy\u0142em w projekcie koordynowanym przez Centrum Sztuki Wsp\u00f3\u0142czesnej i kuratora, \u0141ukasza Rondud\u0119, kt\u00f3rego celem by\u0142a pr\u00f3ba wyja\u015bnienia zjawiska kreatywno\u015bci w kontek\u015bcie naukowych poszukiwa\u0144 dotycz\u0105cych niezwykle rzadkich, nieprzewidywalnych wydarze\u0144. W projekcie uczestniczy\u0142 wybitny psycholog spo\u0142eczny prof. Andrzej Nowak, arty\u015bci Agnieszka Kurant, Oskar Dawicki, Jan Simon, Aleksandra Wasilkowska, wspomniany ju\u017c \u0141ukasz Ronduda oraz ja. [&hellip;]<\/p>\n","protected":false},"author":1,"featured_media":0,"parent":3244,"menu_order":0,"comment_status":"closed","ping_status":"closed","template":"","meta":{"footnotes":""},"_links":{"self":[{"href":"https:\/\/blog.polityka.pl\/antymatrix\/wp-json\/wp\/v2\/pages\/3315"}],"collection":[{"href":"https:\/\/blog.polityka.pl\/antymatrix\/wp-json\/wp\/v2\/pages"}],"about":[{"href":"https:\/\/blog.polityka.pl\/antymatrix\/wp-json\/wp\/v2\/types\/page"}],"author":[{"embeddable":true,"href":"https:\/\/blog.polityka.pl\/antymatrix\/wp-json\/wp\/v2\/users\/1"}],"replies":[{"embeddable":true,"href":"https:\/\/blog.polityka.pl\/antymatrix\/wp-json\/wp\/v2\/comments?post=3315"}],"version-history":[{"count":1,"href":"https:\/\/blog.polityka.pl\/antymatrix\/wp-json\/wp\/v2\/pages\/3315\/revisions"}],"predecessor-version":[{"id":3316,"href":"https:\/\/blog.polityka.pl\/antymatrix\/wp-json\/wp\/v2\/pages\/3315\/revisions\/3316"}],"up":[{"embeddable":true,"href":"https:\/\/blog.polityka.pl\/antymatrix\/wp-json\/wp\/v2\/pages\/3244"}],"wp:attachment":[{"href":"https:\/\/blog.polityka.pl\/antymatrix\/wp-json\/wp\/v2\/media?parent=3315"}],"curies":[{"name":"wp","href":"https:\/\/api.w.org\/{rel}","templated":true}]}}