
{"id":3326,"date":"2017-08-21T08:21:11","date_gmt":"2017-08-21T06:21:11","guid":{"rendered":"http:\/\/antymatrix.blog.polityka.pl\/?page_id=3326"},"modified":"2017-08-21T08:21:11","modified_gmt":"2017-08-21T06:21:11","slug":"kongres-kultury-2016","status":"publish","type":"page","link":"https:\/\/blog.polityka.pl\/antymatrix\/projekty\/kongres-kultury-2016\/","title":{"rendered":"Kongres Kultury 2016"},"content":{"rendered":"<p>W ramach przygotowa\u0144 Kongresu Kultury 2016 koordynowa\u0142em prac\u0119 grupy analitycznej, kt\u00f3ra opracowywa\u0142a diagnoz\u0119 kultury w Polsce. Efektem tej pracy jest &#8222;Mapa kultury w Polsce&#8221; i towarzysz\u0105ce jej analizy. Podczas samego Kongresu przygotowywa\u0142em z prof. Jerzym Hausnerem stolik roboczy &#8222;Kultura i rozw\u00f3j&#8221;.<\/p>\n<ul>\n<li><a href=\"http:\/\/www.kongreskultury2016.pl\/\" target=\"_blank\" rel=\"noopener noreferrer\">Witryna Kongresu Kultury 2016<\/a><\/li>\n<li><a href=\"http:\/\/www.kongreskultury2016.pl\/2016\/10\/06\/jak-jest-mapa-kultury-w-polsce-teksty\/\" target=\"_blank\" rel=\"noopener noreferrer\">Mapa kultury w Polsce<\/a><\/li>\n<li><a href=\"http:\/\/www.kulturairozwoj.msap.pl\/index.php\/nr-1-1-2016\" target=\"_blank\" rel=\"noopener noreferrer\">Numer kwartalnika &#8222;Kultura i rozw\u00f3j&#8221; przygotowany na Kongres<\/a><\/li>\n<li><a href=\"http:\/\/www.kongreskultury2016.pl\/wp-content\/uploads\/2016\/publikacja\/mobile\/index.html\" target=\"_blank\" rel=\"noopener noreferrer\">Publikacja podsumowuj\u0105ca Kongres<\/a><\/li>\n<li><a href=\"https:\/\/youtu.be\/wxw0-eH04CQ\" target=\"_blank\" rel=\"noopener noreferrer\">Og\u0142oszenie Kongresu Kultury<\/a><\/li>\n<\/ul>\n<p><iframe loading=\"lazy\" title=\"KONGRES KULTURY 2016 - og\u0142oszenie\" width=\"1778\" height=\"1000\" src=\"https:\/\/www.youtube.com\/embed\/wxw0-eH04CQ?feature=oembed\" frameborder=\"0\" allow=\"accelerometer; autoplay; encrypted-media; gyroscope; picture-in-picture\" allowfullscreen><\/iframe><\/p>\n","protected":false},"excerpt":{"rendered":"<p>W ramach przygotowa\u0144 Kongresu Kultury 2016 koordynowa\u0142em prac\u0119 grupy analitycznej, kt\u00f3ra opracowywa\u0142a diagnoz\u0119 kultury w Polsce. Efektem tej pracy jest &#8222;Mapa kultury w Polsce&#8221; i towarzysz\u0105ce jej analizy. Podczas samego Kongresu przygotowywa\u0142em z prof. Jerzym Hausnerem stolik roboczy &#8222;Kultura i rozw\u00f3j&#8221;. Witryna Kongresu Kultury 2016 Mapa kultury w Polsce Numer kwartalnika &#8222;Kultura i rozw\u00f3j&#8221; przygotowany [&hellip;]<\/p>\n","protected":false},"author":1,"featured_media":0,"parent":3244,"menu_order":0,"comment_status":"closed","ping_status":"closed","template":"","meta":{"footnotes":""},"_links":{"self":[{"href":"https:\/\/blog.polityka.pl\/antymatrix\/wp-json\/wp\/v2\/pages\/3326"}],"collection":[{"href":"https:\/\/blog.polityka.pl\/antymatrix\/wp-json\/wp\/v2\/pages"}],"about":[{"href":"https:\/\/blog.polityka.pl\/antymatrix\/wp-json\/wp\/v2\/types\/page"}],"author":[{"embeddable":true,"href":"https:\/\/blog.polityka.pl\/antymatrix\/wp-json\/wp\/v2\/users\/1"}],"replies":[{"embeddable":true,"href":"https:\/\/blog.polityka.pl\/antymatrix\/wp-json\/wp\/v2\/comments?post=3326"}],"version-history":[{"count":1,"href":"https:\/\/blog.polityka.pl\/antymatrix\/wp-json\/wp\/v2\/pages\/3326\/revisions"}],"predecessor-version":[{"id":3327,"href":"https:\/\/blog.polityka.pl\/antymatrix\/wp-json\/wp\/v2\/pages\/3326\/revisions\/3327"}],"up":[{"embeddable":true,"href":"https:\/\/blog.polityka.pl\/antymatrix\/wp-json\/wp\/v2\/pages\/3244"}],"wp:attachment":[{"href":"https:\/\/blog.polityka.pl\/antymatrix\/wp-json\/wp\/v2\/media?parent=3326"}],"curies":[{"name":"wp","href":"https:\/\/api.w.org\/{rel}","templated":true}]}}