
{"id":3367,"date":"2017-08-23T15:04:19","date_gmt":"2017-08-23T13:04:19","guid":{"rendered":"http:\/\/antymatrix.blog.polityka.pl\/?page_id=3367"},"modified":"2017-08-23T15:05:15","modified_gmt":"2017-08-23T13:05:15","slug":"foresight-sztuka-i-techniki-zarzadzania-przyszloscia","status":"publish","type":"page","link":"https:\/\/blog.polityka.pl\/antymatrix\/ksiazki\/foresight-sztuka-i-techniki-zarzadzania-przyszloscia\/","title":{"rendered":"Foresight. Sztuka i techniki zarz\u0105dzania przysz\u0142o\u015bci\u0105"},"content":{"rendered":"<p><a href=\"http:\/\/ibngr.pomorze2030.pl\/index.php\/pol\/Foresight.-Sztuka-i-techniki-zarzadzania-przyszloscia\"><img loading=\"lazy\" decoding=\"async\" class=\"alignleft wp-image-3368 size-medium\" src=\"\/wp-content\/uploads\/2017\/08\/Foresight-Sztuka_i_techniki_zarzadzania_przyszloscia-212x300.png\" alt=\"\" width=\"212\" height=\"300\" srcset=\"\/antymatrix\/wp-content\/uploads\/2017\/08\/Foresight-Sztuka_i_techniki_zarzadzania_przyszloscia-212x300.png 212w, \/antymatrix\/wp-content\/uploads\/2017\/08\/Foresight-Sztuka_i_techniki_zarzadzania_przyszloscia-768x1086.png 768w, \/antymatrix\/wp-content\/uploads\/2017\/08\/Foresight-Sztuka_i_techniki_zarzadzania_przyszloscia-724x1024.png 724w\" sizes=\"(max-width: 212px) 100vw, 212px\" \/><\/a><\/p>\n<p><a href=\"http:\/\/ibngr.pomorze2030.pl\/index.php\/pol\/Foresight.-Sztuka-i-techniki-zarzadzania-przyszloscia\" target=\"_blank\" rel=\"noopener noreferrer\">Ksi\u0105\u017cka<\/a> jest pr\u00f3b\u0105 pokazania, \u017ce zarz\u0105dzanie przysz\u0142o\u015bci\u0105 to konieczno\u015b\u0107 w sytuacji prze\u0142omowych, strukturalnych przemian jakich doznaje Polska i \u015bwiat. Autor w swej analizie wskazuje, na przyk\u0142adzie zar\u00f3wno projektu z\u0142o\u017conego (NPF Polska 2020), jak i skromnego (&#8222;Scenariusze przysz\u0142o\u015bci bibliotek&#8221;), \u017ce zarz\u0105dzanie przysz\u0142o\u015bci\u0105 nie jest luksusem zarezerwowanym tylko dla du\u017cych struktur lub organizacji. Mog\u0105 go z powodzeniem stosowa\u0107 niewielkie przedsi\u0119biorstwa, organizacje spo\u0142eczne, instytucje kultury. Wszyscy, kt\u00f3rzy chc\u0105 wygra\u0107 bitw\u0119 o przysz\u0142o\u015b\u0107.<\/p>\n<p>&nbsp;<\/p>\n<p>&nbsp;<\/p>\n<p>&nbsp;<\/p>\n<p>Instytut Bada\u0144 nad Gospodark\u0105 Rynkow\u0105, Gda\u0144sk 2013<\/p>\n<p><a href=\"http:\/\/ibngr.pomorze2030.pl\/index.php\/pol\/Foresight.-Sztuka-i-techniki-zarzadzania-przyszloscia\" target=\"_blank\" rel=\"noopener noreferrer\"><strong>Link do ksi\u0105\u017cki<\/strong><\/a><\/p>\n","protected":false},"excerpt":{"rendered":"<p>Ksi\u0105\u017cka jest pr\u00f3b\u0105 pokazania, \u017ce zarz\u0105dzanie przysz\u0142o\u015bci\u0105 to konieczno\u015b\u0107 w sytuacji prze\u0142omowych, strukturalnych przemian jakich doznaje Polska i \u015bwiat. Autor w swej analizie wskazuje, na przyk\u0142adzie zar\u00f3wno projektu z\u0142o\u017conego (NPF Polska 2020), jak i skromnego (&#8222;Scenariusze przysz\u0142o\u015bci bibliotek&#8221;), \u017ce zarz\u0105dzanie przysz\u0142o\u015bci\u0105 nie jest luksusem zarezerwowanym tylko dla du\u017cych struktur lub organizacji. Mog\u0105 go z powodzeniem [&hellip;]<\/p>\n","protected":false},"author":1,"featured_media":0,"parent":10,"menu_order":0,"comment_status":"closed","ping_status":"closed","template":"","meta":{"footnotes":""},"_links":{"self":[{"href":"https:\/\/blog.polityka.pl\/antymatrix\/wp-json\/wp\/v2\/pages\/3367"}],"collection":[{"href":"https:\/\/blog.polityka.pl\/antymatrix\/wp-json\/wp\/v2\/pages"}],"about":[{"href":"https:\/\/blog.polityka.pl\/antymatrix\/wp-json\/wp\/v2\/types\/page"}],"author":[{"embeddable":true,"href":"https:\/\/blog.polityka.pl\/antymatrix\/wp-json\/wp\/v2\/users\/1"}],"replies":[{"embeddable":true,"href":"https:\/\/blog.polityka.pl\/antymatrix\/wp-json\/wp\/v2\/comments?post=3367"}],"version-history":[{"count":3,"href":"https:\/\/blog.polityka.pl\/antymatrix\/wp-json\/wp\/v2\/pages\/3367\/revisions"}],"predecessor-version":[{"id":3371,"href":"https:\/\/blog.polityka.pl\/antymatrix\/wp-json\/wp\/v2\/pages\/3367\/revisions\/3371"}],"up":[{"embeddable":true,"href":"https:\/\/blog.polityka.pl\/antymatrix\/wp-json\/wp\/v2\/pages\/10"}],"wp:attachment":[{"href":"https:\/\/blog.polityka.pl\/antymatrix\/wp-json\/wp\/v2\/media?parent=3367"}],"curies":[{"name":"wp","href":"https:\/\/api.w.org\/{rel}","templated":true}]}}