
{"id":5261,"date":"2020-04-18T18:14:08","date_gmt":"2020-04-18T16:14:08","guid":{"rendered":"http:\/\/antymatrix.blog.polityka.pl\/?page_id=5261"},"modified":"2020-06-09T18:45:14","modified_gmt":"2020-06-09T16:45:14","slug":"w-polsce-czyli-wszedzie-rzecz-o-upadku-i-przyszlosci-swiata","status":"publish","type":"page","link":"https:\/\/blog.polityka.pl\/antymatrix\/w-polsce-czyli-wszedzie-rzecz-o-upadku-i-przyszlosci-swiata\/","title":{"rendered":"W Polsce, czyli wsz\u0119dzie. Rzecz o upadku i przysz\u0142o\u015bci \u015bwiata"},"content":{"rendered":"\n<h2 class=\"wp-block-heading\">Recenzje i opinie:<\/h2>\n\n\n\n<ol><li>Joanna Erbel, <a rel=\"noreferrer noopener\" aria-label=\"wpis na Facebooku (opens in a new tab)\" href=\"https:\/\/www.facebook.com\/joanna.erbel\/posts\/10157389263012817:0\" target=\"_blank\"><strong>wpis na Facebooku<\/strong><\/a>, 30 kwietnia 2020 r.<\/li><li>Jakub Majmurek,<a rel=\"noreferrer noopener\" aria-label=\"Jakub Majmurek, Nadzieja nad klifem, Polityka 19.2020 (3260) z dnia  05.05.2020. (opens in a new tab)\" href=\"https:\/\/www.polityka.pl\/tygodnikpolityka\/nauka\/1954836,1,przewodnik-bendyka-po-wspolczesnych-problemach.read\" target=\"_blank\"> <strong>Nadzieja nad klifem,<\/strong> <\/a>Polityka 19.2020 (3260) z dnia  05 maja 2020 r.<\/li><li>Waldemar Tatarczuk, <strong><a rel=\"noreferrer noopener\" aria-label=\"wpis na Facebooku (opens in a new tab)\" href=\"https:\/\/www.facebook.com\/waldemar.tatarczuk\/posts\/10221852223683828\" target=\"_blank\">wpis na Facebooku<\/a><\/strong>, 5 maja 2020 r.<\/li><li>Micha\u0142 Sutowski, <a rel=\"noreferrer noopener\" aria-label=\"Czytajcie Bendyka teraz. Za kilkana\u015bcie lat b\u0119dzie ju\u017c na wszystko za p\u00f3\u017ano, (opens in a new tab)\" href=\"https:\/\/krytykapolityczna.pl\/kultura\/czytaj-dalej\/recenzja-edwina-bendyka-w-polsce-czyli-wszedzie-rzecz-o-upadku-i-przyszlosci-swiata\/\" target=\"_blank\"><strong>Czytajcie Bendyka teraz. Za kilkana\u015bcie lat b\u0119dzie ju\u017c na wszystko za p\u00f3\u017ano,<\/strong><\/a> Krytyka Polityczna, 8 maja 2020 r.<\/li><li>Krzysztof Michalski, <strong>w<a rel=\"noreferrer noopener\" aria-label=\"pis na Facebooku, (opens in a new tab)\" href=\"https:\/\/www.facebook.com\/krzysztof.michalski.1800\/posts\/3175147669209348\" target=\"_blank\">pis na Facebooku,<\/a><\/strong> 8 maja 2020 r.<\/li><li>Andrzej W. Nowak, <a rel=\"noreferrer noopener\" aria-label=\"Manifest apokaloptymistyczny, (opens in a new tab)\" href=\"http:\/\/czaskultury.pl\/czytanki\/manifest-apokaloptymistyczny\/\" target=\"_blank\"><strong>Manifest apokaloptymistyczny,<\/strong><\/a> Czas Kultury, 11 maja 2020 r.<\/li><li>Miros\u0142aw Szreder, <a rel=\"noreferrer noopener\" aria-label=\"Recenzja w serwisie PTE (opens in a new tab)\" href=\"http:\/\/www.pte.pl\/pliki\/2\/12\/Recenzja_E_Bendyka.pdf\" target=\"_blank\"><strong>Recenzja w serwisie PTE<\/strong><\/a>, 11 maja 2020 r.<\/li><li>Andrzej Kowalczyk, <strong><a rel=\"noreferrer noopener\" aria-label=\"wpis na Facebooku (opens in a new tab)\" href=\"https:\/\/www.facebook.com\/andrzej.kowalczyk.16121471\/posts\/2915380178688980\" target=\"_blank\">wpis na Facebooku<\/a><\/strong>, 15 maja 2020 r.<\/li><li>Micha\u0142 Boni <a rel=\"noreferrer noopener\" aria-label=\"na Twitterze (opens in a new tab)\" href=\"https:\/\/antymatrix.blog.polityka.pl\/w-polsce-czyli-wszedzie-rzecz-o-upadku-i-przyszlosci-swiata\/michal-boni-na-twitterze\/\" target=\"_blank\"><strong>na Twitterze<\/strong><\/a>, 16 maja 2020 r.<\/li><li>Pawe\u0142 Jaworski, <strong><a rel=\"noreferrer noopener\" aria-label=\"Strategia Seneki ocali kapitalizm? Polemika z ksi\u0105\u017ck\u0105 Edwina Bendyka (opens in a new tab)\" href=\"http:\/\/pospolita.eu\/strategia-seneki-ocali-kapitalizm-polemika-z-ksiazka-edwina-bendyka\/\" target=\"_blank\">Strategia Seneki ocali kapitalizm? Polemika z ksi\u0105\u017ck\u0105 Edwina Bendyka<\/a><\/strong>, Pospolita.eu, 19 maja 2020 r.<\/li><li>Dawid Juraszek, <a rel=\"noreferrer noopener\" aria-label=\"Zgrzyt rzeczywisto\u015bci i klimatyczna \u017ca\u0142oba (opens in a new tab)\" href=\"https:\/\/liberte.pl\/zgrzyt-rzeczywistosci-i-klimatyczna-zaloba\/\" target=\"_blank\"><strong>Zgrzyt rzeczywisto\u015bci i klimatyczna \u017ca\u0142oba<\/strong><\/a>, Libert\u00e9!, 28 maja 2020 r.<\/li><li>Agata Sikora, <strong><a rel=\"noreferrer noopener\" aria-label=\"Pochwa\u0142a spl\u0105tana (opens in a new tab)\" href=\"https:\/\/www.dwutygodnik.com\/artykul\/8957-pochwala-splatania.html\" target=\"_blank\">Pochwa\u0142a spl\u0105tania<\/a><\/strong>, Dwutygodnik, wydanie 282, 05.2020<\/li><\/ol>\n\n\n\n<h2 class=\"wp-block-heading\">Wideo:<\/h2>\n\n\n\n<h2 class=\"wp-block-heading\">Micha\u0142 Sutowski<\/h2>\n\n\n\n<figure class=\"wp-block-embed-facebook wp-block-embed is-type-video is-provider-facebook\"><div class=\"wp-block-embed__wrapper\">\nhttps:\/\/www.facebook.com\/festiwalgoryliteratury\/videos\/2537835789801794\/\n<\/div><figcaption>Rozmowa z Micha\u0142em Sutowskim, 22. Izabeli\u0144skie Spotkania z Ksi\u0105\u017ck\u0105, 7 czerwca 2020 r.<\/figcaption><\/figure>\n\n\n\n<h2 class=\"wp-block-heading\">Grzegorz Nawrocki<\/h2>\n\n\n\n<iframe loading=\"lazy\" width=\"\u201e1280\u201d\" height=\"\u201e720\u201d\" src=\"https:\/\/www.youtube.com\/embed\/GwOjf2BdAhg\" frameborder=\"0\" allow=\"accelerometer; autoplay; encrypted-media; gyroscope; picture-in-picture\" allowfullscreen=\"\"><\/iframe>\n\n\n\n<h2 class=\"wp-block-heading\">Sprzeda\u017c:<\/h2>\n\n\n\n<p>Ksi\u0105\u017cka jest ju\u017c w&nbsp;ksi\u0119garniach oraz w sprzeda\u017cy wysy\u0142kowej w&nbsp;<a rel=\"noreferrer noopener\" aria-label=\"sklep.polityka.p (opens in a new tab)\" href=\"https:\/\/sklep.polityka.pl\/\" target=\"_blank\">sklep.polityka.p<\/a>l&nbsp;w cenie 39,99 z\u0142.&nbsp;<\/p>\n\n\n\n<p>E-book ju\u017c dost\u0119pny w sklepach i&nbsp;ksi\u0119garniach internetowych oferuj\u0105cych e-booki.<\/p>\n\n\n\n<h2 class=\"wp-block-heading\">Zapowied\u017a wydawnicza:<\/h2>\n\n\n\n<div class=\"wp-block-media-text alignwide\" style=\"grid-template-columns:22% auto\"><figure class=\"wp-block-media-text__media\"><img decoding=\"async\" src=\"\/wp-content\/uploads\/2020\/04\/Edwin3d_cien-627x1024.jpg\" alt=\"\" class=\"wp-image-5262\"\/><\/figure><div class=\"wp-block-media-text__content\">\n<p>\u201e\u015awiat umiera a my nawet tego nie zauwa\u017camy\u201d m\u00f3wi\u0142a Olga Tokarczuk odbieraj\u0105c nagrod\u0119 Nobla. Edwin Bendyk pod\u0105\u017ca tym tropem i pokazuje, \u017ce  \u015bwiat, jaki znali\u015bmy rzeczywi\u015bcie dobieg\u0142 ko\u0144ca. Nasza cywilizacja dotar\u0142a do granic rozwoju w dotychczasowym modelu. Robili\u015bmy wszystko, by tego nie zauwa\u017cy\u0107, cho\u0107 znak\u00f3w ostrzegawczych nie brakowa\u0142o. <\/p>\n<\/div><\/div>\n\n\n\n<p>Lekcewa\u017cyli\u015bmy ostrze\u017cenia uczonych i papie\u017cy, wzruszali\u015bmy ramionami na apele Grety Thunberg i m\u0142odych aktywist\u00f3w. Gdy szef ONZ ostrzega\u0142 przed ryzykiem zag\u0142ady ludzko\u015bci, ziewali\u015bmy znudzeni. Pandemia koronawirusa ujawni\u0142a jednak, jak krucha jest wsp\u00f3\u0142czesna cywilizacja. I pokaza\u0142a jednocze\u015bnie, jak silni s\u0105 ludzie i ludzkie wsp\u00f3lnoty w reakcji na nieoczekiwan\u0105 katastrof\u0119.<\/p>\n\n\n\n<p>Edwin Bendyk opisuje przemiany spo\u0142eczne, kulturowe, gospodarcze i polityczne, kt\u00f3re doprowadzi\u0142y \u015bwiat do kryzysu. Jednocze\u015bnie zadaje kluczowe pytanie dla polskich czytelnik\u00f3w: czy w tym \u015bwiecie Polska przetrwa do 2030 roku, czy te\u017c po raz kolejny powt\u00f3rzy scenariusz rozk\u0142adu i upadku?<\/p>\n\n\n\n<p>\u017badna odpowied\u017a nie jest przes\u0105dzona, ka\u017cdy ma na ni\u0105 wp\u0142yw. Koniec \u015bwiata nie musi oznacza\u0107 upadku, mo\u017ce te\u017c zapowiada\u0107 nowy pocz\u0105tek. Najkr\u00f3cej, \u201eW Polsce, czyli wsz\u0119dzie\u201d to ksi\u0105\u017cka o Polsce i o \u015bwiecie, kt\u00f3ry si\u0119 ko\u0144czy oraz o mo\u017cliwo\u015bci nowego, lepszego otwarcia. <\/p>\n\n\n\n<p><strong><a href=\"https:\/\/tiny.pl\/7xdqp\" target=\"_blank\" rel=\"noreferrer noopener\" aria-label=\"Spis tre\u015bci w formie pliku pdf (opens in a new tab)\">Spis tre\u015bci w formie pliku pdf<\/a><\/strong><\/p>\n","protected":false},"excerpt":{"rendered":"<p>Recenzje i opinie: Joanna Erbel, wpis na Facebooku, 30 kwietnia 2020 r. Jakub Majmurek, Nadzieja nad klifem, Polityka 19.2020 (3260) z dnia 05 maja 2020 r. Waldemar Tatarczuk, wpis na Facebooku, 5 maja 2020 r. Micha\u0142 Sutowski, Czytajcie Bendyka teraz. Za kilkana\u015bcie lat b\u0119dzie ju\u017c na wszystko za p\u00f3\u017ano, Krytyka Polityczna, 8 maja 2020 r. [&hellip;]<\/p>\n","protected":false},"author":1,"featured_media":0,"parent":0,"menu_order":0,"comment_status":"closed","ping_status":"closed","template":"","meta":{"footnotes":""},"_links":{"self":[{"href":"https:\/\/blog.polityka.pl\/antymatrix\/wp-json\/wp\/v2\/pages\/5261"}],"collection":[{"href":"https:\/\/blog.polityka.pl\/antymatrix\/wp-json\/wp\/v2\/pages"}],"about":[{"href":"https:\/\/blog.polityka.pl\/antymatrix\/wp-json\/wp\/v2\/types\/page"}],"author":[{"embeddable":true,"href":"https:\/\/blog.polityka.pl\/antymatrix\/wp-json\/wp\/v2\/users\/1"}],"replies":[{"embeddable":true,"href":"https:\/\/blog.polityka.pl\/antymatrix\/wp-json\/wp\/v2\/comments?post=5261"}],"version-history":[{"count":32,"href":"https:\/\/blog.polityka.pl\/antymatrix\/wp-json\/wp\/v2\/pages\/5261\/revisions"}],"predecessor-version":[{"id":5557,"href":"https:\/\/blog.polityka.pl\/antymatrix\/wp-json\/wp\/v2\/pages\/5261\/revisions\/5557"}],"wp:attachment":[{"href":"https:\/\/blog.polityka.pl\/antymatrix\/wp-json\/wp\/v2\/media?parent=5261"}],"curies":[{"name":"wp","href":"https:\/\/api.w.org\/{rel}","templated":true}]}}