
{"id":7,"date":"2013-04-05T14:25:58","date_gmt":"2013-04-05T12:25:58","guid":{"rendered":"http:\/\/antymatrix.blog.polityka.pl\/"},"modified":"2020-07-13T10:10:01","modified_gmt":"2020-07-13T08:10:01","slug":"o-mnie","status":"publish","type":"page","link":"https:\/\/blog.polityka.pl\/antymatrix\/o-mnie\/","title":{"rendered":"O mnie"},"content":{"rendered":"\n<p>Jestem dziennikarzem, publicyst\u0105 i pisarzem, pracuj\u0119 w tygodniku &#8222;Polityka&#8221;, gdzie kieruj\u0119 dzia\u0142em nauki.<\/p>\n\n\n\n<p>Opublikowa\u0142em ksi\u0105\u017cki: \u201eZatruta studnia. Rzecz o w\u0142adzy i wolno\u015bci&#8221; (W.A.B. 2002), \u201eAntymatrix. Cz\u0142owiek w labiryncie sieci&#8221; (W.A.B. 2004), \u201eMi\u0142o\u015b\u0107, wojna, rewolucja. Szkice na czas kryzysu&#8221; (W.A.B. 2009) oraz \u201eBunt Sieci&#8221; (Polityka 2012). W 2014 r. opublikowa\u0142em wsp\u00f3lnie z Jackiem Santorskim i Witoldem Or\u0142owskim ksi\u0105\u017ck\u0119 \u201eJak \u017cy\u0107 w \u015bwiecie, kt\u00f3ry oszala\u0142&#8221;. Najnowsza ksi\u0105\u017cka, <a rel=\"noopener noreferrer\" href=\"https:\/\/antymatrix.blog.polityka.pl\/w-polsce-czyli-wszedzie-rzecz-o-upadku-i-przyszlosci-swiata\/\" target=\"_blank\">&#8222;W Polsce, czyli nigdzie. Rzecz o upadku i przysz\u0142o\u015bci \u015bwiata&#8221;<\/a>, ukaza\u0142a si\u0119 nak\u0142adem &#8222;Polityki&#8221; w kwietniu 2020 r.<\/p>\n\n\n\n<p>Wyk\u0142adam w Collegium Civitas, gdzie wsp\u00f3\u0142tworzy\u0142em\u00a0O\u015brodek Bada\u0144 nad Przysz\u0142o\u015bci\u0105. W Centrum Nauk Spo\u0142ecznych PAN (Graduate School for Social Research) prowadz\u0119 seminarium o nowych mediach.<\/p>\n\n\n\n<p>Nale\u017c\u0119 do Polskiego PEN Clubu, od 1 lipca 2020 r. jestem prezesem zarz\u0105du Fundacji im. Stefana Batorego. Jestem cz\u0142onkiem European Council on Foreign Relations.<\/p>\n","protected":false},"excerpt":{"rendered":"<p>Jestem dziennikarzem, publicyst\u0105 i pisarzem, pracuj\u0119 w tygodniku &#8222;Polityka&#8221;, gdzie kieruj\u0119 dzia\u0142em nauki. Opublikowa\u0142em ksi\u0105\u017cki: \u201eZatruta studnia. Rzecz o w\u0142adzy i wolno\u015bci&#8221; (W.A.B. 2002), \u201eAntymatrix. Cz\u0142owiek w labiryncie sieci&#8221; (W.A.B. 2004), \u201eMi\u0142o\u015b\u0107, wojna, rewolucja. Szkice na czas kryzysu&#8221; (W.A.B. 2009) oraz \u201eBunt Sieci&#8221; (Polityka 2012). W 2014 r. opublikowa\u0142em wsp\u00f3lnie z Jackiem Santorskim i Witoldem [&hellip;]<\/p>\n","protected":false},"author":1,"featured_media":0,"parent":0,"menu_order":0,"comment_status":"closed","ping_status":"closed","template":"","meta":{"footnotes":""},"_links":{"self":[{"href":"https:\/\/blog.polityka.pl\/antymatrix\/wp-json\/wp\/v2\/pages\/7"}],"collection":[{"href":"https:\/\/blog.polityka.pl\/antymatrix\/wp-json\/wp\/v2\/pages"}],"about":[{"href":"https:\/\/blog.polityka.pl\/antymatrix\/wp-json\/wp\/v2\/types\/page"}],"author":[{"embeddable":true,"href":"https:\/\/blog.polityka.pl\/antymatrix\/wp-json\/wp\/v2\/users\/1"}],"replies":[{"embeddable":true,"href":"https:\/\/blog.polityka.pl\/antymatrix\/wp-json\/wp\/v2\/comments?post=7"}],"version-history":[{"count":9,"href":"https:\/\/blog.polityka.pl\/antymatrix\/wp-json\/wp\/v2\/pages\/7\/revisions"}],"predecessor-version":[{"id":5445,"href":"https:\/\/blog.polityka.pl\/antymatrix\/wp-json\/wp\/v2\/pages\/7\/revisions\/5445"}],"wp:attachment":[{"href":"https:\/\/blog.polityka.pl\/antymatrix\/wp-json\/wp\/v2\/media?parent=7"}],"curies":[{"name":"wp","href":"https:\/\/api.w.org\/{rel}","templated":true}]}}