
{"id":14,"date":"2019-10-23T14:42:59","date_gmt":"2019-10-23T12:42:59","guid":{"rendered":"https:\/\/demianczuk.blog.polityka.pl\/?page_id=14"},"modified":"2019-10-23T14:42:59","modified_gmt":"2019-10-23T12:42:59","slug":"o-blogu","status":"publish","type":"page","link":"https:\/\/blog.polityka.pl\/demianczuk\/o-blogu\/","title":{"rendered":"O blogu"},"content":{"rendered":"<p>\u201eKomiksowe uproszczenia\u201d. \u201eKomiksowe przerysowania\u201d. \u201ePostaci rodem z komiksu\u201d.\u00a0S\u0142owo \u201ekomiksowe\u201d wci\u0105\u017c jest w Polsce uwa\u017cane za synonim \u201ebanalnego\u201d, \u201eprostackiego\u201d, \u201enieskomplikowanego\u201d. Mijaj\u0105 lata, ukazuj\u0105 si\u0119 dziesi\u0105tki album\u00f3w dla doros\u0142ych i dla dzieci, ale komiks ci\u0105gle kojarzy si\u0119 z lektur\u0105 niegodn\u0105 uwagi, ba, mo\u017ce nawet wcale nie lektur\u0105. Jakby\u015bmy nie byli sk\u0142onni uwierzy\u0107, \u017ce komiks jest pe\u0142noprawn\u0105 form\u0105 wyrazu artystycznego. I nawet w popularnych albumach i seriach o superbohaterach odbija si\u0119 zawsze otaczaj\u0105ca nas rzeczywisto\u015b\u0107. Nasze marzenia i l\u0119ki, fascynacje i nadzieje na przysz\u0142o\u015b\u0107, nasze oczekiwania wobec popkultury.<\/p>\n<p>Ten blog ma by\u0107 rozszerzeniem rubryki \u201eKomiksy miesi\u0105ca\u201d, kt\u00f3r\u0105 mo\u017cna regularnie czyta\u0107 w papierowym wydaniu \u201ePolityki\u201d. B\u0119d\u0119 poleca\u0142 \u2013 albo odradza\u0142 \u2013 lektur\u0119 wydawniczych nowo\u015bci, w miar\u0119 mo\u017cliwo\u015bci wprowadza\u0142 w podstawy komiksowych \u015bwiat\u00f3w (nie tylko superbohaterskich), a czasami wraca\u0142 do klasyki. A je\u015bli b\u0119dzie okazja, zajrzymy tak\u017ce do kina lub na serwisy streamingowe, bo i tam coraz cz\u0119\u015bciej goszcz\u0105 bohaterowie komiks\u00f3w.<\/p>\n","protected":false},"excerpt":{"rendered":"<p>\u201eKomiksowe uproszczenia\u201d. \u201eKomiksowe przerysowania\u201d. \u201ePostaci rodem z komiksu\u201d.\u00a0S\u0142owo \u201ekomiksowe\u201d wci\u0105\u017c jest w Polsce uwa\u017cane za synonim \u201ebanalnego\u201d, \u201eprostackiego\u201d, \u201enieskomplikowanego\u201d. Mijaj\u0105 lata, ukazuj\u0105 si\u0119 dziesi\u0105tki album\u00f3w dla doros\u0142ych i dla dzieci, ale komiks ci\u0105gle kojarzy si\u0119 z lektur\u0105 niegodn\u0105 uwagi, ba, mo\u017ce nawet wcale nie lektur\u0105. Jakby\u015bmy nie byli sk\u0142onni uwierzy\u0107, \u017ce komiks jest pe\u0142noprawn\u0105 form\u0105 [&hellip;]<\/p>\n","protected":false},"author":3,"featured_media":0,"parent":0,"menu_order":0,"comment_status":"closed","ping_status":"closed","template":"","meta":{"footnotes":""},"_links":{"self":[{"href":"https:\/\/blog.polityka.pl\/demianczuk\/wp-json\/wp\/v2\/pages\/14"}],"collection":[{"href":"https:\/\/blog.polityka.pl\/demianczuk\/wp-json\/wp\/v2\/pages"}],"about":[{"href":"https:\/\/blog.polityka.pl\/demianczuk\/wp-json\/wp\/v2\/types\/page"}],"author":[{"embeddable":true,"href":"https:\/\/blog.polityka.pl\/demianczuk\/wp-json\/wp\/v2\/users\/3"}],"replies":[{"embeddable":true,"href":"https:\/\/blog.polityka.pl\/demianczuk\/wp-json\/wp\/v2\/comments?post=14"}],"version-history":[{"count":1,"href":"https:\/\/blog.polityka.pl\/demianczuk\/wp-json\/wp\/v2\/pages\/14\/revisions"}],"predecessor-version":[{"id":15,"href":"https:\/\/blog.polityka.pl\/demianczuk\/wp-json\/wp\/v2\/pages\/14\/revisions\/15"}],"wp:attachment":[{"href":"https:\/\/blog.polityka.pl\/demianczuk\/wp-json\/wp\/v2\/media?parent=14"}],"curies":[{"name":"wp","href":"https:\/\/api.w.org\/{rel}","templated":true}]}}