
{"id":2,"date":"2019-07-17T15:24:47","date_gmt":"2019-07-17T13:24:47","guid":{"rendered":"https:\/\/demianczuk.blog.polityka.pl\/?page_id=2"},"modified":"2020-08-16T18:32:21","modified_gmt":"2020-08-16T16:32:21","slug":"przykladowa-strona","status":"publish","type":"page","link":"https:\/\/blog.polityka.pl\/demianczuk\/przykladowa-strona\/","title":{"rendered":"O autorze"},"content":{"rendered":"<p>Jakub Demia\u0144czuk (rocznik 1977) \u2013 dziennikarz, krytyk, a przede wszystkim widz, czytelnik i s\u0142uchacz. Z &#8222;Polityk\u0105&#8221; zwi\u0105zany od 2019 roku. Pisze o komiksach, filmie i czasami o literaturze popularnej.<\/p>\n<p>Dawno temu redaktor naczelny miesi\u0119cznika \u201e\u015alizg\u201d, p\u00f3\u017aniej przez wiele lat szef dzia\u0142u kultury w \u201eDzienniku Gazecie Prawnej\u201d.<\/p>\n<p>Uwielbia \u201eFistaszki\u201d, \u201eHellboya\u201d i komiksy Darwyna Cooke\u2019a.<\/p>\n","protected":false},"excerpt":{"rendered":"<p>Jakub Demia\u0144czuk (rocznik 1977) \u2013 dziennikarz, krytyk, a przede wszystkim widz, czytelnik i s\u0142uchacz. Z &#8222;Polityk\u0105&#8221; zwi\u0105zany od 2019 roku. Pisze o komiksach, filmie i czasami o literaturze popularnej. Dawno temu redaktor naczelny miesi\u0119cznika \u201e\u015alizg\u201d, p\u00f3\u017aniej przez wiele lat szef dzia\u0142u kultury w \u201eDzienniku Gazecie Prawnej\u201d. Uwielbia \u201eFistaszki\u201d, \u201eHellboya\u201d i komiksy Darwyna Cooke\u2019a.<\/p>\n","protected":false},"author":1,"featured_media":0,"parent":0,"menu_order":0,"comment_status":"closed","ping_status":"open","template":"","meta":{"footnotes":""},"_links":{"self":[{"href":"https:\/\/blog.polityka.pl\/demianczuk\/wp-json\/wp\/v2\/pages\/2"}],"collection":[{"href":"https:\/\/blog.polityka.pl\/demianczuk\/wp-json\/wp\/v2\/pages"}],"about":[{"href":"https:\/\/blog.polityka.pl\/demianczuk\/wp-json\/wp\/v2\/types\/page"}],"author":[{"embeddable":true,"href":"https:\/\/blog.polityka.pl\/demianczuk\/wp-json\/wp\/v2\/users\/1"}],"replies":[{"embeddable":true,"href":"https:\/\/blog.polityka.pl\/demianczuk\/wp-json\/wp\/v2\/comments?post=2"}],"version-history":[{"count":4,"href":"https:\/\/blog.polityka.pl\/demianczuk\/wp-json\/wp\/v2\/pages\/2\/revisions"}],"predecessor-version":[{"id":451,"href":"https:\/\/blog.polityka.pl\/demianczuk\/wp-json\/wp\/v2\/pages\/2\/revisions\/451"}],"wp:attachment":[{"href":"https:\/\/blog.polityka.pl\/demianczuk\/wp-json\/wp\/v2\/media?parent=2"}],"curies":[{"name":"wp","href":"https:\/\/api.w.org\/{rel}","templated":true}]}}