
{"id":10,"date":"2016-12-07T13:04:27","date_gmt":"2016-12-07T12:04:27","guid":{"rendered":"http:\/\/dietetyczny.blog.polityka.pl\/?page_id=10"},"modified":"2018-04-04T19:01:52","modified_gmt":"2018-04-04T17:01:52","slug":"o-blogu","status":"publish","type":"page","link":"https:\/\/blog.polityka.pl\/dietetyczny\/o-blogu\/","title":{"rendered":"O blogu"},"content":{"rendered":"<p>Ka\u017cdego dnia oddajemy si\u0119 pozornie prozaicznej czynno\u015bci jedzenia. Nasze dietetyczne wybory s\u0105 mniej lub bardziej \u015bwiadomie, oparte o wiedz\u0119, tradycje i upodobania, a nawet przes\u0105dy. Czasami po prostu jemy cokolwiek, bez zastanowienia. <\/p>\n<p>Blog ten za\u0142o\u017cyli\u015bmy, bo wiemy, jak pot\u0119\u017cnym i z\u0142o\u017conym narz\u0119dziem jest odpowiednia dieta. I ku przestrodze, bo nieprawid\u0142owe od\u017cywianie mo\u017ce mie\u0107 tragiczne skutki. Oty\u0142o\u015b\u0107, cukrzyca typu-2, choroby uk\u0142adu sercowo-naczyniowego, nowotwory &#8211; te wszystkie choroby pozostaj\u0105 w \u015bcis\u0142ym zwi\u0105zku z nasz\u0105 diet\u0105. Przygniataj\u0105cy jest te\u017c nat\u0142ok informacji o tym, co je\u015b\u0107 mo\u017cna, czego unika\u0107 oraz r\u00f3\u017cnorodno\u015b\u0107 genialnych recept na od\u017cywianie si\u0119. Cho\u0107 ostatecznie ka\u017cdy sam decyduje o tym, co zje, naszym marzeniem jest, by zawsze wyb\u00f3r ten by\u0142 \u015bwiadomy.<\/p>\n","protected":false},"excerpt":{"rendered":"<p>Ka\u017cdego dnia oddajemy si\u0119 pozornie prozaicznej czynno\u015bci jedzenia. Nasze dietetyczne wybory s\u0105 mniej lub bardziej \u015bwiadomie, oparte o wiedz\u0119, tradycje i upodobania, a nawet przes\u0105dy. Czasami po prostu jemy cokolwiek, bez zastanowienia. Blog ten za\u0142o\u017cyli\u015bmy, bo wiemy, jak pot\u0119\u017cnym i z\u0142o\u017conym narz\u0119dziem jest odpowiednia dieta. I ku przestrodze, bo nieprawid\u0142owe od\u017cywianie mo\u017ce mie\u0107 tragiczne skutki. [&hellip;]<\/p>\n","protected":false},"author":12,"featured_media":0,"parent":0,"menu_order":0,"comment_status":"closed","ping_status":"closed","template":"","meta":{"footnotes":""},"_links":{"self":[{"href":"https:\/\/blog.polityka.pl\/dietetyczny\/wp-json\/wp\/v2\/pages\/10"}],"collection":[{"href":"https:\/\/blog.polityka.pl\/dietetyczny\/wp-json\/wp\/v2\/pages"}],"about":[{"href":"https:\/\/blog.polityka.pl\/dietetyczny\/wp-json\/wp\/v2\/types\/page"}],"author":[{"embeddable":true,"href":"https:\/\/blog.polityka.pl\/dietetyczny\/wp-json\/wp\/v2\/users\/12"}],"replies":[{"embeddable":true,"href":"https:\/\/blog.polityka.pl\/dietetyczny\/wp-json\/wp\/v2\/comments?post=10"}],"version-history":[{"count":5,"href":"https:\/\/blog.polityka.pl\/dietetyczny\/wp-json\/wp\/v2\/pages\/10\/revisions"}],"predecessor-version":[{"id":787,"href":"https:\/\/blog.polityka.pl\/dietetyczny\/wp-json\/wp\/v2\/pages\/10\/revisions\/787"}],"wp:attachment":[{"href":"https:\/\/blog.polityka.pl\/dietetyczny\/wp-json\/wp\/v2\/media?parent=10"}],"curies":[{"name":"wp","href":"https:\/\/api.w.org\/{rel}","templated":true}]}}