
{"id":13,"date":"2016-12-07T13:06:08","date_gmt":"2016-12-07T12:06:08","guid":{"rendered":"http:\/\/dietetyczny.blog.polityka.pl\/?page_id=13"},"modified":"2022-08-29T12:47:20","modified_gmt":"2022-08-29T10:47:20","slug":"o-autorach","status":"publish","type":"page","link":"https:\/\/blog.polityka.pl\/dietetyczny\/o-autorach\/","title":{"rendered":"O autorach"},"content":{"rendered":"<p><img loading=\"lazy\" decoding=\"async\" class=\"aligncenter wp-image-1276 size-large\" src=\"\/wp-content\/uploads\/2018\/01\/dietetyczny-final-1024x592.jpg\" alt=\"\" width=\"1024\" height=\"592\" srcset=\"\/dietetyczny\/wp-content\/uploads\/2018\/01\/dietetyczny-final-1024x592.jpg 1024w, \/dietetyczny\/wp-content\/uploads\/2018\/01\/dietetyczny-final-300x173.jpg 300w, \/dietetyczny\/wp-content\/uploads\/2018\/01\/dietetyczny-final-768x444.jpg 768w\" sizes=\"(max-width: 1024px) 100vw, 1024px\" \/><br \/>\n<strong>Piotr Rzymski<\/strong><br \/>\nBiolog \u015brodowiskowy, doktor habilitowany nauk medycznych, pomys\u0142odawca bloga, pasjonat naukowy, ciekawy \u015bwiata, z zaci\u0119ciem do popularyzowania nauki, tak\u017ce w\u015br\u00f3d najm\u0142odszych. Interesuje go bezpiecze\u0144stwo i produkcja \u017cywno\u015bci, wp\u0142yw od\u017cywiania na zdrowie oraz opinie konsumenckie dotycz\u0105ce \u017cywno\u015bci. Fascynuj\u0105 go te\u017c sinice, toksyczne metale i jeszcze kilka innych intryguj\u0105cych spraw.<\/p>\n<p><strong>Barbara Poniedzia\u0142ek<\/strong><br \/>\nBiolog \u015brodowiskowy, doktor habilitowana nauk medycznych. Zajmuje si\u0119 wp\u0142ywem rozmaitych czynnik\u00f3w \u015brodowiskowych na zdrowie cz\u0142owieka &#8211; pocz\u0105wszy od zanieczyszcze\u0144 chemicznych po pole magnetyczne. Mi\u0142o\u015bniczka zwierz\u0105t, wegetarianka z 20-letnim sta\u017cem, pasjonuj\u0105ca si\u0119 diet\u0105 wegetaria\u0144sk\u0105 i wega\u0144sk\u0105.<\/p>\n<p><strong>Joanna Budzulak<\/strong><br \/>\nStudentka dietetyki, szczeg\u00f3lnie zainteresowana \u017cywieniem klinicznym i suplementami diety. Fascynuj\u0105 j\u0105 zagadnienia z dziedziny farmacji. Najch\u0119tniej odpoczywa w otoczeniu dzikiej przyrody. Mi\u0142o\u015bniczka zwierz\u0105t, szczeg\u00f3lnie kot\u00f3w. Rozs\u0105dne, lecz niekoniecznie modne od\u017cywianie to dla niej priorytet w utrzymaniu zdrowia.<\/p>\n","protected":false},"excerpt":{"rendered":"<p>Piotr Rzymski Biolog \u015brodowiskowy, doktor habilitowany nauk medycznych, pomys\u0142odawca bloga, pasjonat naukowy, ciekawy \u015bwiata, z zaci\u0119ciem do popularyzowania nauki, tak\u017ce w\u015br\u00f3d najm\u0142odszych. Interesuje go bezpiecze\u0144stwo i produkcja \u017cywno\u015bci, wp\u0142yw od\u017cywiania na zdrowie oraz opinie konsumenckie dotycz\u0105ce \u017cywno\u015bci. Fascynuj\u0105 go te\u017c sinice, toksyczne metale i jeszcze kilka innych intryguj\u0105cych spraw. Barbara Poniedzia\u0142ek Biolog \u015brodowiskowy, doktor habilitowana [&hellip;]<\/p>\n","protected":false},"author":12,"featured_media":0,"parent":0,"menu_order":0,"comment_status":"closed","ping_status":"closed","template":"","meta":{"footnotes":""},"_links":{"self":[{"href":"https:\/\/blog.polityka.pl\/dietetyczny\/wp-json\/wp\/v2\/pages\/13"}],"collection":[{"href":"https:\/\/blog.polityka.pl\/dietetyczny\/wp-json\/wp\/v2\/pages"}],"about":[{"href":"https:\/\/blog.polityka.pl\/dietetyczny\/wp-json\/wp\/v2\/types\/page"}],"author":[{"embeddable":true,"href":"https:\/\/blog.polityka.pl\/dietetyczny\/wp-json\/wp\/v2\/users\/12"}],"replies":[{"embeddable":true,"href":"https:\/\/blog.polityka.pl\/dietetyczny\/wp-json\/wp\/v2\/comments?post=13"}],"version-history":[{"count":10,"href":"https:\/\/blog.polityka.pl\/dietetyczny\/wp-json\/wp\/v2\/pages\/13\/revisions"}],"predecessor-version":[{"id":2656,"href":"https:\/\/blog.polityka.pl\/dietetyczny\/wp-json\/wp\/v2\/pages\/13\/revisions\/2656"}],"wp:attachment":[{"href":"https:\/\/blog.polityka.pl\/dietetyczny\/wp-json\/wp\/v2\/media?parent=13"}],"curies":[{"name":"wp","href":"https:\/\/api.w.org\/{rel}","templated":true}]}}