
{"id":2,"date":"2009-05-14T11:32:38","date_gmt":"2009-05-14T09:32:38","guid":{"rendered":"http:\/\/dziadul.blog.polityka.pl\/?page_id=2"},"modified":"2009-05-18T11:34:36","modified_gmt":"2009-05-18T09:34:36","slug":"o-nas","status":"publish","type":"page","link":"https:\/\/blog.polityka.pl\/dziadul\/o-nas\/","title":{"rendered":"O autorze"},"content":{"rendered":"<p><strong><em>\u00a0\u00a0\u00a0\u00a0\u00a0\u00a0\u00a0\u00a0\u00a0\u00a0\u00a0\u00a0\u00a0\u00a0\u00a0\u00a0\u00a0\u00a0\u00a0\u00a0\u00a0\u00a0\u00a0\u00a0\u00a0\u00a0\u00a0\u00a0\u00a0\u00a0\u00a0\u00a0\u00a0\u00a0\u00a0\u00a0\u00a0\u00a0\u00a0\u00a0\u00a0\u00a0\u00a0\u00a0\u00a0\u00a0\u00a0\u00a0\u00a0\u00a0\u00a0\u00a0\u00a0\u00a0\u00a0 ***<\/em><\/strong><\/p>\n<p><strong><em>Do rozm\u00f3w z Wami przyst\u0119puj\u0119 z nadziej\u0105 na ocieplenie stosunk\u00f3w \u015bl\u0105sko \u2013 polskich, czyli polsko \u2013 polskich. Chcia\u0142bym, \u017ceby\u015bmy wsp\u00f3lnie p\u0119dzili precz wszystkich, kt\u00f3rzy strasz\u0105 Polsk\u0119 \u015bl\u0105skim separatyzmem. Chcia\u0142bym, \u017ceby \u015al\u0105sk przesta\u0142 by\u0107 oceniany epok\u0105 Gierka, kiedy by\u0142o tu wi\u0119cej bia\u0142ej kie\u0142basy, ni\u017c w innych polskich sklepach. Chcia\u0142bym te\u017c przypomina\u0107, \u017ce do 1945 r. niewielu \u015al\u0105zak\u00f3w\u00a0 wiedzia\u0142o, kto to by\u0142 Adam Mickiewicz czy Juliusz S\u0142owacki, bo z mlekiem matki \u0142yka\u0142o poezj\u0119 Josepha von Eichendorffa.\u00a0A zanim wiatry historii przygna\u0142y tutaj Wilniak\u00f3w, Lwowiak\u00f3w i tych z Kongres\u00f3wki, to moi \u015bl\u0105scy przyjaciele mogli by\u0107 dumni, \u017ce ten skrawek dzisiejszej Polski wyda\u0142 dwunastu noblist\u00f3w. <\/em><\/strong><\/p>\n<p><strong><em>Porozmawiajmy o takim polskim \u015al\u0105sku.<\/em><\/strong><\/p>\n<p><strong><em>\u00a0\u00a0\u00a0\u00a0\u00a0\u00a0\u00a0\u00a0\u00a0\u00a0\u00a0\u00a0\u00a0\u00a0\u00a0\u00a0\u00a0\u00a0\u00a0\u00a0\u00a0\u00a0\u00a0\u00a0\u00a0\u00a0\u00a0\u00a0\u00a0\u00a0\u00a0\u00a0\u00a0\u00a0\u00a0\u00a0\u00a0\u00a0\u00a0\u00a0\u00a0\u00a0\u00a0\u00a0\u00a0\u00a0\u00a0\u00a0\u00a0\u00a0\u00a0\u00a0\u00a0\u00a0\u00a0 ***<\/em><\/strong><\/p>\n<p><strong><em><\/em><\/strong><\/p>\n<p><strong><a href=\"\/wp-content\/uploads\/\/2009\/05\/jan_dziadul_50x77.jpg\"><img loading=\"lazy\" decoding=\"async\" class=\"alignleft size-full wp-image-7\" title=\"jan_dziadul_50x77\" src=\"\/wp-content\/uploads\/\/2009\/05\/jan_dziadul_50x77.jpg\" alt=\"\" width=\"65\" height=\"103\" \/><\/a>Jan Dziadul \u2013<\/strong> absolwent Wydzia\u0142u Prawa Uniwersytetu Wroc\u0142awskiego. Wilniak z urodzenia (spod Iwia) &#8211; \u015al\u0105zak z wyboru i zrz\u0105dzenia losu. W 1957 r. wagon z repatriantami dowi\u00f3z\u0142 mam\u0119 i mnie na stacj\u0119 w Kudowie \u2013 Zdroju (Dolny \u015al\u0105sk). Potem by\u0142 wspania\u0142y studencki Wroc\u0142aw, po nim Katowice, gdzie w t\u0142umie sobie podobnych pr\u00f3bowa\u0142em zrozumie\u0107 otaczaj\u0105c\u0105 mnie rzeczywisto\u015b\u0107 \u2013 blaski i cienie \u015al\u0105ska i Zag\u0142\u0119bia.<\/p>\n<p>Przerwa\u0142em aplikacj\u0119 prokuratorsk\u0105 \u2013 zosta\u0142em dziennikarzem \u201eTrybuny Robotniczej\u201d. Stan wojenny pozbawi\u0142 mnie prawa wykonywania zawodu \u2013 tak jak wielu. P\u00f3\u017aniej pozwolono mi\u00a0 na prac\u0119 w tygodniku \u201eMagazyn Hutniczy\u201d.\u00a0 W po\u0142owie lat 80. zacz\u0105\u0142em pisa\u0107 do \u201ePolityki\u201d. Moj\u0105 informacj\u0119, \u017ce obowi\u0105zuje mnie zakaz pracy w pismach wielonak\u0142adowych, by\u0142y redaktor naczelny Janek Bijak skwitowa\u0142 kr\u00f3tko: \u201eg\u00f3wno nas w Warszawie obchodzi jaka\u015b weryfikacja po katowicku\u201d. Ot, taki przyczynek do refleksji \u201eo r\u00f3\u017cnych Polskach\u201d w Polsce.<\/p>\n<p>Od 1989 r. zwi\u0105zany jestem zawodowo i emocjonalnie z tygodnikiem \u201ePolityka\u201d \u2013 tylko na jej \u0142amach opublikowa\u0142em gdzie\u015b z tysi\u0105c artyku\u0142\u00f3w publicystycznych i reporta\u017cy. Zwi\u0105zek ten przyni\u00f3s\u0142 mi wiele nagr\u00f3d w konkursach dziennikarskich &#8211; za problematyk\u0119 spo\u0142eczno &#8211; prawn\u0105, g\u00f3rnicz\u0105, hutnicz\u0105 a tak\u017ce za pr\u00f3by pokazania czu\u0142ych i gor\u0105cych styk\u00f3w etnicznych i narodowo\u015bciowych na \u015alasku i Opolszczy\u017anie.<\/p>\n<p>Napisa\u0142em ksi\u0105\u017ck\u0119 \u201eRozstrzelana kopalnia\u201d \u2013 o tragedii g\u00f3rnik\u00f3w z \u201eWujka\u201d, na podstawie\u00a0 kt\u00f3rej powsta\u0142 film Kazimierza Kutza \u201e\u015amier\u0107 jak kromka chleba\u201d. Jestem wsp\u00f3\u0142autorem (z Markiem Kempskim) ksi\u0105\u017cki \u201eZanim pad\u0142y strza\u0142y\u201d, w kt\u00f3rej spr\u00f3bowali\u015bmy si\u0119 zmierzy\u0107 ze skomplikowan\u0105 i dramatyczn\u0105 histori\u0105\u00a0 powojennego \u015al\u0105ska i Zag\u0142\u0119bia.\u00a0Dotykamy w niej \u015bl\u0105skich i polskich bia\u0142ych plam \u2013 m. in. oboz\u00f3w pracy budowanych na infrastrukturze KL Auschwitz, wyp\u0119dzenia biskupow \u015bl\u0105skich, zmiany Katowic na Stalinogr\u00f3d i ponurej roli Katowickiego Forum Partyjnego w miesi\u0105cach poprzedzaj\u0105cych stan wojenny. I stawiamy pytanie, na kt\u00f3re nadal brakuje odpowiedzi: dlaczego w\u0142a\u015bnie na \u015al\u0105sku, tym rzekomym pupilku socjalizmu, by\u0142 najwi\u0119kszy i najtragiczniejszy op\u00f3r przeciwko PRL?<\/p>\n<p>Pracuj\u0119 w Warszawie &#8211; mieszkam w Siemianowicach \u015al\u0105skich. Mam dwie c\u00f3rki \u2013 Alicja zmaga si\u0119 w Irlandii z problemami ludzi podesz\u0142ego wieku, Zuzia w pierwszej licealnej walczy z matematyk\u0105, fizyk\u0105 i chemi\u0105. Moja \u017cona Ola pisze bajki dla dzieci i prowadzi biuro tlumacze\u0144. Uwielbiam mego kota \u2013 Myszk\u0119.<\/p>\n","protected":false},"excerpt":{"rendered":"<p>\u00a0\u00a0\u00a0\u00a0\u00a0\u00a0\u00a0\u00a0\u00a0\u00a0\u00a0\u00a0\u00a0\u00a0\u00a0\u00a0\u00a0\u00a0\u00a0\u00a0\u00a0\u00a0\u00a0\u00a0\u00a0\u00a0\u00a0\u00a0\u00a0\u00a0\u00a0\u00a0\u00a0\u00a0\u00a0\u00a0\u00a0\u00a0\u00a0\u00a0\u00a0\u00a0\u00a0\u00a0\u00a0\u00a0\u00a0\u00a0\u00a0\u00a0\u00a0\u00a0\u00a0\u00a0\u00a0 *** Do rozm\u00f3w z Wami przyst\u0119puj\u0119 z nadziej\u0105 na ocieplenie stosunk\u00f3w \u015bl\u0105sko \u2013 polskich, czyli polsko \u2013 polskich. Chcia\u0142bym, \u017ceby\u015bmy wsp\u00f3lnie p\u0119dzili precz wszystkich, kt\u00f3rzy strasz\u0105 Polsk\u0119 \u015bl\u0105skim separatyzmem. Chcia\u0142bym, \u017ceby \u015al\u0105sk przesta\u0142 by\u0107 oceniany epok\u0105 Gierka, kiedy by\u0142o tu wi\u0119cej bia\u0142ej kie\u0142basy, ni\u017c w innych polskich sklepach. Chcia\u0142bym te\u017c przypomina\u0107, \u017ce do 1945 [&hellip;]<\/p>\n","protected":false},"author":8,"featured_media":0,"parent":0,"menu_order":0,"comment_status":"open","ping_status":"open","template":"","meta":{"footnotes":""},"_links":{"self":[{"href":"https:\/\/blog.polityka.pl\/dziadul\/wp-json\/wp\/v2\/pages\/2"}],"collection":[{"href":"https:\/\/blog.polityka.pl\/dziadul\/wp-json\/wp\/v2\/pages"}],"about":[{"href":"https:\/\/blog.polityka.pl\/dziadul\/wp-json\/wp\/v2\/types\/page"}],"author":[{"embeddable":true,"href":"https:\/\/blog.polityka.pl\/dziadul\/wp-json\/wp\/v2\/users\/8"}],"replies":[{"embeddable":true,"href":"https:\/\/blog.polityka.pl\/dziadul\/wp-json\/wp\/v2\/comments?post=2"}],"version-history":[{"count":0,"href":"https:\/\/blog.polityka.pl\/dziadul\/wp-json\/wp\/v2\/pages\/2\/revisions"}],"wp:attachment":[{"href":"https:\/\/blog.polityka.pl\/dziadul\/wp-json\/wp\/v2\/media?parent=2"}],"curies":[{"name":"wp","href":"https:\/\/api.w.org\/{rel}","templated":true}]}}