
{"id":11,"date":"2021-12-20T09:35:17","date_gmt":"2021-12-20T08:35:17","guid":{"rendered":"https:\/\/flint.blog.polityka.pl\/?page_id=11"},"modified":"2021-12-20T09:35:17","modified_gmt":"2021-12-20T08:35:17","slug":"o-autorze","status":"publish","type":"page","link":"https:\/\/blog.polityka.pl\/flint\/o-autorze\/","title":{"rendered":"O autorze"},"content":{"rendered":"\n<p>Marcin Flint &#8211; zaczyna\u0142 dziennikarsko ponad dwie dekady temu w najwa\u017cniejszych dla hip-hopu miejscach: &#8222;Klanie&#8221;, &#8222;\u015alizgu&#8221; i Radiostacji. Rozwija\u0142 si\u0119 w &#8222;\u017byciu Warszawy&#8221;, by p\u00f3\u017aniej wsp\u00f3\u0142pracowa\u0107 m.in. z &#8222;Przekrojem&#8221;, &#8222;Polityk\u0105&#8221;, &#8222;Wprost&#8221;, &#8222;Machin\u0105&#8221;, &#8222;Rzeczpospolit\u0105&#8221;, &#8222;Gazet\u0105 Magnetofonow\u0105&#8221; i Interi\u0105. Wsp\u00f3\u0142autor \u201eAntologii Polskiego Rapu\u201d oraz \u00a0&#8222;Dymu&#8221; &#8211; komiksowej biografii Pablopavo. Dla Red Bull Music stworzy\u0142 przegl\u0105d p\u0142ytowy, w CGM i Rap News odgrywa\u0142 rol\u0119 eksperta w podka\u015bcie, w &#8222;Rytmach&#8221; wraz z Krzysztofem Nowakiem wypytuje go\u015bci o kulisy biznesu, a dla &#8222;Rapowo&#8221; pisze felietony. Szef gremium Polish Hip-Hop Music Awards, wyk\u0142adowca Collegium Civitas. Za sw\u00f3j najwi\u0119kszy sukces zawodowy uwa\u017ca autorsk\u0105 seri\u0119 wywiad\u00f3w &#8222;Flintesencja&#8221;, jak r\u00f3wnie\u017c\u2026 \u00a0ten blog. Ceni sobie eksperymenty kulinarne i architektoniczne, komiksy, krymina\u0142y oraz fotografi\u0119.<\/p>\n","protected":false},"excerpt":{"rendered":"<p>Marcin Flint &#8211; zaczyna\u0142 dziennikarsko ponad dwie dekady temu w najwa\u017cniejszych dla hip-hopu miejscach: &#8222;Klanie&#8221;, &#8222;\u015alizgu&#8221; i Radiostacji. Rozwija\u0142 si\u0119 w &#8222;\u017byciu Warszawy&#8221;, by p\u00f3\u017aniej wsp\u00f3\u0142pracowa\u0107 m.in. z &#8222;Przekrojem&#8221;, &#8222;Polityk\u0105&#8221;, &#8222;Wprost&#8221;, &#8222;Machin\u0105&#8221;, &#8222;Rzeczpospolit\u0105&#8221;, &#8222;Gazet\u0105 Magnetofonow\u0105&#8221; i Interi\u0105. Wsp\u00f3\u0142autor \u201eAntologii Polskiego Rapu\u201d oraz \u00a0&#8222;Dymu&#8221; &#8211; komiksowej biografii Pablopavo. Dla Red Bull Music stworzy\u0142 przegl\u0105d p\u0142ytowy, w [&hellip;]<\/p>\n","protected":false},"author":3,"featured_media":0,"parent":0,"menu_order":0,"comment_status":"closed","ping_status":"closed","template":"","meta":{"footnotes":""},"_links":{"self":[{"href":"https:\/\/blog.polityka.pl\/flint\/wp-json\/wp\/v2\/pages\/11"}],"collection":[{"href":"https:\/\/blog.polityka.pl\/flint\/wp-json\/wp\/v2\/pages"}],"about":[{"href":"https:\/\/blog.polityka.pl\/flint\/wp-json\/wp\/v2\/types\/page"}],"author":[{"embeddable":true,"href":"https:\/\/blog.polityka.pl\/flint\/wp-json\/wp\/v2\/users\/3"}],"replies":[{"embeddable":true,"href":"https:\/\/blog.polityka.pl\/flint\/wp-json\/wp\/v2\/comments?post=11"}],"version-history":[{"count":1,"href":"https:\/\/blog.polityka.pl\/flint\/wp-json\/wp\/v2\/pages\/11\/revisions"}],"predecessor-version":[{"id":12,"href":"https:\/\/blog.polityka.pl\/flint\/wp-json\/wp\/v2\/pages\/11\/revisions\/12"}],"wp:attachment":[{"href":"https:\/\/blog.polityka.pl\/flint\/wp-json\/wp\/v2\/media?parent=11"}],"curies":[{"name":"wp","href":"https:\/\/api.w.org\/{rel}","templated":true}]}}