
{"id":12,"date":"2019-10-23T14:39:12","date_gmt":"2019-10-23T12:39:12","guid":{"rendered":"https:\/\/guetta.blog.polityka.pl\/?page_id=12"},"modified":"2019-10-23T14:39:12","modified_gmt":"2019-10-23T12:39:12","slug":"o-blogu","status":"publish","type":"page","link":"https:\/\/blog.polityka.pl\/guetta\/o-blogu\/","title":{"rendered":"O blogu"},"content":{"rendered":"<p>To blog wieloletniego dziennikarza i polonofila, kt\u00f3ry zosta\u0142 pos\u0142em do Parlamentu Europejskiego z listy prezydenta Emmanuela Macrona. Bernard Guetta b\u0119dzie w tym miejscu zdawa\u0107 Pa\u0144stwu relacj\u0119 ze swojej pracy deputowanego w Brukseli i Strasburgu, opisywa\u0107 kulisy instytucji europejskich i przygl\u0105da\u0107 si\u0119 przemianom geopolitycznym wsp\u00f3\u0142czesnego \u015bwiata.<\/p>\n","protected":false},"excerpt":{"rendered":"<p>To blog wieloletniego dziennikarza i polonofila, kt\u00f3ry zosta\u0142 pos\u0142em do Parlamentu Europejskiego z listy prezydenta Emmanuela Macrona. Bernard Guetta b\u0119dzie w tym miejscu zdawa\u0107 Pa\u0144stwu relacj\u0119 ze swojej pracy deputowanego w Brukseli i Strasburgu, opisywa\u0107 kulisy instytucji europejskich i przygl\u0105da\u0107 si\u0119 przemianom geopolitycznym wsp\u00f3\u0142czesnego \u015bwiata.<\/p>\n","protected":false},"author":3,"featured_media":0,"parent":0,"menu_order":0,"comment_status":"closed","ping_status":"closed","template":"","meta":{"footnotes":""},"_links":{"self":[{"href":"https:\/\/blog.polityka.pl\/guetta\/wp-json\/wp\/v2\/pages\/12"}],"collection":[{"href":"https:\/\/blog.polityka.pl\/guetta\/wp-json\/wp\/v2\/pages"}],"about":[{"href":"https:\/\/blog.polityka.pl\/guetta\/wp-json\/wp\/v2\/types\/page"}],"author":[{"embeddable":true,"href":"https:\/\/blog.polityka.pl\/guetta\/wp-json\/wp\/v2\/users\/3"}],"replies":[{"embeddable":true,"href":"https:\/\/blog.polityka.pl\/guetta\/wp-json\/wp\/v2\/comments?post=12"}],"version-history":[{"count":1,"href":"https:\/\/blog.polityka.pl\/guetta\/wp-json\/wp\/v2\/pages\/12\/revisions"}],"predecessor-version":[{"id":13,"href":"https:\/\/blog.polityka.pl\/guetta\/wp-json\/wp\/v2\/pages\/12\/revisions\/13"}],"wp:attachment":[{"href":"https:\/\/blog.polityka.pl\/guetta\/wp-json\/wp\/v2\/media?parent=12"}],"curies":[{"name":"wp","href":"https:\/\/api.w.org\/{rel}","templated":true}]}}