
{"id":2,"date":"2012-02-15T16:47:39","date_gmt":"2012-02-15T16:47:39","guid":{"rendered":"http:\/\/hartman.blog.polityka.pl\/?page_id=2"},"modified":"2017-11-07T19:34:20","modified_gmt":"2017-11-07T18:34:20","slug":"informacje","status":"publish","type":"page","link":"https:\/\/blog.polityka.pl\/hartman\/informacje\/","title":{"rendered":"O mnie"},"content":{"rendered":"<p>Jan Hartman: filozof i publicysta, rocznik 1967, z pochodzenia wroc\u0142awianin, absolwent KUL, od 26 lat w Krakowie. Profesor zwyczajny Uniwersytetu Jagiello\u0144skiego, szef Zak\u0142adu Filozofii i Bioetyki na Wydziale Nauk o Zdrowiu. Autor kilkunastu ksi\u0105\u017cek. Felietonista POLITYKI.<\/p>\n<p>Zajmuje si\u0119 metafilozofi\u0105, filozofi\u0105 polityki, etyk\u0105 i bioetyk\u0105. Libera\u0142 i post\u0119powiec o pewnych aspiracjach politycznych (wsp\u00f3\u0142pracuje ze \u015brodowiskami lewicowymi). Natura do\u015b\u0107 \u0142agodna i koncyliacyjna, jakkolwiek ze sk\u0142onno\u015bciami neurotycznymi i upodobaniem do ironii. Mo\u017ce dlatego uchodzi za radyka\u0142a, wszelako ca\u0142kiem nies\u0142usznie.<\/p>\n","protected":false},"excerpt":{"rendered":"<p>Jan Hartman: filozof i publicysta, rocznik 1967, z pochodzenia wroc\u0142awianin, absolwent KUL, od 26 lat w Krakowie. Profesor zwyczajny Uniwersytetu Jagiello\u0144skiego, szef Zak\u0142adu Filozofii i Bioetyki na Wydziale Nauk o Zdrowiu. Autor kilkunastu ksi\u0105\u017cek. Felietonista POLITYKI. Zajmuje si\u0119 metafilozofi\u0105, filozofi\u0105 polityki, etyk\u0105 i bioetyk\u0105. Libera\u0142 i post\u0119powiec o pewnych aspiracjach politycznych (wsp\u00f3\u0142pracuje ze \u015brodowiskami lewicowymi). [&hellip;]<\/p>\n","protected":false},"author":3,"featured_media":0,"parent":0,"menu_order":0,"comment_status":"open","ping_status":"open","template":"","meta":{"footnotes":""},"_links":{"self":[{"href":"https:\/\/blog.polityka.pl\/hartman\/wp-json\/wp\/v2\/pages\/2"}],"collection":[{"href":"https:\/\/blog.polityka.pl\/hartman\/wp-json\/wp\/v2\/pages"}],"about":[{"href":"https:\/\/blog.polityka.pl\/hartman\/wp-json\/wp\/v2\/types\/page"}],"author":[{"embeddable":true,"href":"https:\/\/blog.polityka.pl\/hartman\/wp-json\/wp\/v2\/users\/3"}],"replies":[{"embeddable":true,"href":"https:\/\/blog.polityka.pl\/hartman\/wp-json\/wp\/v2\/comments?post=2"}],"version-history":[{"count":5,"href":"https:\/\/blog.polityka.pl\/hartman\/wp-json\/wp\/v2\/pages\/2\/revisions"}],"predecessor-version":[{"id":2581,"href":"https:\/\/blog.polityka.pl\/hartman\/wp-json\/wp\/v2\/pages\/2\/revisions\/2581"}],"wp:attachment":[{"href":"https:\/\/blog.polityka.pl\/hartman\/wp-json\/wp\/v2\/media?parent=2"}],"curies":[{"name":"wp","href":"https:\/\/api.w.org\/{rel}","templated":true}]}}