
{"id":2,"date":"2009-09-21T09:39:08","date_gmt":"2009-09-21T07:39:08","guid":{"rendered":"http:\/\/narty.blog.polityka.pl\/?page_id=2"},"modified":"2015-07-27T16:59:59","modified_gmt":"2015-07-27T14:59:59","slug":"o-nas","status":"publish","type":"page","link":"https:\/\/blog.polityka.pl\/narty\/o-nas\/","title":{"rendered":"O autorze"},"content":{"rendered":"<p><a href=\"\/wp-content\/uploads\/\/2009\/09\/burnetko350.jpg\"><img loading=\"lazy\" decoding=\"async\" class=\"aligncenter size-full wp-image-8\" title=\"burnetko350\" src=\"\/wp-content\/uploads\/\/2009\/09\/burnetko350.jpg\" alt=\"\" width=\"350\" height=\"203\" srcset=\"\/narty\/wp-content\/uploads\/2009\/09\/burnetko350.jpg 350w, \/narty\/wp-content\/uploads\/2009\/09\/burnetko350-300x174.jpg 300w\" sizes=\"(max-width: 350px) 100vw, 350px\" \/><\/a><strong><br \/>\n<\/strong><\/p>\n<p><strong>Krzysztof Burnetko<\/strong> \u2013 dziennikarz, pasjonat narciarstwa, Krakus. Lubi te\u017c jazz, blues i stary rock, ksi\u0105\u017cki historyczne oraz czerwone wino.<\/p>\n<p>Na nartach je\u017adzi od przedszkola. Ulubione (jak dot\u0105d!) miejsca: z sentymentu \u2013 Jaworzyna Krynicka i Kasprowy Wierch, a potem \u2013 Chopok (S\u0142owacja), Heiligenblut i Pitztal (Austria), La Grave i Tignes (Francja), Zermatt i Nendaz (Szwajcaria), Santa Caterina i Solda (W\u0142ochy).<\/p>\n<p>Marzenie: narty na Kaukazie i&#8230; jeszcze wi\u0119cej off piste.<\/p>\n<p>Z <a href=\"http:\/\/www.polityka.pl\/polityka\/index.jsp?place=Menu20&amp;news_cat_id=-1&amp;layout=15\" target=\"_blank\"><strong>Polityk\u0105<\/strong><\/a> zwi\u0105zany od 2005 roku. Od jesieni 2013 roku redaktor naczelny Ski Magazynu. Jest wsp\u00f3\u0142autorem kilkunastu ksi\u0105\u017cek m.in. &#8222;Kapu\u015bci\u0144ski: Nie ogarniam \u015bwiata&#8221;, &#8222;Marek Edelman. \u017bycie. Do ko\u0144ca&#8221; i &#8222;Andrzej Wajda. Podejrzany&#8221;. Ostatnio wyda\u0142: &#8222;Nasza historia, Opowie\u015b\u0107 o wolnej Polsce&#8221;.<\/p>\n<p><strong>Laureat wielu nagr\u00f3d<\/strong>:<\/p>\n<p><strong>1987<\/strong> \u2013 nagroda Polculu<\/p>\n<p><strong>1989<\/strong> \u2013 nagroda Stowarzyszenia Dziennikarzy Polskich \u201eza normalny warsztat w nienormalnych czasach\u201d<\/p>\n<p><strong>2003<\/strong> \u2013 nominacja do nagrody Grand Press bran\u017cowego miesi\u0119cznika Press w kategorii \u201epublicystyka\u201d<\/p>\n<p><strong>2007<\/strong> \u2013 AS-a EMPiK za ksi\u0105\u017ck\u0119 \u201eKapu\u015bci\u0144ski. Nie ogarniam \u015bwiata\u201d<\/p>\n<p><strong>2008<\/strong> \u2013 nagroda Wydawc\u00f3w Ksi\u0105\u017cki Historycznej Klio za biografi\u0119 \u201eMarek Edelman. \u017bycie. Po prostu\u201d.<\/p>\n","protected":false},"excerpt":{"rendered":"<p>Krzysztof Burnetko \u2013 dziennikarz, pasjonat narciarstwa, Krakus. Lubi te\u017c jazz, blues i stary rock, ksi\u0105\u017cki historyczne oraz czerwone wino. Na nartach je\u017adzi od przedszkola. Ulubione (jak dot\u0105d!) miejsca: z sentymentu \u2013 Jaworzyna Krynicka i Kasprowy Wierch, a potem \u2013 Chopok (S\u0142owacja), Heiligenblut i Pitztal (Austria), La Grave i Tignes (Francja), Zermatt i Nendaz (Szwajcaria), Santa [&hellip;]<\/p>\n","protected":false},"author":1,"featured_media":0,"parent":0,"menu_order":0,"comment_status":"open","ping_status":"open","template":"","meta":{"footnotes":""},"_links":{"self":[{"href":"https:\/\/blog.polityka.pl\/narty\/wp-json\/wp\/v2\/pages\/2"}],"collection":[{"href":"https:\/\/blog.polityka.pl\/narty\/wp-json\/wp\/v2\/pages"}],"about":[{"href":"https:\/\/blog.polityka.pl\/narty\/wp-json\/wp\/v2\/types\/page"}],"author":[{"embeddable":true,"href":"https:\/\/blog.polityka.pl\/narty\/wp-json\/wp\/v2\/users\/1"}],"replies":[{"embeddable":true,"href":"https:\/\/blog.polityka.pl\/narty\/wp-json\/wp\/v2\/comments?post=2"}],"version-history":[{"count":4,"href":"https:\/\/blog.polityka.pl\/narty\/wp-json\/wp\/v2\/pages\/2\/revisions"}],"predecessor-version":[{"id":3500,"href":"https:\/\/blog.polityka.pl\/narty\/wp-json\/wp\/v2\/pages\/2\/revisions\/3500"}],"wp:attachment":[{"href":"https:\/\/blog.polityka.pl\/narty\/wp-json\/wp\/v2\/media?parent=2"}],"curies":[{"name":"wp","href":"https:\/\/api.w.org\/{rel}","templated":true}]}}