
{"id":8,"date":"2006-05-09T21:16:58","date_gmt":"2006-05-09T19:16:58","guid":{"rendered":"http:\/\/blog.polityka.pl\/?page_id=8"},"modified":"2022-02-24T06:03:51","modified_gmt":"2022-02-24T05:03:51","slug":"daniel-passent","status":"publish","type":"page","link":"https:\/\/blog.polityka.pl\/passent\/daniel-passent\/","title":{"rendered":"Autor bloga &#8211; bio"},"content":{"rendered":"<p><strong>Daniel Passent<\/strong> &#8211; (ur. 1938), syn agronoma i piel\u0119gniarki. Ze wzgl\u0119du na tradycj\u0119 w rodzinie (ojciec uko\u0144czy\u0142 studia w Pary\u017cu, wuj, kt\u00f3ry Passenta wychowywa\u0142 po wojnie &#8211; studiowa\u0142 we Wiedniu, a c\u00f3rka &#8211; Agata Passent &#8211; w USA i w RFN), ci\u0105gn\u0119\u0142o go do studi\u00f3w za granic\u0105, studiowa\u0142 w Petersburgu, Princeton i Harvard.<\/p>\n<p>Uko\u0144czy\u0142 ekonomi\u0119 na UW. Ju\u017c jako student II roku rozpocz\u0105\u0142 prac\u0119 dziennikarsk\u0105, najpierw &#8222;Sztandarze M\u0142odych&#8221; (1956-58), a nast\u0119pnie w &#8222;Polityce&#8221;, z kt\u00f3r\u0105 jest zwi\u0105zany do dzi\u015b.<\/p>\n<p>Autor ksi\u0105\u017cek: &#8222;Bywalec&#8221;, &#8222;Bitwa pod wersalikami&#8221;, &#8222;Obywatelu, nie denerwujcie si\u0119&#8221;, &#8222;Co dzie\u0144 wojna&#8221; (reporta\u017ce z wojny wietnamskiej), &#8222;Pan B\u00f3g przyjecha\u0142 do Monachium&#8221; (Igrzyska Olimpijskie 1972), &#8222;Rozbieram senatora&#8221; (USA), &#8222;Dzisiaj umr\u0105 dwie osoby&#8221; (narkotyki w USA), &#8222;To jest moja gra&#8221; (tenis, Wojtek Fibak), &#8222;Choroba dyplomatyczna&#8221;(wspomnienia ambasadora RP w Chile w latach 1997-2001), &#8222;Codziennik&#8221; (osobiste notatki z 2005r.). <\/p>\n<p>T\u0142umacz , satyryk, autor skeczy i monolog\u00f3w do STS, kabaret\u00f3w Dudka i Pod Egid\u0105 oraz przedstawie\u0144 rewiowych w Teatrze Syrena. W telewizji prowadzi\u0142 program &#8222;Go\u015bcie Daniela Passenta&#8221;. Jeden z najpopularniejszych autor\u00f3w tygodnika &#8222;Polityka&#8221;.<\/p>\n<p><img loading=\"lazy\" decoding=\"async\" border=\"0\" align=\"middle\" width=\"450\" src=\"http:\/\/passent.blog.polityka.pl\/wp-content\/uploads\/0dp450.jpg\" alt=\"0dp450.jpg\" height=\"704\" title=\"0dp450.jpg\" \/><\/p>\n","protected":false},"excerpt":{"rendered":"<p>Daniel Passent &#8211; (ur. 1938), syn agronoma i piel\u0119gniarki. Ze wzgl\u0119du na tradycj\u0119 w rodzinie (ojciec uko\u0144czy\u0142 studia w Pary\u017cu, wuj, kt\u00f3ry Passenta wychowywa\u0142 po wojnie &#8211; studiowa\u0142 we Wiedniu, a c\u00f3rka &#8211; Agata Passent &#8211; w USA i w RFN), ci\u0105gn\u0119\u0142o go do studi\u00f3w za granic\u0105, studiowa\u0142 w Petersburgu, Princeton i Harvard. Uko\u0144czy\u0142 ekonomi\u0119 [&hellip;]<\/p>\n","protected":false},"author":4,"featured_media":0,"parent":0,"menu_order":0,"comment_status":"closed","ping_status":"closed","template":"","meta":{"footnotes":""},"_links":{"self":[{"href":"https:\/\/blog.polityka.pl\/passent\/wp-json\/wp\/v2\/pages\/8"}],"collection":[{"href":"https:\/\/blog.polityka.pl\/passent\/wp-json\/wp\/v2\/pages"}],"about":[{"href":"https:\/\/blog.polityka.pl\/passent\/wp-json\/wp\/v2\/types\/page"}],"author":[{"embeddable":true,"href":"https:\/\/blog.polityka.pl\/passent\/wp-json\/wp\/v2\/users\/4"}],"replies":[{"embeddable":true,"href":"https:\/\/blog.polityka.pl\/passent\/wp-json\/wp\/v2\/comments?post=8"}],"version-history":[{"count":1,"href":"https:\/\/blog.polityka.pl\/passent\/wp-json\/wp\/v2\/pages\/8\/revisions"}],"predecessor-version":[{"id":7186,"href":"https:\/\/blog.polityka.pl\/passent\/wp-json\/wp\/v2\/pages\/8\/revisions\/7186"}],"wp:attachment":[{"href":"https:\/\/blog.polityka.pl\/passent\/wp-json\/wp\/v2\/media?parent=8"}],"curies":[{"name":"wp","href":"https:\/\/api.w.org\/{rel}","templated":true}]}}