
{"id":2,"date":"2006-08-23T13:23:36","date_gmt":"2006-08-23T11:23:36","guid":{"rendered":""},"modified":"2017-09-05T07:25:12","modified_gmt":"2017-09-05T06:25:12","slug":"about","status":"publish","type":"page","link":"https:\/\/blog.polityka.pl\/penszko\/about\/","title":{"rendered":"O autorze"},"content":{"rendered":"<p><strong>Marek Penszko\u00a0&#8211;<\/strong>\u00a0niemal od dziecka zajmuje si\u0119 grami i rozrywkami umys\u0142owymi, najd\u0142u\u017cej jako redaktor czasopism i wydawnictw specjalistycznych (&#8222;Rozrywka&#8221;, &#8222;Wiem&#8221;).<\/p>\n<p>Przez 7 lat (do 2004 roku) dziennikarz &#8222;Gazety Wyborczej&#8221;. Wsp\u00f3\u0142pracownik wielu czasopism, m. in. autor rubryk po\u015bwi\u0119conych grom logicznym oraz tzw. matematyce rekreacyjnej w miesi\u0119cznikach popularnonaukowych: &#8222;Problemy&#8221; (do 1991 r.), &#8222;Wiedza i \u017bycie&#8221;, &#8222;\u015awiat Nauki&#8221;; publikuje te\u017c w prasie zagranicznej.<\/p>\n<p>Absolwent Wydzia\u0142u Poligrafii Politechniki Warszawskiej. Mieszkaniec Szczawnicy i stolicy. Zapalony cyklista\u00a0&#8211; znacznie cz\u0119\u015bciej peda\u0142uje ni\u017c dra\u0142uje.<\/p>\n<p>Wsp\u00f3\u0142autor dw\u00f3ch &#8222;\u0142amig\u0142\u00f3wek&#8221;, kt\u00f3rych do ko\u0144ca wci\u0105\u017c nie mo\u017ce rozgry\u017a\u0107\u00a0 &#8211; Paw\u0142a i \u0141ukasza.<\/p>\n","protected":false},"excerpt":{"rendered":"<p>Marek Penszko\u00a0&#8211;\u00a0niemal od dziecka zajmuje si\u0119 grami i rozrywkami umys\u0142owymi, najd\u0142u\u017cej jako redaktor czasopism i wydawnictw specjalistycznych (&#8222;Rozrywka&#8221;, &#8222;Wiem&#8221;). Przez 7 lat (do 2004 roku) dziennikarz &#8222;Gazety Wyborczej&#8221;. Wsp\u00f3\u0142pracownik wielu czasopism, m. in. autor rubryk po\u015bwi\u0119conych grom logicznym oraz tzw. matematyce rekreacyjnej w miesi\u0119cznikach popularnonaukowych: &#8222;Problemy&#8221; (do 1991 r.), &#8222;Wiedza i \u017bycie&#8221;, &#8222;\u015awiat Nauki&#8221;; publikuje [&hellip;]<\/p>\n","protected":false},"author":3,"featured_media":0,"parent":0,"menu_order":0,"comment_status":"open","ping_status":"open","template":"","meta":{"footnotes":""},"_links":{"self":[{"href":"https:\/\/blog.polityka.pl\/penszko\/wp-json\/wp\/v2\/pages\/2"}],"collection":[{"href":"https:\/\/blog.polityka.pl\/penszko\/wp-json\/wp\/v2\/pages"}],"about":[{"href":"https:\/\/blog.polityka.pl\/penszko\/wp-json\/wp\/v2\/types\/page"}],"author":[{"embeddable":true,"href":"https:\/\/blog.polityka.pl\/penszko\/wp-json\/wp\/v2\/users\/3"}],"replies":[{"embeddable":true,"href":"https:\/\/blog.polityka.pl\/penszko\/wp-json\/wp\/v2\/comments?post=2"}],"version-history":[{"count":2,"href":"https:\/\/blog.polityka.pl\/penszko\/wp-json\/wp\/v2\/pages\/2\/revisions"}],"predecessor-version":[{"id":7003,"href":"https:\/\/blog.polityka.pl\/penszko\/wp-json\/wp\/v2\/pages\/2\/revisions\/7003"}],"wp:attachment":[{"href":"https:\/\/blog.polityka.pl\/penszko\/wp-json\/wp\/v2\/media?parent=2"}],"curies":[{"name":"wp","href":"https:\/\/api.w.org\/{rel}","templated":true}]}}