
{"id":16172,"date":"2018-01-22T10:37:37","date_gmt":"2018-01-22T09:37:37","guid":{"rendered":"http:\/\/polifonia.blog.polityka.pl\/?page_id=16172"},"modified":"2022-01-06T19:43:54","modified_gmt":"2022-01-06T18:43:54","slug":"premiery-2017","status":"publish","type":"page","link":"https:\/\/blog.polityka.pl\/polifonia\/stare-premiery\/premiery-2017\/","title":{"rendered":"Premiery 2017"},"content":{"rendered":"<p style=\"text-align: right;\"><span style=\"color: #000000;\"><em>Update 2017-01-05<\/em><\/span><\/p>\n<p style=\"text-align: left;\"><span style=\"color: #000000;\"><strong>PREMIERY P\u0141YTOWE &#8211; <\/strong><\/span><span style=\"color: #000000;\"><strong>2017 &#8211; ALBUMS RELEASED\/TO\u00a0BE RELEASED<br \/>\n<\/strong><\/span><\/p>\n<p style=\"text-align: left;\"><span style=\"color: #000000;\">Data premiery orientacyjna, punktem wyj\u015bcia\u00a0by\u0142 dla mnie nowy dzie\u0144 \u015bwiatowych premier, czyli pi\u0105tek. Dzi\u0119ki za wszelk\u0105 pomoc w tworzeniu zestawienie. Listy w nowej postaci b\u0119d\u0105 uzupe\u0142niane. Uwagi mile widziane.<\/span><\/p>\n<p><strong><a href=\"http:\/\/polifonia.blog.polityka.pl\/premiery-plytowe-2017\/01-2017\/\" target=\"_blank\" rel=\"noopener noreferrer\">STYCZE\u0143 \/ JANUARY<\/a><\/strong><\/p>\n<p><a href=\"http:\/\/polifonia.blog.polityka.pl\/premiery-plytowe-2017\/02-2017\/\"><strong>LUTY \/ FEBRUARY<\/strong><\/a><\/p>\n<p><strong><a href=\"http:\/\/polifonia.blog.polityka.pl\/premiery-plytowe-2017\/03-2017\/\">MARZEC \/ MARCH<\/a><\/strong><\/p>\n<p><strong><a href=\"http:\/\/polifonia.blog.polityka.pl\/premiery-plytowe-2017\/04-2017\/\">KWIECIE\u0143 \/ APRIL<\/a><\/strong><\/p>\n<p><a href=\"http:\/\/polifonia.blog.polityka.pl\/premiery-plytowe-2017\/05-2017\/\"><strong>MAJ \/ MAY<\/strong><\/a><\/p>\n<p><a href=\"http:\/\/polifonia.blog.polityka.pl\/premiery-plytowe-2017\/06-2017\/\"><strong>CZERWIEC \/ JUNE<\/strong><\/a><\/p>\n<p><a href=\"http:\/\/polifonia.blog.polityka.pl\/premiery-plytowe-2017\/07-2017\/\"><strong>LIPIEC \/ JULY<\/strong><\/a><\/p>\n<p><a href=\"http:\/\/polifonia.blog.polityka.pl\/premiery-plytowe-2017\/08-2017\/\"><strong>SIERPIE\u0143 \/ AUGUST<\/strong><\/a><\/p>\n<p><a href=\"http:\/\/polifonia.blog.polityka.pl\/premiery-plytowe-2017\/09-2017\/\"><strong>WRZESIE\u0143 \/ SEPTEMBER<\/strong><\/a><\/p>\n<p><a href=\"http:\/\/polifonia.blog.polityka.pl\/premiery-plytowe-2017\/10-2017\/\"><strong>PA\u0179DZIERNIK \/ OCTOBER<\/strong><\/a><\/p>\n<p><a href=\"https:\/\/polifonia.blog.polityka.pl\/premiery-plytowe-2017\/11-2017\/\"><strong>LISTOPAD \/ NOVEMBER<\/strong><\/a><\/p>\n<p><a href=\"https:\/\/polifonia.blog.polityka.pl\/premiery-plytowe-2017\/12-2017\/\"><strong>GRUDZIE\u0143 \/ DECEMBER<\/strong><\/a><\/p>\n<p><strong>POPRZEDNIE LATA \/ PAST YEARS<\/strong><\/p>\n<p><a href=\"https:\/\/wordpress.com\/page\/chacinski.wordpress.com\/4558\"><strong>2016<\/strong><\/a><\/p>\n<p><a href=\"https:\/\/chacinski.wordpress.com\/premiery-2016\/premiery-2015\/\"><strong>2015<\/strong><\/a><\/p>\n<p><a href=\"https:\/\/chacinski.wordpress.com\/premiery-2016\/premiery-2015\/premiery-2014\/\"><strong>2014<\/strong><\/a><\/p>\n<p><a href=\"https:\/\/chacinski.wordpress.com\/premiery-2016\/premiery-2015\/premiery-2013\/\"><strong>2013<\/strong><\/a><\/p>\n<p><a href=\"https:\/\/chacinski.wordpress.com\/premiery-2016\/premiery-2015\/plyty-2012\/\"><strong>2012<\/strong><\/a><\/p>\n<p><a href=\"https:\/\/chacinski.wordpress.com\/premiery-2016\/premiery-2015\/plyty-2011\/\"><strong>2011<\/strong><\/a><\/p>\n<p><a href=\"https:\/\/chacinski.wordpress.com\/premiery-2016\/premiery-2015\/plyty-2010\/\"><strong>2010<\/strong><\/a><\/p>\n<p><a href=\"https:\/\/chacinski.wordpress.com\/premiery-2016\/premiery-2015\/plyty-2009\/\"><strong>2009<\/strong><\/a><\/p>\n","protected":false},"excerpt":{"rendered":"<p>Update 2017-01-05 PREMIERY P\u0141YTOWE &#8211; 2017 &#8211; ALBUMS RELEASED\/TO\u00a0BE RELEASED Data premiery orientacyjna, punktem wyj\u015bcia\u00a0by\u0142 dla mnie nowy dzie\u0144 \u015bwiatowych premier, czyli pi\u0105tek. Dzi\u0119ki za wszelk\u0105 pomoc w tworzeniu zestawienie. Listy w nowej postaci b\u0119d\u0105 uzupe\u0142niane. Uwagi mile widziane. STYCZE\u0143 \/ JANUARY LUTY \/ FEBRUARY MARZEC \/ MARCH KWIECIE\u0143 \/ APRIL MAJ \/ MAY CZERWIEC [&hellip;]<\/p>\n","protected":false},"author":1,"featured_media":0,"parent":31418,"menu_order":0,"comment_status":"closed","ping_status":"closed","template":"full-width-page.php","meta":{"footnotes":""},"_links":{"self":[{"href":"https:\/\/blog.polityka.pl\/polifonia\/wp-json\/wp\/v2\/pages\/16172"}],"collection":[{"href":"https:\/\/blog.polityka.pl\/polifonia\/wp-json\/wp\/v2\/pages"}],"about":[{"href":"https:\/\/blog.polityka.pl\/polifonia\/wp-json\/wp\/v2\/types\/page"}],"author":[{"embeddable":true,"href":"https:\/\/blog.polityka.pl\/polifonia\/wp-json\/wp\/v2\/users\/1"}],"replies":[{"embeddable":true,"href":"https:\/\/blog.polityka.pl\/polifonia\/wp-json\/wp\/v2\/comments?post=16172"}],"version-history":[{"count":1,"href":"https:\/\/blog.polityka.pl\/polifonia\/wp-json\/wp\/v2\/pages\/16172\/revisions"}],"predecessor-version":[{"id":16173,"href":"https:\/\/blog.polityka.pl\/polifonia\/wp-json\/wp\/v2\/pages\/16172\/revisions\/16173"}],"up":[{"embeddable":true,"href":"https:\/\/blog.polityka.pl\/polifonia\/wp-json\/wp\/v2\/pages\/31418"}],"wp:attachment":[{"href":"https:\/\/blog.polityka.pl\/polifonia\/wp-json\/wp\/v2\/media?parent=16172"}],"curies":[{"name":"wp","href":"https:\/\/api.w.org\/{rel}","templated":true}]}}