
{"id":2,"date":"2010-04-30T12:47:18","date_gmt":"2010-04-30T10:47:18","guid":{"rendered":"http:\/\/polifonia.blog.polityka.pl\/?page_id=2"},"modified":"2012-02-27T21:28:37","modified_gmt":"2012-02-27T19:28:37","slug":"o-nas","status":"publish","type":"page","link":"https:\/\/blog.polityka.pl\/polifonia\/o-nas\/","title":{"rendered":"O autorze"},"content":{"rendered":"<p class=\"MsoNormal\"><strong>Bartek Chaci\u0144ski<\/strong> (rocznik 1974) &#8211; dziennikarz i publicysta zajmuj\u0105cy si\u0119 przede wszystkim tematyk\u0105 zwi\u0105zan\u0105 z muzyk\u0105, kultur\u0105 popularn\u0105 (komiks, gry, telewizja) oraz nowym j\u0119zykiem. W \u201ePolityce\u201d od kwietnia 2010. Wcze\u015bniej szefowa\u0142 dzia\u0142owi muzycznemu starej \u201eMachiny\u201d, warszawskiemu wydaniu \u201eCity Magazine\u201d, a potem dzia\u0142owi kultury \u201ePrzekroju\u201d. Wsp\u00f3\u0142pracuje z Polskim Radiem, tworz\u0105c wsp\u00f3lnie z Jackiem Hawrylukiem audycj\u0119 <a href=\"http:\/\/hch.blox.pl\" target=\"_blank\">HCH<\/a>. Autor serii \u201eS\u0142ownik\u00f3w najm\u0142odszej polszczyzny\u201d wydawanych przez Znak i ksi\u0105\u017cki <a href=\"http:\/\/www.znak.com.pl\/kartoteka,ksiazka,2701,tytul,Wy%C5%BC%20nisz.%20Od%20alterglobalist%C3%B3w%20do%20zo%C5%9Bkarzy.%2055%20ma%C5%82ych%20kultur\">&#8222;Wy\u017c nisz&#8221;<\/a>. Pisze prywatny blog pod adresem <a href=\"http:\/\/chacinski.wordpress.com\" target=\"_blank\">chacinski.wordpress.com<\/a>.<\/p>\n<p><span>Skargi, uwagi i za\u017calenia mo\u017cna s\u0142a\u0107 pod <\/span><span><a href=\"mailto:b.chacinski@polityka.pl\" target=\"_blank\">ten adres<\/a><\/span><span>.<\/span><br \/>\n<span>If you want to reach me, send me an <\/span><span><a href=\"mailto:b.chacinski@polityka.pl\" target=\"_blank\">e-mail<\/a><\/span><span>.<\/span><\/p>\n","protected":false},"excerpt":{"rendered":"<p>Bartek Chaci\u0144ski (rocznik 1974) &#8211; dziennikarz i publicysta zajmuj\u0105cy si\u0119 przede wszystkim tematyk\u0105 zwi\u0105zan\u0105 z muzyk\u0105, kultur\u0105 popularn\u0105 (komiks, gry, telewizja) oraz nowym j\u0119zykiem. W \u201ePolityce\u201d od kwietnia 2010. Wcze\u015bniej szefowa\u0142 dzia\u0142owi muzycznemu starej \u201eMachiny\u201d, warszawskiemu wydaniu \u201eCity Magazine\u201d, a potem dzia\u0142owi kultury \u201ePrzekroju\u201d. Wsp\u00f3\u0142pracuje z Polskim Radiem, tworz\u0105c wsp\u00f3lnie z Jackiem Hawrylukiem audycj\u0119 HCH. [&hellip;]<\/p>\n","protected":false},"author":1,"featured_media":0,"parent":0,"menu_order":0,"comment_status":"open","ping_status":"open","template":"","meta":{"footnotes":""},"_links":{"self":[{"href":"https:\/\/blog.polityka.pl\/polifonia\/wp-json\/wp\/v2\/pages\/2"}],"collection":[{"href":"https:\/\/blog.polityka.pl\/polifonia\/wp-json\/wp\/v2\/pages"}],"about":[{"href":"https:\/\/blog.polityka.pl\/polifonia\/wp-json\/wp\/v2\/types\/page"}],"author":[{"embeddable":true,"href":"https:\/\/blog.polityka.pl\/polifonia\/wp-json\/wp\/v2\/users\/1"}],"replies":[{"embeddable":true,"href":"https:\/\/blog.polityka.pl\/polifonia\/wp-json\/wp\/v2\/comments?post=2"}],"version-history":[{"count":2,"href":"https:\/\/blog.polityka.pl\/polifonia\/wp-json\/wp\/v2\/pages\/2\/revisions"}],"predecessor-version":[{"id":2609,"href":"https:\/\/blog.polityka.pl\/polifonia\/wp-json\/wp\/v2\/pages\/2\/revisions\/2609"}],"wp:attachment":[{"href":"https:\/\/blog.polityka.pl\/polifonia\/wp-json\/wp\/v2\/media?parent=2"}],"curies":[{"name":"wp","href":"https:\/\/api.w.org\/{rel}","templated":true}]}}