
{"id":20442,"date":"2018-12-29T12:25:38","date_gmt":"2018-12-29T11:25:38","guid":{"rendered":"http:\/\/polifonia.blog.polityka.pl\/?page_id=20442"},"modified":"2019-01-04T15:04:08","modified_gmt":"2019-01-04T14:04:08","slug":"podsumowanie-2018","status":"publish","type":"page","link":"https:\/\/blog.polityka.pl\/polifonia\/podsumowanie-2018\/","title":{"rendered":"PODSUMOWANIE 2018"},"content":{"rendered":"<p><img loading=\"lazy\" decoding=\"async\" class=\"aligncenter size-full wp-image-20443\" src=\"\/wp-content\/uploads\/2018\/12\/IMAG1302.jpg\" alt=\"\" width=\"1089\" height=\"1089\" srcset=\"\/polifonia\/wp-content\/uploads\/2018\/12\/IMAG1302.jpg 1089w, \/polifonia\/wp-content\/uploads\/2018\/12\/IMAG1302-150x150.jpg 150w, \/polifonia\/wp-content\/uploads\/2018\/12\/IMAG1302-300x300.jpg 300w, \/polifonia\/wp-content\/uploads\/2018\/12\/IMAG1302-768x768.jpg 768w, \/polifonia\/wp-content\/uploads\/2018\/12\/IMAG1302-1024x1024.jpg 1024w\" sizes=\"(max-width: 1089px) 100vw, 1089px\" \/><\/p>\n<h3 style=\"text-align: center;\"><a href=\"https:\/\/polifonia.blog.polityka.pl\/2018\/12\/27\/rok-2018-w-muzyce-10-uwag-koncowych\/\">Rok 2018 w muzyce &#8211; 11 uwag ko\u0144cowych<\/a><br \/>\n<a href=\"https:\/\/polifonia.blog.polityka.pl\/2018\/12\/28\/23-plyty-roku-2018-polska\/\">23 p\u0142yty roku 2018 &#8211; Polska<\/a><br \/>\n<a href=\"https:\/\/polifonia.blog.polityka.pl\/2019\/01\/03\/39-plyt-roku-2018-reszta-swiata\/\">39 p\u0142yt roku 2018 &#8211; reszta \u015bwiata<\/a><br \/>\n<a href=\"https:\/\/polifonia.blog.polityka.pl\/2019\/01\/02\/21-nowych-starych-plyt-2018-roku\/\">21 p\u0142yt roku 2018 &#8211; archiwalia<\/a><br \/>\n<a href=\"https:\/\/polifonia.blog.polityka.pl\/2019\/01\/04\/co-sie-klikalo-rok-2018-na-polifonii\/\">Co si\u0119 klika\u0142o &#8211; rok 2018 na Polifonii<\/a><\/h3>\n","protected":false},"excerpt":{"rendered":"<p>Rok 2018 w muzyce &#8211; 11 uwag ko\u0144cowych 23 p\u0142yty roku 2018 &#8211; Polska 39 p\u0142yt roku 2018 &#8211; reszta \u015bwiata 21 p\u0142yt roku 2018 &#8211; archiwalia Co si\u0119 klika\u0142o &#8211; rok 2018 na Polifonii<\/p>\n","protected":false},"author":1,"featured_media":0,"parent":0,"menu_order":0,"comment_status":"closed","ping_status":"closed","template":"","meta":{"footnotes":""},"_links":{"self":[{"href":"https:\/\/blog.polityka.pl\/polifonia\/wp-json\/wp\/v2\/pages\/20442"}],"collection":[{"href":"https:\/\/blog.polityka.pl\/polifonia\/wp-json\/wp\/v2\/pages"}],"about":[{"href":"https:\/\/blog.polityka.pl\/polifonia\/wp-json\/wp\/v2\/types\/page"}],"author":[{"embeddable":true,"href":"https:\/\/blog.polityka.pl\/polifonia\/wp-json\/wp\/v2\/users\/1"}],"replies":[{"embeddable":true,"href":"https:\/\/blog.polityka.pl\/polifonia\/wp-json\/wp\/v2\/comments?post=20442"}],"version-history":[{"count":10,"href":"https:\/\/blog.polityka.pl\/polifonia\/wp-json\/wp\/v2\/pages\/20442\/revisions"}],"predecessor-version":[{"id":20518,"href":"https:\/\/blog.polityka.pl\/polifonia\/wp-json\/wp\/v2\/pages\/20442\/revisions\/20518"}],"wp:attachment":[{"href":"https:\/\/blog.polityka.pl\/polifonia\/wp-json\/wp\/v2\/media?parent=20442"}],"curies":[{"name":"wp","href":"https:\/\/api.w.org\/{rel}","templated":true}]}}