
{"id":225,"date":"2010-09-20T23:13:24","date_gmt":"2010-09-20T21:13:24","guid":{"rendered":"http:\/\/polifonia.blog.polityka.pl\/?page_id=225"},"modified":"2022-01-06T20:28:01","modified_gmt":"2022-01-06T19:28:01","slug":"o-blogu","status":"publish","type":"page","link":"https:\/\/blog.polityka.pl\/polifonia\/o-blogu\/","title":{"rendered":"O blogu"},"content":{"rendered":"<p><strong>Jedna p\u0142yta dziennie (z wyj\u0105tkiem weekend\u00f3w i \u015bwi\u0105t). <\/strong>Od maja 2010 r. (poprzedni blog pod archiwalnym tytu\u0142em Wy\u017c Nisz do znalezienia <a href=\"https:\/\/chacinski.wordpress.com\">tutaj<\/a>).<\/p>\n<p><strong>Zasady publikowania komentarzy:<\/strong><br \/>\nJe\u015bli komentujesz co\u015b na tym blogu po raz pierwszy, Twoja opinia poczeka na moderacj\u0119. Zazwyczaj nie trwa to d\u0142u\u017cej ni\u017c kilka godzin. Gdy zamieszczasz w komentarzu wi\u0119cej ni\u017c jeden link &#8211; podobnie. Je\u015bli chcesz skomentowa\u0107 wypowiedzi lub teksty innych dziennikarek\/dziennikarzy POLITYKI, zapraszam na ich blogi. Nie ze wszystkimi opiniami kole\u017canek i koleg\u00f3w si\u0119 zgadzam, ale st\u0105d tego typu komentarze mog\u0105 by\u0107 usuwane.<br \/>\nKomentarze o charakterze obel\u017cywym, chamskim i ksenofobicznym mog\u0105 zosta\u0107 w ka\u017cdej chwili z\u0142o\u015bliwie zel\u017cone, po chamsku wy\u015bmiane lub ksenofobicznie usuni\u0119te przed lub po publikacji.<\/p>\n","protected":false},"excerpt":{"rendered":"<p>Jedna p\u0142yta dziennie (z wyj\u0105tkiem weekend\u00f3w i \u015bwi\u0105t). Od maja 2010 r. (poprzedni blog pod archiwalnym tytu\u0142em Wy\u017c Nisz do znalezienia tutaj). Zasady publikowania komentarzy: Je\u015bli komentujesz co\u015b na tym blogu po raz pierwszy, Twoja opinia poczeka na moderacj\u0119. Zazwyczaj nie trwa to d\u0142u\u017cej ni\u017c kilka godzin. Gdy zamieszczasz w komentarzu wi\u0119cej ni\u017c jeden link [&hellip;]<\/p>\n","protected":false},"author":1,"featured_media":0,"parent":0,"menu_order":0,"comment_status":"open","ping_status":"open","template":"","meta":{"footnotes":""},"_links":{"self":[{"href":"https:\/\/blog.polityka.pl\/polifonia\/wp-json\/wp\/v2\/pages\/225"}],"collection":[{"href":"https:\/\/blog.polityka.pl\/polifonia\/wp-json\/wp\/v2\/pages"}],"about":[{"href":"https:\/\/blog.polityka.pl\/polifonia\/wp-json\/wp\/v2\/types\/page"}],"author":[{"embeddable":true,"href":"https:\/\/blog.polityka.pl\/polifonia\/wp-json\/wp\/v2\/users\/1"}],"replies":[{"embeddable":true,"href":"https:\/\/blog.polityka.pl\/polifonia\/wp-json\/wp\/v2\/comments?post=225"}],"version-history":[{"count":4,"href":"https:\/\/blog.polityka.pl\/polifonia\/wp-json\/wp\/v2\/pages\/225\/revisions"}],"predecessor-version":[{"id":31454,"href":"https:\/\/blog.polityka.pl\/polifonia\/wp-json\/wp\/v2\/pages\/225\/revisions\/31454"}],"wp:attachment":[{"href":"https:\/\/blog.polityka.pl\/polifonia\/wp-json\/wp\/v2\/media?parent=225"}],"curies":[{"name":"wp","href":"https:\/\/api.w.org\/{rel}","templated":true}]}}