
{"id":2280,"date":"2012-01-03T11:35:52","date_gmt":"2012-01-03T09:35:52","guid":{"rendered":"http:\/\/polifonia.blog.polityka.pl\/"},"modified":"2012-02-05T13:11:16","modified_gmt":"2012-02-05T11:11:16","slug":"podsumowanie-roku-2011","status":"publish","type":"page","link":"https:\/\/blog.polityka.pl\/polifonia\/podsumowanie-roku-2011\/","title":{"rendered":"PODSUMOWANIE 2011"},"content":{"rendered":"<p><a href=\"\/wp-content\/uploads\/2012\/01\/let_england_shake.jpg\"><img loading=\"lazy\" decoding=\"async\" class=\"aligncenter size-full wp-image-2480\" title=\"let_england_shake\" src=\"\/wp-content\/uploads\/2012\/01\/let_england_shake.jpg\" alt=\"\" width=\"475\" height=\"276\" srcset=\"\/polifonia\/wp-content\/uploads\/2012\/01\/let_england_shake.jpg 475w, \/polifonia\/wp-content\/uploads\/2012\/01\/let_england_shake-300x174.jpg 300w\" sizes=\"(max-width: 475px) 100vw, 475px\" \/><\/a><\/p>\n<p style=\"text-align: center;\"><a href=\"http:\/\/polifonia.blog.polityka.pl\/2011\/12\/28\/2011-w-muzyce-11-uwag-koncowych\/\">Rok 2011 &#8211; 11 uwag ko\u0144cowych<\/a><br \/>\n<a href=\"http:\/\/polifonia.blog.polityka.pl\/2012\/01\/05\/3x11-swiatowych-plyt-roku-2011\/\">3&#215;11 \u015bwiatowych p\u0142yt roku<\/a><br \/>\n<a href=\"http:\/\/polifonia.blog.polityka.pl\/2012\/01\/03\/211-archiwaliow-wydanych-w-roku-2011\/\">2+11 archiwalnych p\u0142yt roku<\/a><br \/>\n<a href=\"http:\/\/polifonia.blog.polityka.pl\/2012\/01\/02\/211-polskich-plyt-2011-roku\/\">2+11 polskich p\u0142yt roku<\/a><br \/>\n<a href=\"http:\/\/polifonia.blog.polityka.pl\/2012\/01\/04\/11-plytowych-rozczarowan-roku\/\">11 rozczarowa\u0144 roku<\/a><br \/>\n<a href=\"http:\/\/polifonia.blog.polityka.pl\/2011\/12\/30\/2011-mylilem-sie\/\">Moje (niekt\u00f3re) pomy\u0142ki w roku 2011<\/a><br \/>\n<a href=\"http:\/\/polifonia.blog.polityka.pl\/2011\/12\/27\/najbrzydsze-okladki-roku\/\">Najbrzydsze ok\u0142adki p\u0142yt<\/a><\/p>\n","protected":false},"excerpt":{"rendered":"<p>Rok 2011 &#8211; 11 uwag ko\u0144cowych 3&#215;11 \u015bwiatowych p\u0142yt roku 2+11 archiwalnych p\u0142yt roku 2+11 polskich p\u0142yt roku 11 rozczarowa\u0144 roku Moje (niekt\u00f3re) pomy\u0142ki w roku 2011 Najbrzydsze ok\u0142adki p\u0142yt<\/p>\n","protected":false},"author":1,"featured_media":0,"parent":0,"menu_order":0,"comment_status":"open","ping_status":"open","template":"","meta":{"footnotes":""},"_links":{"self":[{"href":"https:\/\/blog.polityka.pl\/polifonia\/wp-json\/wp\/v2\/pages\/2280"}],"collection":[{"href":"https:\/\/blog.polityka.pl\/polifonia\/wp-json\/wp\/v2\/pages"}],"about":[{"href":"https:\/\/blog.polityka.pl\/polifonia\/wp-json\/wp\/v2\/types\/page"}],"author":[{"embeddable":true,"href":"https:\/\/blog.polityka.pl\/polifonia\/wp-json\/wp\/v2\/users\/1"}],"replies":[{"embeddable":true,"href":"https:\/\/blog.polityka.pl\/polifonia\/wp-json\/wp\/v2\/comments?post=2280"}],"version-history":[{"count":9,"href":"https:\/\/blog.polityka.pl\/polifonia\/wp-json\/wp\/v2\/pages\/2280\/revisions"}],"predecessor-version":[{"id":2481,"href":"https:\/\/blog.polityka.pl\/polifonia\/wp-json\/wp\/v2\/pages\/2280\/revisions\/2481"}],"wp:attachment":[{"href":"https:\/\/blog.polityka.pl\/polifonia\/wp-json\/wp\/v2\/media?parent=2280"}],"curies":[{"name":"wp","href":"https:\/\/api.w.org\/{rel}","templated":true}]}}