
{"id":24120,"date":"2020-01-01T19:00:49","date_gmt":"2020-01-01T18:00:49","guid":{"rendered":"http:\/\/polifonia.blog.polityka.pl\/?page_id=24120"},"modified":"2020-01-09T20:12:27","modified_gmt":"2020-01-09T19:12:27","slug":"podsumowanie-2019","status":"publish","type":"page","link":"https:\/\/blog.polityka.pl\/polifonia\/podsumowanie-2019\/","title":{"rendered":"PODSUMOWANIE 2019"},"content":{"rendered":"\n<figure class=\"wp-block-image\"><img loading=\"lazy\" decoding=\"async\" width=\"1024\" height=\"768\" src=\"\/wp-content\/uploads\/2020\/01\/IMAG2209_2-1024x768.jpg\" alt=\"\" class=\"wp-image-24121\" srcset=\"\/polifonia\/wp-content\/uploads\/2020\/01\/IMAG2209_2-1024x768.jpg 1024w, \/polifonia\/wp-content\/uploads\/2020\/01\/IMAG2209_2-300x225.jpg 300w, \/polifonia\/wp-content\/uploads\/2020\/01\/IMAG2209_2-768x576.jpg 768w, \/polifonia\/wp-content\/uploads\/2020\/01\/IMAG2209_2.jpg 1454w\" sizes=\"(max-width: 1024px) 100vw, 1024px\" \/><\/figure>\n\n\n<p style=\"text-align: center;\"><a href=\"https:\/\/polifonia.blog.polityka.pl\/2020\/01\/02\/rok-2019-w-muzyce-10-uwag-koncowych\/\"><strong>Rok 2019 w muzyce &#8211; 10 uwag ko\u0144cowych<\/strong><\/a><\/p>\n<p style=\"text-align: center;\"><a href=\"https:\/\/polifonia.blog.polityka.pl\/2020\/01\/03\/27-plyt-roku-2019-polska\/\"><strong>27 p\u0142yt roku 2019 &#8211; Polska<\/strong><\/a>\u00a0<\/p>\n<p style=\"text-align: center;\"><a href=\"https:\/\/polifonia.blog.polityka.pl\/2020\/01\/07\/27-plyt-roku-reszta-swiata\/\"><strong>27 p\u0142yt roku 2019 &#8211; reszta \u015bwiata<\/strong><\/a><\/p>\n<p style=\"text-align: center;\"><a href=\"https:\/\/polifonia.blog.polityka.pl\/2020\/01\/08\/22-plyt-roku-archiwalia\/\"><strong>22 p\u0142yty roku 2019 &#8211; archiwalia, kompilacje<\/strong><\/a><\/p>\n<p style=\"text-align: center;\"><strong><a href=\"https:\/\/polifonia.blog.polityka.pl\/2020\/01\/05\/przeglad-roku-2019-utwor-po-utworze\/\">Przegl\u0105d roku 2019 utw\u00f3r po utworze [\u015bwiat]<\/a><\/strong>\u00a0<\/p>\n<p style=\"text-align: center;\"><a href=\"https:\/\/open.spotify.com\/playlist\/30xduCk7fM0HWjcqTBuIod?si=eiqPx-D0Q_O8oB0LXMLXEA\"><strong>Przegl\u0105d roku 2019 utw\u00f3r po utworze [Polska]<\/strong><\/a><\/p>\n<p style=\"text-align: center;\"><a href=\"https:\/\/polifonia.blog.polityka.pl\/2020\/01\/09\/rok-2019-poza-muzyka\/\"><strong>Rok 2019 poza muzyk\u0105<\/strong><\/a>\u00a0<\/p>\n<p>\u00a0<\/p>","protected":false},"excerpt":{"rendered":"<p>Rok 2019 w muzyce &#8211; 10 uwag ko\u0144cowych 27 p\u0142yt roku 2019 &#8211; Polska\u00a0 27 p\u0142yt roku 2019 &#8211; reszta \u015bwiata 22 p\u0142yty roku 2019 &#8211; archiwalia, kompilacje Przegl\u0105d roku 2019 utw\u00f3r po utworze [\u015bwiat]\u00a0 Przegl\u0105d roku 2019 utw\u00f3r po utworze [Polska] Rok 2019 poza muzyk\u0105\u00a0 \u00a0<\/p>\n","protected":false},"author":1,"featured_media":0,"parent":0,"menu_order":0,"comment_status":"closed","ping_status":"closed","template":"","meta":{"footnotes":""},"_links":{"self":[{"href":"https:\/\/blog.polityka.pl\/polifonia\/wp-json\/wp\/v2\/pages\/24120"}],"collection":[{"href":"https:\/\/blog.polityka.pl\/polifonia\/wp-json\/wp\/v2\/pages"}],"about":[{"href":"https:\/\/blog.polityka.pl\/polifonia\/wp-json\/wp\/v2\/types\/page"}],"author":[{"embeddable":true,"href":"https:\/\/blog.polityka.pl\/polifonia\/wp-json\/wp\/v2\/users\/1"}],"replies":[{"embeddable":true,"href":"https:\/\/blog.polityka.pl\/polifonia\/wp-json\/wp\/v2\/comments?post=24120"}],"version-history":[{"count":11,"href":"https:\/\/blog.polityka.pl\/polifonia\/wp-json\/wp\/v2\/pages\/24120\/revisions"}],"predecessor-version":[{"id":24217,"href":"https:\/\/blog.polityka.pl\/polifonia\/wp-json\/wp\/v2\/pages\/24120\/revisions\/24217"}],"wp:attachment":[{"href":"https:\/\/blog.polityka.pl\/polifonia\/wp-json\/wp\/v2\/media?parent=24120"}],"curies":[{"name":"wp","href":"https:\/\/api.w.org\/{rel}","templated":true}]}}