
{"id":27887,"date":"2021-01-08T10:39:11","date_gmt":"2021-01-08T09:39:11","guid":{"rendered":"http:\/\/polifonia.blog.polityka.pl\/?page_id=27887"},"modified":"2021-01-08T10:39:25","modified_gmt":"2021-01-08T09:39:25","slug":"podsumowanie-2020","status":"publish","type":"page","link":"https:\/\/blog.polityka.pl\/polifonia\/podsumowanie-2020\/","title":{"rendered":"PODSUMOWANIE 2020"},"content":{"rendered":"<p><img loading=\"lazy\" decoding=\"async\" class=\"aligncenter size-large wp-image-27888\" src=\"\/wp-content\/uploads\/2021\/01\/1610008176751-1024x1024.jpg\" alt=\"\" width=\"620\" height=\"620\" srcset=\"\/polifonia\/wp-content\/uploads\/2021\/01\/1610008176751-1024x1024.jpg 1024w, \/polifonia\/wp-content\/uploads\/2021\/01\/1610008176751-150x150.jpg 150w, \/polifonia\/wp-content\/uploads\/2021\/01\/1610008176751-300x300.jpg 300w, \/polifonia\/wp-content\/uploads\/2021\/01\/1610008176751-768x768.jpg 768w\" sizes=\"(max-width: 620px) 100vw, 620px\" \/><\/p>\n<p style=\"text-align: center;\"><a href=\"https:\/\/polifonia.blog.polityka.pl\/2021\/01\/04\/36-plyt-roku-2020-polska\/\"><strong><span style=\"color: #ff0000;\">36 p\u0142yt roku 2020 &#8211; Polska<\/span><\/strong><\/a>\u00a0<\/p>\n<p style=\"text-align: center;\"><a href=\"https:\/\/polifonia.blog.polityka.pl\/2021\/01\/05\/44-plyty-roku-2020-swiat\/\"><strong><span style=\"color: #ff0000;\">44 p\u0142yty roku 2020 &#8211; \u015bwiat\u00a0<\/span><\/strong><\/a><\/p>\n<p style=\"text-align: center;\"><a href=\"https:\/\/polifonia.blog.polityka.pl\/2021\/01\/07\/27866\/\"><strong><span style=\"color: #ff0000;\">33 p\u0142yty roku 2020 &#8211; odkrycia z przesz\u0142o\u015bci: <br \/>reedycje, kompilacje, archiwalia<\/span><\/strong><\/a><\/p>\n<p style=\"text-align: center;\"><a href=\"https:\/\/polifonia.blog.polityka.pl\/2020\/12\/30\/rok-2020-w-muzyce-10-uwag-koncowych\/\"><strong><span style=\"color: #ff0000;\">Rok 2020 w muzyce &#8211; 10 uwag ko\u0144cowych<\/span><\/strong><\/a>\u00a0<\/p>\n<p style=\"text-align: center;\"><a href=\"https:\/\/polifonia.blog.polityka.pl\/2020\/12\/31\/10-slow-roku-2020-w-tym-kilka-brzydkich\/\"><span style=\"color: #ff0000;\"><strong>10 s\u0142\u00f3w roku 2020 (w tym kilka brzydkich)<\/strong><\/span><\/a><\/p>\n","protected":false},"excerpt":{"rendered":"<p>36 p\u0142yt roku 2020 &#8211; Polska\u00a0 44 p\u0142yty roku 2020 &#8211; \u015bwiat\u00a0 33 p\u0142yty roku 2020 &#8211; odkrycia z przesz\u0142o\u015bci: reedycje, kompilacje, archiwalia Rok 2020 w muzyce &#8211; 10 uwag ko\u0144cowych\u00a0 10 s\u0142\u00f3w roku 2020 (w tym kilka brzydkich)<\/p>\n","protected":false},"author":1,"featured_media":0,"parent":0,"menu_order":0,"comment_status":"closed","ping_status":"closed","template":"","meta":{"footnotes":""},"_links":{"self":[{"href":"https:\/\/blog.polityka.pl\/polifonia\/wp-json\/wp\/v2\/pages\/27887"}],"collection":[{"href":"https:\/\/blog.polityka.pl\/polifonia\/wp-json\/wp\/v2\/pages"}],"about":[{"href":"https:\/\/blog.polityka.pl\/polifonia\/wp-json\/wp\/v2\/types\/page"}],"author":[{"embeddable":true,"href":"https:\/\/blog.polityka.pl\/polifonia\/wp-json\/wp\/v2\/users\/1"}],"replies":[{"embeddable":true,"href":"https:\/\/blog.polityka.pl\/polifonia\/wp-json\/wp\/v2\/comments?post=27887"}],"version-history":[{"count":1,"href":"https:\/\/blog.polityka.pl\/polifonia\/wp-json\/wp\/v2\/pages\/27887\/revisions"}],"predecessor-version":[{"id":27889,"href":"https:\/\/blog.polityka.pl\/polifonia\/wp-json\/wp\/v2\/pages\/27887\/revisions\/27889"}],"wp:attachment":[{"href":"https:\/\/blog.polityka.pl\/polifonia\/wp-json\/wp\/v2\/media?parent=27887"}],"curies":[{"name":"wp","href":"https:\/\/api.w.org\/{rel}","templated":true}]}}