
{"id":29863,"date":"2021-07-29T20:41:10","date_gmt":"2021-07-29T18:41:10","guid":{"rendered":"http:\/\/polifonia.blog.polityka.pl\/?page_id=29863"},"modified":"2022-01-06T19:40:24","modified_gmt":"2022-01-06T18:40:24","slug":"premiery-08-2021","status":"publish","type":"page","link":"https:\/\/blog.polityka.pl\/polifonia\/stare-premiery\/premiery-08-2021\/","title":{"rendered":"08.2021"},"content":{"rendered":"\n<table class=\"wp-block-table\"><tbody><tr><td>1<\/td><td>\u0141ukasz Suchy<\/td><td>Dogs of Breslau<\/td><td><\/td><td><\/td><\/tr><tr><td>1<\/td><td>Nicota<\/td><td>Kapitola III<\/td><td>D.I.Y. Ko\u0142o<\/td><td><\/td><\/tr><tr><td>2<\/td><td>Implicit Doom<\/td><td>Where Are You, What&#8217;s the Story?<\/td><td><\/td><td><\/td><\/tr><tr><td>2<\/td><td>Pink Siifu<\/td><td>GUMBO\u2019!<\/td><td><\/td><td><\/td><\/tr><tr><td>3<\/td><td>CZARFACE<\/td><td>A Czar Is Born<\/td><td>Z2 Comics<\/td><td><\/td><\/tr><tr><td>3<\/td><td>Ty Segall<\/td><td>Harmonizer<\/td><td>Drag City<\/td><td><\/td><\/tr><tr><td>3<\/td><td>VA<\/td><td>Caves &#8211; A Compilation of Silences<\/td><td>Other People<\/td><td><\/td><\/tr><tr><td>3<\/td><td>Yea Big  <\/td><td>An Emptiness Supreme Reimagined<\/td><td>FPE<\/td><td><\/td><\/tr><tr><td>4<\/td><td>Franciszek Pospieszalski Sextet<\/td><td>Second Step<\/td><td><\/td><td><\/td><\/tr><tr><td>4<\/td><td>Giorgio Fazer<\/td><td>Gdy rozum \u015bpi<\/td><td>Requiem<\/td><td>CD<\/td><\/tr><tr><td>4<\/td><td>Lip Talk<\/td><td>Laughing &amp; Eating Cake<\/td><td>Northern Spy<\/td><td><\/td><\/tr><tr><td>4<\/td><td>Metz<\/td><td>Live at the Opera House<\/td><td>Sub Pop<\/td><td><\/td><\/tr><tr><td>4<\/td><td>Piotr Figiel<\/td><td>Singles I<\/td><td><\/td><td>EP<\/td><\/tr><tr><td>5<\/td><td>Celestial<\/td><td>I Had Too Much To Dream Last Night<\/td><td>Ecstatic<\/td><td><\/td><\/tr><tr><td>5<\/td><td>Ian Hawgood + Stijn H\u00fcwels<\/td><td>Bloom<\/td><td>Home Normal<\/td><td><\/td><\/tr><tr><td>5<\/td><td>Sarah Louise<\/td><td>We Find Our Joy in Connection (Live at Roaring Camp 7\u200b\/\u200b17\u200b\/\u200b21)<\/td><td><\/td><td><\/td><\/tr><tr><td>6<\/td><td>Alvin Curran<\/td><td>Fiori Chiari, Fiori Oscuri<\/td><td>Black Truffle<\/td><td><\/td><\/tr><tr><td>6<\/td><td>Anonymous Club<\/td><td>Screensavers vol. 1<\/td><td><\/td><td><\/td><\/tr><tr><td>6<\/td><td>Balam Acab<\/td><td>2021, Lost Myself<\/td><td><\/td><td>EP<\/td><\/tr><tr><td>6<\/td><td>Barbra Streisand<\/td><td>Release Me 2<\/td><td>Columbia<\/td><td>arch<\/td><\/tr><tr><td>6<\/td><td>Bill Orcutt<\/td><td>Cracked Shit<\/td><td><\/td><td><\/td><\/tr><tr><td>6<\/td><td>Body Image CEO<\/td><td>In these difficult times\u200b.\u200b.\u200b.\u200b. now more than ever\u200b.\u200b.\u200b. at the end of the day\u200b.\u200b.\u200b.\u200b.\u200b. Pepsi<\/td><td>Discrepant<\/td><td><\/td><\/tr><tr><td>6<\/td><td>Borderlands Ensemble<\/td><td>the space in which to see<\/td><td>New Focus<\/td><td><\/td><\/tr><tr><td>6<\/td><td>Brian Jackson, Ali Shaheed Muhammad, Adrian Younge<\/td><td>Brian Jackson JID008<\/td><td>Jazz Is Dead<\/td><td><\/td><\/tr><tr><td>6<\/td><td>Carmen Q. Rothwell<\/td><td>Don&#8217;t Get Comfy \/ Nowhere<\/td><td>Ruination<\/td><td><\/td><\/tr><tr><td>6<\/td><td>Chuck Johnson<\/td><td>Precession<\/td><td><\/td><td><\/td><\/tr><tr><td>6<\/td><td>Damon &amp; Naomi with Kurihara<\/td><td>A Sky Record<\/td><td><\/td><td><\/td><\/tr><tr><td>6<\/td><td>Daniel Jones &amp; Phil Julian<\/td><td>Bristle<\/td><td>Superpang<\/td><td><\/td><\/tr><tr><td>6<\/td><td>David Fulmer &amp; The New York Philharmonic<\/td><td>Sky&#8217;s Acetylene<\/td><td>New Focus<\/td><td><\/td><\/tr><tr><td>6<\/td><td>Dereck Higgins<\/td><td>Future Still<\/td><td>FPE<\/td><td><\/td><\/tr><tr><td>6<\/td><td>Desire Marea<\/td><td>Desire<\/td><td>PIAS<\/td><td><\/td><\/tr><tr><td>6<\/td><td>Eluvium<\/td><td>Virga II<\/td><td>Temporary Residence<\/td><td><\/td><\/tr><tr><td>6<\/td><td>Foxing<\/td><td>Draw Down the Moon<\/td><td>Hopeless<\/td><td><\/td><\/tr><tr><td>6<\/td><td>France Jobin<\/td><td>Fort P\u00e9ninsule<\/td><td><\/td><td><\/td><\/tr><tr><td>6<\/td><td>Fred Und Luna<\/td><td>Im Remix<\/td><td>Compost<\/td><td><\/td><\/tr><tr><td>6<\/td><td>Fredo <\/td><td>Independence Day<\/td><td>Since 93<\/td><td><\/td><\/tr><tr><td>6<\/td><td>Glaive<\/td><td>All Dogs Go to Heaven<\/td><td>Interscope<\/td><td>EP<\/td><\/tr><tr><td>6<\/td><td>Honored Matres \/ Le Chocolat Noir<\/td><td>Pannonia Noir R\u00e9cup\u00e9ration<\/td><td><\/td><td>EP<\/td><\/tr><tr><td>6<\/td><td>Jean-Jacques Rojer<\/td><td>Soko<\/td><td>Sunnyside<\/td><td><\/td><\/tr><tr><td>6<\/td><td>John Murphy<\/td><td>The Suicide Squad OST<\/td><td><\/td><td><\/td><\/tr><tr><td>6<\/td><td>Khruangbin<\/td><td>Mordechai Remixes<\/td><td>Dead Ocean<\/td><td><\/td><\/tr><tr><td>6<\/td><td>Laura Stevenson<\/td><td>Laura Stevenson<\/td><td>Don Giovanni<\/td><td><\/td><\/tr><tr><td>6<\/td><td>Leo <\/td><td>A Burried River<\/td><td>Youth<\/td><td><\/td><\/tr><tr><td>6<\/td><td>Liars<\/td><td>The Apple Drop<\/td><td>Mute<\/td><td><\/td><\/tr><tr><td>6<\/td><td>Lingua Ignota<\/td><td>Sinner Get Ready<\/td><td>Sargent House<\/td><td><\/td><\/tr><tr><td>6<\/td><td>LMajor<\/td><td>Can&#8217;t Do It<\/td><td>Astrophonica<\/td><td><\/td><\/tr><tr><td>6<\/td><td>Lonelady<\/td><td>Former Things<\/td><td>Warp<\/td><td><\/td><\/tr><tr><td>6<\/td><td>M. Geddes Gengras<\/td><td>Flowers Under Glass<\/td><td><\/td><td><\/td><\/tr><tr><td>6<\/td><td>Max Richter<\/td><td>Exiles<\/td><td>Deutsche Grammophon<\/td><td><\/td><\/tr><tr><td>6<\/td><td>Mike Cooper<\/td><td>Cane Fire OST<\/td><td>Room40<\/td><td><\/td><\/tr><tr><td>6<\/td><td>Moritz Von Oswald Trio<\/td><td>Dissent<\/td><td><\/td><td><\/td><\/tr><tr><td>6<\/td><td>Nas<\/td><td>King&#8217;s Disease II<\/td><td>Mass Appeal<\/td><td><\/td><\/tr><tr><td>6<\/td><td>NTsKI<\/td><td>Orca<\/td><td>Orange Milk<\/td><td><\/td><\/tr><tr><td>6<\/td><td>Oliver Thurley<\/td><td>Percussion Studies<\/td><td>L-ne<\/td><td><\/td><\/tr><tr><td>6<\/td><td>Pavement Pizza<\/td><td>Snack Bag<\/td><td>Peleton<\/td><td><\/td><\/tr><tr><td>6<\/td><td>Pete Rodriguez<\/td><td>Obstacles<\/td><td>Sunnyside<\/td><td><\/td><\/tr><tr><td>6<\/td><td>Rick Deitrick<\/td><td>Coyote Canyon<\/td><td>Tompkins Square<\/td><td><\/td><\/tr><tr><td>6<\/td><td>Saadet T\u00fcrk\u00f6z &amp; Beat Keller<\/td><td>We Are Strong<\/td><td>Chinabot<\/td><td><\/td><\/tr><tr><td>6<\/td><td>Spazebar<\/td><td>Off The Fence<\/td><td>33 Records<\/td><td><\/td><\/tr><tr><td>6<\/td><td>Sputnik Trio<\/td><td>What The Hate<\/td><td>Raw Tonk<\/td><td><\/td><\/tr><tr><td>6<\/td><td>The Steoples<\/td><td>Wide Through The Eyes Of No One<\/td><td>Stones Throw<\/td><td><\/td><\/tr><tr><td>6<\/td><td>Tinashe<\/td><td>333&#8243;<\/td><td>Tinashe Music<\/td><td><\/td><\/tr><tr><td>6<\/td><td>VA<\/td><td>Habibi Funk 015: An eclectic selection of music from the Arab world, part 2<\/td><td>Habibi Funk<\/td><td><\/td><\/tr><tr><td>6<\/td><td>VA<\/td><td>Kikommando<\/td><td>PAN<\/td><td><\/td><\/tr><tr><td>6<\/td><td>VA<\/td><td>Erased Tapes 20\uff65\uff65\uff0d\uff0d\uff0d0<\/td><td>Erased Tapes<\/td><td><\/td><\/tr><tr><td>6<\/td><td>William Basinski<\/td><td>Music for Abandoned Airports: Tegel<\/td><td><\/td><td><\/td><\/tr><tr><td>7<\/td><td>Natan A\u0142ytjow<\/td><td>Veneration and Rememberance<\/td><td><\/td><td><\/td><\/tr><tr><td>8<\/td><td>John Oswald<\/td><td>Vertical Time + Aparanprecis<\/td><td>Pony<\/td><td>komp.<\/td><\/tr><tr><td>9<\/td><td>Alvars Orchester<\/td><td>Deck Brush<\/td><td>iDEAL<\/td><td><\/td><\/tr><tr><td>9<\/td><td>Earth House Hold<\/td><td>Daybreak Basements and Broken Hearts<\/td><td>A Strangely Isolated Place<\/td><td><\/td><\/tr><tr><td>10<\/td><td>Benjamin Bondonneau, Jean-Yves Bosseur, Lionel Marchetti<\/td><td>Le Diable ermite, Augi\u00e9ras \/ 2021~ electronic music &amp; clarinettes<\/td><td><\/td><td><\/td><\/tr><tr><td>10<\/td><td>Beverly Glenn-Copeland<\/td><td>Beverly Copeland<\/td><td>Transgressive<\/td><td>reed. DL<\/td><\/tr><tr><td>10<\/td><td>Matthew Herbert<\/td><td>Noughts + Crosses (Music From The Original Tv Series)<\/td><td>Accidental<\/td><td><\/td><\/tr><tr><td>10<\/td><td>Piotr Dang Cichocki, Martin Kaphukusi, Tonga Boys<\/td><td>Other Voices\u200b\/\u200bOther Votes<\/td><td>Szara Reneta<\/td><td><\/td><\/tr><tr><td>10<\/td><td>Wodorosty<\/td><td>Live @ Pla\u017cowisko<\/td><td>Pla\u017ca Zachodnia<\/td><td><\/td><\/tr><tr><td>13<\/td><td>BLED<\/td><td>Roots &amp; Futuristic Sci-Fi Sounds <\/td><td>Alpaka<\/td><td>CD, LP, MC<\/td><\/tr><tr><td>13<\/td><td>Boldy James &amp; The Alchemist<\/td><td>Bo Jackson<\/td><td>ALC<\/td><td><\/td><\/tr><tr><td>13<\/td><td>Brandee Younger<\/td><td>Somewhere Different<\/td><td><\/td><td><\/td><\/tr><tr><td>13<\/td><td>Brogan Bentley<\/td><td>Diapason Rex<\/td><td>Leaving<\/td><td><\/td><\/tr><tr><td>13<\/td><td>Celer<\/td><td>In Light of Blues<\/td><td>Room40<\/td><td><\/td><\/tr><tr><td>13<\/td><td>Chorusing<\/td><td>Half Mirror<\/td><td>Western Vinyl<\/td><td><\/td><\/tr><tr><td>13<\/td><td>d&#8217;Eon<\/td><td>Rhododendron<\/td><td>Hausu Mountain<\/td><td><\/td><\/tr><tr><td>13<\/td><td>DarkSonicTales<\/td><td>DarkSonicTales<\/td><td>Hallow Ground<\/td><td><\/td><\/tr><tr><td>13<\/td><td>Devendra Banhart &amp; Noah Georgeson<\/td><td>Refuge<\/td><td>Dead Oceans<\/td><td><\/td><\/tr><tr><td>13<\/td><td>Diskord<\/td><td>Degenerations<\/td><td>Transcending Obscurity <\/td><td><\/td><\/tr><tr><td>13<\/td><td>Francesco Cavaliere &amp; Tomoko Sauvage<\/td><td>Viridescens<\/td><td>Marionette<\/td><td><\/td><\/tr><tr><td>13<\/td><td>Harry Romero<\/td><td>The Ghost<\/td><td>Pets<\/td><td>EP<\/td><\/tr><tr><td>13<\/td><td>Iggy Azalea<\/td><td>The End of an Era<\/td><td>Bad Dreams<\/td><td><\/td><\/tr><tr><td>13<\/td><td>Jackie Hayes<\/td><td>There&#8217;s Always Going To Be Something<\/td><td><\/td><td><\/td><\/tr><tr><td>13<\/td><td>Jade Bird<\/td><td>Different Kinds of Light<\/td><td>Glassnote<\/td><td><\/td><\/tr><tr><td>13<\/td><td>Jana Rush<\/td><td>Painful Enlightenment<\/td><td>Planet Mu<\/td><td><\/td><\/tr><tr><td>13<\/td><td>Jerome Hill<\/td><td>Patoland<\/td><td>Accidental<\/td><td><\/td><\/tr><tr><td>13<\/td><td>John Cage<\/td><td>Number Pieces<\/td><td>Another Timbre<\/td><td><\/td><\/tr><tr><td>13<\/td><td>John Carroll Kirby<\/td><td>Cryptozoo OST<\/td><td>Stones Throw<\/td><td><\/td><\/tr><tr><td>13<\/td><td>Joy Orbison<\/td><td>Still Slipping vol. 1<\/td><td>XL<\/td><td><\/td><\/tr><tr><td>13<\/td><td>Jungle<\/td><td>Loving In Stereo<\/td><td>PIAS<\/td><td><\/td><\/tr><tr><td>13<\/td><td>Kara<\/td><td>Shapes EP<\/td><td>Leaving<\/td><td><\/td><\/tr><tr><td>13<\/td><td>Lorna Shore<\/td><td>&#8230;And I Return To Nothingness EP<\/td><td>Sony <\/td><td><\/td><\/tr><tr><td>13<\/td><td>Ludwig Wandinger<\/td><td>Rooms <\/td><td>Orange Milk<\/td><td><\/td><\/tr><tr><td>13<\/td><td>Ma\u0142a Orkiestra Dancingowa<\/td><td>Wczesny polski pop <\/td><td>Ma\u0142a Orkiestra Dancingowa<\/td><td><\/td><\/tr><tr><td>13<\/td><td>Pole<\/td><td>Tanzboden EP<\/td><td>Mute<\/td><td><\/td><\/tr><tr><td>13<\/td><td>Rachika Nayar<\/td><td>Fragments<\/td><td>RVNG Intl<\/td><td><\/td><\/tr><tr><td>13<\/td><td>Roy Montgomery<\/td><td>Rhymes of Chance<\/td><td>Grapefruit<\/td><td><\/td><\/tr><tr><td>13<\/td><td>Sally Decker<\/td><td>In the Tender Dream<\/td><td>NNA Tapes<\/td><td><\/td><\/tr><tr><td>13<\/td><td>Sepultura<\/td><td>SepulQuatra<\/td><td>Nuclear Blast<\/td><td><\/td><\/tr><tr><td>13<\/td><td>Serengeti &amp; Kenny Segal<\/td><td>Ajai Double LP<\/td><td>Fake Four<\/td><td><\/td><\/tr><tr><td>13<\/td><td>Skerebotte Fatta<\/td><td>Appaz<\/td><td>For Tune<\/td><td><\/td><\/tr><tr><td>13<\/td><td>Still Woozy<\/td><td>If This Isn&#8217;t Nice, I Don&#8217;t Know What Is<\/td><td>Interscope<\/td><td><\/td><\/tr><tr><td>13<\/td><td>Susanna &amp; David Wallumr\u00f8d<\/td><td>Live<\/td><td>SusannaSonata<\/td><td><\/td><\/tr><tr><td>13<\/td><td>The Helicopter Of The Holy Ghost<\/td><td>Afters<\/td><td>Kscope<\/td><td><\/td><\/tr><tr><td>13<\/td><td>The Killers<\/td><td>Pressure Machine<\/td><td>Island<\/td><td><\/td><\/tr><tr><td>13<\/td><td>Tony Coe &amp; John Horler<\/td><td>Dancing in the Dark<\/td><td>Gearbox<\/td><td><\/td><\/tr><tr><td>13<\/td><td>Travelogue with CM von Hausswolff &amp; Chandra Shukla<\/td><td>Nepal<\/td><td>Touch<\/td><td><\/td><\/tr><tr><td>13<\/td><td>Walt McClements<\/td><td>A Hole In The Fence<\/td><td>American Dreams<\/td><td><\/td><\/tr><tr><td>13<\/td><td>Wednesday<\/td><td>Twin Plagues<\/td><td>Orindal<\/td><td><\/td><\/tr><tr><td>14<\/td><td>Shyness!<\/td><td>Shyness!<\/td><td><\/td><td><\/td><\/tr><tr><td>15<\/td><td>Percy Jones, Alex Skolnick, Kenny Grohowski, Tim Motzer<\/td><td>PAKT Live In Kennett Square<\/td><td>MoonJune<\/td><td><\/td><\/tr><tr><td>15<\/td><td>Perihelion Gnosis \/ Wharflurch<\/td><td>Syzygial Slime Worlds<\/td><td>Perihelion Gnosis<\/td><td><\/td><\/tr><tr><td>16<\/td><td>Li Yilei<\/td><td>\u4e4b \/ OF<\/td><td>Metron<\/td><td><\/td><\/tr><tr><td>17<\/td><td>Bobby Lee<\/td><td>Shadown in Slabtown<\/td><td>Tompkins Square<\/td><td><\/td><\/tr><tr><td>17<\/td><td>Lucy Railton &amp; Kit Downes<\/td><td>Subaerial<\/td><td>SN Variations<\/td><td><\/td><\/tr><tr><td>17<\/td><td>Mark Kirschenmann<\/td><td>Cybersonic Outreach<\/td><td>New Focus<\/td><td><\/td><\/tr><tr><td>19<\/td><td>Cartel Madras<\/td><td>The Serpent &amp; The Tiger<\/td><td>Sub Pop<\/td><td><\/td><\/tr><tr><td>19<\/td><td>Leon Duncan<\/td><td>Fuck a rosseta stone for my brain waves<\/td><td>Hakuna Kulala<\/td><td><\/td><\/tr><tr><td>19<\/td><td>Mila Jankowska \/ Tomasz Wiracki<\/td><td>Zen<\/td><td>Niebieski Label \/ Agora<\/td><td><\/td><\/tr><tr><td>20<\/td><td>Alabama 3<\/td><td>Step13<\/td><td>Submarine Cat<\/td><td><\/td><\/tr><tr><td>20<\/td><td>Alfah Femmes<\/td><td>I Wouldn&#8217;t Bother<\/td><td><\/td><td>EP<\/td><\/tr><tr><td>20<\/td><td>Alora Crucible<\/td><td>Thymiamatascension<\/td><td>House Of Mythology<\/td><td><\/td><\/tr><tr><td>20<\/td><td>Anderson East<\/td><td>Maybe We Never Die<\/td><td>Elektra<\/td><td><\/td><\/tr><tr><td>20<\/td><td>Angel Olsen<\/td><td>Aisles<\/td><td>Jagjaguwar<\/td><td><\/td><\/tr><tr><td>20<\/td><td>Angelika Niescier \/ Alexander Hawkins<\/td><td>Soul In Plain Sight<\/td><td>Intakt<\/td><td><\/td><\/tr><tr><td>20<\/td><td>Badge Epoch<\/td><td>Scroll<\/td><td>Telephone Explosion<\/td><td><\/td><\/tr><tr><td>20<\/td><td>Bnny<\/td><td>Everything<\/td><td>Fire Talk<\/td><td><\/td><\/tr><tr><td>20<\/td><td>Brady Cohen<\/td><td>Studies vol. 2<\/td><td>Phantom Limb<\/td><td><\/td><\/tr><tr><td>20<\/td><td>Bruno Bavota<\/td><td>For Apartments: Songs &amp; Loops<\/td><td>Temporary Residence<\/td><td><\/td><\/tr><tr><td>20<\/td><td>Connie Smith<\/td><td>The Cry of the Heart<\/td><td>Fat Possum<\/td><td><\/td><\/tr><tr><td>20<\/td><td>Deafheaven<\/td><td>Infinite Granite<\/td><td>Sargent House<\/td><td><\/td><\/tr><tr><td>20<\/td><td>Fink<\/td><td>IIUII<\/td><td><\/td><td><\/td><\/tr><tr><td>20<\/td><td>Gordon Grdina &amp; Jim Black<\/td><td>Martian Kitties<\/td><td>Astral Spirits<\/td><td><\/td><\/tr><tr><td>20<\/td><td>Gudrun Gut + Mabe Fratti<\/td><td>Let&#8217;s Talk About the Weather<\/td><td>Umor Rex<\/td><td><\/td><\/tr><tr><td>20<\/td><td>Gus Callahan<\/td><td>From Sun to Sound<\/td><td>Atlantic Rhythms<\/td><td><\/td><\/tr><tr><td>20<\/td><td>Jake Bugg<\/td><td>Saturday Night, Sunday Morning<\/td><td><\/td><td><\/td><\/tr><tr><td>20<\/td><td>James McMurtry<\/td><td>The Horses and the Hounds<\/td><td>New West<\/td><td><\/td><\/tr><tr><td>20<\/td><td>John Coltrane \/ VA<\/td><td>Another Side of John Coltrane<\/td><td>Impulse!<\/td><td>arch.<\/td><\/tr><tr><td>20<\/td><td>Jon Collin<\/td><td>The Fiddler Now Steps to the Road<\/td><td>Unifactor<\/td><td><\/td><\/tr><tr><td>20<\/td><td>Kero Kero Bonito<\/td><td>Civilisation<\/td><td>Polyvinyl<\/td><td>komp.<\/td><\/tr><tr><td>20<\/td><td>Lorde<\/td><td>Solar Power<\/td><td>Universal<\/td><td><\/td><\/tr><tr><td>20<\/td><td>Maarja Nuut<\/td><td>Hinged<\/td><td><\/td><td><\/td><\/tr><tr><td>20<\/td><td>Martha Wainwright<\/td><td>Love Will Be Reborn<\/td><td>Cooking Vinyl<\/td><td><\/td><\/tr><tr><td>20<\/td><td>Massimo Pupillo \/ M\u00e1rton Cs\u00f3k\u00e1s \/ Gabriele Tinti<\/td><td>Embracing the RUins<\/td><td>House Of Mythology<\/td><td><\/td><\/tr><tr><td>20<\/td><td>Michael Compitello<\/td><td>Unsnared Drum<\/td><td>New Focus<\/td><td><\/td><\/tr><tr><td>20<\/td><td>Nathan Salsburg<\/td><td>Psalms<\/td><td><\/td><td><\/td><\/tr><tr><td>20<\/td><td>Pasquarosa\/Gerycz<\/td><td>II<\/td><td>Unifactor<\/td><td><\/td><\/tr><tr><td>20<\/td><td>Rosali<\/td><td>Chokeweed<\/td><td>Unifactor<\/td><td><\/td><\/tr><tr><td>20<\/td><td>Sarah Buechi Contradiction of Happiness &amp; Jena Philharmonic<\/td><td>The Paintress<\/td><td>Intakt<\/td><td><\/td><\/tr><tr><td>20<\/td><td>Shannon &amp; The Clams<\/td><td>Year of the Spider<\/td><td>Easy Eye Sound<\/td><td><\/td><\/tr><tr><td>20<\/td><td>Tangerine Dream <\/td><td>The Sessions VII<\/td><td>Eastgate<\/td><td><\/td><\/tr><tr><td>20<\/td><td>Tomasz Sroczy\u0144ski<\/td><td>Symphony No. 2 \/ Highlander<\/td><td>Ici d&#8217;Ailleurs&#8230;<\/td><td><\/td><\/tr><tr><td>20<\/td><td>Trippie Redd<\/td><td>Trip at Knight<\/td><td>TenThousand Projects<\/td><td><\/td><\/tr><tr><td>20<\/td><td>Tropical Fuck Storm<\/td><td>Deep States<\/td><td>Joyful Noise<\/td><td><\/td><\/tr><tr><td>20<\/td><td>Villagers<\/td><td>Fever Dreams<\/td><td>Domino<\/td><td><\/td><\/tr><tr><td>20<\/td><td>Wolves In The Throne Room<\/td><td>Primordial Arcana<\/td><td>Relapse<\/td><td><\/td><\/tr><tr><td>20<\/td><td>Yea Big + Disorganizer<\/td><td>An Emptiness Supreme<\/td><td>FPE<\/td><td><\/td><\/tr><tr><td>22<\/td><td>Pawe\u0142 Szamburski<\/td><td>Uroboros<\/td><td><\/td><td><\/td><\/tr><tr><td>23<\/td><td>Rien Virgule<\/td><td>La consolation des violettes<\/td><td>Murailles Music<\/td><td><\/td><\/tr><tr><td>25<\/td><td>Jason Sharp<\/td><td>The Turning Centre of a Still World<\/td><td>Constellation<\/td><td><\/td><\/tr><tr><td>26<\/td><td>Pawe\u0142 Sulewski<\/td><td>Soothing Modular Sounds Not Only For Babies<\/td><td>Opus Elefantum<\/td><td><\/td><\/tr><tr><td>27<\/td><td>Alarm Will Sound &amp; Tyshawn Sorey<\/td><td>For George Lewis | Autoschediasms<\/td><td>Cantaloupe<\/td><td><\/td><\/tr><tr><td>27<\/td><td>Amami<\/td><td>Soleil<\/td><td>Les Disques Bongo Joe<\/td><td><\/td><\/tr><tr><td>27<\/td><td>Amelia Cuni<\/td><td>Parampara festival 13\u200b.\u200b3\u200b.\u200b1992<\/td><td>Black Truffle<\/td><td><\/td><\/tr><tr><td>27<\/td><td>Bass Astral x Igo<\/td><td>Satellite<\/td><td>Iglo<\/td><td><\/td><\/tr><tr><td>27<\/td><td>Bendik Giske<\/td><td>Cracks<\/td><td>Smalltown Supersound<\/td><td><\/td><\/tr><tr><td>27<\/td><td>Big Red Machine<\/td><td>How Long Do You Think&#8217;s Gonna Last?<\/td><td>Jagjaguwar<\/td><td><\/td><\/tr><tr><td>27<\/td><td>Brudny Opos<\/td><td>Aemdeha GF<\/td><td>Plexus Of Infinity <\/td><td><\/td><\/tr><tr><td>27<\/td><td>Caroline Davis<\/td><td>Portals, Volume 1 : Mourning<\/td><td>Sunnyside<\/td><td><\/td><\/tr><tr><td>27<\/td><td>Chubby and the Gang<\/td><td>The Mutt&#8217;s Nuts<\/td><td>Partisan<\/td><td><\/td><\/tr><tr><td>27<\/td><td>CHVRCHES<\/td><td>Screen Violence<\/td><td>Glassnote<\/td><td><\/td><\/tr><tr><td>27<\/td><td>Container<\/td><td>Creamer EP<\/td><td>Drone<\/td><td><\/td><\/tr><tr><td>27<\/td><td>David Borden<\/td><td>Cayuga Night Music<\/td><td>Cuneiform<\/td><td><\/td><\/tr><tr><td>27<\/td><td>David Borden<\/td><td>Smart Hubris<\/td><td>Cuneiform<\/td><td><\/td><\/tr><tr><td>27<\/td><td>Douglas J. Cuomo featuring Nels Cline and the Aizuri Quartet<\/td><td>Seven Limbs<\/td><td>Sunnyside<\/td><td><\/td><\/tr><tr><td>27<\/td><td>Ephat Mujuru &amp; the Spirit of the People<\/td><td>Mbavaira<\/td><td>Awesome Tapes From Africa<\/td><td><\/td><\/tr><tr><td>27<\/td><td>Goat<\/td><td>Headsoup<\/td><td>Rocket<\/td><td><\/td><\/tr><tr><td>27<\/td><td>Indigo De Souza<\/td><td>Any Shape You Take<\/td><td>Saddle Creek<\/td><td><\/td><\/tr><tr><td>27<\/td><td>Joelle Leandre \/ George Lewis \/ Pauline Oliveros<\/td><td>Play As You Go<\/td><td>Trost<\/td><td><\/td><\/tr><tr><td>27<\/td><td>Kiefer<\/td><td>When There&#8217;s Love Around<\/td><td>Stones Throw<\/td><td><\/td><\/tr><tr><td>27<\/td><td>Konstrukt feat. Thurston Moore<\/td><td>Turkish Belly<\/td><td>Karlrecords<\/td><td><\/td><\/tr><tr><td>27<\/td><td>Kutiman<\/td><td>Guruji<\/td><td><\/td><td><\/td><\/tr><tr><td>27<\/td><td>Leo Genovese, Mariano Otero, Sergio Verdinelli<\/td><td>Trio Sin Tiempo: Ritmos de Agua<\/td><td>577 Records<\/td><td><\/td><\/tr><tr><td>27<\/td><td>Lonker See<\/td><td>Time Out<\/td><td>Antena Krzyku<\/td><td><\/td><\/tr><tr><td>27<\/td><td>Madi Diaz<\/td><td>History of a Feeling<\/td><td>Anti-<\/td><td><\/td><\/tr><tr><td>27<\/td><td>Marisa Anderson\/William Tyler<\/td><td>Lost Futures<\/td><td>Thrill Jockey<\/td><td><\/td><\/tr><tr><td>27<\/td><td>Michael Mayer<\/td><td>Brainwave Technology<\/td><td>Kompakt<\/td><td><\/td><\/tr><tr><td>27<\/td><td>New Order<\/td><td>Be A Rebel Remixed<\/td><td>Mute<\/td><td><\/td><\/tr><tr><td>27<\/td><td>Nunslaughter<\/td><td>Red Is The Color Of Ripping Death<\/td><td>Hell&#8217;s Headbangers <\/td><td><\/td><\/tr><tr><td>27<\/td><td>Olyisso<\/td><td>Elembo<\/td><td>Hakuna Kulala<\/td><td>EP<\/td><\/tr><tr><td>27<\/td><td>Porest<\/td><td>Cancer in the Soft Breeze<\/td><td>Discrepant<\/td><td><\/td><\/tr><tr><td>27<\/td><td>Powell<\/td><td>Piano Music 1-7<\/td><td>Editions Mego<\/td><td><\/td><\/tr><tr><td>27<\/td><td>Ray Russell <\/td><td>Secret Asylum<\/td><td>Cuneiform<\/td><td><\/td><\/tr><tr><td>27<\/td><td>Reuben Vaun Smith<\/td><td>Sounds from the Workshop<\/td><td>Sunnyside<\/td><td><\/td><\/tr><tr><td>27<\/td><td>RSS B0YS<\/td><td>W D0N&#8217;T BLV N HYP (Remaster)<\/td><td>Mik.Musik<\/td><td><\/td><\/tr><tr><td>27<\/td><td>RSS B0YS<\/td><td>TH T00TH 0F TH FTR (Remaster)<\/td><td>Mik.Musik<\/td><td><\/td><\/tr><tr><td>27<\/td><td>RSS B0YS<\/td><td>L0ST TRCKS (Remaster)<\/td><td>Mik.Musik<\/td><td><\/td><\/tr><tr><td>27<\/td><td>RSS B0YS<\/td><td>F000ND, T0LD, B0LD (Remastered Outtakes)<\/td><td>Mik.Musik<\/td><td><\/td><\/tr><tr><td>27<\/td><td>RSS B0YS<\/td><td>B0DY FL0W<\/td><td>Mik.Musik<\/td><td><\/td><\/tr><tr><td>27<\/td><td>RSS B0YS<\/td><td>M0NKYY BL00D<\/td><td>Mik.Musik<\/td><td><\/td><\/tr><tr><td>27<\/td><td>Rycerzyki<\/td><td>Zniknij na zawsze<\/td><td>Thin Man<\/td><td>LP, CD, DL<\/td><\/tr><tr><td>27<\/td><td>Sarah Terral<\/td><td>Le M\u00e9nisque Original<\/td><td>Jazz Re:Freshed<\/td><td><\/td><\/tr><tr><td>27<\/td><td>Scanner<\/td><td>Earthbound Transmissions<\/td><td>Room40<\/td><td><\/td><\/tr><tr><td>27<\/td><td>Shiran<\/td><td>Remixed<\/td><td>Batov<\/td><td><\/td><\/tr><tr><td>27<\/td><td>SKRIM<\/td><td>The Crooked Path<\/td><td>Hubro<\/td><td><\/td><\/tr><tr><td>27<\/td><td>Steve Gunn<\/td><td>Other You<\/td><td>Matador<\/td><td><\/td><\/tr><tr><td>27<\/td><td>The Arpeggio Jazz Ensemble<\/td><td>Le-Le<\/td><td>Jazzroom<\/td><td><\/td><\/tr><tr><td>27<\/td><td>The Beach Boys<\/td><td>Feel Flows: The Sunflower &amp; Surf&#8217;s Up Sessions 1969\u20131971<\/td><td>Capitol<\/td><td><\/td><\/tr><tr><td>27<\/td><td>The Bug<\/td><td>Fire<\/td><td>Ninja Tune<\/td><td><\/td><\/tr><tr><td>27<\/td><td>Timo Lassy<\/td><td>Trio  <\/td><td>We Jazz<\/td><td><\/td><\/tr><tr><td>27<\/td><td>Toyah<\/td><td>Posh Pop<\/td><td><\/td><td><\/td><\/tr><tr><td>27<\/td><td>VA<\/td><td>Field Works: Maples, Ash, and Oaks: Cedars Instrumentals<\/td><td>Temporary Residence<\/td><td><\/td><\/tr><tr><td>27<\/td><td>VA<\/td><td>Brutality Garden vol. 1<\/td><td>Brutality Garden<\/td><td><\/td><\/tr><tr><td>27<\/td><td>Van Stiefel<\/td><td>Spirits<\/td><td>New Focus<\/td><td><\/td><\/tr><tr><td>27<\/td><td>Web Web x Max Herre<\/td><td>Web Max<\/td><td>Compost<\/td><td><\/td><\/tr><tr><td>27<\/td><td>Yann Tiersen<\/td><td>Kerber<\/td><td>Mute<\/td><td><\/td><\/tr><tr><td>28<\/td><td>Nat Birchall<\/td><td>Ancient Africa<\/td><td><\/td><td><\/td><\/tr><tr><td>30<\/td><td>Wojciech Jachna<\/td><td>Conception<\/td><td>Mellow Yellow<\/td><td><\/td><\/tr><\/tbody><\/table>\n","protected":false},"excerpt":{"rendered":"<p>1 \u0141ukasz Suchy Dogs of Breslau 1 Nicota Kapitola III D.I.Y. Ko\u0142o 2 Implicit Doom Where Are You, What&#8217;s the Story? 2 Pink Siifu GUMBO\u2019! 3 CZARFACE A Czar Is Born Z2 Comics 3 Ty Segall Harmonizer Drag City 3 VA Caves &#8211; A Compilation of Silences Other People 3 Yea Big An Emptiness Supreme [&hellip;]<\/p>\n","protected":false},"author":1,"featured_media":0,"parent":31418,"menu_order":1,"comment_status":"closed","ping_status":"closed","template":"","meta":{"footnotes":""},"_links":{"self":[{"href":"https:\/\/blog.polityka.pl\/polifonia\/wp-json\/wp\/v2\/pages\/29863"}],"collection":[{"href":"https:\/\/blog.polityka.pl\/polifonia\/wp-json\/wp\/v2\/pages"}],"about":[{"href":"https:\/\/blog.polityka.pl\/polifonia\/wp-json\/wp\/v2\/types\/page"}],"author":[{"embeddable":true,"href":"https:\/\/blog.polityka.pl\/polifonia\/wp-json\/wp\/v2\/users\/1"}],"replies":[{"embeddable":true,"href":"https:\/\/blog.polityka.pl\/polifonia\/wp-json\/wp\/v2\/comments?post=29863"}],"version-history":[{"count":7,"href":"https:\/\/blog.polityka.pl\/polifonia\/wp-json\/wp\/v2\/pages\/29863\/revisions"}],"predecessor-version":[{"id":31427,"href":"https:\/\/blog.polityka.pl\/polifonia\/wp-json\/wp\/v2\/pages\/29863\/revisions\/31427"}],"up":[{"embeddable":true,"href":"https:\/\/blog.polityka.pl\/polifonia\/wp-json\/wp\/v2\/pages\/31418"}],"wp:attachment":[{"href":"https:\/\/blog.polityka.pl\/polifonia\/wp-json\/wp\/v2\/media?parent=29863"}],"curies":[{"name":"wp","href":"https:\/\/api.w.org\/{rel}","templated":true}]}}