
{"id":3,"date":"2010-05-04T17:00:48","date_gmt":"2010-05-04T15:00:48","guid":{"rendered":"http:\/\/polifonia.blog.polityka.pl\/?page_id=3"},"modified":"2018-12-27T12:44:34","modified_gmt":"2018-12-27T11:44:34","slug":"skala-ocen-plyt","status":"publish","type":"page","link":"https:\/\/blog.polityka.pl\/polifonia\/skala-ocen-plyt\/","title":{"rendered":"Skala ocen p\u0142yt"},"content":{"rendered":"<p><strong>10<\/strong> &#8211; Klasyk, do zestawie\u0144 p\u0142yt wszech czas\u00f3w, przynajmniej w swoim nurcie. Warto nawet wyda\u0107 pieni\u0105dze na rocznicowy box i odrzuty z sesji.<br \/>\n<strong>\u00a0 9<\/strong> &#8211; Pewna pozycja w zestawie p\u0142yt roku. Warto poszuka\u0107 mo\u017cliwie najlepszego no\u015bnika z t\u0105 muzyk\u0105, cho\u0107by trzeba by\u0142o wyda\u0107 pieni\u0105dze na winyl.<br \/>\n<strong>\u00a0 8<\/strong> &#8211; Pewna pozycja w\u015br\u00f3d najlepszych p\u0142yt miesi\u0105ca. Warto mie\u0107 w kolekcji nie tylko w wersji cyfrowej.<br \/>\n<strong>\u00a0 7<\/strong> &#8211; Jedna z p\u0142yt tygodnia. Warto za ni\u0105 zap\u0142aci\u0107, kupuj\u0105c cho\u0107by w wersji cyfrowej, by w jakiej\u015b formie wesprze\u0107 artyst\u0119.<br \/>\n<strong>\u00a0 6<\/strong> &#8211; Co najwy\u017cej p\u0142yta dnia. Streaming prawdopodobnie wystarczy, chyba \u017ce nale\u017cycie do kolekcjoner\u00f3w i\/lub fan\u00f3w gatunku.<br \/>\n<strong>\u00a0 5<\/strong> &#8211; P\u0142yta do jednorazowego przes\u0142uchania, przeci\u0119tna, wydawaniem pieni\u0119dzy w og\u00f3le nie zawraca\u0142bym sobie g\u0142owy.<br \/>\n<strong>\u00a0 4<\/strong> &#8211; P\u0142yta do przeskipowania. By\u0107 mo\u017ce co\u015b wam si\u0119 w niej podoba, na mnie nie zrobi\u0142a wra\u017cenia.<br \/>\n<strong>\u00a0 3<\/strong> &#8211; P\u0142yta nie do s\u0142uchania w ca\u0142o\u015bci. Pr\u00f3bowa\u0142em i stanowczo odradzam.<br \/>\n<strong>\u00a0 2<\/strong> &#8211; Czo\u0142\u00f3wka najgorszych p\u0142yt roku.<br \/>\n<strong>\u00a0 1<\/strong>\u00a0&#8211; Czo\u0142\u00f3wka najgorszych p\u0142yt wszech czas\u00f3w. Kuriozum, kt\u00f3re oczywi\u015bcie mo\u017ce by\u0107 ciekawe &#8211; na sw\u00f3j spos\u00f3b.<\/p>\n<p><strong>Poprzednia skala ocen (by udowodni\u0107, \u017ce w\u0142a\u015bciwie nic si\u0119 nie zmieni\u0142o)<\/strong><\/p>\n<div><strong>10<\/strong> \u2013 p\u0142yty wszech czas\u00f3w (powie\u015b na \u015bcianie, i tak znasz na pami\u0119\u0107)<\/div>\n<div id=\"_mcePaste\"><strong>9<\/strong> \u2013 p\u0142yty roku (sprowad\u017a zza morza na czarnej p\u0142ycie)<\/div>\n<div id=\"_mcePaste\"><strong>8<\/strong> \u2013 p\u0142yty miesi\u0105ca (w pracy wypruwasz sobie flaki, to kup cd, a je\u015bli nie masz na cd, to chocia\u017c kup we flacu*)<\/div>\n<div id=\"_mcePaste\"><strong>7<\/strong> \u2013 p\u0142yty tygodnia (daj arty\u015bcie \u017cy\u0107, zap\u0142a\u0107 chocia\u017c za mp3)<\/div>\n<div id=\"_mcePaste\"><strong>6<\/strong> \u2013 p\u0142yty dnia (skopiuj od znajomego, w ko\u0144cu od czego s\u0105 znajomi?)<\/div>\n<div id=\"_mcePaste\"><strong>5<\/strong> \u2013 p\u0142yta na raz (od czego jest\u00a0Soundcloud\/YouTube\/Spotify\/Tidal albo darmowy ods\u0142uch w sklepach?)<\/div>\n<div id=\"_mcePaste\"><strong>4<\/strong> \u2013 p\u0142yta na par\u0119 minut (zapami\u0119taj nazw\u0119; je\u015bli chodzi o hajp**, to tyle wystarczy)<\/div>\n<div id=\"_mcePaste\"><strong>3<\/strong> \u2013 p\u0142yta nie do s\u0142uchania (zapomnij\u2026 zaraz, zaraz, tylko o jak\u0105 p\u0142yt\u0119 chodzi\u0142o?)<\/div>\n<div id=\"_mcePaste\"><strong>2<\/strong> \u2013 p\u0142yta, przed kt\u00f3r\u0105 nale\u017cy si\u0119 broni\u0107 (zas\u0142o\u0144 na p\u00f3\u0142ce w empiku swoj\u0105 ulubion\u0105 p\u0142yt\u0105)<\/div>\n<div id=\"_mcePaste\"><strong>1<\/strong> \u2013 przed ods\u0142uchem skasuj; je\u015bli masz cd, nie panikuj \u2013 to doskona\u0142a podstawka pod kubek z herbat\u0105***<\/div>\n<p>&nbsp;<\/p>\n<div><em>* bezstratny (w przeciwie\u0144stwie do mp3) format plik\u00f3w cyfrowych z muzyk\u0105 &#8211; polecam! <\/em><\/div>\n<div><em>** s\u0142owo oznaczaj\u0105ce niezdrow\u0105 popularno\u015b\u0107, obecnie niezdrowo popularne<\/em><\/div>\n<div><em>*** sam u\u017cywam, ale prosz\u0119 mnie nie pyta\u0107, na jakiej p\u0142ycie aktualnie stawiam kubek<\/em><\/div>\n<p>&nbsp;<\/p>\n","protected":false},"excerpt":{"rendered":"<p>10 &#8211; Klasyk, do zestawie\u0144 p\u0142yt wszech czas\u00f3w, przynajmniej w swoim nurcie. Warto nawet wyda\u0107 pieni\u0105dze na rocznicowy box i odrzuty z sesji. \u00a0 9 &#8211; Pewna pozycja w zestawie p\u0142yt roku. Warto poszuka\u0107 mo\u017cliwie najlepszego no\u015bnika z t\u0105 muzyk\u0105, cho\u0107by trzeba by\u0142o wyda\u0107 pieni\u0105dze na winyl. \u00a0 8 &#8211; Pewna pozycja w\u015br\u00f3d najlepszych p\u0142yt [&hellip;]<\/p>\n","protected":false},"author":1,"featured_media":0,"parent":0,"menu_order":0,"comment_status":"open","ping_status":"open","template":"","meta":{"footnotes":""},"_links":{"self":[{"href":"https:\/\/blog.polityka.pl\/polifonia\/wp-json\/wp\/v2\/pages\/3"}],"collection":[{"href":"https:\/\/blog.polityka.pl\/polifonia\/wp-json\/wp\/v2\/pages"}],"about":[{"href":"https:\/\/blog.polityka.pl\/polifonia\/wp-json\/wp\/v2\/types\/page"}],"author":[{"embeddable":true,"href":"https:\/\/blog.polityka.pl\/polifonia\/wp-json\/wp\/v2\/users\/1"}],"replies":[{"embeddable":true,"href":"https:\/\/blog.polityka.pl\/polifonia\/wp-json\/wp\/v2\/comments?post=3"}],"version-history":[{"count":4,"href":"https:\/\/blog.polityka.pl\/polifonia\/wp-json\/wp\/v2\/pages\/3\/revisions"}],"predecessor-version":[{"id":17918,"href":"https:\/\/blog.polityka.pl\/polifonia\/wp-json\/wp\/v2\/pages\/3\/revisions\/17918"}],"wp:attachment":[{"href":"https:\/\/blog.polityka.pl\/polifonia\/wp-json\/wp\/v2\/media?parent=3"}],"curies":[{"name":"wp","href":"https:\/\/api.w.org\/{rel}","templated":true}]}}