
{"id":31059,"date":"2021-11-27T17:45:47","date_gmt":"2021-11-27T16:45:47","guid":{"rendered":"http:\/\/polifonia.blog.polityka.pl\/?page_id=31059"},"modified":"2022-01-06T19:40:56","modified_gmt":"2022-01-06T18:40:56","slug":"premiery-12-2021","status":"publish","type":"page","link":"https:\/\/blog.polityka.pl\/polifonia\/stare-premiery\/premiery-12-2021\/","title":{"rendered":"12.2021"},"content":{"rendered":"\n<table class=\"wp-block-table\"><tbody><tr><td>1<\/td><td>Arca<\/td><td>Kick iii<\/td><td>XL<\/td><td><\/td><\/tr><tr><td>1<\/td><td>Dialect<\/td><td>Keep Going&#8230; Under<\/td><td>RVNG Intl<\/td><td><\/td><\/tr><tr><td>1<\/td><td>Industry Standard<\/td><td>Operator<\/td><td><\/td><td><\/td><\/tr><tr><td>1<\/td><td>Jan LF Strach<\/td><td>E f e m e r o i d 2 1 1 2<\/td><td><\/td><td><\/td><\/tr><tr><td>2<\/td><td>Arca<\/td><td>Kick iiii<\/td><td>XL<\/td><td><\/td><\/tr><tr><td>2<\/td><td>Felicia Atkinson &amp; Jefre Cantu-Ledesma<\/td><td>Un hiver en plein \u00e9t\u00e9<\/td><td>Shelter Press<\/td><td><\/td><\/tr><tr><td>2<\/td><td>Valentina Goncharova<\/td><td>Recordings 1987\u200b-\u200b1991 Vol. 2<\/td><td>Shukai<\/td><td><\/td><\/tr><tr><td>3<\/td><td>Akwizgram<\/td><td>Zamek 2<\/td><td>Enjoy Life<\/td><td><\/td><\/tr><tr><td>3<\/td><td>Andrew Scott Young\/Ryan Jewell\/Ryley Walker<\/td><td>Post Wook<\/td><td>Husky Pants<\/td><td><\/td><\/tr><tr><td>3<\/td><td>Andrzej Korzy\u0144ski<\/td><td>Nie ma mocnych<\/td><td>GAD Records<\/td><td>reed. CD  <\/td><\/tr><tr><td>3<\/td><td>Ang\u00e8le<\/td><td>Nonante-Cinq<\/td><td>Ang\u00e8le VL<\/td><td><\/td><\/tr><tr><td>3<\/td><td>Arca<\/td><td>Kick iiiii<\/td><td>XL<\/td><td><\/td><\/tr><tr><td>3<\/td><td>Artyku\u0142y Rolne<\/td><td>Porno<\/td><td>Koty<\/td><td><\/td><\/tr><tr><td>3<\/td><td>Atsuko Hatano &amp; Midori Hirano<\/td><td>Water Ladder<\/td><td>Alien Transistor<\/td><td><\/td><\/tr><tr><td>3<\/td><td>Baxter Dury<\/td><td>Mr Maserati<\/td><td>Heavenly<\/td><td><\/td><\/tr><tr><td>3<\/td><td>Beauty Pill<\/td><td>Instant Night<\/td><td>Northern Spy<\/td><td><\/td><\/tr><tr><td>3<\/td><td>Ben Link Collins<\/td><td>Fictionalism<\/td><td>Flaming Pines<\/td><td><\/td><\/tr><tr><td>3<\/td><td>Bixiga 70<\/td><td>Bixiga 70<\/td><td>Glitterbeat<\/td><td>reed.<\/td><\/tr><tr><td>3<\/td><td>Can  <\/td><td>Live in Brighton 1975<\/td><td>Mute<\/td><td>arch.<\/td><\/tr><tr><td>3<\/td><td>Christian Wallumr\u00f8d<\/td><td>Speaksome<\/td><td>Hubro<\/td><td><\/td><\/tr><tr><td>3<\/td><td>Corroded Spiral<\/td><td>Ancient Nocturnal Summoning<\/td><td>Phantom Limb<\/td><td><\/td><\/tr><tr><td>3<\/td><td>David Goren<\/td><td>Brooklyn Pirates: Neighbourhoods in the Sky, 2014\u200b-\u200b2021<\/td><td>Death Is Not the End<\/td><td><\/td><\/tr><tr><td>3<\/td><td>Dawid Podsiad\u0142o<\/td><td>Le\u015bna muzyka (live, czyli na \u017cywo)<\/td><td>Sony<\/td><td><\/td><\/tr><tr><td>3<\/td><td>Deep Throat Choir<\/td><td>In Order To Know You<\/td><td>Bella Union<\/td><td><\/td><\/tr><tr><td>3<\/td><td>DJ Harrison<\/td><td>Tales from the Old Dominion<\/td><td>Stones Throw<\/td><td><\/td><\/tr><tr><td>3<\/td><td>Eli Keszler<\/td><td>The Scary of Sixty\u200b-\u200bFirst  OST<\/td><td>Deeper Into Movies<\/td><td><\/td><\/tr><tr><td>3<\/td><td>Ennio Morricone<\/td><td>Dollars, Dust &amp; Pistoleros: The Westerns Anthology<\/td><td>Cinevox<\/td><td><\/td><\/tr><tr><td>3<\/td><td>Erik Palmberg<\/td><td>In Between<\/td><td>Prophone-Naxos<\/td><td><\/td><\/tr><tr><td>3<\/td><td>Expanding Foam<\/td><td>Watymarkers<\/td><td>Tone Burst<\/td><td><\/td><\/tr><tr><td>3<\/td><td>Fred Lonberg-Holm \/ Abdul Moim\u00eame \/ Carlos Santos<\/td><td>Transition Zone<\/td><td>Catalytic-Sound<\/td><td><\/td><\/tr><tr><td>3<\/td><td>Gas<\/td><td>Der Lange Marsch<\/td><td><\/td><td><\/td><\/tr><tr><td>3<\/td><td>Hadi Bastani<\/td><td>Cold Hour<\/td><td>Room40<\/td><td><\/td><\/tr><tr><td>3<\/td><td>Hanson<\/td><td>Against the World<\/td><td><\/td><td><\/td><\/tr><tr><td>3<\/td><td>Hany Mehanna<\/td><td>Music For Airplanes &#8211; A collection of instrumental showpieces and scores for Egyptian films and TV\u200b-\u200bseries (1973\u200b-\u200b1980)<\/td><td>Souma<\/td><td><\/td><\/tr><tr><td>3<\/td><td>Hedone <\/td><td>Wstyd<\/td><td>New Sun<\/td><td>CD-SP<\/td><\/tr><tr><td>3<\/td><td>Hilary Woods<\/td><td>Feral Hymns<\/td><td>Sacred Bones<\/td><td><\/td><\/tr><tr><td>3<\/td><td>Ian Wellman<\/td><td>On The Darkest Day, You took My Hand and Swore It Will Be Okay<\/td><td>Room40<\/td><td><\/td><\/tr><tr><td>3<\/td><td>Ian Wellman<\/td><td>I Watched The World Burn Without Leaving My Home<\/td><td>Room40<\/td><td><\/td><\/tr><tr><td>3<\/td><td>Jamire Williams<\/td><td>But Only After You Have Suffered<\/td><td>International Anthem<\/td><td><\/td><\/tr><tr><td>3<\/td><td>Jerman\/Barnes<\/td><td>Hiss Lift<\/td><td>Room40<\/td><td><\/td><\/tr><tr><td>3<\/td><td>Julien Dyne<\/td><td>Modes<\/td><td>Soundway<\/td><td><\/td><\/tr><tr><td>3<\/td><td>Leo Abrahams<\/td><td>Scene Memory II<\/td><td><\/td><td><\/td><\/tr><tr><td>3<\/td><td>Lior Milliger Free Improv Trio feat. Hilliard Greene &amp; Joe Hertenstein<\/td><td>Your Comfort Zone Will Kill You<\/td><td>577 Records<\/td><td><\/td><\/tr><tr><td>3<\/td><td>Mario Batkovic<\/td><td>Introspectio<\/td><td>Invada<\/td><td><\/td><\/tr><tr><td>3<\/td><td>Marissa Paternoster<\/td><td>Peace Meter<\/td><td>Don Giovanni<\/td><td><\/td><\/tr><tr><td>3<\/td><td>Mars Williams<\/td><td>Mars Williams Presents: An Ayler Xmas Vol. 5<\/td><td><\/td><td><\/td><\/tr><tr><td>3<\/td><td>Matthew Halsall<\/td><td>Salute to the Sun \u2013 Live at Hall\u00e9 St. Peter&#8217;s<\/td><td>Gondwana<\/td><td><\/td><\/tr><tr><td>3<\/td><td>Modern Nature<\/td><td>Island of Noise<\/td><td>Bella Union<\/td><td><\/td><\/tr><tr><td>3<\/td><td>My Morning Jacket<\/td><td>Live 2015<\/td><td><\/td><td><\/td><\/tr><tr><td>3<\/td><td>Nils Frahm<\/td><td>Old Friends New Friends<\/td><td>Leiter<\/td><td><\/td><\/tr><tr><td>3<\/td><td>No Rome<\/td><td>It&#8217;s All Smiles<\/td><td>Dirty Hit<\/td><td><\/td><\/tr><tr><td>3<\/td><td>Paul Weller<\/td><td>An Orchestrated Songbook: Paul Weller With Jules Buckley &amp; the BBC Symphony Orchestra<\/td><td><\/td><td><\/td><\/tr><tr><td>3<\/td><td>Pearly Gate Music<\/td><td>Mainly Gestalt Pornography<\/td><td>Bella Union<\/td><td><\/td><\/tr><tr><td>3<\/td><td>Pick A Piper<\/td><td>Sea Steps<\/td><td>TAR\/MM\/UOH<\/td><td><\/td><\/tr><tr><td>3<\/td><td>Quadro Nuevo<\/td><td>Odyssee &#8211; A Journey Into The Light<\/td><td>GLM Music<\/td><td><\/td><\/tr><tr><td>3<\/td><td>Quidam<\/td><td>Quidam<\/td><td>GAD Records<\/td><td>reed. CD\/2LP<\/td><\/tr><tr><td>3<\/td><td>Rival Consoles<\/td><td>Overflow<\/td><td>Erased Tapes<\/td><td><\/td><\/tr><tr><td>3<\/td><td>Robin Fox<\/td><td>Threnody to Now<\/td><td>Room40 <\/td><td><\/td><\/tr><tr><td>3<\/td><td>Ryterski<\/td><td>Tears Are the Diamonds of the Soul<\/td><td>BAS<\/td><td><\/td><\/tr><tr><td>3<\/td><td>Sky H1<\/td><td>Azure<\/td><td>AD93<\/td><td><\/td><\/tr><tr><td>3<\/td><td>Speedometer<\/td><td>This Is Speedometer<\/td><td>Freestyle<\/td><td><\/td><\/tr><tr><td>3<\/td><td>Stefan Weso\u0142owski<\/td><td>Wolf OST<\/td><td>NBCUniversal<\/td><td><\/td><\/tr><tr><td>3<\/td><td>Stephan Thelen<\/td><td>Fractal Guitar 2 &#8211; Remixes<\/td><td>MoonJune<\/td><td><\/td><\/tr><tr><td>3<\/td><td>Tonkyn Pearson<\/td><td>Erbium<\/td><td>Flaming Pines<\/td><td><\/td><\/tr><tr><td>3<\/td><td>Underscores<\/td><td>Boneyard aka Fearmonger<\/td><td><\/td><td>EP<\/td><\/tr><tr><td>3<\/td><td>VA<\/td><td>Essiebons Special 1973 &#8211; 1984 \/\/ Ghana Music Power House<\/td><td>Analog Africa<\/td><td><\/td><\/tr><tr><td>3<\/td><td>VA<\/td><td>Remixes JID010<\/td><td>Jazz Is Dead<\/td><td><\/td><\/tr><tr><td>3<\/td><td>VA<\/td><td>Sentimental Noise<\/td><td>Jagjaguwar<\/td><td><\/td><\/tr><tr><td>3<\/td><td>VA<\/td><td>Catalog Compendium Vol. 6<\/td><td>RVNG Intl<\/td><td><\/td><\/tr><tr><td>3<\/td><td>VA<\/td><td>TRL 2021<\/td><td>Temporary Residence<\/td><td><\/td><\/tr><tr><td>3<\/td><td>Valery Vermeulen<\/td><td>Mikromedas AdS\u200b\/\u200bCFT 001<\/td><td>Touch<\/td><td><\/td><\/tr><tr><td>3<\/td><td>Volbeat<\/td><td>Servant of the Mind<\/td><td><\/td><td><\/td><\/tr><tr><td>3<\/td><td>Wajatta<\/td><td>Do You Even Care Anymore?<\/td><td>Brainfeeder<\/td><td><\/td><\/tr><tr><td>3<\/td><td>Woody Harris<\/td><td>Edgework<\/td><td>Tompkins Square<\/td><td><\/td><\/tr><tr><td>3<\/td><td>Woody Harris<\/td><td>Bluish<\/td><td>Tompkins Square<\/td><td><\/td><\/tr><tr><td>5<\/td><td>Abdullah<\/td><td>Water from an Ancient Well<\/td><td>Enja &amp; Yellowbird<\/td><td><\/td><\/tr><tr><td>5<\/td><td>Maksymilian Gwinci\u0144ski<\/td><td>Spirits of Buryatia<\/td><td>Plexus of Infinity<\/td><td><\/td><\/tr><tr><td>6<\/td><td>FKA Micromelancoli\u00e9<\/td><td>How Is Language Fractal Mixtape<\/td><td>Pointless Geometry<\/td><td><\/td><\/tr><tr><td>6<\/td><td>Gilded<\/td><td>Alden<\/td><td>Facture<\/td><td><\/td><\/tr><tr><td>6<\/td><td>Misty Picture<\/td><td>Lens Blossom <\/td><td>Pointless Geometry<\/td><td><\/td><\/tr><tr><td>6<\/td><td>Piernikowski<\/td><td>\u015awiat jest jak echo<\/td><td>Pointless Geometry<\/td><td><\/td><\/tr><tr><td>6<\/td><td>Roots Cafe<\/td><td>Foroya<\/td><td><\/td><td><\/td><\/tr><tr><td>6<\/td><td>VA<\/td><td>One Night in Pelican<\/td><td>Matsuli<\/td><td><\/td><\/tr><tr><td>7<\/td><td>NYX<\/td><td>Mutualism Remixed<\/td><td><\/td><td>EP<\/td><\/tr><tr><td>8<\/td><td>Beach House<\/td><td>Once Twice Melody: Chapter Two<\/td><td>Sup Pop<\/td><td>EP<\/td><\/tr><tr><td>8<\/td><td>Kent Tankred<\/td><td>There Is Nothing to Attain<\/td><td>iDeal<\/td><td><\/td><\/tr><tr><td>8<\/td><td>Sam Gendel<\/td><td>AE-30<\/td><td>Leaving<\/td><td><\/td><\/tr><tr><td>9<\/td><td>Batry Powr<\/td><td>Un1ty Flute<\/td><td>Leaving<\/td><td><\/td><\/tr><tr><td>9<\/td><td>Gallery Six<\/td><td>The Miniature Garden<\/td><td>Archives<\/td><td><\/td><\/tr><tr><td>9<\/td><td>Kemot Kaisim<\/td><td>Trzy cienie<\/td><td>Antenna Non Grata<\/td><td><\/td><\/tr><tr><td>9<\/td><td>\u0141ukasz Suchy \/ The Beaver<\/td><td>The Lonley Beaver in the Fog<\/td><td>Suche Fakty<\/td><td><\/td><\/tr><tr><td>9<\/td><td>Price <\/td><td>Sequences (True Sentiments)<\/td><td>Latency<\/td><td><\/td><\/tr><tr><td>10<\/td><td>Aeon Station<\/td><td>Observatory<\/td><td>Sub Pop<\/td><td><\/td><\/tr><tr><td>10<\/td><td>Agressiva<\/td><td>Dlaczego nie Ty &#8211; Deformacja<\/td><td>Requiem<\/td><td><\/td><\/tr><tr><td>10<\/td><td>Alicia Keys<\/td><td>Keys<\/td><td>RCA <\/td><td><\/td><\/tr><tr><td>10<\/td><td>Benny Sings<\/td><td>Beat Tape II<\/td><td>Stones Throw<\/td><td><\/td><\/tr><tr><td>10<\/td><td>Beverly Glenn-Copeland<\/td><td>Keyboard Fantasies Reimagined<\/td><td><\/td><td><\/td><\/tr><tr><td>10<\/td><td>Big Boi &amp; Sleepy Brown<\/td><td>The Big Sleepover<\/td><td>Purple Ribbon<\/td><td><\/td><\/tr><tr><td>10<\/td><td>Bill Callahan &amp; Bonnie \u201aPrince\u2019 Billy<\/td><td>Blind Date Party<\/td><td>Drag City<\/td><td><\/td><\/tr><tr><td>10<\/td><td>Black Country, New Road<\/td><td>Never Again<\/td><td>Ninja Tune<\/td><td>EP<\/td><\/tr><tr><td>10<\/td><td>David Watson &amp; Matthew Welch<\/td><td>Woven<\/td><td>Room40<\/td><td><\/td><\/tr><tr><td>10<\/td><td>Dead Best<\/td><td>Dead Best<\/td><td><\/td><td><\/td><\/tr><tr><td>10<\/td><td>Dziarma <\/td><td>Dziarma<\/td><td>2020 Records<\/td><td><\/td><\/tr><tr><td>10<\/td><td>Eduardo Elia<\/td><td>The art of not falling &#8211; Improvisations on Schoenberg&#8217;s Op19 piano pieces<\/td><td>577 Records<\/td><td><\/td><\/tr><tr><td>10<\/td><td>Eskaubei &amp; Tomek Nowak Quartet<\/td><td>Tyrmand to Jazz<\/td><td>JuNouMi<\/td><td><\/td><\/tr><tr><td>10<\/td><td>Ethereal Shroud<\/td><td>Trisagion<\/td><td><\/td><td><\/td><\/tr><tr><td>10<\/td><td>Falcon Outlaw &amp; Nicholas Craven<\/td><td>Maplehurst Graduation<\/td><td><\/td><td><\/td><\/tr><tr><td>10<\/td><td>Favst &amp; Gibbs<\/td><td>Hample<\/td><td><\/td><td><\/td><\/tr><tr><td>10<\/td><td>Fleet Foxes<\/td><td>A Very Lonely Solstice<\/td><td><\/td><td><\/td><\/tr><tr><td>10<\/td><td>Green Day<\/td><td>BBC Sessions<\/td><td>Reprise<\/td><td><\/td><\/tr><tr><td>10<\/td><td>Hus Kingpin<\/td><td>HOLIDAY HUS: XXXMAS<\/td><td><\/td><td>EP<\/td><\/tr><tr><td>10<\/td><td>It&#8217;s July Already<\/td><td>Omnibus<\/td><td>Wynik Wsp\u00f3\u0142pracy<\/td><td><\/td><\/tr><tr><td>10<\/td><td>Jani Kemppinen<\/td><td>Kev\u00e4\u00e4mm\u00e4ll\u00e4<\/td><td>Eclipse<\/td><td><\/td><\/tr><tr><td>10<\/td><td>Jeff Parker<\/td><td>Forfolks<\/td><td>International Anthem<\/td><td><\/td><\/tr><tr><td>10<\/td><td>Jeff Tweedy<\/td><td>Live Is The King<\/td><td>dBpm<\/td><td><\/td><\/tr><tr><td>10<\/td><td>Jlin<\/td><td>Embryo<\/td><td>Planet Mu<\/td><td><\/td><\/tr><tr><td>10<\/td><td>Juice WRLD<\/td><td>Fighting Demons<\/td><td>Grade A<\/td><td><\/td><\/tr><tr><td>10<\/td><td>Ken Vandermark<\/td><td>Momentum 5: Stammer (triptych)<\/td><td>Catalytic-Sound<\/td><td><\/td><\/tr><tr><td>10<\/td><td>King Gizzard &amp; The Lizard Wizard<\/td><td>Live at Levitation &#8217;16<\/td><td><\/td><td><\/td><\/tr><tr><td>10<\/td><td>Kylie Minogue<\/td><td>DISCO (Extended Mixes)<\/td><td>BMG<\/td><td><\/td><\/tr><tr><td>10<\/td><td>Majid Soula<\/td><td>Habibi Funk 017: Chant Amazigh<\/td><td>Habibi Funk<\/td><td><\/td><\/tr><tr><td>10<\/td><td>Mariusz Duda<\/td><td>Interior Drawings<\/td><td>Glassville<\/td><td><\/td><\/tr><tr><td>10<\/td><td>Meitei<\/td><td>Kof\u016b II<\/td><td><\/td><td><\/td><\/tr><tr><td>10<\/td><td>Michael Hurley<\/td><td>The Time of the Foxgloves<\/td><td>No Quarter<\/td><td><\/td><\/tr><tr><td>10<\/td><td>Mike Majkowski<\/td><td>Four Pieces<\/td><td>Fragments<\/td><td><\/td><\/tr><tr><td>10<\/td><td>Moses Sumney<\/td><td>Live From Blackalachia<\/td><td><\/td><td><\/td><\/tr><tr><td>10<\/td><td>Mouth Congress<\/td><td>Waiting for Henry<\/td><td>Captured Tracks<\/td><td><\/td><\/tr><tr><td>10<\/td><td>Nalan<\/td><td>I&#8217;m Good. The Crying Tape<\/td><td>Mansions and Millions<\/td><td><\/td><\/tr><tr><td>10<\/td><td>Neil Young &amp; Crazy Horse<\/td><td>Barn<\/td><td>Reprise<\/td><td><\/td><\/tr><tr><td>10<\/td><td>Nicolas Repac<\/td><td>Rhapsodic Suite<\/td><td>No Format!<\/td><td><\/td><\/tr><tr><td>10<\/td><td>Nightlands<\/td><td>Moonshine EP<\/td><td>Western Vinyl<\/td><td><\/td><\/tr><tr><td>10<\/td><td>Nosdam + Rayon<\/td><td>From Nowhere to North<\/td><td>Morr Music<\/td><td><\/td><\/tr><tr><td>10<\/td><td>Oren Ambarchi<\/td><td>Live Hubris<\/td><td>komp.<\/td><td><\/td><\/tr><tr><td>10<\/td><td>Overview Effect<\/td><td>Remixes <\/td><td>Don&#8217;t Sit On My Vinyl<\/td><td>EP, 12&#8243;<\/td><\/tr><tr><td>10<\/td><td>Pi&#8217;erre Bourne &amp; TM88<\/td><td>Yo88<\/td><td>Capitol<\/td><td><\/td><\/tr><tr><td>10<\/td><td>Rapoon<\/td><td>Seeds in the Tide Volume 6<\/td><td>Zoharum<\/td><td><\/td><\/tr><tr><td>10<\/td><td>Rick Ross<\/td><td>Richer Than I&#8217;ve Ever Been<\/td><td>Maybach<\/td><td><\/td><\/tr><tr><td>10<\/td><td>Shay Hazan<\/td><td>Reclusive Rituals<\/td><td>Batov<\/td><td><\/td><\/tr><tr><td>10<\/td><td>The Residents<\/td><td>Duck Stab! Alive!<\/td><td>Grand Chess<\/td><td><\/td><\/tr><tr><td>10<\/td><td>Tory Lanez<\/td><td>Alone at Prom<\/td><td>One Umbrella<\/td><td><\/td><\/tr><tr><td>10<\/td><td>Tout Bleu<\/td><td>Otium<\/td><td>Les Disques Bongo Joe<\/td><td><\/td><\/tr><tr><td>10<\/td><td>VA<\/td><td>Heavenly Remixes 1<\/td><td>Heavenly<\/td><td><\/td><\/tr><tr><td>10<\/td><td>VA<\/td><td>Heavenly Remixes 2<\/td><td>Heavenly<\/td><td><\/td><\/tr><tr><td>10<\/td><td>VA<\/td><td>Antologia de M\u00fasica At\u00edpica Portuguesa Vol\u200b.\u200b3: Canto Devocin\u00e1rio<\/td><td>Discrepant<\/td><td><\/td><\/tr><tr><td>10<\/td><td>VA<\/td><td>I milcze\u0107, i \u015bpiewa\u0107. Piosenki z wierszy Tadeusza R\u00f3\u017cewicza<\/td><td>Karrot Kommando<\/td><td><\/td><\/tr><tr><td>13<\/td><td>Tede<\/td><td>ESPEOERTE 0121<\/td><td><\/td><td><\/td><\/tr><tr><td>14<\/td><td>kakofoNIKT<\/td><td>Dance Epidemic &#8211; Greatest Hits A.D. 1518<\/td><td>Antenna Non Grata<\/td><td>CD, DL<\/td><\/tr><tr><td>14<\/td><td>Vidna Obmana<\/td><td>The River of Appearance (25th Anniversary Edit\u200b.\u200b)<\/td><td>Zoharum<\/td><td><\/td><\/tr><tr><td>16<\/td><td>Canine Callgirls <\/td><td>Baboon Wrestling<\/td><td>Fonoradar<\/td><td><\/td><\/tr><tr><td>17<\/td><td>Adam Olsz\u00f3wka<\/td><td>Z notatnika kerownika&#8230;<\/td><td>GAD Records<\/td><td>ksi\u0105\u017cka<\/td><\/tr><tr><td>17<\/td><td>Behemoth<\/td><td>In Absentia Dei<\/td><td>Nuclear Blast<\/td><td><\/td><\/tr><tr><td>17<\/td><td>Berson<\/td><td>\u017belbeton solo<\/td><td>Def Jam Poland<\/td><td><\/td><\/tr><tr><td>17<\/td><td>Consider The Source<\/td><td>Hybrid Vol. 1: Such As A Mule<\/td><td>Ropadope<\/td><td><\/td><\/tr><tr><td>17<\/td><td>Ed Pettersen<\/td><td>The Problem with Livia<\/td><td>577 Records<\/td><td><\/td><\/tr><tr><td>17<\/td><td>Jacek Sienkiewicz<\/td><td>Krasz<\/td><td>Recognition<\/td><td><\/td><\/tr><tr><td>17<\/td><td>John Zorn<\/td><td>New Masada Quartet<\/td><td>Tzadik<\/td><td><\/td><\/tr><tr><td>17<\/td><td>Johnny Marr<\/td><td>Fever Dreams, pt. 2<\/td><td>BMG<\/td><td><\/td><\/tr><tr><td>17<\/td><td>Koralle<\/td><td>Still Life0<\/td><td>Beat Jazz<\/td><td><\/td><\/tr><tr><td>17<\/td><td>Le Tout Sur Le Tout<\/td><td>All About All<\/td><td>Cuneiform<\/td><td><\/td><\/tr><tr><td>17<\/td><td>Memory Pearl<\/td><td>Music for 7 Paintings<\/td><td>Altin Village &amp; Mine<\/td><td><\/td><\/tr><tr><td>17<\/td><td>Merzow<\/td><td>Horizon<\/td><td><\/td><td>komp.<\/td><\/tr><tr><td>17<\/td><td>Nick Cave &amp; Warren Ellis<\/td><td> La Panth\u00e8re Des Neiges OST<\/td><td><\/td><td><\/td><\/tr><tr><td>17<\/td><td>Omni<\/td><td>Opera omnia<\/td><td>GAD Records<\/td><td>2CD<\/td><\/tr><tr><td>17<\/td><td>Rick Biddulph<\/td><td>Second Nature<\/td><td>Cuneiform<\/td><td><\/td><\/tr><tr><td>17<\/td><td>The Humble Bee<\/td><td>Light Trespassing<\/td><td>Motion Ward<\/td><td><\/td><\/tr><tr><td>17<\/td><td>Toshinori Kondo\/Artur Ma\u0107kowiak\/\u0141ukasz J\u0119drzejczak\/S\u0142awek Janicki\/Miko\u0142aj Zieli\u0144ski\/Qba Janicki<\/td><td>M\u00f3zg Injectors feat. Toshinori Kondo &#8211; Nem\u014d D\u014dmo Arigat\u014d<\/td><td>M\u00f3zg Productions<\/td><td><\/td><\/tr><tr><td>17<\/td><td>Valeria Miracapillo | Dimos Vryzas<\/td><td>Discipline of the Slow<\/td><td>Flaming Pines<\/td><td><\/td><\/tr><tr><td>21<\/td><td>Prolaps<\/td><td>Ultra Cycle Pt. 4: Hibernal Death<\/td><td>Hausu Mountain<\/td><td><\/td><\/tr><tr><td>24<\/td><td>Westside Gunn<\/td><td>Hitler Wears Hermes 8: Sincerely Adolf<\/td><td><\/td><td><\/td><\/tr><tr><td>31<\/td><td>Czarny HiFi<\/td><td>Je\u015bli co\u015b si\u0119 stanie&#8230; <\/td><td><\/td><td><\/td><\/tr><tr><td>31<\/td><td>Dave Sewelson<\/td><td>Smooth FreeJazz<\/td><td>Mahakala<\/td><td><\/td><\/tr><tr><td>31<\/td><td>Fokus<\/td><td>Arogant<\/td><td>MaxFloRec<\/td><td><\/td><\/tr><tr><td>tbc<\/td><td>Pejza\u017c<\/td><td>Noce i dnie<\/td><td><\/td><td>LP<\/td><\/tr><\/tbody><\/table>\n","protected":false},"excerpt":{"rendered":"<p>1 Arca Kick iii XL 1 Dialect Keep Going&#8230; Under RVNG Intl 1 Industry Standard Operator 1 Jan LF Strach E f e m e r o i d 2 1 1 2 2 Arca Kick iiii XL 2 Felicia Atkinson &amp; Jefre Cantu-Ledesma Un hiver en plein \u00e9t\u00e9 Shelter Press 2 Valentina Goncharova Recordings [&hellip;]<\/p>\n","protected":false},"author":1,"featured_media":31060,"parent":31418,"menu_order":1,"comment_status":"closed","ping_status":"closed","template":"","meta":{"footnotes":""},"_links":{"self":[{"href":"https:\/\/blog.polityka.pl\/polifonia\/wp-json\/wp\/v2\/pages\/31059"}],"collection":[{"href":"https:\/\/blog.polityka.pl\/polifonia\/wp-json\/wp\/v2\/pages"}],"about":[{"href":"https:\/\/blog.polityka.pl\/polifonia\/wp-json\/wp\/v2\/types\/page"}],"author":[{"embeddable":true,"href":"https:\/\/blog.polityka.pl\/polifonia\/wp-json\/wp\/v2\/users\/1"}],"replies":[{"embeddable":true,"href":"https:\/\/blog.polityka.pl\/polifonia\/wp-json\/wp\/v2\/comments?post=31059"}],"version-history":[{"count":5,"href":"https:\/\/blog.polityka.pl\/polifonia\/wp-json\/wp\/v2\/pages\/31059\/revisions"}],"predecessor-version":[{"id":31431,"href":"https:\/\/blog.polityka.pl\/polifonia\/wp-json\/wp\/v2\/pages\/31059\/revisions\/31431"}],"up":[{"embeddable":true,"href":"https:\/\/blog.polityka.pl\/polifonia\/wp-json\/wp\/v2\/pages\/31418"}],"wp:featuredmedia":[{"embeddable":true,"href":"https:\/\/blog.polityka.pl\/polifonia\/wp-json\/wp\/v2\/media\/31060"}],"wp:attachment":[{"href":"https:\/\/blog.polityka.pl\/polifonia\/wp-json\/wp\/v2\/media?parent=31059"}],"curies":[{"name":"wp","href":"https:\/\/api.w.org\/{rel}","templated":true}]}}