
{"id":31413,"date":"2022-01-06T19:25:30","date_gmt":"2022-01-06T18:25:30","guid":{"rendered":"http:\/\/polifonia.blog.polityka.pl\/?page_id=31413"},"modified":"2022-01-06T19:25:31","modified_gmt":"2022-01-06T18:25:31","slug":"podsumowanie-2021","status":"publish","type":"page","link":"https:\/\/blog.polityka.pl\/polifonia\/podsumowanie-2021\/","title":{"rendered":"PODSUMOWANIE 2021"},"content":{"rendered":"<p><img loading=\"lazy\" decoding=\"async\" class=\"aligncenter size-full wp-image-31414\" src=\"\/wp-content\/uploads\/2022\/01\/IMG_20220104_090823.jpg\" alt=\"\" width=\"2873\" height=\"2725\" srcset=\"\/polifonia\/wp-content\/uploads\/2022\/01\/IMG_20220104_090823.jpg 2873w, \/polifonia\/wp-content\/uploads\/2022\/01\/IMG_20220104_090823-300x285.jpg 300w, \/polifonia\/wp-content\/uploads\/2022\/01\/IMG_20220104_090823-768x728.jpg 768w, \/polifonia\/wp-content\/uploads\/2022\/01\/IMG_20220104_090823-1024x971.jpg 1024w\" sizes=\"(max-width: 2873px) 100vw, 2873px\" \/><\/p>\n<p style=\"text-align: center;\">\n<a href=\"https:\/\/polifonia.blog.polityka.pl\/2021\/12\/30\/33-plyty-roku-2021-polska\/\"><strong>33 p\u0142yty roku &#8211; Polska<\/strong><\/a><\/p>\n<p style=\"text-align: center;\"><a href=\"https:\/\/polifonia.blog.polityka.pl\/2022\/01\/04\/40-plyt-roku-2021-reszta-swiata\/\"><strong>40 p\u0142yt roku &#8211; reszta \u015bwiata<\/strong><\/a><\/p>\n<p style=\"text-align: center;\"><a href=\"https:\/\/polifonia.blog.polityka.pl\/2022\/01\/03\/27-plyt-roku-2021-archiwalia-reedycje-kompilacje\/\"><strong>27 p\u0142yt roku &#8211; archiwalia, reedycje, kompilacje<\/strong><\/a><\/p>\n<p style=\"text-align: center;\"><a href=\"https:\/\/polifonia.blog.polityka.pl\/2021\/12\/28\/rok-2021-w-muzyce-10-uwag-koncowych\/\"><strong>rok 2021 w muzyce &#8211; 10 uwag ko\u0144cowych<\/strong>\u00a0<\/a><\/p>\n","protected":false},"excerpt":{"rendered":"<p>33 p\u0142yty roku &#8211; Polska 40 p\u0142yt roku &#8211; reszta \u015bwiata 27 p\u0142yt roku &#8211; archiwalia, reedycje, kompilacje rok 2021 w muzyce &#8211; 10 uwag ko\u0144cowych\u00a0<\/p>\n","protected":false},"author":1,"featured_media":0,"parent":0,"menu_order":0,"comment_status":"closed","ping_status":"closed","template":"","meta":{"footnotes":""},"_links":{"self":[{"href":"https:\/\/blog.polityka.pl\/polifonia\/wp-json\/wp\/v2\/pages\/31413"}],"collection":[{"href":"https:\/\/blog.polityka.pl\/polifonia\/wp-json\/wp\/v2\/pages"}],"about":[{"href":"https:\/\/blog.polityka.pl\/polifonia\/wp-json\/wp\/v2\/types\/page"}],"author":[{"embeddable":true,"href":"https:\/\/blog.polityka.pl\/polifonia\/wp-json\/wp\/v2\/users\/1"}],"replies":[{"embeddable":true,"href":"https:\/\/blog.polityka.pl\/polifonia\/wp-json\/wp\/v2\/comments?post=31413"}],"version-history":[{"count":1,"href":"https:\/\/blog.polityka.pl\/polifonia\/wp-json\/wp\/v2\/pages\/31413\/revisions"}],"predecessor-version":[{"id":31415,"href":"https:\/\/blog.polityka.pl\/polifonia\/wp-json\/wp\/v2\/pages\/31413\/revisions\/31415"}],"wp:attachment":[{"href":"https:\/\/blog.polityka.pl\/polifonia\/wp-json\/wp\/v2\/media?parent=31413"}],"curies":[{"name":"wp","href":"https:\/\/api.w.org\/{rel}","templated":true}]}}