
{"id":35563,"date":"2022-11-20T21:05:45","date_gmt":"2022-11-20T20:05:45","guid":{"rendered":"http:\/\/polifonia.blog.polityka.pl\/?page_id=35563"},"modified":"2023-01-04T09:17:44","modified_gmt":"2023-01-04T08:17:44","slug":"premiery-12-2022","status":"publish","type":"page","link":"https:\/\/blog.polityka.pl\/polifonia\/stare-premiery\/premiery-12-2022\/","title":{"rendered":"PREMIERY 12.2022"},"content":{"rendered":"\n<table class=\"wp-block-table\"><tbody><tr><td>1<\/td><td>Botanica<\/td><td>Lost Beats<\/td><td><\/td><td><\/td><\/tr><tr><td>1<\/td><td>Tr\u00f3nco<\/td><td>Tr\u00f3nco<\/td><td>Ramble<\/td><td><\/td><\/tr><tr><td>1<\/td><td>Weird Wolves<\/td><td>Snake Soul<\/td><td><\/td><td>EP<\/td><\/tr><tr><td>2<\/td><td>100 gecs<\/td><td>Snake Eyes<\/td><td>Dog Show<\/td><td>EP<\/td><\/tr><tr><td>2<\/td><td>Anthony Moore<\/td><td>CSound &amp; Saz<\/td><td>Touch<\/td><td><\/td><\/tr><tr><td>2<\/td><td>Antonina Car<\/td><td>Immersed Sensibilities<\/td><td>Time Released Sound<\/td><td><\/td><\/tr><tr><td>2<\/td><td>Aviva Endean<\/td><td>Moths &amp; Stars<\/td><td>Room40<\/td><td><\/td><\/tr><tr><td>2<\/td><td>Beanfield<\/td><td>Tides Remixes EP<\/td><td>Compost<\/td><td><\/td><\/tr><tr><td>2<\/td><td>Black Ox Orkestar<\/td><td>Everything Returns<\/td><td>Constellation<\/td><td><\/td><\/tr><tr><td>2<\/td><td>Brakence<\/td><td>Hypochondriac<\/td><td><\/td><td><\/td><\/tr><tr><td>2<\/td><td>Carlos Ni\u00f1o &amp; Friends<\/td><td>Assortment for Susan&#8217;s<\/td><td>Leaving<\/td><td><\/td><\/tr><tr><td>2<\/td><td>Che Chen &amp; Patrick Shiroishi<\/td><td>Parts<\/td><td><\/td><td><\/td><\/tr><tr><td>2<\/td><td>Chris Abrahams<\/td><td>Follower<\/td><td>Room40<\/td><td><\/td><\/tr><tr><td>2<\/td><td>Christopher Cerrone<\/td><td>The Air Suspended<\/td><td>New Focus<\/td><td><\/td><\/tr><tr><td>2<\/td><td>Cloud Management<\/td><td>Cloud Management<\/td><td>Altin Village &amp; Mine<\/td><td><\/td><\/tr><tr><td>2<\/td><td>Collage<\/td><td>Over and Out <\/td><td>Mystic<\/td><td><\/td><\/tr><tr><td>2<\/td><td>David Cieri<\/td><td>Omniotik Book 2<\/td><td>Ropeadope<\/td><td><\/td><\/tr><tr><td>2<\/td><td>David V\u00e9lez<\/td><td>Beta Vulgaris<\/td><td>Sublime Retreat<\/td><td><\/td><\/tr><tr><td>2<\/td><td>Designers<\/td><td>Designers<\/td><td>We Jazz<\/td><td><\/td><\/tr><tr><td>2<\/td><td>Despite Exile<\/td><td>Wound<\/td><td><\/td><td><\/td><\/tr><tr><td>2<\/td><td>D\u0142onie<\/td><td>Goni\u0142em za s\u0142o\u0144cem, bo my\u015bla\u0142em, \u017ce to dojrza\u0142e mango<\/td><td>Opus Elefantum<\/td><td><\/td><\/tr><tr><td>2<\/td><td>Droneroom<\/td><td>The Most Gorgeous Sleep<\/td><td>Ramble<\/td><td><\/td><\/tr><tr><td>2<\/td><td>France Jobin<\/td><td>A Little Buchla Something&#8230;<\/td><td><\/td><td><\/td><\/tr><tr><td>2<\/td><td>Frank Carlberg Trio<\/td><td>Reflections 1952<\/td><td>577 Records<\/td><td><\/td><\/tr><tr><td>2<\/td><td>Frunk29<\/td><td>The Fith Season<\/td><td>Not Not Fun<\/td><td><\/td><\/tr><tr><td>2<\/td><td>Galcher Lustwerk<\/td><td>100% GALCHER<\/td><td>Ghostly<\/td><td><\/td><\/tr><tr><td>2<\/td><td>Half Alive<\/td><td>Conditions of a Punk<\/td><td>RCA<\/td><td><\/td><\/tr><tr><td>2<\/td><td>Hildur Gu\u00f0nad\u00f3ttir <\/td><td>Woman Talking OST<\/td><td>Mercury <\/td><td><\/td><\/tr><tr><td>2<\/td><td>James Rushford<\/td><td>Opaquing EP<\/td><td><\/td><td><\/td><\/tr><tr><td>2<\/td><td>Kadhja Bonet<\/td><td>California Holiday<\/td><td>Ninja Tune<\/td><td><\/td><\/tr><tr><td>2<\/td><td>Kamran Sadeghi<\/td><td>Magnetic Moments<\/td><td>Superpang<\/td><td><\/td><\/tr><tr><td>2<\/td><td>Ketiov<\/td><td>Happy Daddy EP<\/td><td>Pets<\/td><td><\/td><\/tr><tr><td>2<\/td><td>Lamin Fofana<\/td><td>Unsettling Scores<\/td><td>Peak Oil<\/td><td><\/td><\/tr><tr><td>2<\/td><td>Leftfield<\/td><td>This Is What We Do<\/td><td>Virgin<\/td><td><\/td><\/tr><tr><td>2<\/td><td>M. Takara &amp; Carla Boregas<\/td><td>Grande Massa d&#8217;Agua<\/td><td>Hive Mind<\/td><td><\/td><\/tr><tr><td>2<\/td><td>Magowie<\/td><td>Zmiana czasu <\/td><td>Instant Classic<\/td><td>MC, DL, t-shirt<\/td><\/tr><tr><td>2<\/td><td>Ma\u0142e Miasta<\/td><td>Wesele<\/td><td>PIAS<\/td><td><\/td><\/tr><tr><td>2<\/td><td>Melvin Gibbs<\/td><td>Anamibia Sessions 1: The Wave<\/td><td>Editions Mego<\/td><td><\/td><\/tr><tr><td>2<\/td><td>Metro Boomin<\/td><td>Heroes &amp; Villains<\/td><td>Republic<\/td><td><\/td><\/tr><tr><td>2<\/td><td>mHz<\/td><td>Same Room, Another Day<\/td><td>L-ne<\/td><td><\/td><\/tr><tr><td>2<\/td><td>Micah P. Hinson<\/td><td>I Lie To You<\/td><td>Ponderosa<\/td><td><\/td><\/tr><tr><td>2<\/td><td>Moon Wiring Club<\/td><td>Medieval Ice Cream<\/td><td>Gecophonic<\/td><td><\/td><\/tr><tr><td>2<\/td><td>Mthunzi Mvubu<\/td><td>The 1st Gospel<\/td><td>Ropeadope<\/td><td><\/td><\/tr><tr><td>2<\/td><td>Munchi<\/td><td>The Mambo Detanao EP<\/td><td>Nyege Nyege Tapes<\/td><td><\/td><\/tr><tr><td>2<\/td><td>Munchi<\/td><td>I Love Mambo Mixtape + Mambo Detonao EP<\/td><td>Nyege Nyege Tapes<\/td><td><\/td><\/tr><tr><td>2<\/td><td>Neil Young<\/td><td>Harvest (50th Anniversary Edition)<\/td><td>Reprise<\/td><td>reed<\/td><\/tr><tr><td>2<\/td><td>RM<\/td><td>Indigo<\/td><td><\/td><td><\/td><\/tr><tr><td>2<\/td><td>RS Produ\u00e7\u00f5es<\/td><td>Sa\u200b\u00fa\u200bde Em 1\u00ba Lugar<\/td><td>Principe<\/td><td><\/td><\/tr><tr><td>2<\/td><td>Ryoji Ikeda<\/td><td>Ultratronics<\/td><td>Noton<\/td><td><\/td><\/tr><tr><td>2<\/td><td>Ryuichi Sakamoto<\/td><td>A Tribute To Ryuichi Sakamoto &#8211; To The Moon And Back<\/td><td>Milan<\/td><td><\/td><\/tr><tr><td>2<\/td><td>Shai Wosner<\/td><td>Variations on a Theme by FDR<\/td><td>New Focus<\/td><td><\/td><\/tr><tr><td>2<\/td><td>Shirley Hurt<\/td><td>Shirley Hurt<\/td><td>Telephone Explosion<\/td><td><\/td><\/tr><tr><td>2<\/td><td>Sijya<\/td><td>Young Hate<\/td><td>Accidental<\/td><td><\/td><\/tr><tr><td>2<\/td><td>Sophie Jamieson<\/td><td>Choosing<\/td><td>Bella Union<\/td><td><\/td><\/tr><tr><td>2<\/td><td>SUSS<\/td><td>SUSS<\/td><td>Northern Spy<\/td><td><\/td><\/tr><tr><td>2<\/td><td>Tapefeed<\/td><td>Anterograde<\/td><td>Houndstooth<\/td><td>EP<\/td><\/tr><tr><td>2<\/td><td>Tokio Ono<\/td><td>Individuals<\/td><td>Not Not Fun<\/td><td><\/td><\/tr><tr><td>2<\/td><td>Tomasz Misiak &amp; Marcin Olejniczak<\/td><td>Czas antenowy<\/td><td>Antenna Non Grata<\/td><td><\/td><\/tr><tr><td>2<\/td><td>Topdawn Dialectic<\/td><td>S\/T 2013<\/td><td>Peak Oil<\/td><td><\/td><\/tr><tr><td>2<\/td><td>VA<\/td><td>Southeast of Saturn, Vol. 2<\/td><td>Third Man<\/td><td><\/td><\/tr><tr><td>2<\/td><td>VA<\/td><td>Liquified Sky<\/td><td>L-ne<\/td><td><\/td><\/tr><tr><td>2<\/td><td>Wac\u0142aw Zimpel &amp; Hans Kulk<\/td><td>Breath of Brahma &amp; Sri Crickets<\/td><td>Tak Picture<\/td><td><\/td><\/tr><tr><td>2<\/td><td>White Lung<\/td><td>Premonition<\/td><td>Domino<\/td><td><\/td><\/tr><tr><td>3<\/td><td>kIRK<\/td><td>K.<\/td><td>Requiem<\/td><td><\/td><\/tr><tr><td>4<\/td><td>Laszlo Gardony<\/td><td>Close Connection<\/td><td>Sunnyside<\/td><td><\/td><\/tr><tr><td>5<\/td><td>Ben Frost<\/td><td>Broken Spectre OST<\/td><td><\/td><td><\/td><\/tr><tr><td>5<\/td><td>Francois Carrier \/ Alexander von Schlippenbach \/ John Edwards \/ Michel Lambert<\/td><td>Unwalled<\/td><td>Fundacja S\u0142uchaj<\/td><td><\/td><\/tr><tr><td>5<\/td><td>Tomasz Sta\u0144ko Quintet<\/td><td>Wooden Music I<\/td><td>Astigmatic<\/td><td>arch<\/td><\/tr><tr><td>6<\/td><td>Amber Arcades<\/td><td>Ofdd to Even<\/td><td>Fire<\/td><td><\/td><\/tr><tr><td>6<\/td><td>Kiloff &amp; The Cleaners<\/td><td>Herbata<\/td><td>Syf Records<\/td><td><\/td><\/tr><tr><td>6<\/td><td>Martin Bakero<\/td><td>Pneutrinos<\/td><td>Buh<\/td><td><\/td><\/tr><tr><td>7<\/td><td>Daktyle<\/td><td>DKTLE<\/td><td>Green Fairy<\/td><td><\/td><\/tr><tr><td>7<\/td><td>Mount Eerie<\/td><td>Short Songs Live, Copenhagen, March 6th, 2005<\/td><td><\/td><td><\/td><\/tr><tr><td>7<\/td><td>Sweetearthflying<\/td><td>Fusion of Horizons<\/td><td>Green Fairy<\/td><td><\/td><\/tr><tr><td>7<\/td><td>Yac<\/td><td>We Have Much More in Common Than What Devides Us<\/td><td>U Know Me<\/td><td><\/td><\/tr><tr><td>8<\/td><td>Arbenz X Puschnig \/ Vistel \/ Marshall \/ Arbenz<\/td><td>Conversation #8: Ablaze<\/td><td>Hammer<\/td><td><\/td><\/tr><tr><td>8<\/td><td>Contemporary Noise Ensemble<\/td><td>An Excellent Spiritual Serviceman<\/td><td>Antena Krzyku<\/td><td><\/td><\/tr><tr><td>8<\/td><td>John Zorn<\/td><td>John Zorn\u2019s Olympiad Vol. 3 &#8211; Pops Plays Pops &#8211; Eugene Chadbourne Plays The Book of Heads<\/td><td>Tzadik<\/td><td><\/td><\/tr><tr><td>8<\/td><td>Lea Bertucci<\/td><td>Xtended Vox<\/td><td>SA Recordings<\/td><td><\/td><\/tr><tr><td>8<\/td><td>Shubharun Sengupta<\/td><td>Central Mass<\/td><td>Superpang<\/td><td><\/td><\/tr><tr><td>9<\/td><td>\u2020\u2020\u2020<\/td><td>Permanent.Radiant<\/td><td>Warner<\/td><td>EP<\/td><\/tr><tr><td>9<\/td><td>A Boogie Wit da Hoodie<\/td><td>Me vs. Myself<\/td><td>Atlantic<\/td><td><\/td><\/tr><tr><td>9<\/td><td>Alexandre Desplat<\/td><td>Guillermo del Toro&#8217;s Pinocchio OST<\/td><td>Columbia<\/td><td><\/td><\/tr><tr><td>9<\/td><td>Ani Zakareishvili<\/td><td>Fallin<\/td><td>Warm Winters Ltd<\/td><td><\/td><\/tr><tr><td>9<\/td><td>Bardo Todol &amp; Robert Millis<\/td><td>A Magnetic Road To Hell<\/td><td>Discrepant<\/td><td><\/td><\/tr><tr><td>9<\/td><td>Bracco <\/td><td>Dromonia<\/td><td>Born Bad<\/td><td><\/td><\/tr><tr><td>9<\/td><td>Bryce Dessner &amp; Alejandro G. I\u00f1\u00e1rritu<\/td><td>Bardo OST<\/td><td>Milan<\/td><td><\/td><\/tr><tr><td>9<\/td><td>Cy Gorman<\/td><td>Hi Wave<\/td><td>Heard and Felt<\/td><td><\/td><\/tr><tr><td>9<\/td><td>Dead Cat in A Bag<\/td><td>We&#8217;ve Been Through<\/td><td>Gusstaff<\/td><td>LP, ltd.<\/td><\/tr><tr><td>9<\/td><td>Dylan Henner<\/td><td>You Always Will Be<\/td><td>AD 93<\/td><td><\/td><\/tr><tr><td>9<\/td><td>Emotional Oranges<\/td><td>The Juice vol. III<\/td><td><\/td><td><\/td><\/tr><tr><td>9<\/td><td>Fields We Found<\/td><td>Trust<\/td><td>Home Normal<\/td><td><\/td><\/tr><tr><td>9<\/td><td>Fontaines D.C.<\/td><td>Skinty Fia Sessions EP<\/td><td>Partisan<\/td><td><\/td><\/tr><tr><td>9<\/td><td>Ghostwreck<\/td><td>&#8222;1954&#8221;<\/td><td><\/td><td>EP<\/td><\/tr><tr><td>9<\/td><td>Idles<\/td><td>Five Years of Brutalism<\/td><td>Partisan<\/td><td>arch <\/td><\/tr><tr><td>9<\/td><td>Jo\u00eblle L\u00c9ANDRE and N\u00faria ANDORR\u00c0<\/td><td>Bla Bla Bla Duo<\/td><td>Fundacja S\u0142uchaj<\/td><td><\/td><\/tr><tr><td>9<\/td><td>Leland Whitty<\/td><td>Anyhow<\/td><td><\/td><td><\/td><\/tr><tr><td>9<\/td><td>Lionheart<\/td><td>Welcome to the West Coast III<\/td><td>Arising Empire<\/td><td><\/td><\/tr><tr><td>9<\/td><td>Mr Gil<\/td><td>Love Will Never Come<\/td><td><\/td><td><\/td><\/tr><tr><td>9<\/td><td>Nathan Salsburg<\/td><td>Landwerk No. 3<\/td><td>No Quarter<\/td><td><\/td><\/tr><tr><td>9<\/td><td>Nina Hagen<\/td><td>Unity<\/td><td>Groenland<\/td><td><\/td><\/tr><tr><td>9<\/td><td>Oscar Peters<\/td><td>Breath  <\/td><td>33-33<\/td><td><\/td><\/tr><tr><td>9<\/td><td>Photay with Carlos Ni\u00f1o<\/td><td>More Offerings<\/td><td>International Anthem<\/td><td><\/td><\/tr><tr><td>9<\/td><td>Simon Raymonde <\/td><td>Solo Works 96-98<\/td><td>Bella Union<\/td><td><\/td><\/tr><tr><td>9<\/td><td>Sza<\/td><td>SOS<\/td><td>Top Dawg<\/td><td><\/td><\/tr><tr><td>9<\/td><td>Tape<\/td><td>Rideau<\/td><td>Morr Music<\/td><td>reed<\/td><\/tr><tr><td>9<\/td><td>The Temple<\/td><td>Of Solitude Triumphant<\/td><td>I Hate Records<\/td><td><\/td><\/tr><tr><td>9<\/td><td>This Immortal Coil<\/td><td>The World Ended A Long Time Ago<\/td><td>Ici d&#8217;ailleurs<\/td><td><\/td><\/tr><tr><td>9<\/td><td>Trent Reznor and Atticus Ross <\/td><td>Empire of Light OST<\/td><td>The Null Corp<\/td><td><\/td><\/tr><tr><td>9<\/td><td>Twikipedia<\/td><td>Chronic<\/td><td><\/td><td><\/td><\/tr><tr><td>9<\/td><td>VA<\/td><td>Glitzerbox<\/td><td>Alien Transistor<\/td><td><\/td><\/tr><tr><td>9<\/td><td>Zakopower<\/td><td>Widzialne | Niewidzialne<\/td><td>Kayax<\/td><td><\/td><\/tr><tr><td>10<\/td><td>Alien Jack<\/td><td>POL\u041f\u041e\u041f EP<\/td><td><\/td><td><\/td><\/tr><tr><td>10<\/td><td>Florence Cats<\/td><td>Ys<\/td><td>Edi\u00e7\u00f5es CN<\/td><td><\/td><\/tr><tr><td>10<\/td><td>Old Castle <\/td><td>Artwork 51<\/td><td>Zoharum<\/td><td><\/td><\/tr><tr><td>10<\/td><td>Rapoon<\/td><td>Skulls on the Plains of Turkey<\/td><td>Zoharum<\/td><td><\/td><\/tr><tr><td>10<\/td><td>SYNTA[XE]RROR<\/td><td>Element [off] Crime<\/td><td>Zoharum<\/td><td><\/td><\/tr><tr><td>11<\/td><td>Izumi Kimura \/ Artur Majewski \/ Barry Guy \/ Ramon Lopez<\/td><td>Kind of Light<\/td><td>Fundacja S\u0142uchaj<\/td><td><\/td><\/tr><tr><td>12<\/td><td>Danny Scott Lane<\/td><td>Home Decor<\/td><td>WRWTFWW<\/td><td><\/td><\/tr><tr><td>12<\/td><td>Gareth Quinn Redmond<\/td><td>Umcheol (C\u00fa Chulainn agus Ferdiad)<\/td><td>WRWTFWW<\/td><td><\/td><\/tr><tr><td>12<\/td><td>Little Simz<\/td><td>No Thank You<\/td><td><\/td><td><\/td><\/tr><tr><td>14<\/td><td>Lilly Joel Plays The Organ<\/td><td>Sibyl of the Rhyne<\/td><td>Sub Rosa<\/td><td><\/td><\/tr><tr><td>15<\/td><td>Cymande<\/td><td>Cymande<\/td><td>Partisan<\/td><td>arch<\/td><\/tr><tr><td>15<\/td><td>\u0141ukasz Kacperczyk<\/td><td>Dotykalne<\/td><td>Szara Reneta<\/td><td><\/td><\/tr><tr><td>16<\/td><td>Augenwasser<\/td><td>The Big Swim<\/td><td>Les Disques Bongo Joe<\/td><td><\/td><\/tr><tr><td>16<\/td><td>Frank Zappa<\/td><td>Waka \/ Wazoo<\/td><td>Zappa<\/td><td>arch<\/td><\/tr><tr><td>16<\/td><td>Greg<\/td><td>Odyssey (Original Amiga Demoscene Soundtrack)<\/td><td>WRWTFWW<\/td><td><\/td><\/tr><tr><td>16<\/td><td>Machina Mundi<\/td><td>Machina Mundi<\/td><td>Animal Music<\/td><td><\/td><\/tr><tr><td>16<\/td><td>Moriah Woods<\/td><td>Human<\/td><td><\/td><td><\/td><\/tr><tr><td>16<\/td><td>Nanga<\/td><td>Jesie\u0144 w Pekinie EP<\/td><td>Mystic<\/td><td><\/td><\/tr><tr><td>16<\/td><td>Per\u00fa Selv\u200b\u00e1\u200btico<\/td><td>Sonic Expedition into the Peruvian Amazon 1972\u200b-\u200b1986<\/td><td>Analog Africa<\/td><td>arch<\/td><\/tr><tr><td>16<\/td><td>Phauss<\/td><td>Nya Sverige &#8211; Nothing But The Truth<\/td><td>Room40<\/td><td><\/td><\/tr><tr><td>16<\/td><td>Phauss<\/td><td>Audiodrome<\/td><td>Room40<\/td><td><\/td><\/tr><tr><td>16<\/td><td>Remont Pomp \/ Miko\u0142aj Trzaska \/ Adam \u017buchowski<\/td><td>Sam jeste\u015b pompa vol. 1<\/td><td>Kilogram<\/td><td><\/td><\/tr><tr><td>16<\/td><td>Silica Gel<\/td><td>Wooden Shoe<\/td><td>Noumenal Loom<\/td><td><\/td><\/tr><tr><td>16<\/td><td>Silver Rocket<\/td><td>Astronaut&#8217;s Diary <\/td><td>Don&#8217;t Sit On My Vinyl<\/td><td>10&#8243;<\/td><\/tr><tr><td>16<\/td><td>Sonido Verde de Moyobamba<\/td><td>Sonido Verde de Moyobamba (Limited Dance Edition Nr. 17)<\/td><td>Analog Africa<\/td><td>arch<\/td><\/tr><tr><td>23<\/td><td>Mike Cooper<\/td><td>Extraordinary Moments @ Hotel Palenque<\/td><td>Room40<\/td><td><\/td><\/tr><tr><td>25<\/td><td>Mono<\/td><td>Heaven Vol. 1<\/td><td><\/td><td><\/td><\/tr><tr><td>27<\/td><td>Jacqueline Nova<\/td><td>Creaci\u200b\u00f3\u200bn de la tierra: Ecos palpitantes de Jacqueline Nova (1964\u200b-\u200b1974)<\/td><td>Buh<\/td><td>arch<\/td><\/tr><tr><td>31<\/td><td>Torben Snekkestad \/ S\u00f8ren Kj\u00e6rgaard \/ Tomo Jacobson<\/td><td>Spirit Spirit<\/td><td>Gotta Let It Out<\/td><td><\/td><\/tr><tr><td>tbc<\/td><td>Fioletowe P\u0142yny Zdrowotne<\/td><td>Spoon<\/td><td>Requiem<\/td><td><\/td><\/tr><tr><td>tbc<\/td><td>Kucz \/ S\u0142awecki \/ Kwiatkowski<\/td><td>Gaude<\/td><td>Requiem<\/td><td><\/td><\/tr><tr><td>tbc<\/td><td>Martyrmachine<\/td><td>Concrete<\/td><td>Requiem<\/td><td><\/td><\/tr><tr><td>tbc<\/td><td>Nowy Horyzont<\/td><td>Holllographic Error<\/td><td>Requiem<\/td><td><\/td><\/tr><tr><td>tbc<\/td><td>Pancerne Rowery<\/td><td>Rowery Pan Cern\u00e9 i Przyjaciele 1995-2015<\/td><td>Requiem<\/td><td><\/td><\/tr><tr><td>tbc<\/td><td>Pies<\/td><td>Pies<\/td><td>Requiem<\/td><td><\/td><\/tr><tr><td>tbc<\/td><td>Wieloryb<\/td><td>III<\/td><td>Requiem<\/td><td><\/td><\/tr><\/tbody><\/table>\n","protected":false},"excerpt":{"rendered":"<p>1 Botanica Lost Beats 1 Tr\u00f3nco Tr\u00f3nco Ramble 1 Weird Wolves Snake Soul EP 2 100 gecs Snake Eyes Dog Show EP 2 Anthony Moore CSound &amp; Saz Touch 2 Antonina Car Immersed Sensibilities Time Released Sound 2 Aviva Endean Moths &amp; Stars Room40 2 Beanfield Tides Remixes EP Compost 2 Black Ox Orkestar Everything [&hellip;]<\/p>\n","protected":false},"author":1,"featured_media":0,"parent":31418,"menu_order":0,"comment_status":"closed","ping_status":"closed","template":"","meta":{"footnotes":""},"_links":{"self":[{"href":"https:\/\/blog.polityka.pl\/polifonia\/wp-json\/wp\/v2\/pages\/35563"}],"collection":[{"href":"https:\/\/blog.polityka.pl\/polifonia\/wp-json\/wp\/v2\/pages"}],"about":[{"href":"https:\/\/blog.polityka.pl\/polifonia\/wp-json\/wp\/v2\/types\/page"}],"author":[{"embeddable":true,"href":"https:\/\/blog.polityka.pl\/polifonia\/wp-json\/wp\/v2\/users\/1"}],"replies":[{"embeddable":true,"href":"https:\/\/blog.polityka.pl\/polifonia\/wp-json\/wp\/v2\/comments?post=35563"}],"version-history":[{"count":4,"href":"https:\/\/blog.polityka.pl\/polifonia\/wp-json\/wp\/v2\/pages\/35563\/revisions"}],"predecessor-version":[{"id":35800,"href":"https:\/\/blog.polityka.pl\/polifonia\/wp-json\/wp\/v2\/pages\/35563\/revisions\/35800"}],"up":[{"embeddable":true,"href":"https:\/\/blog.polityka.pl\/polifonia\/wp-json\/wp\/v2\/pages\/31418"}],"wp:attachment":[{"href":"https:\/\/blog.polityka.pl\/polifonia\/wp-json\/wp\/v2\/media?parent=35563"}],"curies":[{"name":"wp","href":"https:\/\/api.w.org\/{rel}","templated":true}]}}