
{"id":35991,"date":"2023-01-04T09:21:07","date_gmt":"2023-01-04T08:21:07","guid":{"rendered":"http:\/\/polifonia.blog.polityka.pl\/?page_id=35991"},"modified":"2024-01-12T09:08:15","modified_gmt":"2024-01-12T08:08:15","slug":"premiery-01-2023","status":"publish","type":"page","link":"https:\/\/blog.polityka.pl\/polifonia\/stare-premiery\/premiery-01-2023\/","title":{"rendered":"PREMIERY 01.2023"},"content":{"rendered":"\n<table class=\"wp-block-table\"><tbody><tr><td>1<\/td><td>Bisz<\/td><td>Ulisses<\/td><td>PchamyTenSyf<\/td><td><\/td><\/tr><tr><td>1<\/td><td>Canine Callgirls<\/td><td>Feline Textboys<\/td><td><\/td><td><\/td><\/tr><tr><td>1<\/td><td>Earth<\/td><td>Even Hell Has Its Heroes<\/td><td>Thrones and Dominions<\/td><td><\/td><\/tr><tr><td>1<\/td><td>Jason Moran<\/td><td>From the Dancehall to the Battlefield<\/td><td>Yes<\/td><td><\/td><\/tr><tr><td>1<\/td><td>M.O.O.N.<\/td><td>Waste Away<\/td><td><\/td><td>EP<\/td><\/tr><tr><td>1<\/td><td>Moby<\/td><td>ambient23<\/td><td><\/td><td><\/td><\/tr><tr><td>1<\/td><td>Oedipus Apartment Complex<\/td><td>The Blissful Sounds of Miracula<\/td><td><\/td><td><\/td><\/tr><tr><td>2<\/td><td>Audry<\/td><td>Undisclosed Advertising &amp; End Credits<\/td><td><\/td><td><\/td><\/tr><tr><td>2<\/td><td>Chris Cutler<\/td><td>In a Box. Compositions and Collaborations, 1972-2022<\/td><td>ReR<\/td><td>arch<\/td><\/tr><tr><td>2<\/td><td>Grzegorz Bojanek<\/td><td>Na trasie Kolei Warszawsko &#8211; Wiede\u200b\u0144\u200bskiej | Nagrania terenowe<\/td><td><\/td><td><\/td><\/tr><tr><td>2<\/td><td>Mark Jenkin<\/td><td>Enys Men OST<\/td><td>Invada<\/td><td><\/td><\/tr><tr><td>2<\/td><td>Meeting By Chance<\/td><td>(stand still)<\/td><td><\/td><td><\/td><\/tr><tr><td>2<\/td><td>N O More<\/td><td>Meaningful Human Control<\/td><td>Scatter<\/td><td><\/td><\/tr><tr><td>2<\/td><td>Pere Grindo<\/td><td>House of Ambici<\/td><td>Sat00rna<\/td><td><\/td><\/tr><tr><td>5<\/td><td>Eiko Ishibashi<\/td><td>Cryonic<\/td><td><\/td><td><\/td><\/tr><tr><td>5<\/td><td>Eric Fogerty<\/td><td>Music of Modern Noh<\/td><td><\/td><td><\/td><\/tr><tr><td>5<\/td><td>Eric Fogerty<\/td><td>Music of Modern Noh 2<\/td><td><\/td><td><\/td><\/tr><tr><td>5<\/td><td>Karyman<\/td><td>Roads and Ways<\/td><td>Sat00rna<\/td><td><\/td><\/tr><tr><td>6<\/td><td>Asleep Country <\/td><td>Fake Opulent<\/td><td>New Motion<\/td><td><\/td><\/tr><tr><td>6<\/td><td>Beatriz Ferreyra<\/td><td>Senderos de luz y sombras<\/td><td>Recollection GRM<\/td><td><\/td><\/tr><tr><td>6<\/td><td>Blanck Mass<\/td><td>The Rig (Prime Video Original Series Soundtrack)<\/td><td>Invada<\/td><td><\/td><\/tr><tr><td>6<\/td><td>Cakedog<\/td><td>War Room 4<\/td><td>Leaving<\/td><td><\/td><\/tr><tr><td>6<\/td><td>Daniel Teruggi<\/td><td>Sph\u200b\u00e6\u200bra<\/td><td>Recollection GRM<\/td><td><\/td><\/tr><tr><td>6<\/td><td>Eliane Radigue<\/td><td>In Memoriam-Ostinato \/ Danse des Dakinis<\/td><td>Alga Marghen<\/td><td><\/td><\/tr><tr><td>6<\/td><td>Eyot Tapes<\/td><td>Paradise Lost<\/td><td>Muscut<\/td><td><\/td><\/tr><tr><td>6<\/td><td>Heather Stebbins<\/td><td>At the end of the sky<\/td><td>Superpang<\/td><td><\/td><\/tr><tr><td>6<\/td><td>Iggy Pop<\/td><td>Every Loser<\/td><td>Goldtooth<\/td><td><\/td><\/tr><tr><td>6<\/td><td>Manish Pingle<\/td><td>Samarpan<\/td><td>Ramble Records<\/td><td><\/td><\/tr><tr><td>6<\/td><td>Max Johnson<\/td><td>When the Streets Were Quiet<\/td><td>New Focus<\/td><td><\/td><\/tr><tr><td>6<\/td><td>Nicole Dollanganger<\/td><td>Married in Mount Airy<\/td><td><\/td><td><\/td><\/tr><tr><td>6<\/td><td>Paul Dunmall, Paul Rogers, Tony Orrell<\/td><td>That&#8217;s My Life<\/td><td>577 Records<\/td><td><\/td><\/tr><tr><td>6<\/td><td>Teus Nobel Liberty Group ft. Jasper Blom and Teis Semey<\/td><td>Human First<\/td><td>PIAS<\/td><td><\/td><\/tr><tr><td>6<\/td><td>The Black Dog<\/td><td>Music for Dead Airports<\/td><td><\/td><td><\/td><\/tr><tr><td>6<\/td><td>The Legendary Pink Dots<\/td><td>Only Dreaming<\/td><td><\/td><td>arch<\/td><\/tr><tr><td>7<\/td><td>Russ Young<\/td><td>Cloak<\/td><td>Audiobulb<\/td><td><\/td><\/tr><tr><td>7<\/td><td>Suavas Lewy<\/td><td>musicaLoveLove (piosenki z musicalu)<\/td><td>Nasze Nagrania<\/td><td><\/td><\/tr><tr><td>7<\/td><td>Tomek Glazik<\/td><td>Something Like Contemporary Noise (Solo)<\/td><td><\/td><td><\/td><\/tr><tr><td>8<\/td><td>Nemoc<\/td><td>Schwarzprior<\/td><td>Poli5<\/td><td><\/td><\/tr><tr><td>10<\/td><td>Groupshow (Jelinek, Leichtmann, Pekler)<\/td><td>Live At Skymall<\/td><td>Staubgold<\/td><td>reed<\/td><\/tr><tr><td>10<\/td><td>Hakki Obadia<\/td><td>Master Musician Plays Middle East Classics: Iraqi\u200b-\u200bAmerican Violinist &amp; Composer, 1958\u200b-\u200b72<\/td><td>Canary<\/td><td>arch<\/td><\/tr><tr><td>11<\/td><td>Immaterial Possession<\/td><td>Immaterial Possession<\/td><td>Fire<\/td><td><\/td><\/tr><tr><td>11<\/td><td>VA<\/td><td>Od Wielunia &#8211; Sieczka brz\u200b\u0119\u200bczy, owies brz\u200b\u0119\u200bczy<\/td><td>In crudo<\/td><td><\/td><\/tr><tr><td>11<\/td><td>Wrong Dials<\/td><td>Future Tragedies<\/td><td>Hiss Collective<\/td><td><\/td><\/tr><tr><td>12<\/td><td>Hummingbird<\/td><td>L\u200b\u00e4\u200bngd<\/td><td>Facture<\/td><td><\/td><\/tr><tr><td>12<\/td><td>Seven Rivers of Fire<\/td><td>Hail Star of the Sea<\/td><td>Ramble<\/td><td><\/td><\/tr><tr><td>13<\/td><td>Aidan Blue<\/td><td>Pleasures of Destruction<\/td><td>Antenna Non Grata<\/td><td><\/td><\/tr><tr><td>13<\/td><td>Anchor and Burden<\/td><td>Kosmonautik Pilgrimage<\/td><td>MoonJune<\/td><td><\/td><\/tr><tr><td>13<\/td><td>Bell Orchestre<\/td><td>Recording a Tape the Colour of the Light<\/td><td>Erased Tapes<\/td><td>reed<\/td><\/tr><tr><td>13<\/td><td>Belle and Sebastian <\/td><td>Late Developers<\/td><td>Matador<\/td><td><\/td><\/tr><tr><td>13<\/td><td>Billy Nomates<\/td><td>CACTI<\/td><td>Invada<\/td><td><\/td><\/tr><tr><td>13<\/td><td>Bzdet<\/td><td>Daleko od OK<\/td><td>Syf Records<\/td><td><\/td><\/tr><tr><td>13<\/td><td>Circa Waves<\/td><td>Never Going Under<\/td><td><\/td><td><\/td><\/tr><tr><td>13<\/td><td>Clavish<\/td><td>Rap Game Awful<\/td><td>Polydor<\/td><td>mixtape<\/td><\/tr><tr><td>13<\/td><td>Declaime &amp; Madlib<\/td><td>In the Beginning vol. 3<\/td><td>Fat Beats Distribution<\/td><td><\/td><\/tr><tr><td>13<\/td><td>Dom<\/td><td>Dom<\/td><td>Karott Kommando<\/td><td><\/td><\/tr><tr><td>13<\/td><td>Gaia Wilmer Large Ensemble<\/td><td>Folia: The Music of Egberto Gismonti<\/td><td>Sunnyside<\/td><td><\/td><\/tr><tr><td>13<\/td><td>Gaz Coombes<\/td><td>Turn the Car Around<\/td><td>Hot Fruit\/Virgin<\/td><td><\/td><\/tr><tr><td>13<\/td><td>Halme Prospekt<\/td><td>Prospektagon<\/td><td>Eclipse<\/td><td><\/td><\/tr><tr><td>13<\/td><td>James Yorkston, Nina Persson &amp; The Second Hand Orchestra<\/td><td>The Great White Sea Eagle<\/td><td>Domino<\/td><td><\/td><\/tr><tr><td>13<\/td><td>Julia Wolf<\/td><td>Good Thing We Stayed<\/td><td>Poorchoice Music<\/td><td><\/td><\/tr><tr><td>13<\/td><td>Liela Moss<\/td><td>Internal Working Model<\/td><td>Bella Union<\/td><td><\/td><\/tr><tr><td>13<\/td><td>Lucas Santtana<\/td><td>O Para\u200b\u00ed\u200bso<\/td><td>No Format!<\/td><td><\/td><\/tr><tr><td>13<\/td><td>Margo Price<\/td><td>Strays<\/td><td>Loma Vista<\/td><td><\/td><\/tr><tr><td>13<\/td><td>Memphis LK<\/td><td>Too Much Fun<\/td><td>Remote Control<\/td><td><\/td><\/tr><tr><td>13<\/td><td>Obituary<\/td><td>Dying of Everything<\/td><td>Rrelapse<\/td><td><\/td><\/tr><tr><td>13<\/td><td>Oliver Coates<\/td><td>Aftersun OST<\/td><td><\/td><td><\/td><\/tr><tr><td>13<\/td><td>Rozi Plain<\/td><td>Prize<\/td><td>Memphis Industries<\/td><td><\/td><\/tr><tr><td>13<\/td><td>Scott Cazan<\/td><td>Three<\/td><td>Superpang<\/td><td><\/td><\/tr><tr><td>13<\/td><td>Tachycardie<\/td><td>Autonomie Min\u00e9rale<\/td><td>Unjenesaisquoi<\/td><td><\/td><\/tr><tr><td>13<\/td><td>Takashi Kokubo &amp; Andrea Esperti<\/td><td>Music for a Cosmic Garden<\/td><td>WRWTFWW<\/td><td><\/td><\/tr><tr><td>13<\/td><td>The Subways<\/td><td>Uncertain Joys<\/td><td>Alcopop!<\/td><td><\/td><\/tr><tr><td>13<\/td><td>The Wise Man&#8217;s Fear<\/td><td>Atlas Ruinica<\/td><td><\/td><td><\/td><\/tr><tr><td>13<\/td><td>Tiago Sousa<\/td><td>Organic Music Tapes vol. 2<\/td><td>Discrepant<\/td><td><\/td><\/tr><tr><td>13<\/td><td>Tujiko Noriko<\/td><td>Cr\u200b\u00e9\u200bpuscule I &amp; II<\/td><td>Editions Mego<\/td><td><\/td><\/tr><tr><td>13<\/td><td>Velvet Negroni<\/td><td>Bulli<\/td><td>4AD<\/td><td><\/td><\/tr><tr><td>13<\/td><td>Ze\u00f1el<\/td><td>Zenel 5ive<\/td><td>Jazz Re:Freshed<\/td><td><\/td><\/tr><tr><td>14<\/td><td>Eiko Ishibashi \/ Jim O&#8217;Rourke<\/td><td>Live in Okayama<\/td><td><\/td><td><\/td><\/tr><tr><td>16<\/td><td>Tim Daisy \/ Erez Dessel<\/td><td>Open Spiral<\/td><td>Catalytic-Sound<\/td><td><\/td><\/tr><tr><td>16<\/td><td>Wudec<\/td><td>Missing Pages<\/td><td>Nagrania Somnambuliczne<\/td><td><\/td><\/tr><tr><td>17<\/td><td>Dave Rempis \/ Elisabeth Harnik \/ Fred Lonberg-Holm \/ Tim Daisy<\/td><td>Earscratcher<\/td><td>Catalytic-Sound<\/td><td><\/td><\/tr><tr><td>17<\/td><td>Ryuichi Sakamoto<\/td><td>&#8222;12&#8221;<\/td><td>Milan<\/td><td><\/td><\/tr><tr><td>18<\/td><td>Paul Lytton &amp; Ken Vandermark<\/td><td>Distant Cousins<\/td><td>Catalytic-Sound<\/td><td><\/td><\/tr><tr><td>18<\/td><td>\u015apiewacy z Baszkowa<\/td><td>Pie\u015bni za umar\u0142ym<\/td><td>In Crudo<\/td><td><\/td><\/tr><tr><td>18<\/td><td>Vladislav Delay<\/td><td>Hide Behind the Silence EP 1<\/td><td>Rajaton<\/td><td><\/td><\/tr><tr><td>19<\/td><td>Buck Curran<\/td><td>Immortal Light<\/td><td>Ramble<\/td><td><\/td><\/tr><tr><td>19<\/td><td>Francisco Mela featuring Cooper-Moore and William Parker<\/td><td>Music Frees Our Souls Vol. 2<\/td><td>577 records<\/td><td><\/td><\/tr><tr><td>20<\/td><td>Aidan Baker &amp; Sergio Sorrentin<\/td><td>And the Clouds Played the Guitar<\/td><td><\/td><td><\/td><\/tr><tr><td>20<\/td><td>Anders Jormin<\/td><td>Pasado en Claro<\/td><td>ECM<\/td><td><\/td><\/tr><tr><td>20<\/td><td>Andrew Cyrille<\/td><td>Music Delivery \/ Percussion<\/td><td>Intakt<\/td><td><\/td><\/tr><tr><td>20<\/td><td>Andrzej Korzy\u0144ski <\/td><td>Diabe\u0142 OST<\/td><td>Finders Keepers<\/td><td>arch<\/td><\/tr><tr><td>20<\/td><td>Art Ensemble of Chicago<\/td><td>The Sixth Decade &#8211; From Paris to Paris<\/td><td>RogueArt<\/td><td><\/td><\/tr><tr><td>20<\/td><td>Boldy James &amp; Richgains<\/td><td>Indiana Jones<\/td><td><\/td><td><\/td><\/tr><tr><td>20<\/td><td>Brainiac<\/td><td>The Predator Nominate<\/td><td>Touch and Go<\/td><td>EP<\/td><\/tr><tr><td>20<\/td><td>Christoph Irniger Pilgrim with Stefan Aeby, Dave Gisler, Raffaele Bossard and Michael Stulz<\/td><td>Ghost Cat<\/td><td>Intakt<\/td><td><\/td><\/tr><tr><td>20<\/td><td>Danny Arakaki<\/td><td>Tumble in Shade<\/td><td>Husky Pants<\/td><td><\/td><\/tr><tr><td>20<\/td><td>Dave Rowntree<\/td><td>Radio Songs<\/td><td>Cooking Vinyl<\/td><td><\/td><\/tr><tr><td>20<\/td><td>DRY THRUST &#8211; Graewe\/Siewert\/Kern<\/td><td>The Less You Sleep<\/td><td>Trost<\/td><td><\/td><\/tr><tr><td>20<\/td><td>Falling Forward<\/td><td>Let These Days Pass: The Complete Anthology 1991\u200b-\u200b1995<\/td><td>Temporary Residence<\/td><td><\/td><\/tr><tr><td>20<\/td><td>Fred Frith \/ Susana Santos Silva<\/td><td>Laying Demons to Rest<\/td><td>RogueArt<\/td><td><\/td><\/tr><tr><td>20<\/td><td>Gamut Inc.<\/td><td>Sum to Infinity<\/td><td>Morphine<\/td><td><\/td><\/tr><tr><td>20<\/td><td>Ghost Woman<\/td><td>Anne, If<\/td><td>Full Time Hobby<\/td><td><\/td><\/tr><tr><td>20<\/td><td>Glyders<\/td><td>Maria&#8217;s Hunt<\/td><td><\/td><td><\/td><\/tr><tr><td>20<\/td><td>Go\u0142\u0119bie<\/td><td>Ze s\u0142\u00f3w witra\u017ce<\/td><td><\/td><td><\/td><\/tr><tr><td>20<\/td><td>Imperium Dekadenz<\/td><td>Into Sorrow Evermore<\/td><td>Napalm<\/td><td><\/td><\/tr><tr><td>20<\/td><td>J.T. IV<\/td><td>The Future<\/td><td>Drag City<\/td><td>arch<\/td><\/tr><tr><td>20<\/td><td>John Cale<\/td><td>Mercy<\/td><td>Double Six<\/td><td><\/td><\/tr><tr><td>20<\/td><td>John Zorn<\/td><td>New Masada Quartet Volume Two<\/td><td>Tzadik<\/td><td><\/td><\/tr><tr><td>20<\/td><td>Judy Talk<\/td><td>Remember Never Before<\/td><td>Six Shooter <\/td><td><\/td><\/tr><tr><td>20<\/td><td>Kali Malone (featuring Stephen O\u2019Malley &amp; Lucy Railton)<\/td><td>Does Spring Hide Its Joy<\/td><td>Ideologic Organ<\/td><td><\/td><\/tr><tr><td>20<\/td><td>Katatonia<\/td><td>Sky Void of Stars<\/td><td><\/td><td><\/td><\/tr><tr><td>20<\/td><td>Kawashima \/ Mochizuki \/ Henritzi<\/td><td>Chinmoku wa ishikure ni yadoru bouryoku<\/td><td>Trost<\/td><td><\/td><\/tr><tr><td>20<\/td><td>Ladytron<\/td><td>Time&#8217;s Arrow<\/td><td>Cooking Vinyl<\/td><td><\/td><\/tr><tr><td>20<\/td><td>Laibach<\/td><td>Love I Still Alive EP<\/td><td><\/td><td><\/td><\/tr><tr><td>20<\/td><td>L\u00e5psley<\/td><td>Cautionary Tales of Youth<\/td><td>Believe<\/td><td><\/td><\/tr><tr><td>20<\/td><td>Lionel Marchett &amp; Decibel<\/td><td>Inland Lake (le lac int\u200b\u00e9\u200brieur)<\/td><td>Room40<\/td><td><\/td><\/tr><tr><td>20<\/td><td>Loadbang and Ekmeles with guests<\/td><td>The Consent of Sound and Meaning: Music of Eric Richards<\/td><td>New Focus<\/td><td><\/td><\/tr><tr><td>20<\/td><td>Mac DeMarco<\/td><td>Five Easy Hot Dogs<\/td><td>Mac&#8217;s Record Label<\/td><td><\/td><\/tr><tr><td>20<\/td><td>M\u00e5neskin<\/td><td>Rush!<\/td><td>Epic<\/td><td><\/td><\/tr><tr><td>20<\/td><td>Martina Bertoni<\/td><td>Hypnagogia<\/td><td>Karlrecords<\/td><td><\/td><\/tr><tr><td>20<\/td><td>Mette Heriette<\/td><td>Drifting<\/td><td>ECM<\/td><td><\/td><\/tr><tr><td>20<\/td><td>Mike Majkowski<\/td><td>Coast<\/td><td>Fragments Editions<\/td><td><\/td><\/tr><tr><td>20<\/td><td>New Found Glory<\/td><td>Make the Most of It<\/td><td>Revelation<\/td><td><\/td><\/tr><tr><td>20<\/td><td>Nighttime<\/td><td>Keeper Is the Heart<\/td><td>Ba Da Bing<\/td><td><\/td><\/tr><tr><td>20<\/td><td>Oddisee<\/td><td>To What End<\/td><td>Outer Note<\/td><td><\/td><\/tr><tr><td>20<\/td><td>Refree<\/td><td>El Espacio Entre<\/td><td>Glitterbeat<\/td><td><\/td><\/tr><tr><td>20<\/td><td>Riverside<\/td><td>ID.Entity<\/td><td><\/td><td><\/td><\/tr><tr><td>20<\/td><td>RM Francis<\/td><td>pedimos un mensaje<\/td><td>Superpang<\/td><td><\/td><\/tr><tr><td>20<\/td><td>Scalp<\/td><td>Black Tar<\/td><td>Closed Casket Activities<\/td><td><\/td><\/tr><tr><td>20<\/td><td>Simon Scott<\/td><td>Long Drove<\/td><td>Room40<\/td><td><\/td><\/tr><tr><td>20<\/td><td>Ted Reichman<\/td><td>Orgelwerke<\/td><td>Touch<\/td><td><\/td><\/tr><tr><td>20<\/td><td>The Bad Ends<\/td><td>The Power and the Glory<\/td><td>New West<\/td><td><\/td><\/tr><tr><td>20<\/td><td>The Murder Capital<\/td><td>Gigi&#8217;s Recovery<\/td><td>Human Season<\/td><td><\/td><\/tr><tr><td>20<\/td><td>Tribunal<\/td><td>The Weight of Remembrance<\/td><td>20 Buck Spin<\/td><td><\/td><\/tr><tr><td>20<\/td><td>VA<\/td><td>Further On: The Songs of Billy Conway<\/td><td><\/td><td><\/td><\/tr><tr><td>20<\/td><td>We Are Scientists<\/td><td>Lobes<\/td><td><\/td><td><\/td><\/tr><tr><td>20<\/td><td>you.GURU<\/td><td>Untouchable<\/td><td>Antena Krzyku<\/td><td><\/td><\/tr><tr><td>21<\/td><td>Laura Cannell<\/td><td>The Dovecote Sessions<\/td><td>Brawl<\/td><td><\/td><\/tr><tr><td>22<\/td><td>Emanuel Harrold<\/td><td>We da People <\/td><td>Gearbox<\/td><td><\/td><\/tr><tr><td>23<\/td><td>Ampscent<\/td><td>Nothing But the World<\/td><td>Zoharum<\/td><td><\/td><\/tr><tr><td>23<\/td><td>Brandkommando<\/td><td>&#8222;1989&#8221;<\/td><td>Zoharum<\/td><td><\/td><\/tr><tr><td>23<\/td><td>Deathprod<\/td><td>Compositions<\/td><td>Smalltown Supersound<\/td><td><\/td><\/tr><tr><td>23<\/td><td>Luciano Bagnasco<\/td><td>Procesos Cruzados<\/td><td>Ramble<\/td><td><\/td><\/tr><tr><td>23<\/td><td>Mark William Lewis<\/td><td>Living<\/td><td><\/td><td><\/td><\/tr><tr><td>23<\/td><td>Max W\u00fcrden<\/td><td>Landmark<\/td><td>A Strangely Isolated Place<\/td><td><\/td><\/tr><tr><td>23<\/td><td>Mike Nyoni &amp; Born Free<\/td><td>My Own Thing<\/td><td>Now-Again<\/td><td>arch<\/td><\/tr><tr><td>23<\/td><td>Paternoster<\/td><td>The Ersten Tage<\/td><td>Now-Again<\/td><td>arch<\/td><\/tr><tr><td>25<\/td><td>AR . MA<\/td><td>509 Kilometr<\/td><td>Father and Son Records &amp; Tapes<\/td><td><\/td><\/tr><tr><td>25<\/td><td>Koki Nakano<\/td><td>Soft Sculptures<\/td><td>No Format<\/td><td><\/td><\/tr><tr><td>25<\/td><td>Pod\u0142oga<\/td><td>EP 1\/4<\/td><td><\/td><td><\/td><\/tr><tr><td>26<\/td><td>Christopher Haworth<\/td><td>Auditory Distorion Synthesis<\/td><td>Superpang<\/td><td><\/td><\/tr><tr><td>26<\/td><td>Otto Sidharta<\/td><td>Kajang<\/td><td>Sub Rosa<\/td><td><\/td><\/tr><tr><td>26<\/td><td>VA<\/td><td>Tickets For Doomsday: Heavy Psychedelic Funk &amp; Soul Ballads and Dirges 1970\u200b-\u200b1975<\/td><td>Now-Again<\/td><td>arch<\/td><\/tr><tr><td>27<\/td><td>&#8230;And Oceans<\/td><td>As In Gardens, So In Tombs<\/td><td>Season of Mists<\/td><td><\/td><\/tr><tr><td>27<\/td><td>Asher<\/td><td>Automatism<\/td><td>Room40<\/td><td><\/td><\/tr><tr><td>27<\/td><td>Asher Tuil<\/td><td>Automatism<\/td><td>Room40<\/td><td><\/td><\/tr><tr><td>27<\/td><td>Ava Max<\/td><td>Diamonds &amp; Dabcefloors<\/td><td>Atlantic<\/td><td><\/td><\/tr><tr><td>27<\/td><td>Bass Drum of Death<\/td><td>Say I Won&#8217;t <\/td><td>Fat Possum<\/td><td><\/td><\/tr><tr><td>27<\/td><td>Bob Dylan<\/td><td>The Bootleg Series Vol. 17: Fragments &#8211; Time Out of Mind Sessions (1996-1997)<\/td><td>Columbia<\/td><td><\/td><\/tr><tr><td>27<\/td><td>Brian Eno<\/td><td>Lux 1<\/td><td>Universal<\/td><td>EP<\/td><\/tr><tr><td>27<\/td><td>Burnt Friedman<\/td><td>Hexenschuss<\/td><td>Nonplace<\/td><td><\/td><\/tr><tr><td>27<\/td><td>Christine Correa<\/td><td>Just You Stand and Listen with Me<\/td><td>Sunnyside<\/td><td><\/td><\/tr><tr><td>27<\/td><td>Complete Mountain Almanac<\/td><td>Complete Mountain Almanac<\/td><td>Bella Union<\/td><td><\/td><\/tr><tr><td>27<\/td><td>Cristobal Tapia De Veer<\/td><td>The White Lotus  OST<\/td><td>WRWTFWW<\/td><td><\/td><\/tr><tr><td>27<\/td><td>Crosslegged<\/td><td>Another Blue<\/td><td><\/td><td><\/td><\/tr><tr><td>27<\/td><td>Dariusz Kozakiewicz<\/td><td>Krokodyl<\/td><td>Agencja Muzyczna Polskiego Radia<\/td><td><\/td><\/tr><tr><td>27<\/td><td>Dobrawa Czocher<\/td><td>Dreamscapes<\/td><td>Modern\/BMG<\/td><td><\/td><\/tr><tr><td>27<\/td><td>Eagle-Eye Cherry<\/td><td>Back On Track<\/td><td>Playground<\/td><td><\/td><\/tr><tr><td>27<\/td><td>Fucked Up<\/td><td>One Day<\/td><td>Merge<\/td><td><\/td><\/tr><tr><td>27<\/td><td>Golia \/ Shiroishi \/ Sikora \/ Skrowaczewski \/ Wedman \/ Zappa<\/td><td>HelMel<\/td><td>Fort Evil Fruit<\/td><td><\/td><\/tr><tr><td>27<\/td><td>Hen Ogledd<\/td><td>Bronze<\/td><td>Drag City<\/td><td>reed<\/td><\/tr><tr><td>27<\/td><td>Hen Ogledd<\/td><td>Hen Ogledd<\/td><td>Drag City<\/td><td>reed<\/td><\/tr><tr><td>27<\/td><td>Ibukun Sunday<\/td><td>PSALM010: Mantra<\/td><td>Phantom Limb<\/td><td><\/td><\/tr><tr><td>27<\/td><td>Incanus<\/td><td>Long Gone Leisures<\/td><td>Antenna Non Grata<\/td><td><\/td><\/tr><tr><td>27<\/td><td>J. Rocc<\/td><td>Beatitudes<\/td><td>Stones Throw<\/td><td><\/td><\/tr><tr><td>27<\/td><td>Jo Johnson<\/td><td>The Wave Ahead<\/td><td>Mysteries of the Deep<\/td><td><\/td><\/tr><tr><td>27<\/td><td>Joe Henry<\/td><td>All The Eye Can See<\/td><td><\/td><td><\/td><\/tr><tr><td>27<\/td><td>Kimbra<\/td><td>A Reckoning<\/td><td><\/td><td><\/td><\/tr><tr><td>27<\/td><td>King Tuff<\/td><td>Smalltown Stardust<\/td><td>Sub Pop<\/td><td><\/td><\/tr><tr><td>27<\/td><td>King Vision Ultra<\/td><td>Shook World (hosted by Algiers)<\/td><td>PTP<\/td><td><\/td><\/tr><tr><td>27<\/td><td>Lakecia Benjamin<\/td><td>Phoenix<\/td><td>Whirlwinds<\/td><td><\/td><\/tr><tr><td>27<\/td><td>Le Cri du Caire<\/td><td>Le Cri du Caire<\/td><td>Les Disques du Festival Permanent<\/td><td><\/td><\/tr><tr><td>27<\/td><td>Lil Yachty<\/td><td>Let&#8217;s Start Here<\/td><td>Quality Control<\/td><td><\/td><\/tr><tr><td>27<\/td><td>Lilicox<\/td><td>Drums (Lata)<\/td><td>Principe<\/td><td><\/td><\/tr><tr><td>27<\/td><td>Little North<\/td><td>Wide Open<\/td><td>April<\/td><td><\/td><\/tr><tr><td>27<\/td><td>Matthias Puech<\/td><td>Mt. Hadamard National Park<\/td><td>Hallow Ground<\/td><td><\/td><\/tr><tr><td>27<\/td><td>Meg Baird<\/td><td>Furling<\/td><td>Drag City<\/td><td><\/td><\/tr><tr><td>27<\/td><td>Molly Joyce<\/td><td>Perspective: Open Arms EP<\/td><td>New Amsterdam<\/td><td><\/td><\/tr><tr><td>27<\/td><td>Nabat\u00e9 Isles<\/td><td>En motion<\/td><td>Ropeadope<\/td><td><\/td><\/tr><tr><td>27<\/td><td>Nat Birchall<\/td><td>The Infinite<\/td><td><\/td><td><\/td><\/tr><tr><td>27<\/td><td>Oozing Wound<\/td><td>We Cater to Cowards<\/td><td>Thrill Jockey<\/td><td><\/td><\/tr><tr><td>27<\/td><td>Phil Ranelin, Wendell Harrison, Adrian Younge, Ali Shaheed Muhammad<\/td><td>Phil Ranelin and Wendell Harrison JID016<\/td><td>Jazz Is Dead<\/td><td><\/td><\/tr><tr><td>27<\/td><td>Postar Benny<\/td><td>University!<\/td><td>True Panther<\/td><td><\/td><\/tr><tr><td>27<\/td><td>Purple Decades<\/td><td>Journey Test<\/td><td>Beacon Sound<\/td><td><\/td><\/tr><tr><td>27<\/td><td>R. RIng<\/td><td>War Poems, We Rested<\/td><td>Don Giovanni<\/td><td><\/td><\/tr><tr><td>27<\/td><td>Red Axes<\/td><td>The Phantasy Collection (vol. 1)<\/td><td>Phantasy Sound<\/td><td><\/td><\/tr><tr><td>27<\/td><td>Rian Treanor &amp; Ocen James<\/td><td>Saccades<\/td><td>Nyege Nyege Tapes<\/td><td><\/td><\/tr><tr><td>27<\/td><td>Sam Smith<\/td><td>Gloria<\/td><td><\/td><td><\/td><\/tr><tr><td>27<\/td><td>Samia<\/td><td>Honey<\/td><td>Grand Jury<\/td><td><\/td><\/tr><tr><td>27<\/td><td>Scott L. Miller &amp; Zeitgeist<\/td><td>Coincident<\/td><td>New Focus<\/td><td><\/td><\/tr><tr><td>27<\/td><td>SG Lewis<\/td><td>AudioLust &amp; HigherLove<\/td><td>PMR<\/td><td><\/td><\/tr><tr><td>27<\/td><td>Sightless Pit<\/td><td>Lockstep Bloodwar<\/td><td>Thrill Jockey<\/td><td><\/td><\/tr><tr><td>27<\/td><td>Stefan Shkimba &amp; Co.<\/td><td>Lemko Wedding and Life\u200b-\u200bSketches: Carpatho\u200b-\u200bRusyns in New York, April 1928 &#8211; Sept. 1930<\/td><td>Canary<\/td><td><\/td><\/tr><tr><td>27<\/td><td>The Arcs<\/td><td>Electrophonic Chronic<\/td><td>Easy Eye Sound<\/td><td><\/td><\/tr><tr><td>27<\/td><td>The Happiness &amp; Derek Clegg<\/td><td>This Is Your Life<\/td><td><\/td><td><\/td><\/tr><tr><td>27<\/td><td>The Tubs<\/td><td>Dead Meat<\/td><td>Trouble In Mind<\/td><td><\/td><\/tr><tr><td>27<\/td><td>Tim Hecker<\/td><td>Infinity Pool<\/td><td>Milan<\/td><td><\/td><\/tr><tr><td>27<\/td><td>Vusi Mahlasela, Norman Zulu and Jive Connection<\/td><td>Face to Face<\/td><td>Strut<\/td><td>arch<\/td><\/tr><tr><td>27<\/td><td>White Reaper<\/td><td>Asking for a Ride<\/td><td>Elektra<\/td><td><\/td><\/tr><tr><td>27<\/td><td>Witch<\/td><td>Waile<\/td><td><\/td><td><\/td><\/tr><tr><td>27<\/td><td>Wojciech Kucharczyk<\/td><td>Fake Scores volume 1 &#8211; &#8222;The Whole&#8221;<\/td><td>Mik.Musik.!.<\/td><td><\/td><\/tr><tr><td>28<\/td><td>Don Cherry &amp; Jean Schwarz<\/td><td>Roundtrip (1977)<\/td><td>Transversales<\/td><td>arch<\/td><\/tr><tr><td>30<\/td><td>Evita Manji<\/td><td>Spandrel?<\/td><td>PAN<\/td><td><\/td><\/tr><tr><td>30<\/td><td>Hollie Kenniff<\/td><td>All Have Places That We Miss<\/td><td>Western Vinyl<\/td><td><\/td><\/tr><tr><td>31<\/td><td>Gorgonn<\/td><td>Six Paths<\/td><td>SVBKVLT<\/td><td><\/td><\/tr><tr><td>31<\/td><td>Grant Chapman<\/td><td>Indentations<\/td><td>Metron<\/td><td><\/td><\/tr><\/tbody><\/table>\n","protected":false},"excerpt":{"rendered":"<p>1 Bisz Ulisses PchamyTenSyf 1 Canine Callgirls Feline Textboys 1 Earth Even Hell Has Its Heroes Thrones and Dominions 1 Jason Moran From the Dancehall to the Battlefield Yes 1 M.O.O.N. Waste Away EP 1 Moby ambient23 1 Oedipus Apartment Complex The Blissful Sounds of Miracula 2 Audry Undisclosed Advertising &amp; End Credits 2 Chris [&hellip;]<\/p>\n","protected":false},"author":1,"featured_media":0,"parent":31418,"menu_order":0,"comment_status":"closed","ping_status":"closed","template":"","meta":{"footnotes":""},"_links":{"self":[{"href":"https:\/\/blog.polityka.pl\/polifonia\/wp-json\/wp\/v2\/pages\/35991"}],"collection":[{"href":"https:\/\/blog.polityka.pl\/polifonia\/wp-json\/wp\/v2\/pages"}],"about":[{"href":"https:\/\/blog.polityka.pl\/polifonia\/wp-json\/wp\/v2\/types\/page"}],"author":[{"embeddable":true,"href":"https:\/\/blog.polityka.pl\/polifonia\/wp-json\/wp\/v2\/users\/1"}],"replies":[{"embeddable":true,"href":"https:\/\/blog.polityka.pl\/polifonia\/wp-json\/wp\/v2\/comments?post=35991"}],"version-history":[{"count":5,"href":"https:\/\/blog.polityka.pl\/polifonia\/wp-json\/wp\/v2\/pages\/35991\/revisions"}],"predecessor-version":[{"id":36388,"href":"https:\/\/blog.polityka.pl\/polifonia\/wp-json\/wp\/v2\/pages\/35991\/revisions\/36388"}],"up":[{"embeddable":true,"href":"https:\/\/blog.polityka.pl\/polifonia\/wp-json\/wp\/v2\/pages\/31418"}],"wp:attachment":[{"href":"https:\/\/blog.polityka.pl\/polifonia\/wp-json\/wp\/v2\/media?parent=35991"}],"curies":[{"name":"wp","href":"https:\/\/api.w.org\/{rel}","templated":true}]}}