
{"id":35993,"date":"2023-01-04T09:25:05","date_gmt":"2023-01-04T08:25:05","guid":{"rendered":"http:\/\/polifonia.blog.polityka.pl\/?page_id=35993"},"modified":"2023-01-04T09:25:17","modified_gmt":"2023-01-04T08:25:17","slug":"podsumowanie-2022","status":"publish","type":"page","link":"https:\/\/blog.polityka.pl\/polifonia\/podsumowanie-2022\/","title":{"rendered":"PODSUMOWANIE 2022"},"content":{"rendered":"<p><strong><a href=\"https:\/\/polifonia.blog.polityka.pl\/2023\/01\/02\/50-plyt-roku-2022\/\">50 p\u0142yt roku 2022<\/a><\/strong><\/p>\n<p><strong><a href=\"https:\/\/polifonia.blog.polityka.pl\/2022\/12\/30\/25-plyt-roku-2022-archiwalia-reedycje-kompilacje\/\">25 p\u0142yt roku: archiwalia, kompilacje, reedycje<\/a><\/strong><\/p>\n<p><a href=\"https:\/\/polifonia.blog.polityka.pl\/2022\/12\/28\/rok-2022-10-uwag-koncowych\/\"><strong>Rok 2022 &#8211; 10 uwag ko\u0144cowych<\/strong><\/a><\/p>\n<p><strong>Postacie roku (osobne wpisy):<\/strong><br \/>\n<a href=\"https:\/\/polifonia.blog.polityka.pl\/2022\/12\/14\/postacie-roku-inflo\/\">Inflo\u00a0<\/a><br \/>\n<a href=\"https:\/\/polifonia.blog.polityka.pl\/2022\/12\/20\/postacie-roku-hubert-zemler\/\">Hubert Zemler<\/a><br \/>\n<a href=\"https:\/\/polifonia.blog.polityka.pl\/2022\/12\/27\/poastacie-roku-jeff-parker\/\">Jeff Parker<\/a><br \/>\n<a href=\"https:\/\/polifonia.blog.polityka.pl\/2022\/12\/22\/postacie-roku-louis-cole\/\">Louis Cole<\/a><br \/>\n<a href=\"https:\/\/polifonia.blog.polityka.pl\/2022\/12\/12\/postacie-roku-zoh-amba\/\">Zoh Amba<\/a><\/p>\n","protected":false},"excerpt":{"rendered":"<p>50 p\u0142yt roku 2022 25 p\u0142yt roku: archiwalia, kompilacje, reedycje Rok 2022 &#8211; 10 uwag ko\u0144cowych Postacie roku (osobne wpisy): Inflo\u00a0 Hubert Zemler Jeff Parker Louis Cole Zoh Amba<\/p>\n","protected":false},"author":1,"featured_media":0,"parent":0,"menu_order":0,"comment_status":"closed","ping_status":"closed","template":"","meta":{"footnotes":""},"_links":{"self":[{"href":"https:\/\/blog.polityka.pl\/polifonia\/wp-json\/wp\/v2\/pages\/35993"}],"collection":[{"href":"https:\/\/blog.polityka.pl\/polifonia\/wp-json\/wp\/v2\/pages"}],"about":[{"href":"https:\/\/blog.polityka.pl\/polifonia\/wp-json\/wp\/v2\/types\/page"}],"author":[{"embeddable":true,"href":"https:\/\/blog.polityka.pl\/polifonia\/wp-json\/wp\/v2\/users\/1"}],"replies":[{"embeddable":true,"href":"https:\/\/blog.polityka.pl\/polifonia\/wp-json\/wp\/v2\/comments?post=35993"}],"version-history":[{"count":2,"href":"https:\/\/blog.polityka.pl\/polifonia\/wp-json\/wp\/v2\/pages\/35993\/revisions"}],"predecessor-version":[{"id":35995,"href":"https:\/\/blog.polityka.pl\/polifonia\/wp-json\/wp\/v2\/pages\/35993\/revisions\/35995"}],"wp:attachment":[{"href":"https:\/\/blog.polityka.pl\/polifonia\/wp-json\/wp\/v2\/media?parent=35993"}],"curies":[{"name":"wp","href":"https:\/\/api.w.org\/{rel}","templated":true}]}}