
{"id":3958,"date":"2013-01-07T18:27:18","date_gmt":"2013-01-07T16:27:18","guid":{"rendered":"http:\/\/polifonia.blog.polityka.pl\/"},"modified":"2013-01-14T13:23:22","modified_gmt":"2013-01-14T11:23:22","slug":"podsumowanie-2012","status":"publish","type":"page","link":"https:\/\/blog.polityka.pl\/polifonia\/podsumowanie-2012\/","title":{"rendered":"PODSUMOWANIE 2012"},"content":{"rendered":"<p><a href=\"\/wp-content\/uploads\/2013\/01\/swans_cover.jpg\"><img loading=\"lazy\" decoding=\"async\" class=\"aligncenter size-full wp-image-3959\" title=\"swans_cover\" src=\"\/wp-content\/uploads\/2013\/01\/swans_cover.jpg\" alt=\"\" width=\"500\" height=\"333\" srcset=\"\/polifonia\/wp-content\/uploads\/2013\/01\/swans_cover.jpg 500w, \/polifonia\/wp-content\/uploads\/2013\/01\/swans_cover-300x199.jpg 300w\" sizes=\"(max-width: 500px) 100vw, 500px\" \/><\/a><\/p>\n<p style=\"text-align: center;\"><a href=\"http:\/\/polifonia.blog.polityka.pl\/2013\/01\/07\/plyty-roku-2012-swiat\/\">P\u0142yty roku 2012 &#8211; \u015bwiat<\/a><br \/>\n<a href=\"http:\/\/polifonia.blog.polityka.pl\/2013\/01\/04\/plyty-roku-2012-polska\/\"> P\u0142yty roku 2012 &#8211; Polska<\/a><br \/>\n<a href=\"http:\/\/polifonia.blog.polityka.pl\/2013\/01\/02\/plyty-roku-2012-nagrania-archiwalne\/\"> P\u0142yty roku 2012 &#8211; nagrania archiwalne<\/a><br \/>\n<a href=\"http:\/\/polifonia.blog.polityka.pl\/2013\/01\/14\/plyty-roku-2012-muzyka-uzytkowa\/\">P\u0142yty roku 2012 &#8211; muzyka&#8230; u\u017cytkowa<\/a><br \/>\n<a href=\"http:\/\/chacinski.wordpress.com\/2013\/01\/07\/najladniejsze-winyle-2012\/\"> Najpi\u0119kniejsze winyle 2012<\/a><br \/>\n<a href=\"http:\/\/polifonia.blog.polityka.pl\/2012\/12\/31\/rok-2012-w-muzyce-12-uwag-koncowych\/\"> Rok 2012 w muzyce &#8211; 12 uwag ko\u0144cowych<\/a><\/p>\n","protected":false},"excerpt":{"rendered":"<p>P\u0142yty roku 2012 &#8211; \u015bwiat P\u0142yty roku 2012 &#8211; Polska P\u0142yty roku 2012 &#8211; nagrania archiwalne P\u0142yty roku 2012 &#8211; muzyka&#8230; u\u017cytkowa Najpi\u0119kniejsze winyle 2012 Rok 2012 w muzyce &#8211; 12 uwag ko\u0144cowych<\/p>\n","protected":false},"author":1,"featured_media":0,"parent":0,"menu_order":0,"comment_status":"open","ping_status":"open","template":"","meta":{"footnotes":""},"_links":{"self":[{"href":"https:\/\/blog.polityka.pl\/polifonia\/wp-json\/wp\/v2\/pages\/3958"}],"collection":[{"href":"https:\/\/blog.polityka.pl\/polifonia\/wp-json\/wp\/v2\/pages"}],"about":[{"href":"https:\/\/blog.polityka.pl\/polifonia\/wp-json\/wp\/v2\/types\/page"}],"author":[{"embeddable":true,"href":"https:\/\/blog.polityka.pl\/polifonia\/wp-json\/wp\/v2\/users\/1"}],"replies":[{"embeddable":true,"href":"https:\/\/blog.polityka.pl\/polifonia\/wp-json\/wp\/v2\/comments?post=3958"}],"version-history":[{"count":2,"href":"https:\/\/blog.polityka.pl\/polifonia\/wp-json\/wp\/v2\/pages\/3958\/revisions"}],"predecessor-version":[{"id":3977,"href":"https:\/\/blog.polityka.pl\/polifonia\/wp-json\/wp\/v2\/pages\/3958\/revisions\/3977"}],"wp:attachment":[{"href":"https:\/\/blog.polityka.pl\/polifonia\/wp-json\/wp\/v2\/media?parent=3958"}],"curies":[{"name":"wp","href":"https:\/\/api.w.org\/{rel}","templated":true}]}}