
{"id":40551,"date":"2023-11-28T19:30:20","date_gmt":"2023-11-28T18:30:20","guid":{"rendered":"http:\/\/polifonia.blog.polityka.pl\/?page_id=40551"},"modified":"2024-01-12T09:07:16","modified_gmt":"2024-01-12T08:07:16","slug":"premiery-12-2023","status":"publish","type":"page","link":"https:\/\/blog.polityka.pl\/polifonia\/stare-premiery\/premiery-12-2023\/","title":{"rendered":"PREMIERY 12.2023"},"content":{"rendered":"\n<table class=\"wp-block-table\"><tbody><tr><td>9<\/td><td>ELECTR0BATH<\/td><td>Antenna<\/td><td>Antenna Non Grata<\/td><td>MC, DL<\/td><\/tr><tr><td>9<\/td><td>Schrottersburg<\/td><td>Kosmogonia<\/td><td>Zoharum<\/td><td><\/td><\/tr><tr><td>10<\/td><td>THX1312<\/td><td>Re-Escalation Training<\/td><td>Deathbomb Arc<\/td><td><\/td><\/tr><tr><td>12<\/td><td>Dau<\/td><td>Gilly&#8217;s Wood<\/td><td>Phantom Limb<\/td><td><\/td><\/tr><tr><td>12<\/td><td>Igorilla<\/td><td>Byty subtelne<\/td><td>Elektra<\/td><td><\/td><\/tr><tr><td>12<\/td><td>Industry Standard<\/td><td>Optimal \/ 2<\/td><td><\/td><td><\/td><\/tr><tr><td>12<\/td><td>Valentina Magaletti, Steve Beresford, Pierpaolo Martino<\/td><td>Naize<\/td><td><\/td><td><\/td><\/tr><tr><td>13<\/td><td>Mirt<\/td><td>Bangkok Protests<\/td><td>Saamleng<\/td><td><\/td><\/tr><tr><td>14<\/td><td>Pezet<\/td><td>Abstrakt EP<\/td><td><\/td><td><\/td><\/tr><tr><td>14<\/td><td>VA<\/td><td>Music for Siam<\/td><td>Erased Tapes<\/td><td><\/td><\/tr><tr><td>15<\/td><td>Ambrose Akinmusire<\/td><td>Owl Song<\/td><td>Origami Harvest<\/td><td><\/td><\/tr><tr><td>15<\/td><td>Ang\u00e9lica Salvi, Ece Canl\u0131, Jo\u00e3o Pais Filipe e Pedro Augusto<\/td><td>Ang\u00e9lica Salvi, Ece Canl\u0131, Jo\u00e3o Pais Filipe e Pedro Augusto<\/td><td>Lovers &amp; Lollypops<\/td><td><\/td><\/tr><tr><td>15<\/td><td>Artur Rumi\u0144ski<\/td><td>Poczt\u00f3wki<\/td><td>Szara Reneta<\/td><td><\/td><\/tr><tr><td>15<\/td><td>aus &amp; Danny Norbury<\/td><td>Better Late Than Never<\/td><td>Facture<\/td><td><\/td><\/tr><tr><td>15<\/td><td>Bahareh Fayazi &amp; Asareh Shek<\/td><td>Nasim-e Sahar<\/td><td>Little Axe<\/td><td><\/td><\/tr><tr><td>15<\/td><td>Bas<\/td><td>We Only Talk About Real Shit When We\u2019re Fucked Up<\/td><td>Dreamville<\/td><td><\/td><\/tr><tr><td>15<\/td><td>Bersarin Quartett <\/td><td>Systeme <\/td><td>Denovali<\/td><td><\/td><\/tr><tr><td>15<\/td><td>Brenda i Funky<\/td><td>Cybernetyczne igraszki<\/td><td>Syf Records<\/td><td><\/td><\/tr><tr><td>15<\/td><td>Christopher Bissonnette<\/td><td>In a Second Floor Window<\/td><td>12k<\/td><td><\/td><\/tr><tr><td>15<\/td><td>Elisabeth Harnik &amp; Steve Swell<\/td><td>Welcome to the Tropsphere<\/td><td>Fundacja S\u0142uchaj<\/td><td><\/td><\/tr><tr><td>15<\/td><td>Evelyn Glennie &amp; Szilard Mezei POLAR Quartet<\/td><td>Capt&#8217;s Look<\/td><td>Fundacja S\u0142uchaj<\/td><td><\/td><\/tr><tr><td>15<\/td><td>Finlay Clark<\/td><td>Sicko<\/td><td>AD93<\/td><td><\/td><\/tr><tr><td>15<\/td><td>Hannibal Chew IV<\/td><td>Loros Locos (Sinfon\u200b\u00ed\u200bas Destrozadas en Tenerife)<\/td><td>Discrepant<\/td><td><\/td><\/tr><tr><td>15<\/td><td>J Fisher<\/td><td>Civic Tape<\/td><td>Deathbomb Arc<\/td><td><\/td><\/tr><tr><td>15<\/td><td>Jacek Mielcarek Kwartet BASMyT<\/td><td>Coraz<\/td><td>Audio Cave<\/td><td>CD\/DL<\/td><\/tr><tr><td>15<\/td><td>Jake Hill<\/td><td>So Much for Closure<\/td><td><\/td><td>EP<\/td><\/tr><tr><td>15<\/td><td>Joe Fonda feat. Anthony Braxton Brenda Bufalino, Herb Robertson, Vickie Dodd, Grisha Alexiev<\/td><td>From the Source<\/td><td>Fundacja S\u0142uchaj<\/td><td><\/td><\/tr><tr><td>15<\/td><td>Joshua Hyde and Ben Carey<\/td><td>Fault Lines<\/td><td>Superpang<\/td><td><\/td><\/tr><tr><td>15<\/td><td>Justyna Steczkowska<\/td><td>Steczkowska Demarczyk<\/td><td>Royal Concert\/JS Music<\/td><td><\/td><\/tr><tr><td>15<\/td><td>Manongo Mujica<\/td><td>Ritual sonoro para ruinas circulares<\/td><td>Buh<\/td><td><\/td><\/tr><tr><td>15<\/td><td>Marmur<\/td><td>Doom Service<\/td><td>Szara Reneta<\/td><td><\/td><\/tr><tr><td>15<\/td><td>Marthe Lea Band<\/td><td>Herlighetens Vei<\/td><td>Motvind<\/td><td><\/td><\/tr><tr><td>15<\/td><td>\u00f8jeRum<\/td><td>Your Soft Absence<\/td><td>Room40<\/td><td><\/td><\/tr><tr><td>15<\/td><td>Olion<\/td><td>Hagla<\/td><td>Antenna Non Grata<\/td><td>MC, DL<\/td><\/tr><tr><td>15<\/td><td>Russ Johnson \/ Tim Daisy \/ Max Johnson<\/td><td>Live at the Hungry Brain<\/td><td>Fundacja S\u0142uchaj<\/td><td><\/td><\/tr><tr><td>15<\/td><td>Ryosuka Miyata<\/td><td>Sanatorium<\/td><td>Lontano Series<\/td><td><\/td><\/tr><tr><td>15<\/td><td>Tatsuro Murakami<\/td><td>in\/naka<\/td><td>Lontano Series<\/td><td><\/td><\/tr><tr><td>15<\/td><td>Wishy <\/td><td>Paradise<\/td><td>Winspear<\/td><td><\/td><\/tr><tr><td>15<\/td><td>\ubc15\ud61c\uc9c4 Park Hye Jin<\/td><td>Sail the Seven Seas<\/td><td><\/td><td><\/td><\/tr><\/tbody><\/table>\n","protected":false},"excerpt":{"rendered":"<p>9 ELECTR0BATH Antenna Antenna Non Grata MC, DL 9 Schrottersburg Kosmogonia Zoharum 10 THX1312 Re-Escalation Training Deathbomb Arc 12 Dau Gilly&#8217;s Wood Phantom Limb 12 Igorilla Byty subtelne Elektra 12 Industry Standard Optimal \/ 2 12 Valentina Magaletti, Steve Beresford, Pierpaolo Martino Naize 13 Mirt Bangkok Protests Saamleng 14 Pezet Abstrakt EP 14 VA Music [&hellip;]<\/p>\n","protected":false},"author":1,"featured_media":0,"parent":31418,"menu_order":0,"comment_status":"closed","ping_status":"closed","template":"","meta":{"footnotes":""},"_links":{"self":[{"href":"https:\/\/blog.polityka.pl\/polifonia\/wp-json\/wp\/v2\/pages\/40551"}],"collection":[{"href":"https:\/\/blog.polityka.pl\/polifonia\/wp-json\/wp\/v2\/pages"}],"about":[{"href":"https:\/\/blog.polityka.pl\/polifonia\/wp-json\/wp\/v2\/types\/page"}],"author":[{"embeddable":true,"href":"https:\/\/blog.polityka.pl\/polifonia\/wp-json\/wp\/v2\/users\/1"}],"replies":[{"embeddable":true,"href":"https:\/\/blog.polityka.pl\/polifonia\/wp-json\/wp\/v2\/comments?post=40551"}],"version-history":[{"count":5,"href":"https:\/\/blog.polityka.pl\/polifonia\/wp-json\/wp\/v2\/pages\/40551\/revisions"}],"predecessor-version":[{"id":41170,"href":"https:\/\/blog.polityka.pl\/polifonia\/wp-json\/wp\/v2\/pages\/40551\/revisions\/41170"}],"up":[{"embeddable":true,"href":"https:\/\/blog.polityka.pl\/polifonia\/wp-json\/wp\/v2\/pages\/31418"}],"wp:attachment":[{"href":"https:\/\/blog.polityka.pl\/polifonia\/wp-json\/wp\/v2\/media?parent=40551"}],"curies":[{"name":"wp","href":"https:\/\/api.w.org\/{rel}","templated":true}]}}