
{"id":41385,"date":"2024-01-12T09:05:01","date_gmt":"2024-01-12T08:05:01","guid":{"rendered":"http:\/\/polifonia.blog.polityka.pl\/?page_id=41385"},"modified":"2024-01-27T21:55:04","modified_gmt":"2024-01-27T20:55:04","slug":"premiery-01-2024","status":"publish","type":"page","link":"https:\/\/blog.polityka.pl\/polifonia\/premiery-01-2024\/","title":{"rendered":"PREMIERY 01.2024"},"content":{"rendered":"\n<table class=\"wp-block-table\"><tbody><tr><td>1<\/td><td>Build<\/td><td>Orienting Points<\/td><td>Audiobulb<\/td><td><\/td><\/tr><tr><td>1<\/td><td>Sea + I<\/td><td>Anew<\/td><td>Home Normal<\/td><td><\/td><\/tr><tr><td>1<\/td><td>Suavas Lewy<\/td><td>Nowy Rok w rezerwacie<\/td><td>Nasze Nagrania<\/td><td><\/td><\/tr><tr><td>1<\/td><td>Whatever Heaven<\/td><td>The Divine Right Of Kings<\/td><td>Anxiety Blanket<\/td><td>EP<\/td><\/tr><tr><td>2<\/td><td>Gumshoes <\/td><td>Cacophony<\/td><td><\/td><td><\/td><\/tr><tr><td>2<\/td><td>Pye Corner Audio<\/td><td>Prowler<\/td><td><\/td><td><\/td><\/tr><tr><td>3<\/td><td>Benjam\u00edn Vergara &amp; Amanda Irarr\u00e1zabal<\/td><td>\u00faltimo sosiego<\/td><td>577 Records<\/td><td><\/td><\/tr><tr><td>3<\/td><td>Woodstock Work Band<\/td><td>Armed and Dangerous<\/td><td>ESP-Disk<\/td><td><\/td><\/tr><tr><td>5<\/td><td>Frunk29<\/td><td>Sequentia<\/td><td>Not Not Fun<\/td><td><\/td><\/tr><tr><td>5<\/td><td>Hannah Kaminer<\/td><td>Heavy on the Vine<\/td><td>Bruce &amp; Neville<\/td><td><\/td><\/tr><tr><td>5<\/td><td>Ian Hawgood &amp; Wil Bolton<\/td><td>Floral Forms and Subsequent Interactions<\/td><td>Home Normal<\/td><td><\/td><\/tr><tr><td>5<\/td><td>Mario Luciano &amp; Lauren Santi<\/td><td>Shades of Mauve<\/td><td>Madlib Invazion<\/td><td><\/td><\/tr><tr><td>5<\/td><td>Oval<\/td><td>Now \/ Never \/ Whenever Vol\u200b.\u200b3<\/td><td>Uovooo<\/td><td><\/td><\/tr><tr><td>5<\/td><td>Phil Geraldi<\/td><td>AM\u200b\/\u200bFM USA<\/td><td>Not Not Fun<\/td><td><\/td><\/tr><tr><td>5<\/td><td>Pile<\/td><td>Hot Air Balloon EP<\/td><td>Exploding in Sound<\/td><td><\/td><\/tr><tr><td>5<\/td><td>Rogo &amp; Jan Faix<\/td><td>Makutra Dub<\/td><td>Poli5<\/td><td><\/td><\/tr><tr><td>5<\/td><td>Sprints<\/td><td>Letter to Self<\/td><td>City Slang<\/td><td><\/td><\/tr><tr><td>5<\/td><td>Stan Zapalny<\/td><td>Moje momenty EP<\/td><td>Magic<\/td><td><\/td><\/tr><tr><td>6<\/td><td>Anna Calvi<\/td><td>Peaky Blinders: Season 5 &amp; 6 (Original Score)<\/td><td><\/td><td><\/td><\/tr><tr><td>6<\/td><td>Philip Glass<\/td><td>Philip Glass Solo<\/td><td>Orange Mountain<\/td><td><\/td><\/tr><tr><td>7<\/td><td>Atom&#x2122;<\/td><td>Stations I<\/td><td>NN<\/td><td><\/td><\/tr><tr><td>8<\/td><td>Ab Baars, Joost Buis &amp; Berlinde Deman<\/td><td>Cecil&#8217;s Dance<\/td><td>Catalytic Sound<\/td><td><\/td><\/tr><tr><td>8<\/td><td>Normal Bias<\/td><td>LP3<\/td><td>U Know Me<\/td><td><\/td><\/tr><tr><td>8<\/td><td>Yeule<\/td><td>The Overture of Prototype<\/td><td><\/td><td><\/td><\/tr><tr><td>10<\/td><td>Unglee Izi<\/td><td>Musique de L&#8217;A\u200b.\u200bS\u200b.\u200bM\u200b.\u200bA\u200b.\u200b_CHRONOS de TELEHOR et SPACE MODULATOR_Plan I, II, III, IV<\/td><td>Nashazphone<\/td><td><\/td><\/tr><tr><td>11<\/td><td>Bzdet <\/td><td>W pracy<\/td><td>Syf Records<\/td><td><\/td><\/tr><tr><td>11<\/td><td>Dynasonic<\/td><td>D-Sides<\/td><td>Hiss Collective<\/td><td><\/td><\/tr><tr><td>11<\/td><td>Scotch Rolex, Shackleton &amp; Omutaba<\/td><td>The Three Hands of Doom<\/td><td>Nyege Nyege Tapes<\/td><td><\/td><\/tr><tr><td>11<\/td><td>\u017deny &amp; Orkestar<\/td><td>Kas\u200b\u00e1\u200brna Karl\u200b\u00ed\u200bn<\/td><td>Poli5<\/td><td><\/td><\/tr><tr><td>12<\/td><td>@<\/td><td>Are You There God? It&#8217;s Me, @<\/td><td>Carpark<\/td><td><\/td><\/tr><tr><td>12<\/td><td>21 Savage<\/td><td>American Dream<\/td><td>Slaughter Gang<\/td><td><\/td><\/tr><tr><td>12<\/td><td>Alluvial<\/td><td>Death Is But a Door<\/td><td><\/td><td>EP<\/td><\/tr><tr><td>12<\/td><td>Anni Kiviniemi Trio<\/td><td>Eir<\/td><td>We Jazz<\/td><td><\/td><\/tr><tr><td>12<\/td><td>Bill Ryder-Jones<\/td><td>Iechyd Da<\/td><td>Domino<\/td><td><\/td><\/tr><tr><td>12<\/td><td>Casey<\/td><td>How To Disappear<\/td><td>Hassle<\/td><td><\/td><\/tr><tr><td>12<\/td><td>Dead Best <\/td><td>Second<\/td><td>Don Giovanni<\/td><td><\/td><\/tr><tr><td>12<\/td><td>Folly Group<\/td><td>Down There!<\/td><td>So Young<\/td><td><\/td><\/tr><tr><td>12<\/td><td>Froukje<\/td><td>Noodzakelijk Verdriet<\/td><td>Top Notch<\/td><td><\/td><\/tr><tr><td>12<\/td><td>Gerycz Powers Rolin<\/td><td>Activator<\/td><td>12XU<\/td><td><\/td><\/tr><tr><td>12<\/td><td>glupsk x Sigtryggur Berg Sigmarsson<\/td><td>Beyond Happy<\/td><td>Superpang<\/td><td><\/td><\/tr><tr><td>12<\/td><td>Hanxiety<\/td><td>Hanxiety<\/td><td>Peleton<\/td><td>EP<\/td><\/tr><tr><td>12<\/td><td>Hizbut J\u00e1mm<\/td><td>Hizbut J\u00e1mm<\/td><td>Instant Classic<\/td><td><\/td><\/tr><tr><td>12<\/td><td>James Osland &amp; Andrew Heath<\/td><td>Elysian Fields<\/td><td>Facture<\/td><td><\/td><\/tr><tr><td>12<\/td><td>JWPaton<\/td><td>Submerged<\/td><td>Room40<\/td><td><\/td><\/tr><tr><td>12<\/td><td>Kali Uchis<\/td><td>Orqu\u00eddeas<\/td><td>Geffen<\/td><td><\/td><\/tr><tr><td>12<\/td><td>Kid Cudi<\/td><td>Insano <\/td><td>Republic<\/td><td><\/td><\/tr><tr><td>12<\/td><td>Koenraad Ecker<\/td><td>Raw Materials<\/td><td>L-ne<\/td><td><\/td><\/tr><tr><td>12<\/td><td>Kreidler<\/td><td>Twists (A Visitor Arrives)<\/td><td>Bureau B<\/td><td><\/td><\/tr><tr><td>12<\/td><td>Lou Reed<\/td><td>Hudson River Wind Meditations<\/td><td>Light In The Attic<\/td><td><\/td><\/tr><tr><td>12<\/td><td>Marika Hackman<\/td><td>Big Sigh<\/td><td>Chrysalis<\/td><td><\/td><\/tr><tr><td>12<\/td><td>Matthew Shipp, Steve Swell<\/td><td>Space Cube Jazz<\/td><td>Rogue Art<\/td><td><\/td><\/tr><tr><td>12<\/td><td>Nicholas Craven &amp; Boldy James<\/td><td>Penalty of Leadership<\/td><td><\/td><td><\/td><\/tr><tr><td>12<\/td><td>Nino Gvillia<\/td><td>Nicole \/ Overwhelmed by the Unexplained<\/td><td>Hive Mind<\/td><td><\/td><\/tr><tr><td>12<\/td><td>Reinhold Friedl &amp; Martin Siewert<\/td><td>Lichtung<\/td><td>Karlrecords<\/td><td><\/td><\/tr><tr><td>12<\/td><td>Revolutionary Ensemble<\/td><td>Vietnam<\/td><td>ESP-Disk<\/td><td>reed<\/td><\/tr><tr><td>12<\/td><td>Robert Cahen<\/td><td>La nef des fous<\/td><td>Recollection GRM<\/td><td><\/td><\/tr><tr><td>12<\/td><td>Surya Botofasina, Nate Mercereau &amp; Carlos Ni\u00f1o<\/td><td>Subtle Movements<\/td><td>Leaving<\/td><td><\/td><\/tr><tr><td>12<\/td><td>Szymon Wildstein<\/td><td>Tssss<\/td><td>Enjoy Life<\/td><td><\/td><\/tr><tr><td>12<\/td><td>The Black Dog<\/td><td>Neobrutalism EP<\/td><td><\/td><td><\/td><\/tr><tr><td>12<\/td><td>The San Lucas Band<\/td><td>La Voz de las Cumbres (Music of Guatemala)<\/td><td>Les Disques Bongo Joe<\/td><td><\/td><\/tr><tr><td>12<\/td><td>The Vaccines<\/td><td>Pick-Up Full of Pink Carnations <\/td><td>Thirty Tigers<\/td><td><\/td><\/tr><tr><td>12<\/td><td>Tiago Sousa<\/td><td>Organic Music Tapes Vol\u200b.\u200b3<\/td><td>Discrepant<\/td><td><\/td><\/tr><tr><td>12<\/td><td>Tomasz Gwinci\u0144ski<\/td><td>Music for the Documentaries vol\u200b.\u200b1<\/td><td>Syriusz Film &amp; Music<\/td><td><\/td><\/tr><tr><td>12<\/td><td>Unknown T<\/td><td>Blood Diamond<\/td><td>Island<\/td><td><\/td><\/tr><tr><td>12<\/td><td>Wczasy<\/td><td>Program EP<\/td><td>Thin Man<\/td><td><\/td><\/tr><tr><td>12<\/td><td>\u6731\u5a67\u6c50 [Akini Jing]<\/td><td>Villain<\/td><td>88rising<\/td><td><\/td><\/tr><tr><td>13<\/td><td>Horacio Vaggione<\/td><td>\u2018Schall\u2019 \/ \u2018Rechant\u2019<\/td><td>Recollection GRM<\/td><td><\/td><\/tr><tr><td>13<\/td><td>Slow&#8217;Mo<\/td><td>Archiwum<\/td><td>33 Records<\/td><td>EP<\/td><\/tr><tr><td>13<\/td><td>Tiago Sousa<\/td><td>Organic Music Tapes vol 2<\/td><td><\/td><td><\/td><\/tr><tr><td>14<\/td><td>Begu<\/td><td>Frozen<\/td><td>Father and Son Records &amp; Tapes<\/td><td><\/td><\/tr><tr><td>15<\/td><td>Alex Deforce &amp; Charlotte Jacobs<\/td><td>Kwart Voor Straks<\/td><td><a href=\"http:\/\/stroom.tv\/\" target=\"_blank\" rel=\"noreferrer noopener\">Stroom.TV<\/a><\/td><td><\/td><\/tr><tr><td>15<\/td><td>Amos Lora<\/td><td>Dadgad<\/td><td>MoonJune<\/td><td><\/td><\/tr><tr><td>16<\/td><td>Mining<\/td><td>Chimet<\/td><td>The Leaf Label<\/td><td><\/td><\/tr><tr><td>17<\/td><td>\u6f58PAN<\/td><td>Reborn<\/td><td>Transgressive<\/td><td>EP<\/td><\/tr><tr><td>19<\/td><td>90 Day Men<\/td><td>We Blame Chicago<\/td><td>Numero Group<\/td><td><\/td><\/tr><tr><td>19<\/td><td>Atom String Quartet<\/td><td>Universum<\/td><td>Warner Classics<\/td><td><\/td><\/tr><tr><td>19<\/td><td>Bolts Of Melody<\/td><td>Film Noir<\/td><td><\/td><td><\/td><\/tr><tr><td>19<\/td><td>Cold In Berlin<\/td><td>The Body is the Wound<\/td><td><\/td><td>EP<\/td><\/tr><tr><td>19<\/td><td>Conch\u00far White<\/td><td>Swirling Violets<\/td><td>Bella Union<\/td><td><\/td><\/tr><tr><td>19<\/td><td>Cowboy Sadness<\/td><td>Selected Jambient Works vol. 1<\/td><td>People Teeth<\/td><td><\/td><\/tr><tr><td>19<\/td><td>Dancefloor Classics (Vladislav Delay)<\/td><td>Dancefloor Classics vol. 1-5<\/td><td>Rajaton<\/td><td><\/td><\/tr><tr><td>19<\/td><td>Delasi<\/td><td>Audacity of Free Thought<\/td><td>Brownswood<\/td><td><\/td><\/tr><tr><td>19<\/td><td>Don Melody Club <\/td><td>Zonder Pardon<\/td><td>Les Disques Bongo Joe<\/td><td><\/td><\/tr><tr><td>19<\/td><td>Donato Dozzy<\/td><td>Magda<\/td><td>Spazio Disponibile<\/td><td><\/td><\/tr><tr><td>19<\/td><td>Ethan Iverson<\/td><td>Technically Acceptable<\/td><td>Blue Note<\/td><td><\/td><\/tr><tr><td>19<\/td><td>Exploding Star Orchestra\/Small Unit<\/td><td>Spectral Fiction<\/td><td>Corbett vs. Dempsey<\/td><td><\/td><\/tr><tr><td>19<\/td><td>Filmmaker<\/td><td>Land of Hidden Variables<\/td><td>Opal Tapes<\/td><td><\/td><\/tr><tr><td>19<\/td><td>Funken, Chergui et Hateau<\/td><td>Daniel dans la nuit<\/td><td>Unjenesaisquoi<\/td><td><\/td><\/tr><tr><td>19<\/td><td>Green Day<\/td><td>Saviors<\/td><td>Reprise<\/td><td><\/td><\/tr><tr><td>19<\/td><td>Gush<\/td><td>Afro Blue<\/td><td>Trost<\/td><td><\/td><\/tr><tr><td>19<\/td><td>Ian Mikyska &amp; Fredrik Rasten<\/td><td>Music for Sixth\u200b-\u200btone Harmonium<\/td><td>Warm Winters Ltd.<\/td><td><\/td><\/tr><tr><td>19<\/td><td>John Zorn<\/td><td>The Hermetic Organ Volume 11 &#8211; For Terry Riley<\/td><td>Tzadik<\/td><td><\/td><\/tr><tr><td>19<\/td><td>Josef Pankiewicz<\/td><td>Ritual of Colors<\/td><td><\/td><td><\/td><\/tr><tr><td>19<\/td><td>Jozef van Wissem<\/td><td>The Night Dwells in the Day<\/td><td>Incunabulum<\/td><td><\/td><\/tr><tr><td>19<\/td><td>Keiji Haino, Jim O&#8217;Rourke &amp; Oren Ambarchi<\/td><td>\u3044\u3044\u3053\u3044\u3044\u3053\u304c\u305f\u3064\u305f\u4e00\u3064\u3060\u3051\u8db3\u308a\u306a\u3044\u3068\u60aa\u3000\u305f\u3064\u305f\u4e00\u3064\u3060\u3051\u591a\u3068\u5584\u3000\u305d\u3093\u306a\u3082\u3093\u3055 (With pats on the head, just one too few is evil one too many is good that&#8217;s all it is)<\/td><td>Black Truffle<\/td><td><\/td><\/tr><tr><td>19<\/td><td>Keyon Harold<\/td><td>Foreverland<\/td><td>Concord Jazz<\/td><td><\/td><\/tr><tr><td>19<\/td><td>Mary Halvorson<\/td><td>Cloudward<\/td><td>Nonesuch<\/td><td><\/td><\/tr><tr><td>19<\/td><td>Nailah Hunter<\/td><td>Lovegaze<\/td><td>Fat Possum<\/td><td><\/td><\/tr><tr><td>19<\/td><td>Ohr, Cofaxx<\/td><td>What It Seems<\/td><td><\/td><td><\/td><\/tr><tr><td>19<\/td><td>Oren Ambarchi<\/td><td>With pats on the head, just one too few is evil one too many is good that&#8217;s all it is<\/td><td>Black Truffle<\/td><td><\/td><\/tr><tr><td>19<\/td><td>Pawbeats<\/td><td>Dzienna<\/td><td><\/td><td><\/td><\/tr><tr><td>19<\/td><td>Roma Zuckerman<\/td><td>Phenomenon of Provincial Mentality<\/td><td>Gost Zvuk<\/td><td><\/td><\/tr><tr><td>19<\/td><td>Scanner<\/td><td>Alchemeia<\/td><td><\/td><td><\/td><\/tr><tr><td>19<\/td><td>SIMON SPIESS QUIET TREE with Marc M\u00e9an and Jonas Ruther<\/td><td>Euphorbia<\/td><td>Intakt<\/td><td><\/td><\/tr><tr><td>19<\/td><td>Sleater-Kinney<\/td><td>Little Rope<\/td><td>Loma Vista<\/td><td><\/td><\/tr><tr><td>19<\/td><td>Slift<\/td><td>Ilion<\/td><td>Sub Pop<\/td><td><\/td><\/tr><tr><td>19<\/td><td>SUNNY FIVE Tim Berne \u2013 David Torn \u2013 Ches Smith \u2013 Devin Hoff \u2013 Marc Ducret<\/td><td>Candid<\/td><td>Intakt<\/td><td><\/td><\/tr><tr><td>19<\/td><td>Tatu &amp; Tutkimusmatkailijat<\/td><td>Vasta alkusoittoa<\/td><td>Eclipse<\/td><td><\/td><\/tr><tr><td>19<\/td><td>The Fauns<\/td><td>How Lost<\/td><td>Invada<\/td><td><\/td><\/tr><tr><td>19<\/td><td>UKAEA<\/td><td>Birds Catching Fire in the Sky<\/td><td>The State51 Conspiracy<\/td><td><\/td><\/tr><tr><td>19<\/td><td>Vladislav Delay<\/td><td>Hide Behind The Silence EP 5<\/td><td><\/td><td><\/td><\/tr><tr><td>19<\/td><td>Wra\u017colot<\/td><td>Przemiana materii<\/td><td><\/td><td><\/td><\/tr><tr><td>19<\/td><td>Y\u012aN Y\u012aN<\/td><td>Mount Matsu<\/td><td>Glitterbeat<\/td><td><\/td><\/tr><tr><td>23<\/td><td>Apu Nanu<\/td><td>The Untold Saga<\/td><td>BFF Music<\/td><td><\/td><\/tr><tr><td>23<\/td><td>Microstoria<\/td><td>init ding + _snd (Remastered)<\/td><td><\/td><td><\/td><\/tr><tr><td>24<\/td><td>Coaltar of the Deepers \/ Boris<\/td><td>Hello There<\/td><td>U-desper<\/td><td><\/td><\/tr><tr><td>24<\/td><td>El Perro Del Mar<\/td><td>Between You and Me Nothing<\/td><td>City Slang<\/td><td>EP<\/td><\/tr><tr><td>24<\/td><td>Eye Flys<\/td><td>Eye Flys<\/td><td>Thrill Jockey<\/td><td><\/td><\/tr><tr><td>24<\/td><td>Michael Wollny &amp; Joachim K\u00fchn<\/td><td>Duo<\/td><td>ACT<\/td><td><\/td><\/tr><tr><td>25<\/td><td>Pye Corner Audio<\/td><td>Acid 1<\/td><td>Emotional Response<\/td><td><\/td><\/tr><tr><td>26<\/td><td>Abdullah Ibrahim<\/td><td>&#8222;3&#8221;<\/td><td>Gearbox<\/td><td><\/td><\/tr><tr><td>26<\/td><td>Agust\u00edn Pereyra Lucena<\/td><td>Agust\u00edn Pereyra Lucena<\/td><td>Far Out<\/td><td><\/td><\/tr><tr><td>26<\/td><td>Angry Blackmen<\/td><td>The Legend of ABM <\/td><td>Deathbomb Arc<\/td><td><\/td><\/tr><tr><td>26<\/td><td>Anna Calvi<\/td><td>Peaky Blinders: Season 5 OST<\/td><td>Domino<\/td><td><\/td><\/tr><tr><td>26<\/td><td>Anna Calvi &amp; Nick Launay<\/td><td>Peaky Blinders: Season 6 OST<\/td><td>Domino<\/td><td><\/td><\/tr><tr><td>26<\/td><td>Antistatic<\/td><td>Relics<\/td><td>Cuneiform<\/td><td><\/td><\/tr><tr><td>26<\/td><td>Arve Henriksen, Harmen Fraanje<\/td><td>Touch of Time<\/td><td>ECM<\/td><td><\/td><\/tr><tr><td>26<\/td><td>Astrid Sonne<\/td><td>Great Doubt<\/td><td>Escho<\/td><td><\/td><\/tr><tr><td>26<\/td><td>Batushka<\/td><td>\u0427\u200b\u0415\u200b\u0420\u200b\u041d\u200b\u042b\u200b\u0415 \u0420\u200b\u0418\u200b\u0422\u200b\u0423\u200b\u0410\u200b\u041b\u200b\u042b \/ BLACK RITUALS<\/td><td>Witching Hour<\/td><td><\/td><\/tr><tr><td>26<\/td><td>Benny The Butcher<\/td><td>Everybody Can\u2019t Go <\/td><td>Def Jam<\/td><td><\/td><\/tr><tr><td>26<\/td><td>Botanica<\/td><td>Evig<\/td><td><\/td><td><\/td><\/tr><tr><td>26<\/td><td>Brion Gysin<\/td><td>Junk<\/td><td>Wewantsounds<\/td><td><\/td><\/tr><tr><td>26<\/td><td>Br\u00f6tzmann \/ Nilssen-Love<\/td><td>Chickenshit Bingo <\/td><td>Trost<\/td><td><\/td><\/tr><tr><td>26<\/td><td>Brunhild Meyer-Ferrari<\/td><td>Ext\u00e9rieur-Jour<\/td><td><\/td><td><\/td><\/tr><tr><td>26<\/td><td>Crimeapple &amp; Preservation<\/td><td>El Le\u00f3n<\/td><td>Mon Dieu<\/td><td><\/td><\/tr><tr><td>26<\/td><td>David Wallraf<\/td><td>The Commune of Nightmares<\/td><td>Karlrecords<\/td><td><\/td><\/tr><tr><td>26<\/td><td>Dead Poet Society<\/td><td>Fission<\/td><td>Spinefarm<\/td><td><\/td><\/tr><tr><td>26<\/td><td>Elena Setien<\/td><td>Moonlit Reveries<\/td><td>Thrill Jockey<\/td><td><\/td><\/tr><tr><td>26<\/td><td>Emilia Tuovila &amp; V\u00e4ijytys<\/td><td>T\u200b\u00e4\u200bs on sulle<\/td><td>Eclipse<\/td><td><\/td><\/tr><tr><td>26<\/td><td>Fabiano do Nascimento &amp; Sam Gendel<\/td><td>The Room <\/td><td>Real World<\/td><td><\/td><\/tr><tr><td>26<\/td><td>Fifidroki<\/td><td>Figura dziks<\/td><td>Gusstaff\/Don&#8217;t Sit On My Vinyl<\/td><td><\/td><\/tr><tr><td>26<\/td><td>Future Islands<\/td><td>People Who Aren&#8217;t There Anymor<\/td><td>4AD<\/td><td><\/td><\/tr><tr><td>26<\/td><td>Gary Clark jr.<\/td><td>JPEG RAW Sampler<\/td><td><\/td><td>EP<\/td><\/tr><tr><td>26<\/td><td>Gruff Rhys<\/td><td>Sadness Sets Me Free <\/td><td>Rough Trade<\/td><td><\/td><\/tr><tr><td>26<\/td><td>James Arthur<\/td><td>Bitter Sweet Love<\/td><td>Columbia<\/td><td><\/td><\/tr><tr><td>26<\/td><td>Jan Jelinek &amp; Arthur Clees<\/td><td>Live in Luxembourg, December 3rd 2021<\/td><td>Faitiche<\/td><td><\/td><\/tr><tr><td>26<\/td><td>Katy Kirby<\/td><td>Blue Raspberry<\/td><td>Anti-<\/td><td><\/td><\/tr><tr><td>26<\/td><td>Laura Cannell<\/td><td>Sealore<\/td><td>Brawl<\/td><td><\/td><\/tr><tr><td>26<\/td><td>Leslee Smucker<\/td><td>Breathing Landscape<\/td><td>Beacon Sound<\/td><td><\/td><\/tr><tr><td>26<\/td><td>Lumpeks<\/td><td>Polonez<\/td><td>Umlaut<\/td><td><\/td><\/tr><tr><td>26<\/td><td>Manticora<\/td><td>Mycelium<\/td><td>Mighty Music<\/td><td><\/td><\/tr><tr><td>26<\/td><td>Matthieu Bordenave<\/td><td>The Blue Land<\/td><td>ECM<\/td><td><\/td><\/tr><tr><td>26<\/td><td>Mayuko<\/td><td>Songs To Whistle When Strolling Along The Abyss<\/td><td><\/td><td><\/td><\/tr><tr><td>26<\/td><td>Me\u0142ech\/Kurek<\/td><td>Walk Through<\/td><td>Gusstaff\/Don&#8217;t Sit On My Vinyl<\/td><td><\/td><\/tr><tr><td>26<\/td><td>Mike Cooper &amp; Pierre Bastien<\/td><td>Aquapelagos Vol\u200b\u200b\u200b.\u200b\u200b\u200b2: \u00cdndico<\/td><td>Discrepant<\/td><td><\/td><\/tr><tr><td>26<\/td><td>Militarie Gun<\/td><td>Life Under the Sun<\/td><td>Loma Vista<\/td><td><\/td><\/tr><tr><td>26<\/td><td>Nehan<\/td><td>An Evening with Nehan<\/td><td>Drag City<\/td><td><\/td><\/tr><tr><td>26<\/td><td>New Model Army<\/td><td>Unbroken<\/td><td><\/td><td><\/td><\/tr><tr><td>26<\/td><td>Office Dog<\/td><td>Spiel<\/td><td>New West<\/td><td><\/td><\/tr><tr><td>26<\/td><td>Old Mountain feat. Tony Malaby<\/td><td>Another State of Rhythm<\/td><td>Clean Feed<\/td><td><\/td><\/tr><tr><td>26<\/td><td>Or Best Offer<\/td><td>Center<\/td><td>Ba Da Bing<\/td><td><\/td><\/tr><tr><td>26<\/td><td>R.A.P. Ferreira &amp; Fumitake Tamura<\/td><td>The First Fist to Make Contact When We Dap<\/td><td>Alpha Pup<\/td><td><\/td><\/tr><tr><td>26<\/td><td>Rahsaan Roland Kirk<\/td><td>Live in Paris (1970)<\/td><td>Transversales<\/td><td>arch<\/td><\/tr><tr><td>26<\/td><td>Saramaccan Sound (Suriname)<\/td><td>Where The River Bends Is Only The Beginning<\/td><td>Glitterbeat<\/td><td><\/td><\/tr><tr><td>26<\/td><td>Sivert H\u00f8yem<\/td><td>On An Island<\/td><td>Hektor<\/td><td><\/td><\/tr><tr><td>26<\/td><td>Tapir!<\/td><td>The Pilgrim, Their God and The King Of My Decrepit Mountain<\/td><td>Heavenly<\/td><td><\/td><\/tr><tr><td>26<\/td><td>Tess Hirst<\/td><td>HERStory<\/td><td>Jazz Re:Freshed<\/td><td><\/td><\/tr><tr><td>26<\/td><td>The Smile<\/td><td>Wall of Eyes<\/td><td>XL<\/td><td><\/td><\/tr><tr><td>26<\/td><td>They Hate Change<\/td><td>Wish You Were Here\u200b.\u200b.\u200b.<\/td><td>Jagjaguwar<\/td><td><\/td><\/tr><tr><td>26<\/td><td>Torres<\/td><td>What an Enormous Room <\/td><td>Merge<\/td><td><\/td><\/tr><tr><td>26<\/td><td>TR\/ST<\/td><td>TR\/ST<\/td><td>Dais<\/td><td>EP<\/td><\/tr><tr><td>26<\/td><td>Ty Segall<\/td><td>Three Balls<\/td><td>Drag City<\/td><td><\/td><\/tr><tr><td>26<\/td><td>Yussef Dayes<\/td><td>Live from Malibu<\/td><td>Brownswood<\/td><td><\/td><\/tr><tr><td>27<\/td><td>Dariusz Mazurowski<\/td><td>Metropolis Balticum (Urbana Landscape)<\/td><td>Antenna Non Grata<\/td><td><\/td><\/tr><tr><td>29<\/td><td>Wilson Wilson<\/td><td>Imagine All Is Well<\/td><td><\/td><td><\/td><\/tr><tr><td>30<\/td><td>Champagne Dub<\/td><td>Rainbow<\/td><td>On The Corner<\/td><td><\/td><\/tr><tr><td>30<\/td><td>Christopher Sawyer<\/td><td>Together nowhere, alone elsewhere<\/td><td><\/td><td><\/td><\/tr><tr><td>30<\/td><td>Florestan Berset \/ Norbert Pfammatter \/ Francesco Losavio<\/td><td>A Vol d&#8217;oiseau<\/td><td>Fundacja S\u0142uchaj<\/td><td><\/td><\/tr><tr><td>30<\/td><td>Marek Malinowski \/ Robert Rychlicki-G\u0105sowski \/ Wojciech Zadru\u017cy\u0144ski<\/td><td>Scratching Fork II<\/td><td>Fundacja S\u0142uchaj<\/td><td><\/td><\/tr><tr><td>30<\/td><td>Wadada Leo Smith &amp; Joe Morris<\/td><td>Earth&#8217;s Frequencies<\/td><td>Fundacja S\u0142uchaj<\/td><td><\/td><\/tr><\/tbody><\/table>\n","protected":false},"excerpt":{"rendered":"<p>1 Build Orienting Points Audiobulb 1 Sea + I Anew Home Normal 1 Suavas Lewy Nowy Rok w rezerwacie Nasze Nagrania 1 Whatever Heaven The Divine Right Of Kings Anxiety Blanket EP 2 Gumshoes Cacophony 2 Pye Corner Audio Prowler 3 Benjam\u00edn Vergara &amp; Amanda Irarr\u00e1zabal \u00faltimo sosiego 577 Records 3 Woodstock Work Band Armed [&hellip;]<\/p>\n","protected":false},"author":1,"featured_media":0,"parent":0,"menu_order":0,"comment_status":"closed","ping_status":"closed","template":"","meta":{"footnotes":""},"_links":{"self":[{"href":"https:\/\/blog.polityka.pl\/polifonia\/wp-json\/wp\/v2\/pages\/41385"}],"collection":[{"href":"https:\/\/blog.polityka.pl\/polifonia\/wp-json\/wp\/v2\/pages"}],"about":[{"href":"https:\/\/blog.polityka.pl\/polifonia\/wp-json\/wp\/v2\/types\/page"}],"author":[{"embeddable":true,"href":"https:\/\/blog.polityka.pl\/polifonia\/wp-json\/wp\/v2\/users\/1"}],"replies":[{"embeddable":true,"href":"https:\/\/blog.polityka.pl\/polifonia\/wp-json\/wp\/v2\/comments?post=41385"}],"version-history":[{"count":2,"href":"https:\/\/blog.polityka.pl\/polifonia\/wp-json\/wp\/v2\/pages\/41385\/revisions"}],"predecessor-version":[{"id":41638,"href":"https:\/\/blog.polityka.pl\/polifonia\/wp-json\/wp\/v2\/pages\/41385\/revisions\/41638"}],"wp:attachment":[{"href":"https:\/\/blog.polityka.pl\/polifonia\/wp-json\/wp\/v2\/media?parent=41385"}],"curies":[{"name":"wp","href":"https:\/\/api.w.org\/{rel}","templated":true}]}}