
{"id":43363,"date":"2024-05-25T12:36:00","date_gmt":"2024-05-25T10:36:00","guid":{"rendered":"https:\/\/polifonia.blog.polityka.pl\/?page_id=43363"},"modified":"2024-06-23T16:50:18","modified_gmt":"2024-06-23T14:50:18","slug":"premiery-06-2024","status":"publish","type":"page","link":"https:\/\/blog.polityka.pl\/polifonia\/premiery-06-2024\/","title":{"rendered":"PREMIERY 06.2024"},"content":{"rendered":"\n<figure class=\"wp-block-table\"><table><tbody><tr><td>1<\/td><td>Bartosz Szablowski<\/td><td>Id(ee)<\/td><td>Gotta Let It Out<\/td><td><\/td><\/tr><tr><td>1<\/td><td>Silent Music<\/td><td>Hajj Belaid with a New Rhythm<\/td><td>Hive Mind<\/td><td>reed<\/td><\/tr><tr><td>1<\/td><td>T\u200b\u200b\u200b\u00c6\u200b\u200b\u200bL<\/td><td>T\u200b\u200b\u200b\u00c6\u200b\u200b\u200bL<\/td><td>D.I.Y. Ko\u0142o<\/td><td><\/td><\/tr><tr><td>3<\/td><td>adaa<\/td><td>&#8230;img&#8230;<\/td><td>Mappa<\/td><td><\/td><\/tr><tr><td>3<\/td><td>Current 93<\/td><td>Live at the Teatro Iberico<\/td><td>Cashen&#8217;s Gap<\/td><td><\/td><\/tr><tr><td>3<\/td><td>Current 93<\/td><td>Emblems<\/td><td>Cashen&#8217;s Gap<\/td><td><\/td><\/tr><tr><td>3<\/td><td>Current 93<\/td><td>Astral Crimes at the Dark House<\/td><td>Cashen&#8217;s Gap<\/td><td><\/td><\/tr><tr><td>3<\/td><td>Current 93<\/td><td>Damn Imperium<\/td><td>Cashen&#8217;s Gap<\/td><td><\/td><\/tr><tr><td>3<\/td><td>Current 93<\/td><td>The Astral Crimes of Stephen Hawk<\/td><td>Cashen&#8217;s Gap<\/td><td><\/td><\/tr><tr><td>5<\/td><td>VA<\/td><td>Guruguru Brain Wash 2<\/td><td>Guruguru Brain<\/td><td><\/td><\/tr><tr><td>6<\/td><td>Chris Corsano, Sylvie Courvoisier &amp; Nate Wooley<\/td><td>Salt Task<\/td><td>Catalytic Sound<\/td><td><\/td><\/tr><tr><td>6<\/td><td>Magic From Space<\/td><td>Of Ritual and Summoning<\/td><td>Istotne Nagr.<\/td><td><\/td><\/tr><tr><td>6<\/td><td>Orlando Weeks<\/td><td>Loja<\/td><td>Universal<\/td><td><\/td><\/tr><tr><td>6<\/td><td>Pepe.<\/td><td>Balance LP<\/td><td>U Know Me<\/td><td><\/td><\/tr><tr><td>6<\/td><td>Polido<\/td><td>Hearing Smoke<\/td><td>Holuzam<\/td><td><\/td><\/tr><tr><td>6<\/td><td>Tegh &amp; Adel Poursamadi<\/td><td>After You Left<\/td><td>PTP<\/td><td><\/td><\/tr><tr><td>6<\/td><td>Trials X<\/td><td>Prawda Cel Przes\u0142anie<\/td><td>The Very Polish Cut Outs<\/td><td><\/td><\/tr><tr><td>6<\/td><td>Your Old Droog<\/td><td>Looseys<\/td><td>Nature Sounds<\/td><td><\/td><\/tr><tr><td>7<\/td><td>Actress<\/td><td>Statik<\/td><td>Smalltown Supersound<\/td><td><\/td><\/tr><tr><td>7<\/td><td>Angelica Garcia<\/td><td>Gemelo<\/td><td>Partisan<\/td><td><\/td><\/tr><tr><td>7<\/td><td>Aurora<\/td><td>What Happened to the Heart?<\/td><td>Warner<\/td><td><\/td><\/tr><tr><td>7<\/td><td>Beings<\/td><td>There Is a Garden<\/td><td>No Quarters<\/td><td><\/td><\/tr><tr><td>7<\/td><td>Bon Jovi<\/td><td>Forever<\/td><td>Island<\/td><td><\/td><\/tr><tr><td>7<\/td><td>Bonny Light Horseman<\/td><td>Keep Me on Your Mind\u200b\/\u200bSee You Free<\/td><td><\/td><td><\/td><\/tr><tr><td>7<\/td><td>Candy<\/td><td>It\u2019s Inside You<\/td><td>Relapse<\/td><td><\/td><\/tr><tr><td>7<\/td><td>Casey HQ<\/td><td>Later that day, the day before, or the day before that<\/td><td>Ghostly<\/td><td><\/td><\/tr><tr><td>7<\/td><td>Charli XCX<\/td><td>Brat<\/td><td>Atlantic<\/td><td><\/td><\/tr><tr><td>7<\/td><td>Cicho\u0144<\/td><td>Draft<\/td><td><\/td><td><\/td><\/tr><tr><td>7<\/td><td>Clara La San<\/td><td>Made Mistakes<\/td><td>CLS<\/td><td><\/td><\/tr><tr><td>7<\/td><td>Curly Castro, PremRock &amp; Controller 7<\/td><td>Nobody Planning To Leave<\/td><td>Backwoodz<\/td><td><\/td><\/tr><tr><td>7<\/td><td>CZN \/ Serpente<\/td><td>Oferendas<\/td><td>Lovers &amp; Lollipops<\/td><td><\/td><\/tr><tr><td>7<\/td><td>Ecovillage<\/td><td>Crescendo<\/td><td>Lo Recordings<\/td><td><\/td><\/tr><tr><td>7<\/td><td>Eels<\/td><td>Ells Time!<\/td><td>PIAS<\/td><td><\/td><\/tr><tr><td>7<\/td><td>Eisberg &amp; Mre\u0144ca<\/td><td>&#8222;R&#8221;<\/td><td>Shimmering Moods<\/td><td><\/td><\/tr><tr><td>7<\/td><td>Fine<\/td><td>Rocky Top Ballads<\/td><td>Echo<\/td><td><\/td><\/tr><tr><td>7<\/td><td>France Jobin &amp; Yamil Rezc<\/td><td>Un d\u200b\u00ed\u200ba en M\u200b\u00e9\u200bxico<\/td><td>L-ne<\/td><td><\/td><\/tr><tr><td>7<\/td><td>Goat Girl<\/td><td>Below the Waste<\/td><td>Rough Trade<\/td><td><\/td><\/tr><tr><td>7<\/td><td>Good Looks<\/td><td>Lived Here for a While<\/td><td>Keeled Scales<\/td><td><\/td><\/tr><tr><td>7<\/td><td>Hahmo<\/td><td>Passages<\/td><td>Accidental<\/td><td><\/td><\/tr><tr><td>7<\/td><td>Iceboy Violet, Nueen<\/td><td>You Said You\u200b\u2019\u200bd Hold My Hand Through The Fire<\/td><td><\/td><td><\/td><\/tr><tr><td>7<\/td><td>Iwona Skv<\/td><td>&#8222;1986&#8221;<\/td><td><\/td><td><\/td><\/tr><tr><td>7<\/td><td>J.P.<\/td><td>Coming Out Party<\/td><td>Equity Distribution<\/td><td><\/td><\/tr><tr><td>7<\/td><td>Janek Krukowski<\/td><td>Latent<\/td><td>Okla<\/td><td><\/td><\/tr><tr><td>7<\/td><td>Kaytranada<\/td><td>Timeless<\/td><td>RCA<\/td><td><\/td><\/tr><tr><td>7<\/td><td>Kristine Tj\u00f8gersen \/ Norwegian Radio Orchestra \/ ensemble recherche \/ Ensemble neoN \/ T\u00f8yen Fil og Klafferi \/ Marco Fusi<\/td><td>Between Trees<\/td><td>Aurora<\/td><td><\/td><\/tr><tr><td>7<\/td><td>Kurkus<\/td><td>Nowy Chaos<\/td><td><\/td><td><\/td><\/tr><tr><td>7<\/td><td>Landless<\/td><td>L\u200b\u00fa\u200bireach<\/td><td>Glitterbeat<\/td><td><\/td><\/tr><tr><td>7<\/td><td>Leo Duplaix<\/td><td>Resonant Trees<\/td><td>Black Truffle<\/td><td><\/td><\/tr><tr><td>7<\/td><td>Lubieniecki \/ Layers<\/td><td>Canti Spazializzati #16<\/td><td>Sound Art Forum \/ Canti Spazializzati<\/td><td><\/td><\/tr><tr><td>7<\/td><td>Maco Oey<\/td><td>Inkerin Laulu<\/td><td>Eclipse<\/td><td><\/td><\/tr><tr><td>7<\/td><td>Man Man<\/td><td>Carrot On Strings<\/td><td>Sub Pop<\/td><td><\/td><\/tr><tr><td>7<\/td><td>Margaux<\/td><td>Inside the Marble<\/td><td>Massif<\/td><td><\/td><\/tr><tr><td>7<\/td><td>Marina Allen<\/td><td>Eight Pointed Star<\/td><td>Fire<\/td><td><\/td><\/tr><tr><td>7<\/td><td>Muzyka Ko\u0144ca Lata<\/td><td>Per\u0142a Wszech\u015bwiata<\/td><td>Thin Man<\/td><td><\/td><\/tr><tr><td>7<\/td><td>Nat Harvie<\/td><td>New Virginity<\/td><td>Boiled<\/td><td><\/td><\/tr><tr><td>7<\/td><td>Nduduzo Makhathini<\/td><td>uNomkhubulwane<\/td><td>Blue Note<\/td><td><\/td><\/tr><tr><td>7<\/td><td>Oded Tzur<\/td><td>My Prophet<\/td><td>ECM<\/td><td><\/td><\/tr><tr><td>7<\/td><td>Oki<\/td><td>Era47<\/td><td>2020 Label<\/td><td><\/td><\/tr><tr><td>7<\/td><td>Pedro The Lion<\/td><td>Santa Cruz<\/td><td>Polyvinyl<\/td><td><\/td><\/tr><tr><td>7<\/td><td>Peggy Gou<\/td><td>I Hear You<\/td><td>XL<\/td><td><\/td><\/tr><tr><td>7<\/td><td>Psychic Graveyard<\/td><td>Wilting<\/td><td>Artoffact<\/td><td><\/td><\/tr><tr><td>7<\/td><td>RhythmSect<\/td><td>This Is Dark Funk<\/td><td>Audio Cave<\/td><td>CD<\/td><\/tr><tr><td>7<\/td><td>Sanam<\/td><td>Live at Cafe Oto<\/td><td>Mais Um<\/td><td><\/td><\/tr><tr><td>7<\/td><td>Sandman Project<\/td><td>Where Did You Go?<\/td><td>Batov<\/td><td><\/td><\/tr><tr><td>7<\/td><td>Sect<\/td><td>Plagues Upon Plagues<\/td><td>Southern Lord<\/td><td><\/td><\/tr><tr><td>7<\/td><td>Shygirl<\/td><td>Club Shy (Rmx) EP<\/td><td>Because Music<\/td><td><\/td><\/tr><tr><td>7<\/td><td>Spontaneous Live Series D06: Ma\u0142gorzata Zagajewska\/ Paulina Owczarek\/ Emilio Gordoa<\/td><td>Live at 5th Spontaneous Music Festival, 2021<\/td><td>Spontaneous Music Tribune<\/td><td><\/td><\/tr><tr><td>7<\/td><td>Strand Of Oaks<\/td><td>Miracle Focus<\/td><td>Western Vinyl<\/td><td><\/td><\/tr><tr><td>7<\/td><td>SUN<\/td><td>I Can See Our House From Here<\/td><td>Alien Transistor<\/td><td><\/td><\/tr><tr><td>7<\/td><td>Takkak Takkak<\/td><td>Takkak Takkak<\/td><td>Nyege Nyege Tapes<\/td><td><\/td><\/tr><tr><td>7<\/td><td>Tashi Wada<\/td><td>What Is Not Strange?<\/td><td>RVNG Intl<\/td><td><\/td><\/tr><tr><td>7<\/td><td>Tems<\/td><td>Born in the Wild<\/td><td>RCA<\/td><td><\/td><\/tr><tr><td>7<\/td><td>The Rhythm Method<\/td><td>Pastorale<\/td><td>New Focus<\/td><td><\/td><\/tr><tr><td>7<\/td><td>The Zawose Queens<\/td><td>Maisha<\/td><td>Real World<\/td><td><\/td><\/tr><tr><td>7<\/td><td>Wiktor Szymurski<\/td><td>Sanatorium wstydu<\/td><td>Enjoy Life<\/td><td><\/td><\/tr><tr><td>7<\/td><td>Wojtek Kiwer<\/td><td>Disconnect<\/td><td>Okla<\/td><td><\/td><\/tr><tr><td>8<\/td><td>Ekotonika<\/td><td>To Get Lost<\/td><td>Antenna Non Grata<\/td><td><\/td><\/tr><tr><td>11<\/td><td>Mildlife<\/td><td>Mildlife Remixed II<\/td><td><\/td><td><\/td><\/tr><tr><td>11<\/td><td>Sideshow<\/td><td>F.U.N. T.O.Y.<\/td><td>10K<\/td><td><\/td><\/tr><tr><td>12<\/td><td>Aley Catss<\/td><td>m Helux<\/td><td>Mappa<\/td><td><\/td><\/tr><tr><td>12<\/td><td>Cigarettes After Sex<\/td><td>X&#8217;s<\/td><td>Partisan<\/td><td><\/td><\/tr><tr><td>12<\/td><td>Datura<\/td><td>Obsidian<\/td><td><\/td><td><\/td><\/tr><tr><td>13<\/td><td>Filip \u017b\u00f3\u0142towski Quartet<\/td><td>BiBi<\/td><td>Alpaka<\/td><td><\/td><\/tr><tr><td>13<\/td><td>Sarapata<\/td><td>Radical Kindness<\/td><td><\/td><td><\/td><\/tr><tr><td>13<\/td><td>Skee Mask<\/td><td>Resort<\/td><td>Ilian Tapes<\/td><td><\/td><\/tr><tr><td>14<\/td><td>2muchachos<\/td><td>Natura: 2009-2012<\/td><td>Not Not Fun<\/td><td><\/td><\/tr><tr><td>14<\/td><td>Angel-Ho<\/td><td>Birth Becomes Her<\/td><td><\/td><td><\/td><\/tr><tr><td>14<\/td><td>Annabel<\/td><td>Worldviews<\/td><td>Tiny Engines<\/td><td><\/td><\/tr><tr><td>14<\/td><td>Azu Tiwaline &amp; Forest Drive West<\/td><td>Fluids In Motion E\u200bP<\/td><td>Livity Sound<\/td><td><\/td><\/tr><tr><td>14<\/td><td>Bad Breeding<\/td><td>Contempt<\/td><td>One Little Independent<\/td><td><\/td><\/tr><tr><td>14<\/td><td>Celer<\/td><td>Gems II<\/td><td>Room40<\/td><td><\/td><\/tr><tr><td>14<\/td><td>Chihei Hatakeyama<\/td><td>Thousand Oceans<\/td><td>Dronarivm<\/td><td><\/td><\/tr><tr><td>14<\/td><td>Cola<\/td><td>The Gloss<\/td><td>Fire Talk<\/td><td><\/td><\/tr><tr><td>14<\/td><td>Crypt Sermon<\/td><td>The Stygian Rose<\/td><td>Dark Descent<\/td><td><\/td><\/tr><tr><td>14<\/td><td>David August<\/td><td>Workouts<\/td><td>99Chants<\/td><td><\/td><\/tr><tr><td>14<\/td><td>Diamanda Gal\u200b\u00e1\u200bs<\/td><td>Diamanda Gal\u200b\u00e1\u200bs In Concert<\/td><td><\/td><td><\/td><\/tr><tr><td>14<\/td><td>Don Toliver<\/td><td>Hardstone Psycho<\/td><td>Cactus Jack<\/td><td><\/td><\/tr><tr><td>14<\/td><td>Eiv\u00f8r<\/td><td>Enn<\/td><td><\/td><td><\/td><\/tr><tr><td>14<\/td><td>Esfand<\/td><td>Piltan<\/td><td>30M<\/td><td><\/td><\/tr><tr><td>14<\/td><td>Finlay Shakespeare<\/td><td>Directions Out Of Town<\/td><td>Editions Mego<\/td><td><\/td><\/tr><tr><td>14<\/td><td>Floating World Pictures &amp; Ocean Moon<\/td><td>Floating World Pictures with Ocean Moon<\/td><td>Lo Recordings<\/td><td><\/td><\/tr><tr><td>14<\/td><td>Forest Law<\/td><td>Zero<\/td><td>Les Disques Bongo Joe<\/td><td><\/td><\/tr><tr><td>14<\/td><td>Fu Manchu<\/td><td>The Return of Tomorrow<\/td><td>At the Dojo<\/td><td><\/td><\/tr><tr><td>14<\/td><td>Guilty Simpson &amp; Kong The Artisan<\/td><td>Giants of the Fall<\/td><td><\/td><td><\/td><\/tr><tr><td>14<\/td><td>Hermanos Guti\u00e9rrez<\/td><td>Sonido Cosmico<\/td><td>Easy Eye<\/td><td><\/td><\/tr><tr><td>14<\/td><td>Isobel Campbell<\/td><td>Bow to Love<\/td><td>Cooking Vinyl<\/td><td><\/td><\/tr><tr><td>14<\/td><td>John Cale<\/td><td>POPtical Illusion<\/td><td>Double Six<\/td><td><\/td><\/tr><tr><td>14<\/td><td>John Grant<\/td><td>The Art of the Lie<\/td><td>Bella Union<\/td><td><\/td><\/tr><tr><td>14<\/td><td>Julie Christmas<\/td><td>Ridiculous and Full of Blood<\/td><td>Red Creek<\/td><td><\/td><\/tr><tr><td>14<\/td><td>Julius Rodriguez<\/td><td>Evergreen<\/td><td>Verve<\/td><td><\/td><\/tr><tr><td>14<\/td><td>Kneecap<\/td><td>Fine Art<\/td><td>Heavenly<\/td><td><\/td><\/tr><tr><td>14<\/td><td>KRM &amp; KMRU<\/td><td>Disconnect<\/td><td>Phantom Limb<\/td><td><\/td><\/tr><tr><td>14<\/td><td>Lily Mullen<\/td><td>Lily Mullen Is Here<\/td><td>Mississippi<\/td><td><\/td><\/tr><tr><td>14<\/td><td>Martha Skye Murphy<\/td><td>Um<\/td><td>AD93<\/td><td><\/td><\/tr><tr><td>14<\/td><td>Melvins \/ Boris<\/td><td>Twins of Evil<\/td><td>Amphetamine Reptile<\/td><td>split<\/td><\/tr><tr><td>14<\/td><td>Mildfire<\/td><td>Oh Boy<\/td><td>Sinnbus<\/td><td><\/td><\/tr><tr><td>14<\/td><td>Moby<\/td><td>Always Centered at Night<\/td><td><\/td><td><\/td><\/tr><tr><td>14<\/td><td>Mono<\/td><td>Oath<\/td><td>Pelagic<\/td><td><\/td><\/tr><tr><td>14<\/td><td>New Regency Orchestra<\/td><td>New Regency Orchestra<\/td><td>Mr Bongo<\/td><td><\/td><\/tr><tr><td>14<\/td><td>Normani<\/td><td>Dopamine<\/td><td>RCA<\/td><td><\/td><\/tr><tr><td>14<\/td><td>NxWorries<\/td><td>Why Lawd?<\/td><td>Stones Throw<\/td><td><\/td><\/tr><tr><td>14<\/td><td>Porosty<\/td><td>Dungeon Crawler<\/td><td>Smashing Tape<\/td><td><\/td><\/tr><tr><td>14<\/td><td>Pride Month Barbie<\/td><td>All the Girls in the Room Say \u2018Sorry\u2019<\/td><td>Get Betterr<\/td><td><\/td><\/tr><tr><td>14<\/td><td>Raveena<\/td><td>Where the Butterflies Go in the Rain<\/td><td>Empire<\/td><td><\/td><\/tr><tr><td>14<\/td><td>Sam Morton<\/td><td>Daffodils &amp; Dirt<\/td><td>XL<\/td><td><\/td><\/tr><tr><td>14<\/td><td>Sanah<\/td><td>Kaprysy<\/td><td><\/td><td><\/td><\/tr><tr><td>14<\/td><td>Senyawa<\/td><td>Vajranala<\/td><td>The State51 Conspiracy<\/td><td>reed<\/td><\/tr><tr><td>14<\/td><td>Sheida Gharachedaghi &amp; Mohammad Reza Aslani<\/td><td>Chess of the Wind<\/td><td>Mississippi<\/td><td><\/td><\/tr><tr><td>14<\/td><td>Ski feat. swrcfx<\/td><td>Groove 17<\/td><td>Outlines<\/td><td><\/td><\/tr><tr><td>14<\/td><td>Solar Temple &amp; Dead Neanderthals<\/td><td>Embers Beget the Divine<\/td><td>Consouling<\/td><td><\/td><\/tr><tr><td>14<\/td><td>Stand Still<\/td><td>Steps Ascending<\/td><td>Daze<\/td><td><\/td><\/tr><tr><td>14<\/td><td>The Decemberists<\/td><td>As It Ever Was, So It Will Be Again<\/td><td>Y.A.B.B.<\/td><td><\/td><\/tr><tr><td>14<\/td><td>The Early November<\/td><td>The Early November<\/td><td>Pure Noise<\/td><td><\/td><\/tr><tr><td>14<\/td><td>The Staples Jr. Singers<\/td><td>Searching<\/td><td><\/td><td><\/td><\/tr><tr><td>14<\/td><td>This Is Lorelei<\/td><td>Box for Buddy, Box for Star<\/td><td>Double Double Whammy<\/td><td><\/td><\/tr><tr><td>14<\/td><td>To\u0144<\/td><td>Korzenie<\/td><td><\/td><td><\/td><\/tr><tr><td>14<\/td><td>Tove Lo &amp; SG Lewis<\/td><td>Heat EP<\/td><td>Pretty Swede<\/td><td><\/td><\/tr><tr><td>14<\/td><td>Ulcerate<\/td><td>Cutting the Throat of God<\/td><td>Debemur Morti<\/td><td><\/td><\/tr><tr><td>14<\/td><td>VA<\/td><td>Spiritual Jazz 16: Riverside etc.<\/td><td>Jazzman<\/td><td><\/td><\/tr><tr><td>14<\/td><td>Will Gregory Moog Ensemble<\/td><td>Heat Ray: The Archimedes Project<\/td><td>Mute<\/td><td><\/td><\/tr><tr><td>14<\/td><td>Zsela<\/td><td>Big For You<\/td><td>Mexican Summer<\/td><td><\/td><\/tr><tr><td>14<\/td><td>\u00b5-Ziq<\/td><td>Grush<\/td><td>Planet Mu<\/td><td><\/td><\/tr><tr><td>17<\/td><td>Keith Fullerton Whitman<\/td><td>Nekone\u200b\u010d\u200bn\u00fd<\/td><td><\/td><td><\/td><\/tr><tr><td>17<\/td><td>Marianna Rybi\u0144ska<\/td><td>Tradycje muzyczne Puszczy Bia\u200b\u0142\u200bej. Sieczychy<\/td><td>In Crudo<\/td><td><\/td><\/tr><tr><td>17<\/td><td>Matthew Shipp<\/td><td>The Data<\/td><td>RogueArt<\/td><td><\/td><\/tr><tr><td>20<\/td><td>Deejay Veiga<\/td><td>Tudo \u00e9 no Guetto<\/td><td>Principe<\/td><td><\/td><\/tr><tr><td>20<\/td><td>Duval Timothy, Angel Bat Dawid, Mabe Fratti, Kalia Vandever, CS + Kreme<\/td><td>Latency alla Villa Medici II<\/td><td>Latency<\/td><td><\/td><\/tr><tr><td>20<\/td><td>Pangea De Futura<\/td><td>War Milk<\/td><td>Sub Rosa<\/td><td><\/td><\/tr><tr><td>20<\/td><td>Peso Pluma<\/td><td>\u00c9xodo<\/td><td>Double P<\/td><td><\/td><\/tr><tr><td>20<\/td><td>Sary Moussa<\/td><td>For Years I Haven&#8217;t Dreamt<\/td><td><\/td><td><\/td><\/tr><tr><td>20<\/td><td>Ulesa<\/td><td>II<\/td><td>Zoharum<\/td><td><\/td><\/tr><tr><td>21<\/td><td>Ahmed Malek<\/td><td>Musique Originale De Films (Volume 2)<\/td><td>Habibi Funk<\/td><td><\/td><\/tr><tr><td>21<\/td><td>Alcest<\/td><td>Les Chants de l&#8217;Aurore<\/td><td>Nuclear Blast<\/td><td><\/td><\/tr><tr><td>21<\/td><td>Alessandra Novaga<\/td><td>The Artistic Image Is Always a Miracle<\/td><td><\/td><td><\/td><\/tr><tr><td>21<\/td><td>Anthony Pateras<\/td><td>A Dread of Voids<\/td><td><\/td><td><\/td><\/tr><tr><td>21<\/td><td>Apifera<\/td><td>Keep the Outside Open<\/td><td>Stones Throw<\/td><td><\/td><\/tr><tr><td>21<\/td><td>Aseethe<\/td><td>The Cost<\/td><td>Thrill Jockey<\/td><td><\/td><\/tr><tr><td>21<\/td><td>Ba\u0142tyk<\/td><td>Hope You Can Hear Me Now<\/td><td><\/td><td><\/td><\/tr><tr><td>21<\/td><td>Been Stellar<\/td><td>Scream From New York, NY<\/td><td>Dirty Hit<\/td><td><\/td><\/tr><tr><td>21<\/td><td>Bhutan Balladeers<\/td><td>Your Face Is Like the Moon, Your Eyes Are Stars<\/td><td>Glitterbeat<\/td><td><\/td><\/tr><tr><td>21<\/td><td>Black Decelerant<\/td><td>Reflections Vol. 2: Black Decelerant<\/td><td>RVNG Intl<\/td><td><\/td><\/tr><tr><td>21<\/td><td>Blurstem<\/td><td>Ocelli<\/td><td>Western Vinyl<\/td><td><\/td><\/tr><tr><td>21<\/td><td>Byron Westbrook<\/td><td>Translucents<\/td><td>Shelter Press<\/td><td><\/td><\/tr><tr><td>21<\/td><td>CVN<\/td><td>Xeno<\/td><td>Orange Milk<\/td><td><\/td><\/tr><tr><td>21<\/td><td>d&#8217;Eon<\/td><td>Leviathan<\/td><td>Hausu Mountain<\/td><td><\/td><\/tr><tr><td>21<\/td><td>Daniel Davies<\/td><td>Ghost of the Heart<\/td><td>Sacred Bones<\/td><td><\/td><\/tr><tr><td>21<\/td><td>Dave Brown \/ Jason Kahn<\/td><td>Terminal Analog<\/td><td>Room40<\/td><td><\/td><\/tr><tr><td>21<\/td><td>David Rosenboom<\/td><td>Future Travel<\/td><td>Black Truffle<\/td><td><\/td><\/tr><tr><td>21<\/td><td>Elliott Sharp, Sally Gates, Tashi Dorji<\/td><td>Ere Guitar<\/td><td>Intakt<\/td><td><\/td><\/tr><tr><td>21<\/td><td>Emiliana Torrini<\/td><td>Miss Flower<\/td><td>Groenland<\/td><td><\/td><\/tr><tr><td>21<\/td><td>GAF &amp; The Love Supreme Arkestra<\/td><td>Ganzfeld<\/td><td>Discrepant<\/td><td><\/td><\/tr><tr><td>21<\/td><td>Gracie Adams<\/td><td>The Secret of Us<\/td><td>Interscope<\/td><td><\/td><\/tr><tr><td>21<\/td><td>Grand River &amp; Abul Mogard<\/td><td>In uno spazio immenso<\/td><td>Light-Years<\/td><td><\/td><\/tr><tr><td>21<\/td><td>Graves\/Gayle\/Parker<\/td><td>WEBO<\/td><td>Black Editions Archive<\/td><td><\/td><\/tr><tr><td>21<\/td><td>Joni Mitchell<\/td><td>The Asylum Albums (1976-1980)<\/td><td>Rhino<\/td><td><\/td><\/tr><tr><td>21<\/td><td>Justin Purtill<\/td><td>Jack\u200b-\u200ba\u200b-\u200bRoe<\/td><td>577 Records<\/td><td><\/td><\/tr><tr><td>21<\/td><td>Kate Nash<\/td><td>9 Sad Symphonies<\/td><td>Kill Rock Stars<\/td><td><\/td><\/tr><tr><td>21<\/td><td>Kehlani<\/td><td>Crash<\/td><td>Atlantic<\/td><td><\/td><\/tr><tr><td>21<\/td><td>Kronos Quartet<\/td><td>Outer Spaceways Incorporated: Kronos Quartet &amp; Friends Meet Sun Ra<\/td><td>Red Hot Organization<\/td><td><\/td><\/tr><tr><td>21<\/td><td>Lankum<\/td><td>Live in Dublin<\/td><td>Rough Trade<\/td><td><\/td><\/tr><tr><td>21<\/td><td>Mirt<\/td><td>European Nightjar vs the Anthropocene<\/td><td>Saamleng<\/td><td><\/td><\/tr><tr><td>21<\/td><td>Nuno Beats<\/td><td>Sai do Cora\u200b\u00e7\u200b\u00e3\u200bo<\/td><td>Principe<\/td><td><\/td><\/tr><tr><td>21<\/td><td>O.<\/td><td>WeirdOs<\/td><td>Speedy Wunderground<\/td><td><\/td><\/tr><tr><td>21<\/td><td>Pond<\/td><td>Stung!<\/td><td>Spinning Top<\/td><td><\/td><\/tr><tr><td>21<\/td><td>Powers \/ Rolin Duo<\/td><td>Clearing<\/td><td>Astral Spirits<\/td><td><\/td><\/tr><tr><td>21<\/td><td>Qoa<\/td><td>Sauco<\/td><td>Leaving<\/td><td><\/td><\/tr><tr><td>21<\/td><td>Rich Ruth<\/td><td>Water Still Flows<\/td><td>Third Man<\/td><td><\/td><\/tr><tr><td>21<\/td><td>Solpara<\/td><td>Melancholy Sabotage<\/td><td>Other People<\/td><td><\/td><\/tr><tr><td>21<\/td><td>STEMESEDER LILLINGER QUARTET feat. Peter Evans &amp; Russell Hall<\/td><td>Umbra II<\/td><td>Intakt<\/td><td><\/td><\/tr><tr><td>21<\/td><td>Sumac<\/td><td>The Healer<\/td><td>Thrill Jockey<\/td><td><\/td><\/tr><tr><td>21<\/td><td>Terrence Fixmer<\/td><td>The Paradox in Me<\/td><td>Mute<\/td><td><\/td><\/tr><tr><td>21<\/td><td>The Joy<\/td><td>The Joy<\/td><td>Transgressive<\/td><td><\/td><\/tr><tr><td>21<\/td><td>The Story So Far<\/td><td>I Want to Disappear<\/td><td><\/td><td><\/td><\/tr><tr><td>21<\/td><td>Tim Koh &amp; Sun An<\/td><td>Salt And Sugar Look The Same<\/td><td>Music From Memory<\/td><td><\/td><\/tr><tr><td>21<\/td><td>Tomasz Sta\u0144ko Quartet<\/td><td>September Night<\/td><td>ECM<\/td><td><\/td><\/tr><tr><td>21<\/td><td>Tristan Perich &amp; Ensemble 0<\/td><td>Open Symmetry<\/td><td>Erased Tapes<\/td><td><\/td><\/tr><tr><td>21<\/td><td>Tryp Trych Trio<\/td><td>Warsaw Conjunction<\/td><td>On The Corner<\/td><td><\/td><\/tr><tr><td>21<\/td><td>VA<\/td><td>Ronnie April&#8217;s Positive Energy &#8211; Volume 1<\/td><td>Jazz Room<\/td><td><\/td><\/tr><tr><td>21<\/td><td>VA<\/td><td>Noise for Now: Vol. 2<\/td><td>Noise For Now<\/td><td><\/td><\/tr><tr><td>21<\/td><td>Wac\u0142aw Zimpel<\/td><td>Japanese Journal Vol\u200b.\u200b1<\/td><td>The State51 Conspiracy<\/td><td><\/td><\/tr><tr><td>21<\/td><td>Wage War<\/td><td>Stigma<\/td><td>Fearless<\/td><td><\/td><\/tr><tr><td>21<\/td><td>Wild Up &amp; Christopher Rountree<\/td><td>Julius Eastman, Vol. 4: The Holy Presence<\/td><td>New Amsterdam<\/td><td><\/td><\/tr><tr><td>21<\/td><td>William Parker \/ Cooper-Moore \/ Hamid Drake<\/td><td>Heart Trio<\/td><td>AUM Fidelity<\/td><td><\/td><\/tr><tr><td>21<\/td><td>William Parker &amp; Ellen Christi<\/td><td>Cereal Music<\/td><td>AUM Fidelity<\/td><td><\/td><\/tr><tr><td>24<\/td><td>DEAE<\/td><td>Lithium<\/td><td>Kilogram<\/td><td><\/td><\/tr><tr><td>25<\/td><td>B\u00b0TONG<\/td><td>Mass<\/td><td>Zoharum<\/td><td><\/td><\/tr><tr><td>25<\/td><td>Noche Oscura<\/td><td>Gardens<\/td><td>Zoharum<\/td><td><\/td><\/tr><tr><td>25<\/td><td>Poto&amp;Aby<\/td><td>The Window of His Room<\/td><td><\/td><td><\/td><\/tr><tr><td>25<\/td><td>Rapoon<\/td><td>Dream Circles (In Three Phases)<\/td><td>Zoharum<\/td><td><\/td><\/tr><tr><td>26<\/td><td>Sachi Kobayashi<\/td><td>PSALM016: Lamentations<\/td><td>Phantom Limb<\/td><td><\/td><\/tr><tr><td>27<\/td><td>Fuubutsushi<\/td><td>Meridian<\/td><td>Cached<\/td><td><\/td><\/tr><tr><td>27<\/td><td>Goutte<\/td><td>Kontur<\/td><td>Opus Elefantum<\/td><td><\/td><\/tr><tr><td>27<\/td><td>Tomasz Duda Quartet<\/td><td>Nagav<\/td><td>Toinen<\/td><td><\/td><\/tr><tr><td>28<\/td><td>2K88<\/td><td>Shame<\/td><td>Unsound<\/td><td><\/td><\/tr><tr><td>28<\/td><td>Asher White<\/td><td>Home Constellation Study<\/td><td>Ba Da Bing<\/td><td><\/td><\/tr><tr><td>28<\/td><td>Bartosz Kruczy\u0144ski<\/td><td>Dreams &amp; Whispers<\/td><td>Earth Trax<\/td><td><\/td><\/tr><tr><td>28<\/td><td>Camila Cabello<\/td><td>C,XOXO<\/td><td>Geffen<\/td><td><\/td><\/tr><tr><td>28<\/td><td>Channel Tres<\/td><td>Head Rush<\/td><td>RCA<\/td><td><\/td><\/tr><tr><td>28<\/td><td>Chris Corsano<\/td><td>The Key (Became the Important Thing [and Then Just Faded Away\u200b]\u200b)<\/td><td><\/td><td><\/td><\/tr><tr><td>28<\/td><td>Dirty Three<\/td><td>Love Changes Everything<\/td><td>Bella Union<\/td><td><\/td><\/tr><tr><td>28<\/td><td>Eiko Ishibashi<\/td><td>Evil Does Not Exist OST<\/td><td>Drag City<\/td><td><\/td><\/tr><tr><td>28<\/td><td>Gabriel Birnbaum<\/td><td>Patron Saint of Tireless Losers<\/td><td>Western Vinyl<\/td><td><\/td><\/tr><tr><td>28<\/td><td>Hiatus Kaiyote<\/td><td>Love Heart Cheat Code<\/td><td>Brainfeeder<\/td><td><\/td><\/tr><tr><td>28<\/td><td>Hubert Zemler<\/td><td>Groove 18<\/td><td>Outlines<\/td><td><\/td><\/tr><tr><td>28<\/td><td>Janel and Anthony<\/td><td>New Moon In The Evil Age<\/td><td>Cuneiform<\/td><td><\/td><\/tr><tr><td>28<\/td><td>Janel Leppin<\/td><td>Ensemble Volcanic Ash: To March Is To Love<\/td><td>Cuneiform<\/td><td><\/td><\/tr><tr><td>28<\/td><td>Johnny Cash<\/td><td>Songwriter<\/td><td>Universal<\/td><td><\/td><\/tr><tr><td>28<\/td><td>Katy the Kyng<\/td><td>Selfies of You<\/td><td>Husky Pants<\/td><td><\/td><\/tr><tr><td>28<\/td><td>Kim Cass<\/td><td>Levs<\/td><td>Pi Recordings<\/td><td><\/td><\/tr><tr><td>28<\/td><td>Kosmos<\/td><td>Kosmos<\/td><td>Audio Cave<\/td><td>CD<\/td><\/tr><tr><td>28<\/td><td>Laura Cannell<\/td><td>Wolflore<\/td><td>Brawl<\/td><td><\/td><\/tr><tr><td>28<\/td><td>Lee Underwood<\/td><td>California Sigh<\/td><td><\/td><td><\/td><\/tr><tr><td>28<\/td><td>Loma<\/td><td>How Will I Live Without a Body?<\/td><td>Sub Pop<\/td><td><\/td><\/tr><tr><td>28<\/td><td>Lupe Fiasco<\/td><td>Samurai<\/td><td>1st &amp; 15th<\/td><td><\/td><\/tr><tr><td>28<\/td><td>Mabe Fratti<\/td><td>Sentir que no sabes<\/td><td>Unheard Of Hope<\/td><td><\/td><\/tr><tr><td>28<\/td><td>Megan Thee Stallion<\/td><td>Megan<\/td><td><\/td><td><\/td><\/tr><tr><td>28<\/td><td>Milly<\/td><td>Your Own Becoming<\/td><td>Dangerbird<\/td><td><\/td><\/tr><tr><td>28<\/td><td>Neil Young &amp; Crazy Horse<\/td><td>Early Daze<\/td><td>Reprise<\/td><td><\/td><\/tr><tr><td>28<\/td><td>Omar Apollo<\/td><td>God Said No<\/td><td>Warner<\/td><td><\/td><\/tr><tr><td>28<\/td><td>Previous Industries<\/td><td>Service Merchandise<\/td><td>Merge<\/td><td><\/td><\/tr><tr><td>28<\/td><td>Saccata Quartet<\/td><td>Septendecim<\/td><td>We Jazz<\/td><td><\/td><\/tr><tr><td>28<\/td><td>Shackleton &amp; Six Organs of Admittance<\/td><td>Jinxed by Being<\/td><td><\/td><td><\/td><\/tr><tr><td>28<\/td><td>SML<\/td><td>Small Medium Large<\/td><td>International Anthem<\/td><td><\/td><\/tr><tr><td>28<\/td><td>Storefront Church<\/td><td>Ink &amp; Oil<\/td><td><\/td><td><\/td><\/tr><tr><td>28<\/td><td>SUSS<\/td><td>Birds &amp; Beasts<\/td><td>Northern Spy<\/td><td><\/td><\/tr><tr><td>28<\/td><td>The Folk Implosion<\/td><td>Walk Thru Me<\/td><td>Joyful Noise<\/td><td><\/td><\/tr><tr><td>28<\/td><td>VA<\/td><td>Shanghai&#8217;d Soul Episode 12<\/td><td>Numero Group<\/td><td><\/td><\/tr><tr><td>28<\/td><td>Washed Out<\/td><td>Notes from a Quiet Life<\/td><td>Sub Pop<\/td><td><\/td><\/tr><tr><td>28<\/td><td>Wilco<\/td><td>Hot Sun Cool Shroud<\/td><td>dBpm<\/td><td><\/td><\/tr><tr><td>28<\/td><td>Zheng Hao<\/td><td>Harmonium II<\/td><td>Bezirk Tapes<\/td><td><\/td><\/tr><\/tbody><\/table><\/figure>\n","protected":false},"excerpt":{"rendered":"<p>1 Bartosz Szablowski Id(ee) Gotta Let It Out 1 Silent Music Hajj Belaid with a New Rhythm Hive Mind reed 1 T\u200b\u200b\u200b\u00c6\u200b\u200b\u200bL T\u200b\u200b\u200b\u00c6\u200b\u200b\u200bL D.I.Y. Ko\u0142o 3 adaa &#8230;img&#8230; Mappa 3 Current 93 Live at the Teatro Iberico Cashen&#8217;s Gap 3 Current 93 Emblems Cashen&#8217;s Gap 3 Current 93 Astral Crimes at the Dark House Cashen&#8217;s [&hellip;]<\/p>\n","protected":false},"author":1,"featured_media":0,"parent":0,"menu_order":0,"comment_status":"closed","ping_status":"closed","template":"","meta":{"footnotes":""},"_links":{"self":[{"href":"https:\/\/blog.polityka.pl\/polifonia\/wp-json\/wp\/v2\/pages\/43363"}],"collection":[{"href":"https:\/\/blog.polityka.pl\/polifonia\/wp-json\/wp\/v2\/pages"}],"about":[{"href":"https:\/\/blog.polityka.pl\/polifonia\/wp-json\/wp\/v2\/types\/page"}],"author":[{"embeddable":true,"href":"https:\/\/blog.polityka.pl\/polifonia\/wp-json\/wp\/v2\/users\/1"}],"replies":[{"embeddable":true,"href":"https:\/\/blog.polityka.pl\/polifonia\/wp-json\/wp\/v2\/comments?post=43363"}],"version-history":[{"count":3,"href":"https:\/\/blog.polityka.pl\/polifonia\/wp-json\/wp\/v2\/pages\/43363\/revisions"}],"predecessor-version":[{"id":43698,"href":"https:\/\/blog.polityka.pl\/polifonia\/wp-json\/wp\/v2\/pages\/43363\/revisions\/43698"}],"wp:attachment":[{"href":"https:\/\/blog.polityka.pl\/polifonia\/wp-json\/wp\/v2\/media?parent=43363"}],"curies":[{"name":"wp","href":"https:\/\/api.w.org\/{rel}","templated":true}]}}