
{"id":45032,"date":"2024-11-01T10:45:34","date_gmt":"2024-11-01T09:45:34","guid":{"rendered":"https:\/\/polifonia.blog.polityka.pl\/?page_id=45032"},"modified":"2024-11-01T10:45:35","modified_gmt":"2024-11-01T09:45:35","slug":"premiery-11-2024","status":"publish","type":"page","link":"https:\/\/blog.polityka.pl\/polifonia\/premiery-11-2024\/","title":{"rendered":"PREMIERY 11.2024"},"content":{"rendered":"\n<figure class=\"wp-block-table\"><table><tbody><tr><td>1<\/td><td>Andy Loebs<\/td><td>Cercopithecoid<\/td><td>Orange Milk<\/td><td><\/td><\/tr><tr><td>1<\/td><td>Autre Ne Veut<\/td><td>Love, Guess Who??<\/td><td><\/td><td><\/td><\/tr><tr><td>1<\/td><td>Beatrice Dillon<\/td><td>Seven Reorganisations<\/td><td><\/td><td><\/td><\/tr><tr><td>1<\/td><td>Berke Can \u00d6zcan &amp; Jonah Parzen-Johnson<\/td><td>It Was Always Time<\/td><td>We Jazz<\/td><td><\/td><\/tr><tr><td>1<\/td><td>Bernard Parmegiani &amp; Fran\u00e7ois Bayle<\/td><td>Divinie Com\u200b\u00e9\u200bdie<\/td><td>Recollection GRM<\/td><td><\/td><\/tr><tr><td>1<\/td><td>Contour<\/td><td>Take off From Mercy<\/td><td>Mexican Summer<\/td><td><\/td><\/tr><tr><td>1<\/td><td>Current 93<\/td><td>Sketches of My Nightmares &amp; Dreams Occurring<\/td><td>Cashen&#8217;s Gap<\/td><td><\/td><\/tr><tr><td>1<\/td><td>Cybotron<\/td><td>Parallel Shift EP<\/td><td>Tresor<\/td><td><\/td><\/tr><tr><td>1<\/td><td>Destroyyyyer<\/td><td>No Solace<\/td><td>D&amp;W<\/td><td><\/td><\/tr><tr><td>1<\/td><td>Fionn Reagan<\/td><td>O Avalanche<\/td><td>Bella Union<\/td><td><\/td><\/tr><tr><td>1<\/td><td>Florian Hecker<\/td><td>Resynthese FAVN<\/td><td>Blank Forms<\/td><td><\/td><\/tr><tr><td>1<\/td><td>Fonogon<\/td><td>&#8222;408&#8221;<\/td><td><\/td><td><\/td><\/tr><tr><td>1<\/td><td>Freddie Gibbs<\/td><td>You Only Die 1nce<\/td><td>ESGN<\/td><td><\/td><\/tr><tr><td>1<\/td><td>Freysteinn<\/td><td>A\u00f0 einhverju\u200b\/\u200bTo Somewhere<\/td><td><\/td><td><\/td><\/tr><tr><td>1<\/td><td>Fucked Up<\/td><td>Someday<\/td><td>Fucked Up<\/td><td><\/td><\/tr><tr><td>1<\/td><td>Gaister<\/td><td>Gaister<\/td><td>AD 93<\/td><td><\/td><\/tr><tr><td>1<\/td><td>Haruomi Hosono<\/td><td>Hosono House Revisited<\/td><td>Stones Throw<\/td><td><\/td><\/tr><tr><td>1<\/td><td>J Spaceman &amp; John Coxon<\/td><td>Music for William Eggleston&#8217;s Stranded in Canton<\/td><td>Fat Possum<\/td><td><\/td><\/tr><tr><td>1<\/td><td>Jennifer Castle<\/td><td>Camelot<\/td><td>Paradise of Bachelors<\/td><td><\/td><\/tr><tr><td>1<\/td><td>Jere Valkonen<\/td><td>Viimeist\u00e4 kertaa<\/td><td>Eclipse<\/td><td><\/td><\/tr><tr><td>1<\/td><td>Jon Mueller<\/td><td>Duality<\/td><td>Room40<\/td><td><\/td><\/tr><tr><td>1<\/td><td>Kokoroko<\/td><td>Get the Message EP<\/td><td>Brownswood<\/td><td><\/td><\/tr><tr><td>1<\/td><td>Lil Uzi Vert<\/td><td>Eternal Atake 2<\/td><td>Atlantic<\/td><td><\/td><\/tr><tr><td>1<\/td><td>Lykke Li<\/td><td>\u018eY\u018eY\u018e<\/td><td>PIAS<\/td><td><\/td><\/tr><tr><td>1<\/td><td>Market<\/td><td>Well I Asked You a Question<\/td><td>Western Vinyl<\/td><td><\/td><\/tr><tr><td>1<\/td><td>Mike Cooper<\/td><td>Slow Motion Lightining<\/td><td>Room40<\/td><td><\/td><\/tr><tr><td>1<\/td><td>Military Genius<\/td><td>Scarred for Life<\/td><td>TAR \/ MM \/ UOH<\/td><td><\/td><\/tr><tr><td>1<\/td><td>Neon Nightmare<\/td><td>Faded Dream<\/td><td>20 Buck Spin<\/td><td><\/td><\/tr><tr><td>1<\/td><td>Orchestre Tout Puissant Marcel Duchamp<\/td><td>Ventre unique<\/td><td>Les Disques Bongo Joe<\/td><td><\/td><\/tr><tr><td>1<\/td><td>Peter Perrett<\/td><td>The Cleansing<\/td><td>Domino<\/td><td><\/td><\/tr><tr><td>1<\/td><td>Pierre Henry<\/td><td>Labirynthe!<\/td><td>Recollection GRM<\/td><td><\/td><\/tr><tr><td>1<\/td><td>Richard Swift<\/td><td>4 Hits &amp; A Miss &#8211; The Essential Richard Swift<\/td><td>Secretly Canadian<\/td><td><\/td><\/tr><tr><td>1<\/td><td>Sam Blasucci<\/td><td>Real Life Thing<\/td><td>Innovative Leisure<\/td><td><\/td><\/tr><tr><td>1<\/td><td>Sam Gendel, Benny Bock, Hans Kjorstad<\/td><td>Dream Trio<\/td><td>Leaving<\/td><td><\/td><\/tr><tr><td>1<\/td><td>Sarah Blasko<\/td><td>I Just Need to Conquer This Mountain<\/td><td><\/td><td><\/td><\/tr><tr><td>1<\/td><td>Sarah Neufeld, Richard Reed Perry &amp; Rebecca Foon<\/td><td>First Sounds<\/td><td>Envision<\/td><td><\/td><\/tr><tr><td>1<\/td><td>Scrimshire<\/td><td>Music for Autumn Leaves<\/td><td>Albert&#8217;s Favourites<\/td><td><\/td><\/tr><tr><td>1<\/td><td>SiP<\/td><td>Leos Ultras<\/td><td>Not Not Fun<\/td><td><\/td><\/tr><tr><td>1<\/td><td>Teleplasmiste<\/td><td>Of Nature &amp; Electricity<\/td><td>The 51st State Conspiracy<\/td><td><\/td><\/tr><tr><td>1<\/td><td>The Arc of Teeth<\/td><td>Untitled<\/td><td>American Dreams<\/td><td><\/td><\/tr><tr><td>1<\/td><td>The Breath<\/td><td>Keep It Safe<\/td><td>Real World<\/td><td><\/td><\/tr><tr><td>1<\/td><td>The Cosmic Tones Research Trio<\/td><td>All is Sound<\/td><td>Mississippi<\/td><td><\/td><\/tr><tr><td>1<\/td><td>The Cure<\/td><td>Songs of a Lost World<\/td><td>Fiction<\/td><td><\/td><\/tr><tr><td>1<\/td><td>Thee Alcoholics<\/td><td>Bear Bites Horse Sessions<\/td><td>Rocket<\/td><td><\/td><\/tr><tr><td>1<\/td><td>Thus Love<\/td><td>All Pleasure<\/td><td>Captured Tracks<\/td><td><\/td><\/tr><tr><td>1<\/td><td>Tomin<\/td><td>A Willed and Conscious Balance<\/td><td>International Anthem<\/td><td><\/td><\/tr><tr><td>1<\/td><td>Westside Gunn &amp; DJ Drama<\/td><td>Still Praying<\/td><td>Griselda<\/td><td><\/td><\/tr><tr><td>1<\/td><td>Willie Nelson<\/td><td>Last Leaf on the Tree<\/td><td>Sony<\/td><td><\/td><\/tr><tr><td>1<\/td><td>World Brain<\/td><td>Open Source<\/td><td>Mansions and Millions<\/td><td><\/td><\/tr><tr><td>4<\/td><td>Lamina<\/td><td>Sue\u200b\u00f1\u200bos acu\u200b\u00e1\u200bticos<\/td><td>Mappa<\/td><td><\/td><\/tr><tr><td>4<\/td><td>Miko\u0142aj Trzaska<\/td><td>Eternity for a While<\/td><td>Instant Classic<\/td><td><\/td><\/tr><tr><td>4<\/td><td>XWKSH<\/td><td>Pol-sen<\/td><td>Superkasety<\/td><td><\/td><\/tr><tr><td>5<\/td><td>Merope<\/td><td>V\u200b\u0117\u200bjula<\/td><td><a href=\"http:\/\/stroom.tv\/\" target=\"_blank\" rel=\"noreferrer noopener\">Stroom.tv<\/a><\/td><td><\/td><\/tr><tr><td>5<\/td><td>Na\u010deva<\/td><td>Jdem temn\u200b\u00fd\u200bm dnem<\/td><td>Poli5<\/td><td><\/td><\/tr><tr><td>6<\/td><td>Claire Rousay<\/td><td>Sentiment Remix<\/td><td>Thrill Jockey<\/td><td><\/td><\/tr><tr><td>7<\/td><td>Jonathan Fitoussi<\/td><td>Mobilis<\/td><td>Transversales<\/td><td><\/td><\/tr><tr><td>8<\/td><td>Adrian Younge<\/td><td>Adrian Younge presents Linear Labs: S\u200b\u00e3\u200bo Paulo<\/td><td>Linear Labs<\/td><td><\/td><\/tr><tr><td>8<\/td><td>Antonina Car x Niczos<\/td><td>To\u0144<\/td><td>Coastlne Northern Cuts<\/td><td><\/td><\/tr><tr><td>8<\/td><td>Black Rain<\/td><td>Neuromancer<\/td><td>Room40<\/td><td><\/td><\/tr><tr><td>8<\/td><td>Bryan&#8217;s Magic Tears<\/td><td>Smoke and Mirrors<\/td><td>Born Bad<\/td><td><\/td><\/tr><tr><td>8<\/td><td>Cahill Costello<\/td><td>Cahill\u200b\/\u200b\/\u200bCostello II<\/td><td>Gearbox<\/td><td><\/td><\/tr><tr><td>8<\/td><td>Claire Rousay<\/td><td>The Bloody Lady<\/td><td>Viernulvier<\/td><td><\/td><\/tr><tr><td>8<\/td><td>Dan Melchior<\/td><td>Hill Country Piano<\/td><td>Penultimate Press<\/td><td><\/td><\/tr><tr><td>8<\/td><td>Man\/Woman\/Chainsaw<\/td><td>Eazy Peazy<\/td><td>Fat Possum<\/td><td><\/td><\/tr><tr><td>8<\/td><td>Matt Elliott<\/td><td>Drinking Songs Live 20 Years On<\/td><td>Ici d&#8217;Ailleurs<\/td><td><\/td><\/tr><tr><td>8<\/td><td>Mount Eerie<\/td><td>Night Palace<\/td><td>P.W. Elverum &amp; Suns<\/td><td><\/td><\/tr><tr><td>8<\/td><td>Mulatu Astatke &amp; Hoodna Orchestra<\/td><td>Tension<\/td><td>Batov<\/td><td><\/td><\/tr><tr><td>8<\/td><td>Our Girl<\/td><td>The Good Kind<\/td><td>Bella Union<\/td><td><\/td><\/tr><tr><td>8<\/td><td>Pancrace<\/td><td>Papotier<\/td><td>Penultimate Press<\/td><td><\/td><\/tr><tr><td>8<\/td><td>Perila<\/td><td>Intrinsic Rhythm<\/td><td>Smalltown Supersound<\/td><td><\/td><\/tr><tr><td>8<\/td><td>Primal Scream<\/td><td>Come Ahead<\/td><td>BMG<\/td><td><\/td><\/tr><tr><td>8<\/td><td>SABIWA, Queimada, Nathan L.<\/td><td>Sons of _<\/td><td>Phantom Limb<\/td><td><\/td><\/tr><tr><td>8<\/td><td>Sarah Davachi and Dicky Bahto<\/td><td>Music For A Bellowing Room<\/td><td>Late Music<\/td><td><\/td><\/tr><tr><td>8<\/td><td>Soft As Snow<\/td><td>Metal.wet<\/td><td>Beacon Sound<\/td><td><\/td><\/tr><tr><td>8<\/td><td>Sussan Deyhim &amp; Richard Horowitz<\/td><td>The Invisible Road: Original Recordings, 1985\u200b\u2013\u200b1990<\/td><td>RVNG Intl<\/td><td><\/td><\/tr><tr><td>8<\/td><td>The Body<\/td><td>The Crying Out of Things<\/td><td>Thrill Jockey<\/td><td><\/td><\/tr><tr><td>8<\/td><td>VA<\/td><td>Like Someone I Know: A Celebration of Margo Guryan<\/td><td>Sub Pop<\/td><td><\/td><\/tr><tr><td>8<\/td><td>Zane Trow<\/td><td>Landscape<\/td><td>Room40<\/td><td><\/td><\/tr><tr><td>11<\/td><td>ROB MAZUREK QUARTET (Rob Mazurek, Angelica Sanchez, Tomeka Reid, Chad Taylor)<\/td><td>Color Systems<\/td><td>Rogue Art<\/td><td><\/td><\/tr><tr><td>11<\/td><td>Wild Classical Music Ensemble<\/td><td>Confined<\/td><td>Born Bad<\/td><td><\/td><\/tr><tr><td>15<\/td><td>Actress<\/td><td>\u0414\u200b\u0430\u200b\u0440\u200b\u0435\u200b\u043d \u0414\u200b\u0436\u200b. \u041a\u200b\u0430\u200b\u043d\u200b\u043d\u200b\u0456\u200b\u043d\u200b\u0433\u200b\u0435\u200b\u043c<\/td><td>Smalltown Supersound<\/td><td><\/td><\/tr><tr><td>15<\/td><td>Albert Karch &amp; Gareth Quinn Redmond<\/td><td>Warszawa<\/td><td>WRWTFWW<\/td><td><\/td><\/tr><tr><td>15<\/td><td>Anna Niestatek<\/td><td>Cz\u0105stki &#8211; specer \u015bcie\u017ckami kobiet<\/td><td>Oficyna Lo\u017ca<\/td><td><\/td><\/tr><tr><td>15<\/td><td>Baby Berserk<\/td><td>Slightly Hysterical Girls With Pearls<\/td><td>Les Disques Bongo Joe<\/td><td><\/td><\/tr><tr><td>15<\/td><td>Caixa Cubo<\/td><td>Modo Avi\u200b\u00e3\u200bo<\/td><td>Far Out<\/td><td><\/td><\/tr><tr><td>15<\/td><td>Chelsea Wolfe<\/td><td>Unbound EP<\/td><td>Loma Vista<\/td><td><\/td><\/tr><tr><td>15<\/td><td>Dorothea Paas<\/td><td>Think of Myst<\/td><td>Telephone Explosion<\/td><td><\/td><\/tr><tr><td>15<\/td><td>Elori Saxl<\/td><td>Earth Focus<\/td><td>Western Vinyl<\/td><td><\/td><\/tr><tr><td>15<\/td><td>Gavin Vanaelst<\/td><td>Takeaway Loops<\/td><td>Edicoes CN<\/td><td><\/td><\/tr><tr><td>15<\/td><td>GMM<\/td><td>Wesele<\/td><td>Gusstaff<\/td><td><\/td><\/tr><tr><td>15<\/td><td>Houssam Gania<\/td><td>\u062c\u200b\u0648\u200b\u0641 \u0627\u200b\u0644\u200b\u0644\u200b\u064a\u200b\u0644 &#8211; Dead of Night<\/td><td>Hive Mind<\/td><td><\/td><\/tr><tr><td>15<\/td><td>Johnny Coley<\/td><td>Mister Sweet Whisper<\/td><td>Mississippi<\/td><td><\/td><\/tr><tr><td>15<\/td><td>Juli\u00e1n Mayorga<\/td><td>Chak Chak Chak Chak<\/td><td>Glitterbeat<\/td><td><\/td><\/tr><tr><td>15<\/td><td>Ka Baird<\/td><td>Ictum Exercises (Polyrhythmic Studies)<\/td><td>Astral Spirits<\/td><td><\/td><\/tr><tr><td>15<\/td><td>Lynn Avery &amp; Cole Pulice<\/td><td>Phantasy &amp; Reality<\/td><td>Moon Glyph<\/td><td><\/td><\/tr><tr><td>15<\/td><td>Manja Risti\u0107<\/td><td>Dew<\/td><td>Okla<\/td><td><\/td><\/tr><tr><td>15<\/td><td>Mauricio Moquillaza<\/td><td>Mauricio Moquillaza<\/td><td>Buh<\/td><td><\/td><\/tr><tr><td>15<\/td><td>Natalia Kukulska<\/td><td>Dobrostan<\/td><td>Agora<\/td><td><\/td><\/tr><tr><td>15<\/td><td>Oaagaada<\/td><td>Music Of<\/td><td>We Jazz<\/td><td><\/td><\/tr><tr><td>15<\/td><td>Okokon<\/td><td>Offering<\/td><td>Other People<\/td><td><\/td><\/tr><tr><td>15<\/td><td>Philip Jeck<\/td><td>rpm<\/td><td>Touch<\/td><td><\/td><\/tr><tr><td>15<\/td><td>Pink Warm Belly of A Dying Sun<\/td><td>Pink Warm Belly of A Dying Sun<\/td><td><\/td><td><\/td><\/tr><tr><td>15<\/td><td>Scott Gilmore<\/td><td>Volume 1<\/td><td>Crammed Discs<\/td><td><\/td><\/tr><tr><td>15<\/td><td>Skalpel<\/td><td>Recut<\/td><td>NoPaper<\/td><td><\/td><\/tr><tr><td>15<\/td><td>Sofie Royer<\/td><td>Young Girl Forever<\/td><td>Stones Throw<\/td><td><\/td><\/tr><tr><td>15<\/td><td>Synthezaur<\/td><td>Birth of the Synthezaur<\/td><td>Kxntrst<\/td><td><\/td><\/tr><tr><td>15<\/td><td>VA<\/td><td>Super Disco Pirata &#8211; De Tepito Para El Mundo 1965\u200b-\u200b1980 (Analog Africa No\u200b.\u200b39)<\/td><td>Analog Africa<\/td><td><\/td><\/tr><tr><td>15<\/td><td>Zaumne<\/td><td>Only Good Dreams for Me<\/td><td>Warm Winters Ltd.<\/td><td><\/td><\/tr><tr><td>18<\/td><td>Michaela Turcerov\u00e1<\/td><td>Alene Et<\/td><td>Mappa<\/td><td><\/td><\/tr><tr><td>21<\/td><td>Kim Deal<\/td><td>Nobody Loves You More<\/td><td>4AD<\/td><td><\/td><\/tr><tr><td>22<\/td><td>Bill Callahan and Smog<\/td><td>The Holy Grail: Bill Callahan\u200b\u2019\u200bs &#8222;Smog&#8221; Dec. 10, 2001 Peel Session<\/td><td>Darg City<\/td><td>arch<\/td><\/tr><tr><td>22<\/td><td>BZDB<\/td><td>Jump Ship, Sit Lean, Be Still, Stand Tall<\/td><td>AD93<\/td><td><\/td><\/tr><tr><td>22<\/td><td>Camilla Battaglia<\/td><td>ELEkTRA<\/td><td>Ropedope<\/td><td><\/td><\/tr><tr><td>22<\/td><td>Can<\/td><td>Live in Keele 1977<\/td><td>Mute<\/td><td>arch<\/td><\/tr><tr><td>22<\/td><td>Celia Hollander<\/td><td>Perfect Conditions<\/td><td><\/td><td><\/td><\/tr><tr><td>22<\/td><td>Cistern<\/td><td>New Standard<\/td><td>TAR \/ MM \/ UOH<\/td><td><\/td><\/tr><tr><td>22<\/td><td>Daisuke Hinata<\/td><td>Tarzanland<\/td><td>WRWTFWW<\/td><td>reed<\/td><\/tr><tr><td>22<\/td><td>Dean &amp; Britta &amp; Sonic Boom<\/td><td>A Peace of Us<\/td><td>Carpark<\/td><td><\/td><\/tr><tr><td>22<\/td><td>Denman Maroney<\/td><td>Nits Musica<\/td><td>Cuneiform<\/td><td><\/td><\/tr><tr><td>22<\/td><td>Father John Misty<\/td><td>Mahashmashana<\/td><td>Bella Union<\/td><td><\/td><\/tr><tr><td>22<\/td><td>Human Error<\/td><td>Human Error<\/td><td>Astral Spirits<\/td><td><\/td><\/tr><tr><td>22<\/td><td>Jeff Parker ETA IVtet<\/td><td>The Way Out Of Easy<\/td><td>International Anthem<\/td><td><\/td><\/tr><tr><td>22<\/td><td>Kaitlyn Aurelia Smith &amp; Joe Goddard<\/td><td>Neptunes EP<\/td><td><\/td><td><\/td><\/tr><tr><td>22<\/td><td>Papa M<\/td><td>Ballads of Harry Houdini<\/td><td>Drag City<\/td><td><\/td><\/tr><tr><td>22<\/td><td>Sonic Interventions<\/td><td>Do You Remember?<\/td><td>Agogo<\/td><td><\/td><\/tr><tr><td>22<\/td><td>Supersigil<\/td><td>Spectres<\/td><td><\/td><td><\/td><\/tr><tr><td>22<\/td><td>Talking Heads<\/td><td>Talking Heads: 77 (Super Deluxe Edition)<\/td><td>Sire<\/td><td>reed<\/td><\/tr><tr><td>22<\/td><td>Tashi Dorji<\/td><td>we will be wherever the fires are lit<\/td><td>Drag City<\/td><td><\/td><\/tr><tr><td>22<\/td><td>VA<\/td><td>TRA\u200b\u0418\u200b\u01a7\u200bA<\/td><td>Red Hot Org<\/td><td><\/td><\/tr><tr><td>22<\/td><td>VA<\/td><td>Nigeria Special Volume 3: Electronic Innovation Meets Culture And Tradition 1978\u200b-\u200b93<\/td><td>Soundway<\/td><td><\/td><\/tr><tr><td>22<\/td><td>Volap\u00fck<\/td><td>Where Is Tamashii?<\/td><td>Cuneiform<\/td><td><\/td><\/tr><tr><td>22<\/td><td>Warhaus<\/td><td>Karaoke Moon<\/td><td>PIAS<\/td><td><\/td><\/tr><tr><td>22<\/td><td>Woodleigh Research Facility<\/td><td>Vous Du Music<\/td><td>Byrd Out<\/td><td><\/td><\/tr><tr><td>22<\/td><td>Work Money Death<\/td><td>People Of The Fast Flowing River<\/td><td>ATA Records<\/td><td><\/td><\/tr><tr><td>24<\/td><td>Ben Lukas Boysen<\/td><td>Alta Ripa<\/td><td>Erased Tapes<\/td><td><\/td><\/tr><tr><td>27<\/td><td>96 Back<\/td><td>Tender, Exit<\/td><td>Svbkvlt<\/td><td><\/td><\/tr><tr><td>29<\/td><td>Ak&#8217;chamel<\/td><td>Rawskulled<\/td><td>Akuphone<\/td><td><\/td><\/tr><tr><td>29<\/td><td>Faraway Ghost &amp; Sunken Cages<\/td><td>Ashk Haye Moghavemat<\/td><td>Akuphone<\/td><td><\/td><\/tr><tr><td>29<\/td><td>Inkswel &amp; Andre Espeut<\/td><td>Synchronicities<\/td><td>Compost<\/td><td><\/td><\/tr><tr><td>29<\/td><td>Katharina Ernst &amp; Schne<\/td><td>Kranetude<\/td><td>Trost<\/td><td><\/td><\/tr><tr><td>29<\/td><td>Marek Pospieszalski Octet featuring Zoh Amba<\/td><td>Now!<\/td><td>Instant Classic<\/td><td><\/td><\/tr><tr><td>29<\/td><td>Nordsn\u00f8 Ensemble<\/td><td>ett omaka par<\/td><td>sts sts<\/td><td><\/td><\/tr><tr><td>29<\/td><td>Norman McLaren<\/td><td>Rythmetic: The Compositions of Norman McLaren<\/td><td>Phantom Limb<\/td><td><\/td><\/tr><tr><td>29<\/td><td>Organi<\/td><td>Babylonia<\/td><td>Alien Transistor<\/td><td><\/td><\/tr><tr><td>29<\/td><td>Shinichiro Yokota<\/td><td>Pitstop Box<\/td><td>WRWTFWW<\/td><td>reed<\/td><\/tr><tr><td>29<\/td><td>Tenderlonious<\/td><td>Underworld<\/td><td>22a<\/td><td>EP<\/td><\/tr><tr><td>29<\/td><td>Thelonious Monk<\/td><td>Live in Paris (1966)<\/td><td>Transversales<\/td><td>arch<\/td><\/tr><tr><td>30<\/td><td>Shelters<\/td><td>Checkmates in Dub<\/td><td>Emotional Response<\/td><td><\/td><\/tr><\/tbody><\/table><\/figure>\n","protected":false},"excerpt":{"rendered":"<p>1 Andy Loebs Cercopithecoid Orange Milk 1 Autre Ne Veut Love, Guess Who?? 1 Beatrice Dillon Seven Reorganisations 1 Berke Can \u00d6zcan &amp; Jonah Parzen-Johnson It Was Always Time We Jazz 1 Bernard Parmegiani &amp; Fran\u00e7ois Bayle Divinie Com\u200b\u00e9\u200bdie Recollection GRM 1 Contour Take off From Mercy Mexican Summer 1 Current 93 Sketches of My [&hellip;]<\/p>\n","protected":false},"author":1,"featured_media":0,"parent":0,"menu_order":0,"comment_status":"closed","ping_status":"closed","template":"","meta":{"footnotes":""},"_links":{"self":[{"href":"https:\/\/blog.polityka.pl\/polifonia\/wp-json\/wp\/v2\/pages\/45032"}],"collection":[{"href":"https:\/\/blog.polityka.pl\/polifonia\/wp-json\/wp\/v2\/pages"}],"about":[{"href":"https:\/\/blog.polityka.pl\/polifonia\/wp-json\/wp\/v2\/types\/page"}],"author":[{"embeddable":true,"href":"https:\/\/blog.polityka.pl\/polifonia\/wp-json\/wp\/v2\/users\/1"}],"replies":[{"embeddable":true,"href":"https:\/\/blog.polityka.pl\/polifonia\/wp-json\/wp\/v2\/comments?post=45032"}],"version-history":[{"count":1,"href":"https:\/\/blog.polityka.pl\/polifonia\/wp-json\/wp\/v2\/pages\/45032\/revisions"}],"predecessor-version":[{"id":45033,"href":"https:\/\/blog.polityka.pl\/polifonia\/wp-json\/wp\/v2\/pages\/45032\/revisions\/45033"}],"wp:attachment":[{"href":"https:\/\/blog.polityka.pl\/polifonia\/wp-json\/wp\/v2\/media?parent=45032"}],"curies":[{"name":"wp","href":"https:\/\/api.w.org\/{rel}","templated":true}]}}