
{"id":45770,"date":"2025-01-14T09:25:51","date_gmt":"2025-01-14T08:25:51","guid":{"rendered":"https:\/\/polifonia.blog.polityka.pl\/?page_id=45770"},"modified":"2025-01-14T09:25:52","modified_gmt":"2025-01-14T08:25:52","slug":"premiery-12-2024","status":"publish","type":"page","link":"https:\/\/blog.polityka.pl\/polifonia\/premiery-12-2024\/","title":{"rendered":"PREMIERY 12.2024"},"content":{"rendered":"\n<figure class=\"wp-block-table\"><table><tbody><tr><td>1<\/td><td>Joe Fonda feat. Michael Rabinowitz, Jeff Lederer, Harvey Sorgen<\/td><td>Joe Fonda &amp; Bass of Operation<\/td><td>Fundacja S\u0142uchaj<\/td><td><\/td><\/tr><tr><td>1<\/td><td>Jo\u00eblle L\u00e9andre \/ Lotte Anker \/ Kresten Osgood Trio<\/td><td>Worlds<\/td><td>Fundacja S\u0142uchaj<\/td><td><\/td><\/tr><tr><td>1<\/td><td>Lotte Anker \/ Jacob Anderskov \/ Kamil Piotrowicz<\/td><td>Antiworld I<\/td><td>Fundacja S\u0142uchaj<\/td><td><\/td><\/tr><tr><td>1<\/td><td>Muriel Grossmann<\/td><td>The Light of the Mind<\/td><td><\/td><td><\/td><\/tr><tr><td>1<\/td><td>Schlippenbach \/ Narvesen Duo<\/td><td>Kairos<\/td><td>Fundacja S\u0142uchaj<\/td><td><\/td><\/tr><tr><td>2<\/td><td>Brenda i Funky<\/td><td>Fale<\/td><td>Syf Records<\/td><td><\/td><\/tr><tr><td>2<\/td><td>Maximiliano Bober + Notatki i Flores, Simi Fyda, Alina Dzi\u0119cio\u0142<\/td><td>Canti Spazializzati #18: Post\u200b-\u200boperas<\/td><td>Sound Art Forum \/ Canti Spazializzati<\/td><td><\/td><\/tr><tr><td>2<\/td><td>TV Girl &amp; George Clanton<\/td><td>Fauxllennium<\/td><td>100% Electronica<\/td><td><\/td><\/tr><tr><td>3<\/td><td>Or Sobre Blau<\/td><td>Piri Piri Samplers + O Ter\u200b\u00e7\u200bo dos homens<\/td><td><a href=\"http:\/\/stroom.tv\/\" target=\"_blank\" rel=\"noreferrer noopener\">Stroom.tv<\/a><\/td><td><\/td><\/tr><tr><td>4<\/td><td>Myrczek &amp; Schmidt Quintet<\/td><td>M\u0142ynarski. Bynajmniej!<\/td><td>SJ Records<\/td><td><\/td><\/tr><tr><td>5<\/td><td>Cosimo Flaschi<\/td><td>Wunderkammer<\/td><td>Granny Records<\/td><td><\/td><\/tr><tr><td>5<\/td><td>Lu\u00eds Lopes Humanization 4tet<\/td><td>Saarbr\u200b\u200b\u200b\u00fc\u200b\u200b\u200bcken<\/td><td>Clean Feed<\/td><td><\/td><\/tr><tr><td>5<\/td><td>Marc Vernon<\/td><td>Otoconia<\/td><td>Granny Records<\/td><td><\/td><\/tr><tr><td>5<\/td><td>Work In Progress<\/td><td>Work In Progress<\/td><td><\/td><td><\/td><\/tr><tr><td>6<\/td><td>Ahmed Essyad<\/td><td>Moroccan Electroacoustic Music 1972\u200b-\u200b74<\/td><td>Sub Rosa<\/td><td><\/td><\/tr><tr><td>6<\/td><td>Aisha Vaughan<\/td><td>The Gate<\/td><td>Leaving<\/td><td><\/td><\/tr><tr><td>6<\/td><td>Alan Balcerowski Quintet<\/td><td>Looking Ahead<\/td><td>Multikulti Project<\/td><td><\/td><\/tr><tr><td>6<\/td><td>Alice Hebborn<\/td><td>Saisons<\/td><td>Western Vinyl<\/td><td><\/td><\/tr><tr><td>6<\/td><td>Alvin Curran<\/td><td>Archeology \/\/ Archeologia<\/td><td>Room40<\/td><td><\/td><\/tr><tr><td>6<\/td><td>Amami<\/td><td>Islands &amp; Islands Dub Sessions<\/td><td>Les Disques Bongo Joe<\/td><td><\/td><\/tr><tr><td>6<\/td><td>Angel Olsen<\/td><td>Cosmic Waves Volume 1<\/td><td>Jagjaguwar<\/td><td><\/td><\/tr><tr><td>6<\/td><td>Bill Orcutt<\/td><td>How to Rescue Things<\/td><td>Palilalia<\/td><td><\/td><\/tr><tr><td>6<\/td><td>Blawan<\/td><td>BouQ<\/td><td>XL Recordings<\/td><td>EP<\/td><\/tr><tr><td>6<\/td><td>Br\u00f6tzmann \/ Nilssen-Love<\/td><td>Butterfly Mushroom<\/td><td>Trost<\/td><td><\/td><\/tr><tr><td>6<\/td><td>Cameron Winter<\/td><td>Heavy Metal<\/td><td>Partisan<\/td><td><\/td><\/tr><tr><td>6<\/td><td>Campus Christy<\/td><td>Campus Christy<\/td><td>Stones Throw<\/td><td><\/td><\/tr><tr><td>6<\/td><td>CEL<\/td><td>Five minutes to self\u200b-\u200bdestruct<\/td><td>Gagarin<\/td><td><\/td><\/tr><tr><td>6<\/td><td>Crystal Voyager &amp; UFOm<\/td><td>Universe People<\/td><td>Moon Glyph<\/td><td><\/td><\/tr><tr><td>6<\/td><td>Dungen<\/td><td>Otis EP<\/td><td>Future Retro London<\/td><td><\/td><\/tr><tr><td>6<\/td><td>Earth Trax<\/td><td>Amnesia EP<\/td><td>Holding Hands<\/td><td><\/td><\/tr><tr><td>6<\/td><td>Eugene Carchesio<\/td><td>Taster&#8217;s Menu<\/td><td>Room40<\/td><td><\/td><\/tr><tr><td>6<\/td><td>Fennesz<\/td><td>Mosaic<\/td><td>Touch<\/td><td><\/td><\/tr><tr><td>6<\/td><td>Giovanni Di Domenico<\/td><td>Echolalia<\/td><td>W.E.R.F.<\/td><td><\/td><\/tr><tr><td>6<\/td><td>HTRK<\/td><td>String of Hearts EP<\/td><td>Ghostly International<\/td><td><\/td><\/tr><tr><td>6<\/td><td>IFS MA<\/td><td>REIFSMA Remixed<\/td><td>Outlines Label<\/td><td><\/td><\/tr><tr><td>6<\/td><td>Interpol<\/td><td>Live at Third Man Records<\/td><td>Third Man<\/td><td><\/td><\/tr><tr><td>6<\/td><td>Jason Molina<\/td><td>The Lamb and Flag<\/td><td>Secretly Canadian<\/td><td>arch<\/td><\/tr><tr><td>6<\/td><td>Joe Armon-Jones<\/td><td>Sorrow EP<\/td><td>Aquarii<\/td><td><\/td><\/tr><tr><td>6<\/td><td>Joe McPhee &amp; Paal Nilssen-Love<\/td><td>I Love Noise<\/td><td>PNL<\/td><td><\/td><\/tr><tr><td>6<\/td><td>John Butcher, Phil Durrant &amp; Mark Wastell<\/td><td>Around the Square, Above the Hill<\/td><td>Confront<\/td><td><\/td><\/tr><tr><td>6<\/td><td>John Zorn<\/td><td>Ou Phrontis<\/td><td>Tzadik<\/td><td><\/td><\/tr><tr><td>6<\/td><td>Kenny Segal &amp; K-the-I???<\/td><td>Genuine Dexterity<\/td><td>Backwoodz<\/td><td><\/td><\/tr><tr><td>6<\/td><td>Kirszenbaum<\/td><td>Rave Macabre<\/td><td>Karrott Kommando<\/td><td><\/td><\/tr><tr><td>6<\/td><td>Kubi Producent<\/td><td>Sen, kt\u00f3rego nigdy nie mia\u0142em<\/td><td><\/td><td><\/td><\/tr><tr><td>6<\/td><td>Laufey<\/td><td>A Night At The Symphony: Hollywood Bowl<\/td><td><\/td><td><\/td><\/tr><tr><td>6<\/td><td>Lorena Alvarez &amp; Alejandro Palacios<\/td><td>Perico Drone<\/td><td>Not Not Fun<\/td><td><\/td><\/tr><tr><td>6<\/td><td>Micha\u0142 Urbaniak Organator<\/td><td>D-Day in Tomasz\u00f3w<\/td><td>For Tune<\/td><td><\/td><\/tr><tr><td>6<\/td><td>Mustii<\/td><td>The Maze<\/td><td><\/td><td><\/td><\/tr><tr><td>6<\/td><td>Nahawa Doumbia<\/td><td>Vol 2<\/td><td>Awesome Tapes from Africa<\/td><td><\/td><\/tr><tr><td>6<\/td><td>Nat Birchall<\/td><td>Eastern Sounds &amp; System EP<\/td><td><\/td><td><\/td><\/tr><tr><td>6<\/td><td>Nils Frahm<\/td><td>Paris<\/td><td>Leiter<\/td><td><\/td><\/tr><tr><td>6<\/td><td>Philip Samartzis and Michael Vorfeld<\/td><td>Air Pressure<\/td><td>Room40<\/td><td><\/td><\/tr><tr><td>6<\/td><td>Rose<\/td><td>Rosie<\/td><td>Atlantic<\/td><td><\/td><\/tr><tr><td>6<\/td><td>Ruby Rushton<\/td><td>Strapodia<\/td><td>22a<\/td><td>EP<\/td><\/tr><tr><td>6<\/td><td>Ruth Goller<\/td><td>Skylla<\/td><td>International Anthem<\/td><td><\/td><\/tr><tr><td>6<\/td><td>Shabaka<\/td><td>Possession EP<\/td><td>Verve<\/td><td><\/td><\/tr><tr><td>6<\/td><td>Suso S\u00e1iz<\/td><td>Distorted Clamor<\/td><td>Music From Memory<\/td><td><\/td><\/tr><tr><td>6<\/td><td>Tatsuya Yoshida &amp; Risa Takeda<\/td><td>Kinsyu<\/td><td>Magaibutsu<\/td><td><\/td><\/tr><tr><td>6<\/td><td>Tomasz Bednarczyk<\/td><td>cat face, cat place policy (slowed + reverb)<\/td><td>Somewhere Nowhere<\/td><td><\/td><\/tr><tr><td>6<\/td><td>Tori Amos<\/td><td>Diving Deep Live<\/td><td><\/td><td><\/td><\/tr><tr><td>6<\/td><td>Trent Reznor &amp; Atticus Ross<\/td><td>Queer<\/td><td>Milan<\/td><td><\/td><\/tr><tr><td>6<\/td><td>Twine<\/td><td>New Old Horse<\/td><td><\/td><td><\/td><\/tr><tr><td>6<\/td><td>Unionen<\/td><td>Unionen<\/td><td>We Jazz<\/td><td><\/td><\/tr><tr><td>6<\/td><td>VA<\/td><td>Bliss Out For Days<\/td><td>Numero Group<\/td><td><\/td><\/tr><tr><td>6<\/td><td>VA<\/td><td>Future Sounds Of Kraut Vol. 3 &#8211; Compiled by Fred und Luna<\/td><td>Compost<\/td><td><\/td><\/tr><tr><td>6<\/td><td>Vincent Taeger &amp; Le Jazz Kamasutra<\/td><td>OK Crooner<\/td><td>Born Bad<\/td><td><\/td><\/tr><tr><td>6<\/td><td>Walu\u015bKraksaKryzys<\/td><td>Sprawd\u017a to EP<\/td><td>Mystic<\/td><td><\/td><\/tr><tr><td>6<\/td><td>White Denim<\/td><td>&#8222;12&#8221;<\/td><td>Bella Union<\/td><td><\/td><\/tr><tr><td>8<\/td><td>Wojciech Kucharczyk<\/td><td>Don&#8217;t Call Me Wariat<\/td><td>Mik.Musik<\/td><td><\/td><\/tr><tr><td>9<\/td><td>PAUL DUNMALL QUARTET (P. Dunmall, L. Noble, J. Edwards, M. Edwards)<\/td><td>Here Today Gone Tomorrow<\/td><td>RogueArt<\/td><td><\/td><\/tr><tr><td>10<\/td><td>Amen Dunes<\/td><td>Death Jokes II<\/td><td>Sub Pop<\/td><td><\/td><\/tr><tr><td>10<\/td><td>Patrick Shiroishi<\/td><td>The Afterlife is Letting Go<\/td><td><\/td><td>EP<\/td><\/tr><tr><td>10<\/td><td>Sarmacja<\/td><td>Eyes On Mirrors<\/td><td>Diffuse Reality<\/td><td><\/td><\/tr><tr><td>10<\/td><td>Terra Utopia<\/td><td>Terra Utopia 2<\/td><td>Emotional Response<\/td><td><\/td><\/tr><tr><td>11<\/td><td>Bartek Mie\u017cy\u0144ski<\/td><td>Odruchy<\/td><td><\/td><td><\/td><\/tr><tr><td>11<\/td><td>Fabiano do Nascimento and Shin Sasakubo<\/td><td>Harm\u200b\u00f4\u200bnicos<\/td><td>Rings<\/td><td><\/td><\/tr><tr><td>11<\/td><td>Tom\u00e1\u0161 Niesner<\/td><td>Be\u200b\u010d\u200bvou &#8211; Resampled (Live at Luhovan\u00fd Vincent 2022)<\/td><td><\/td><td><\/td><\/tr><tr><td>11<\/td><td>Victoria Monet<\/td><td>A Jaguar II Christmas: The Orchestral Arrangements<\/td><td>Sony<\/td><td><\/td><\/tr><tr><td>11<\/td><td>Water Damage<\/td><td>Oorstof\u200b\/\u200bHet Bos 110624<\/td><td><\/td><td><\/td><\/tr><tr><td>12<\/td><td>A Certain Ratio<\/td><td>Christmasville UK<\/td><td>Mute<\/td><td>EP<\/td><\/tr><tr><td>12<\/td><td>Aksak Maboul<\/td><td>Before And After Bandits (documents 1977\u200b-\u200b1980, 2015)<\/td><td>Crammed Discs<\/td><td><\/td><\/tr><tr><td>12<\/td><td>Bezdech<\/td><td>Egzystencja chaosu<\/td><td>D.I.Y. Ko\u0142o<\/td><td><\/td><\/tr><tr><td>12<\/td><td>pq<\/td><td>Granuals<\/td><td>Odda<\/td><td><\/td><\/tr><tr><td>12<\/td><td>Stalinogr\u00f3d Youth Flower<\/td><td>Yesyesnono<\/td><td>Mik.Musik<\/td><td><\/td><\/tr><tr><td>13<\/td><td>Azymuth<\/td><td>Arabut\u00e3<\/td><td>Far Out<\/td><td><\/td><\/tr><tr><td>13<\/td><td>Ben Glas<\/td><td>Music for Listeners (2)<\/td><td>Room40<\/td><td><\/td><\/tr><tr><td>13<\/td><td>Daniel Blumberg<\/td><td>The Brutalist<\/td><td>Milan<\/td><td><\/td><\/tr><tr><td>13<\/td><td>David Lang &amp; The Crossing<\/td><td>Poor Hymnal<\/td><td>Cantaloupe<\/td><td><\/td><\/tr><tr><td>13<\/td><td>Dizzee Rascal<\/td><td>I Invented Grime EP<\/td><td><\/td><td><\/td><\/tr><tr><td>13<\/td><td>Electric Wizard<\/td><td>Black Magic Rituals &amp; Perversions Vol. 1<\/td><td>Spinefarm<\/td><td><\/td><\/tr><tr><td>13<\/td><td>Evigt M\u00f6rker<\/td><td>Ett vilt ljus<\/td><td>Northern Electronics<\/td><td><\/td><\/tr><tr><td>13<\/td><td>Fred again&#8230;<\/td><td>Two More Days<\/td><td>Atlantic<\/td><td>EP<\/td><\/tr><tr><td>13<\/td><td>Hawkwind<\/td><td>Live at the Royal Albert Hall<\/td><td>Cherry Red<\/td><td><\/td><\/tr><tr><td>13<\/td><td>Himalaya Collective<\/td><td>Parantele pt\u200b.\u200b1 LP<\/td><td>U Know Me<\/td><td><\/td><\/tr><tr><td>13<\/td><td>K. Curtis Lyle, Jaap Blonk, Alex Cunningham, Damon Smith and Kevin Cheli<\/td><td>A Radio of the Body<\/td><td>Catalytic Sound<\/td><td><\/td><\/tr><tr><td>13<\/td><td>Kafka&#8217;s Ibiki (Jim O\u2019Rourke, Eiko Ishibashi, Tatsuhisa Yamamoto)<\/td><td>Shiminkai \/ \u55dc\u200b\u7720\u200b\u4f1a<\/td><td>Newhere<\/td><td><\/td><\/tr><tr><td>13<\/td><td>Koza, Kuba Wi\u0119cek<\/td><td>Noc \u017cywych trup\u00f3w<\/td><td><\/td><td><\/td><\/tr><tr><td>13<\/td><td>Laibach<\/td><td>Opus Dei Revisited<\/td><td>Mute<\/td><td><\/td><\/tr><tr><td>13<\/td><td>R\u00f6yksopp<\/td><td>Nebulous Nights &#8211; An Ambient Excursion into Profound Mysteries<\/td><td>Dog Triumph<\/td><td><\/td><\/tr><tr><td>13<\/td><td>Saint Etienne<\/td><td>The Night<\/td><td>Heavenly<\/td><td><\/td><\/tr><tr><td>13<\/td><td>Shinichi Atobe<\/td><td>Discipline<\/td><td><\/td><td><\/td><\/tr><tr><td>13<\/td><td>Siwek Karski<\/td><td>Instructions How To Get Here<\/td><td>Antenna Non Grata<\/td><td><\/td><\/tr><tr><td>13<\/td><td>Snoop Dogg, Dr. Dre<\/td><td>Missionary<\/td><td>Death Row\/Interscope<\/td><td><\/td><\/tr><tr><td>13<\/td><td>Soci\u00e9t\u00e9 \u00c9trange<\/td><td>Au revoir<\/td><td>Les Disques Bongo Joe<\/td><td><\/td><\/tr><tr><td>13<\/td><td>Spencer Zahn<\/td><td>Statues Live<\/td><td>Leaving<\/td><td><\/td><\/tr><tr><td>13<\/td><td>\u015amier\u0107<\/td><td>Op\u00f3r<\/td><td>Nikt Nic Nie Wie<\/td><td><\/td><\/tr><tr><td>13<\/td><td>The Cure<\/td><td>Songs Of A Live World: Troxy London MMXXIV<\/td><td>Universal<\/td><td><\/td><\/tr><tr><td>13<\/td><td>VA<\/td><td>Soon I&#8217;ll Run Out of Air: A Colourful Storm 2024<\/td><td>A Colourful Storm<\/td><td><\/td><\/tr><tr><td>13<\/td><td>Varg<\/td><td>Skaeliptom<\/td><td>Northern Electronics<\/td><td><\/td><\/tr><tr><td>14<\/td><td>Bart\u0142omiej Talaga<\/td><td>Impulse Response \/ Odtruwanie Studni<\/td><td>Nasze Nagrania<\/td><td><\/td><\/tr><tr><td>14<\/td><td>Marc Neys<\/td><td>Tides<\/td><td>Audiobulb<\/td><td><\/td><\/tr><tr><td>14<\/td><td>Pepo Gal\u00e1n<\/td><td>Simple<\/td><td>Facture<\/td><td><\/td><\/tr><tr><td>15<\/td><td>Adriano Zanni<\/td><td>Sequenze di Fabbrica<\/td><td>Boring Machines<\/td><td><\/td><\/tr><tr><td>15<\/td><td>V\/Z (Valentina Magaletti &amp; Susumu Mukai)<\/td><td>It Is Cold In Baltimore<\/td><td>Offen<\/td><td><\/td><\/tr><tr><td>16<\/td><td>Georg Graewe &amp; Sonic Fiction Orchestra<\/td><td>In Concert, Bochum 2022<\/td><td>Trost<\/td><td><\/td><\/tr><tr><td>16<\/td><td>Jessica<\/td><td>Rotting Twenties<\/td><td>Syf Records<\/td><td><\/td><\/tr><tr><td>16<\/td><td>Reggie Watts<\/td><td>Reggie Sings: Your Favorite Christmas Classics, Volume 1<\/td><td>Brainfeeder<\/td><td>EP<\/td><\/tr><tr><td>17<\/td><td>Aphex Twin<\/td><td>Music From the Merch Desk (2016 &#8211; 2023)<\/td><td>Warp<\/td><td>arch<\/td><\/tr><tr><td>17<\/td><td>Fungaa<\/td><td>Fungaa<\/td><td>Syf Records<\/td><td><\/td><\/tr><tr><td>17<\/td><td>Lando Maguszka<\/td><td>Duch jest blisko<\/td><td>Plexus of Infinity<\/td><td><\/td><\/tr><tr><td>17<\/td><td>Niloufar Shiri + Isaac Otto Hayes<\/td><td>Oshi<\/td><td>Infrequent Seams<\/td><td><\/td><\/tr><tr><td>18<\/td><td>Mouse On Mars<\/td><td>BBC Radio Sessions<\/td><td><\/td><td><\/td><\/tr><tr><td>19<\/td><td>Agusti Fernandez &amp; Guy \/ Malfon \/ Butcher \/ Mill\u00e0 \/ Mock\u016bnas \/ Mart\u00ednez \/ Snekkestad \/ Kau\u010di\u010d<\/td><td>Aesthetic of Prisms<\/td><td>Fundacja S\u0142uchaj<\/td><td><\/td><\/tr><tr><td>19<\/td><td>Bernard Parmegiani<\/td><td>Bernard Parmegiani<\/td><td><\/td><td>arch<\/td><\/tr><tr><td>19<\/td><td>Brandt Brauer Frick<\/td><td>de-escalate<\/td><td>Because<\/td><td><\/td><\/tr><tr><td>19<\/td><td>Jack White<\/td><td>No Name&#8230;..Tour, Dallas, TX, Trees&#8230;11.13.2024<\/td><td>Third Man<\/td><td><\/td><\/tr><tr><td>19<\/td><td>LXMP with Per-\u00c5ke Holmlander<\/td><td>The Last Tuba<\/td><td>LXMP<\/td><td><\/td><\/tr><tr><td>19<\/td><td>Prurient<\/td><td>Retaliation<\/td><td>Hospital<\/td><td><\/td><\/tr><tr><td>20<\/td><td>Baldini\/Dafeldecker\/Str\u00fcver<\/td><td>Prismatic<\/td><td>Room40<\/td><td><\/td><\/tr><tr><td>20<\/td><td>Boldy James &amp; WhoTheHellIsCarlo<\/td><td>Hidden in Plain Sight<\/td><td>Westside Bike Club<\/td><td><\/td><\/tr><tr><td>20<\/td><td>Brigid Mae Power<\/td><td>Songs for You<\/td><td>Watusi<\/td><td><\/td><\/tr><tr><td>20<\/td><td>Gazelle Twin<\/td><td>The Visitor OST<\/td><td><\/td><td><\/td><\/tr><tr><td>20<\/td><td>Iancu Dumitrescu<\/td><td>Ansamblul Hyperion<\/td><td>Corbett vs. Dempsey<\/td><td><\/td><\/tr><tr><td>20<\/td><td>Liam Benzvi<\/td><td>Covers EP<\/td><td>Fat Possum<\/td><td><\/td><\/tr><tr><td>20<\/td><td>Mozzy &amp; Kalan.FrFr<\/td><td>Lucky Her<\/td><td>Mozzy<\/td><td><\/td><\/tr><tr><td>20<\/td><td>Pantha Du Prince<\/td><td>The Creation Dream EP<\/td><td><\/td><td><\/td><\/tr><tr><td>20<\/td><td>Plastelina<\/td><td>Anielewicza Sampler<\/td><td><\/td><td><\/td><\/tr><tr><td>20<\/td><td>R.A.P. Ferreira<\/td><td>Outstanding Understanding<\/td><td>Ruby Yacht<\/td><td><\/td><\/tr><tr><td>20<\/td><td>SahBabii<\/td><td>Saaheem (A Lu Bit More)<\/td><td>Stream Cut<\/td><td><\/td><\/tr><tr><td>20<\/td><td>Sea + I<\/td><td>Heart Eclipses Forest<\/td><td>Home Normal<\/td><td><\/td><\/tr><tr><td>20<\/td><td>SZA<\/td><td>SOS (Deluxe)<\/td><td>Top Dawg<\/td><td><\/td><\/tr><tr><td>20<\/td><td>Terry Riley<\/td><td>In C &#8211; 60th \u30d0\u30fc\u30b9\u30c7\u30fc\u30fb\u30d5\u30eb\u30e0\u30fc\u30f3\u30fb\u30bb\u30ec\u30d6\u30ec\u30fc\u30b7\u30e7\u30f3\u30fb\u30a2\u30c3\u30c8\u30fb\u6e05\u6c34\u5bfa (In C &#8211; 60th Birthday Birthday Full Moon Celebration at Temple Kiyomizu-dera Temple)<\/td><td><\/td><td><\/td><\/tr><tr><td>20<\/td><td>Timoth\u00e9e Chalamet<\/td><td>A Complete Unknown OST<\/td><td>Columbia<\/td><td><\/td><\/tr><tr><td>20<\/td><td>Ueno Takashi<\/td><td>More ARMS<\/td><td>Room40<\/td><td><\/td><\/tr><tr><td>20<\/td><td>Wall Matthews<\/td><td>Flights of Fancy: Home Recordings 2020\u200b-\u200b2023<\/td><td>Tompkins Square<\/td><td><\/td><\/tr><tr><td>21<\/td><td>Charlatan<\/td><td>Thought Factory<\/td><td>Beacon Sound<\/td><td><\/td><\/tr><tr><td>21<\/td><td>Fendoap &amp; Atsuko Hatano<\/td><td>Aether &amp; Brew<\/td><td>Superpang<\/td><td><\/td><\/tr><tr><td>21<\/td><td>Motion Sickness of Time Travel<\/td><td>Zodiac<\/td><td><\/td><td><\/td><\/tr><tr><td>23<\/td><td>Tetsu Umehara<\/td><td>Ephemeral<\/td><td>Metron<\/td><td><\/td><\/tr><tr><td>24<\/td><td>Atom\u2122 &amp; tobias.<\/td><td>Mostra 2024<\/td><td><\/td><td><\/td><\/tr><tr><td>25<\/td><td>Andrea Centazzo<\/td><td>ICTUS@45 Out Off Nights<\/td><td>Fundacja S\u0142uchaj<\/td><td><\/td><\/tr><tr><td>25<\/td><td>Ian Hawgood &amp; David Cordero<\/td><td>memory blossom \/ never too late<\/td><td>Home Normal<\/td><td><\/td><\/tr><tr><td>25<\/td><td>Kevin Drumm<\/td><td>Winter<\/td><td><\/td><td><\/td><\/tr><tr><td>25<\/td><td>Mono<\/td><td>Heaven vol. 3<\/td><td><\/td><td><\/td><\/tr><tr><td>25<\/td><td>Sault<\/td><td>Acts of Faith<\/td><td>Forever Living Originals<\/td><td>streaming \/ LP &#8211; 2025<\/td><\/tr><tr><td>25<\/td><td>VA<\/td><td>Tradycje muzyczne Puszczy Bia\u200b\u0142\u200bej. Antologia<\/td><td>In Crudo<\/td><td><\/td><\/tr><tr><td>25<\/td><td>Zlatko Kau\u010di\u010d@70<\/td><td>Inklings<\/td><td>Fundacja S\u0142uchaj<\/td><td><\/td><\/tr><tr><td>26<\/td><td>Dylan Henner<\/td><td>X\u200b-\u200bFiles: Covers, Compositions, and Copyrighted Material<\/td><td>AD93<\/td><td><\/td><\/tr><tr><td>26<\/td><td>Pawe\u0142 Szamburski, Aukso<\/td><td>D\u200b\u0142\u200bugo, d\u200b\u0142\u200bugo nic, a potem wszystko<\/td><td><\/td><td><\/td><\/tr><tr><td>27<\/td><td>Laura Cannell<\/td><td>Winterlore<\/td><td>Brawl<\/td><td><\/td><\/tr><tr><td>27<\/td><td>VA<\/td><td>Glitterbeat_tak\u200b\u200b\u200b\u200b\u200b\u200b\u200b\u200b\u200b\u200b\u200b\u200b\u200b\u200b\u200b:\u200b\u200b\u200b\u200b\u200b\u200b\u200b\u200b\u200b\u200b\u200b\u200b\u200b\u200b\u200btil_2024<\/td><td>Glitterbeat<\/td><td><\/td><\/tr><tr><td>29<\/td><td>Big Blood<\/td><td>Electric Voyeur<\/td><td>Dontrustheruin<\/td><td><\/td><\/tr><tr><td>29<\/td><td>Keith Fullerton Whitman<\/td><td>Never, Forever<\/td><td><\/td><td>EP<\/td><\/tr><tr><td>30<\/td><td>ELUCID<\/td><td>Interference Pattern<\/td><td><\/td><td><\/td><\/tr><tr><td>31<\/td><td>Claire Rousay<\/td><td>&#8222;2024&#8221;<\/td><td><\/td><td><\/td><\/tr><tr><td>31<\/td><td>Dead Neanderthals<\/td><td>Other Worlds<\/td><td><\/td><td><\/td><\/tr><tr><td>31<\/td><td>Kevin Drumm<\/td><td>Better Ways to Break the Ice<\/td><td><\/td><td><\/td><\/tr><tr><td>31<\/td><td>Micha\u0142 Milczarek<\/td><td>Demos<\/td><td><\/td><td><\/td><\/tr><tr><td>31<\/td><td>Przyzwoito\u015b\u0107<\/td><td>Eryk, m\u00f3wi\u0105cy banan<\/td><td><\/td><td><\/td><\/tr><\/tbody><\/table><\/figure>\n","protected":false},"excerpt":{"rendered":"<p>1 Joe Fonda feat. Michael Rabinowitz, Jeff Lederer, Harvey Sorgen Joe Fonda &amp; Bass of Operation Fundacja S\u0142uchaj 1 Jo\u00eblle L\u00e9andre \/ Lotte Anker \/ Kresten Osgood Trio Worlds Fundacja S\u0142uchaj 1 Lotte Anker \/ Jacob Anderskov \/ Kamil Piotrowicz Antiworld I Fundacja S\u0142uchaj 1 Muriel Grossmann The Light of the Mind 1 Schlippenbach \/ [&hellip;]<\/p>\n","protected":false},"author":1,"featured_media":0,"parent":0,"menu_order":0,"comment_status":"closed","ping_status":"closed","template":"","meta":{"footnotes":""},"_links":{"self":[{"href":"https:\/\/blog.polityka.pl\/polifonia\/wp-json\/wp\/v2\/pages\/45770"}],"collection":[{"href":"https:\/\/blog.polityka.pl\/polifonia\/wp-json\/wp\/v2\/pages"}],"about":[{"href":"https:\/\/blog.polityka.pl\/polifonia\/wp-json\/wp\/v2\/types\/page"}],"author":[{"embeddable":true,"href":"https:\/\/blog.polityka.pl\/polifonia\/wp-json\/wp\/v2\/users\/1"}],"replies":[{"embeddable":true,"href":"https:\/\/blog.polityka.pl\/polifonia\/wp-json\/wp\/v2\/comments?post=45770"}],"version-history":[{"count":1,"href":"https:\/\/blog.polityka.pl\/polifonia\/wp-json\/wp\/v2\/pages\/45770\/revisions"}],"predecessor-version":[{"id":45771,"href":"https:\/\/blog.polityka.pl\/polifonia\/wp-json\/wp\/v2\/pages\/45770\/revisions\/45771"}],"wp:attachment":[{"href":"https:\/\/blog.polityka.pl\/polifonia\/wp-json\/wp\/v2\/media?parent=45770"}],"curies":[{"name":"wp","href":"https:\/\/api.w.org\/{rel}","templated":true}]}}