
{"id":46455,"date":"2025-03-13T09:00:51","date_gmt":"2025-03-13T08:00:51","guid":{"rendered":"https:\/\/polifonia.blog.polityka.pl\/?page_id=46455"},"modified":"2025-03-13T09:00:51","modified_gmt":"2025-03-13T08:00:51","slug":"premiery-03-2025","status":"publish","type":"page","link":"https:\/\/blog.polityka.pl\/polifonia\/premiery-03-2025\/","title":{"rendered":"PREMIERY 03.2025"},"content":{"rendered":"\n<figure class=\"wp-block-table\"><table><tbody><tr><td>1<\/td><td>Paulina Przybysz<\/td><td>Insides<\/td><td>Calm Courage<\/td><td><\/td><\/tr><tr><td>3<\/td><td>Baby Meelo<\/td><td>Bar\u0142\u00f3g TV<\/td><td>BAS<\/td><td><\/td><\/tr><tr><td>4<\/td><td>Gajek<\/td><td>Cutting Together Apart<\/td><td>Stroom TV<\/td><td><\/td><\/tr><tr><td>6<\/td><td>Ajla<\/td><td>Ala17 EP<\/td><td>Dyspensa<\/td><td><\/td><\/tr><tr><td>6<\/td><td>Mirt \u2022 Ter<\/td><td>Wat Chalermprakiat<\/td><td>Saamleng<\/td><td><\/td><\/tr><tr><td>7<\/td><td>Actress<\/td><td>Grey Interiors<\/td><td>Smalltwon Supersound<\/td><td>EP<\/td><\/tr><tr><td>7<\/td><td>Alabaster DePlume<\/td><td>A Blade Because A Blade Is Whole<\/td><td>International Anthem<\/td><td><\/td><\/tr><tr><td>7<\/td><td>Andrew Bernstein<\/td><td>Shadows and Windy Places<\/td><td><\/td><td><\/td><\/tr><tr><td>7<\/td><td>Bob Mould<\/td><td>Here We Go Crazy<\/td><td>BMG Records<\/td><td><\/td><\/tr><tr><td>7<\/td><td>Ci\u015bnienie<\/td><td>Live at Paul&#8217;s Boutique Record Store<\/td><td><\/td><td><\/td><\/tr><tr><td>7<\/td><td>Crack Rock<\/td><td>Crack Rock<\/td><td>Astigmatic<\/td><td><\/td><\/tr><tr><td>7<\/td><td>Discovery Zone<\/td><td>Quantum Web EXP<\/td><td>RVNG Intl<\/td><td><\/td><\/tr><tr><td>7<\/td><td>Divorce<\/td><td>Drive to Goldenhammer<\/td><td>Capitol<\/td><td><\/td><\/tr><tr><td>7<\/td><td>Eilis Frawley<\/td><td>Fall Forward<\/td><td><\/td><td><\/td><\/tr><tr><td>7<\/td><td>Franio Mucha<\/td><td>Fanga<\/td><td><\/td><td><\/td><\/tr><tr><td>7<\/td><td>Frederikke Hoffmeier (Puce Mary)<\/td><td>The Girl With The Needle OST<\/td><td>Oona<\/td><td><\/td><\/tr><tr><td>7<\/td><td>Grand River<\/td><td>Turning the Wind<\/td><td>Umor Rex<\/td><td><\/td><\/tr><tr><td>7<\/td><td>Hainbach &amp; Ensemble Modern<\/td><td>Primer<\/td><td>Ensemble Modern<\/td><td><\/td><\/tr><tr><td>7<\/td><td>Hajda Banda \/ \u0413\u0430\u0439\u0434\u0430 \u0411\u0430\u043d\u0434\u0430<\/td><td>Niepraudzivaya<\/td><td><\/td><td><\/td><\/tr><tr><td>7<\/td><td>Hamilton Leithauser<\/td><td>This Side of the Island<\/td><td>Glassnote<\/td><td><\/td><\/tr><tr><td>7<\/td><td>Haroula Rose &amp; Oliver Hill<\/td><td>Cycles<\/td><td>Ba Da Bing<\/td><td><\/td><\/tr><tr><td>7<\/td><td>Jason Isbell<\/td><td>Foxes in the Snow<\/td><td>Southeastern<\/td><td><\/td><\/tr><tr><td>7<\/td><td>JB Dunckel &amp; Jonathan Fitoussi<\/td><td>Mirages II<\/td><td>Transversales<\/td><td><\/td><\/tr><tr><td>7<\/td><td>Jennie<\/td><td>Ruby<\/td><td>Columbia<\/td><td><\/td><\/tr><tr><td>7<\/td><td>Jerzy M\u0105czy\u0144ski<\/td><td>DO 555PS<\/td><td>Vibrasjon<\/td><td><\/td><\/tr><tr><td>7<\/td><td>Jethro Tull<\/td><td>Curious Ruminant<\/td><td>InsideOut<\/td><td><\/td><\/tr><tr><td>7<\/td><td>Lady Gaga<\/td><td>Mayhem<\/td><td>Interscope<\/td><td><\/td><\/tr><tr><td>7<\/td><td>Lake<\/td><td>Bucolic Gone<\/td><td>Don Giovanni<\/td><td><\/td><\/tr><tr><td>7<\/td><td>Laura Cannell<\/td><td>A Compendium of Beasts Volume 2<\/td><td>Brawl<\/td><td><\/td><\/tr><tr><td>7<\/td><td>Los Pira\u00f1as<\/td><td>Una Oportunidad m\u00e1s de triunfar en la vida<\/td><td>Glitterbeat<\/td><td><\/td><\/tr><tr><td>7<\/td><td>Lust For Youth &amp; Croatian Amor<\/td><td>All Worlds<\/td><td>Sacred Bones<\/td><td><\/td><\/tr><tr><td>7<\/td><td>Mats Gustafsson<\/td><td>Moanin\u2019<\/td><td>Bocian<\/td><td>5&#8243;<\/td><\/tr><tr><td>7<\/td><td>Mode UFO<\/td><td>Flamingo Tower<\/td><td>Fire<\/td><td><\/td><\/tr><tr><td>7<\/td><td>Neil Young<\/td><td>Oceanside Countryside<\/td><td>Reprise<\/td><td>arch<\/td><\/tr><tr><td>7<\/td><td>Patrick Shiroishi &amp; Piotr Kurek<\/td><td>Greyhound Days<\/td><td>Mondoj<\/td><td><\/td><\/tr><tr><td>7<\/td><td>Rafael Toral<\/td><td>Spectral Evolution Live<\/td><td><\/td><td><\/td><\/tr><tr><td>7<\/td><td>Rave At Your Fictional Borders<\/td><td>Entanglement \/ Utopia<\/td><td><\/td><td><\/td><\/tr><tr><td>7<\/td><td>\u015eatellites<\/td><td>Aylar<\/td><td>Batov<\/td><td><\/td><\/tr><tr><td>7<\/td><td>Sonic Youth<\/td><td>Hold That Tiger<\/td><td>Sonic Youth Archive<\/td><td><\/td><\/tr><tr><td>7<\/td><td>Spinnen<\/td><td>Warmes Licht<\/td><td>Alien Transistor<\/td><td><\/td><\/tr><tr><td>7<\/td><td>Spiritbox<\/td><td>Tsunami Sea<\/td><td>Rise<\/td><td><\/td><\/tr><tr><td>7<\/td><td>Steve Roden<\/td><td>View<\/td><td>Room40<\/td><td><\/td><\/tr><tr><td>7<\/td><td>Szturomski, Mazzoll, Chamoun, Wo\u015bko, Szczyci\u0144ski<\/td><td>Ptaki Polski<\/td><td>Requiem<\/td><td><\/td><\/tr><tr><td>7<\/td><td>Takuro Okada<\/td><td>The Near End, The Dark Night, The County Line<\/td><td>Temporal Drift<\/td><td><\/td><\/tr><tr><td>7<\/td><td>The Tubs<\/td><td>Cotton Crown<\/td><td>Trouble In Mind<\/td><td><\/td><\/tr><tr><td>7<\/td><td>Tobacco City<\/td><td>Horses<\/td><td>Scissor Tail<\/td><td><\/td><\/tr><tr><td>7<\/td><td>VA<\/td><td>Great Lakes Gospel: Cleveland<\/td><td>Numero Group<\/td><td>arch<\/td><\/tr><tr><td>7<\/td><td>Violeta Garc\u00eda<\/td><td>In \/ Out<\/td><td>Les Disques Bongo Joe<\/td><td><\/td><\/tr><tr><td>7<\/td><td>Whitechapel<\/td><td>Hymns in Dissonance<\/td><td>Metal Blade<\/td><td><\/td><\/tr><tr><td>7<\/td><td>Will Stratton<\/td><td>Points of Origin<\/td><td>Bella Union<\/td><td><\/td><\/tr><tr><td>7<\/td><td>Wojciech Jachna Squad<\/td><td>Ad Astra<\/td><td>Audio Cave<\/td><td><\/td><\/tr><tr><td>8<\/td><td>Kevin Drumm<\/td><td>Sheer Hellish Miasma II<\/td><td>Erstwhile<\/td><td><\/td><\/tr><tr><td>11<\/td><td>Barbarelle<\/td><td>Celesta<\/td><td>Hidden Harmony<\/td><td><\/td><\/tr><tr><td>12<\/td><td>kIRk<\/td><td>Eon<\/td><td>Erototox Decodings Polska<\/td><td>SP<\/td><\/tr><tr><td>12<\/td><td>Leash Eye<\/td><td>Destination: 125<\/td><td>Leash Eye<\/td><td><\/td><\/tr><tr><td>12<\/td><td>Whatever The Weather<\/td><td>Whatever The Weather II<\/td><td>Ghostly International<\/td><td><\/td><\/tr><tr><td>14<\/td><td>Alfah Femmes<\/td><td>Banned From Poland<\/td><td>Let\u2019s Hope Aliens Are Vegan Records<\/td><td>streaming od 28.03<\/td><\/tr><tr><td>14<\/td><td>Circuit Des Yeux<\/td><td>Halo On the Inside<\/td><td>Matador<\/td><td><\/td><\/tr><tr><td>14<\/td><td>Clipping.<\/td><td>Dead Channel Sky<\/td><td>Sub Pop<\/td><td><\/td><\/tr><tr><td>14<\/td><td>Curren$y &amp; Harry Fraud<\/td><td>Never Catch Us<\/td><td>Jet Life<\/td><td><\/td><\/tr><tr><td>14<\/td><td>DJ Elmoe<\/td><td>Battle Zone<\/td><td>Planet Mu<\/td><td><\/td><\/tr><tr><td>14<\/td><td>Elmoe<\/td><td>Battle Zone<\/td><td>Planet Mu<\/td><td><\/td><\/tr><tr><td>14<\/td><td>Extensa<\/td><td>Noise Radio EP<\/td><td>Don&#8217;t Sit On My Vinyl!<\/td><td>10&#8243;<\/td><\/tr><tr><td>14<\/td><td>Golem Mecanique<\/td><td>Siamo tutti in pericolo<\/td><td>Ideologic Organ<\/td><td><\/td><\/tr><tr><td>14<\/td><td>Gregory Uhlmann, Josh Johnson, Sam Wilkes<\/td><td>Ulhmann, Johnson, Wilkes<\/td><td>International Anthem<\/td><td><\/td><\/tr><tr><td>14<\/td><td>Hekla<\/td><td>Turnar<\/td><td>Phantom Limb<\/td><td><\/td><\/tr><tr><td>14<\/td><td>Joni Void<\/td><td>Every Life Is a Light<\/td><td>Constellation<\/td><td><\/td><\/tr><tr><td>14<\/td><td>Judith Hamann<\/td><td>Aunes<\/td><td>Shelter Press<\/td><td><\/td><\/tr><tr><td>14<\/td><td>Kate Carr<\/td><td>Rubber Band Music<\/td><td>Flaming Pines<\/td><td><\/td><\/tr><tr><td>14<\/td><td>Mela Koteluk<\/td><td>Harmonia<\/td><td>Warner<\/td><td><\/td><\/tr><tr><td>14<\/td><td>Memotone<\/td><td>Pruning<\/td><td>Discrepant<\/td><td><\/td><\/tr><tr><td>14<\/td><td>Miko\u0142aj Trzaska<\/td><td>Overbisy<\/td><td>Don&#8217;t Sit On My Vinyl!<\/td><td>10&#8243;<\/td><\/tr><tr><td>14<\/td><td>Nels Cline<\/td><td>Consentrik Quartet<\/td><td>Blue Note<\/td><td><\/td><\/tr><tr><td>14<\/td><td>Owls<\/td><td>Rare Birds<\/td><td>New Amsterdam<\/td><td><\/td><\/tr><tr><td>14<\/td><td>Rizwan-Muazzam Qawwali<\/td><td>At the Feet of the Beloved<\/td><td>Real World<\/td><td><\/td><\/tr><tr><td>14<\/td><td>Rud\u017a &amp; Wolski<\/td><td>Enchanted Lighthouse<\/td><td><\/td><td><\/td><\/tr><tr><td>14<\/td><td>Steven Wilson<\/td><td>The Overview<\/td><td>Fiction<\/td><td><\/td><\/tr><tr><td>14<\/td><td>Sylvie Courvoisier &amp; Mary Halvorson<\/td><td>Bone Bells<\/td><td>Pyroclastics<\/td><td><\/td><\/tr><tr><td>14<\/td><td>T. Gowdy<\/td><td>Trill Scan<\/td><td>Constellation<\/td><td><\/td><\/tr><tr><td>14<\/td><td>The Waeve<\/td><td>Eternal EP<\/td><td>Transgressive<\/td><td><\/td><\/tr><tr><td>14<\/td><td>Throwing Muses<\/td><td>Midnight Concessions<\/td><td>Fire<\/td><td><\/td><\/tr><tr><td>14<\/td><td>Twin Shadow<\/td><td>Georgie<\/td><td>Dom Recs<\/td><td><\/td><\/tr><tr><td>14<\/td><td>VA<\/td><td>Mizik Maladi: Disques Debs International Vol. 3<\/td><td>Strut<\/td><td><\/td><\/tr><tr><td>14<\/td><td>Vazz<\/td><td>Your Lungs and Your Tongues<\/td><td>Numero Group<\/td><td><\/td><\/tr><tr><td>14<\/td><td>Weber i Tarwid \/I\\Pegazi<\/td><td>\/I\\Pegazi\/I\\<\/td><td>Lado ABC\/Tapes Webala<\/td><td><\/td><\/tr><tr><td>14<\/td><td>Zo\u00eb Mc Pherson<\/td><td>Upside Down<\/td><td>SFX<\/td><td><\/td><\/tr><tr><td>15<\/td><td>Happy Family<\/td><td>&#8222;4037&#8221;<\/td><td>Cuneiform<\/td><td><\/td><\/tr><tr><td>19<\/td><td>Shepherrd Of Cats &amp; VJ Pietrushka<\/td><td>Live at Bemma Bar<\/td><td>Antenna Non Grata<\/td><td><\/td><\/tr><tr><td>19<\/td><td>Weatherday<\/td><td>Hornet Disaster<\/td><td>Topshelf<\/td><td><\/td><\/tr><tr><td>20<\/td><td>Florence Cats<\/td><td>Shell I<\/td><td>Edioces CN<\/td><td><\/td><\/tr><tr><td>20<\/td><td>Hiroshi Yoshimura<\/td><td>Flora<\/td><td>Temporal Drift<\/td><td><\/td><\/tr><tr><td>21<\/td><td>Antoine Bellanger &amp; Sammy Stein<\/td><td>Depuis les cimes<\/td><td>Unjenesaisquoi<\/td><td><\/td><\/tr><tr><td>21<\/td><td>Arvo P\u00e4rt<\/td><td>Silentium<\/td><td>Mississippi<\/td><td><\/td><\/tr><tr><td>21<\/td><td>Benefits<\/td><td>Constant Noise<\/td><td>Invada<\/td><td><\/td><\/tr><tr><td>21<\/td><td>Bluszcz<\/td><td>Hobby<\/td><td><\/td><td><\/td><\/tr><tr><td>21<\/td><td>Celer<\/td><td>Gems IV<\/td><td>Room40<\/td><td><\/td><\/tr><tr><td>21<\/td><td>Clikatat Ikatowi<\/td><td>The Trials And Tribulations Of&#8230;<\/td><td>Numero Group<\/td><td><\/td><\/tr><tr><td>21<\/td><td>Cross Record<\/td><td>Crush Me<\/td><td>Ba Da Bing<\/td><td><\/td><\/tr><tr><td>21<\/td><td>Daniel Brandt<\/td><td>Without Us<\/td><td>Erased Tapes<\/td><td><\/td><\/tr><tr><td>21<\/td><td>Ed Kuepper &amp; Jim White<\/td><td>After The Flood<\/td><td><\/td><td><\/td><\/tr><tr><td>21<\/td><td>Eliza Niemi<\/td><td>Progress Bakery<\/td><td>TAR \/ MM \/ UOH<\/td><td><\/td><\/tr><tr><td>21<\/td><td>Fran\u00e7ois J. Bonnet<\/td><td>Banshee<\/td><td>Portraits GRM<\/td><td><\/td><\/tr><tr><td>21<\/td><td>Gnod &amp; White Hills<\/td><td>Drop Out III<\/td><td>Thrill Jockey<\/td><td><\/td><\/tr><tr><td>21<\/td><td>Goya Gumbani<\/td><td>Warlord of the Weejuns<\/td><td>Ghostly International<\/td><td><\/td><\/tr><tr><td>21<\/td><td>Japanese Breakfast<\/td><td>For Melancholy Brunettes (&amp; sad women)<\/td><td>Dead Ocean<\/td><td><\/td><\/tr><tr><td>21<\/td><td>Jefre Cantu-Ledesma<\/td><td>Gift Songs<\/td><td>Mexican Summer<\/td><td>EP<\/td><\/tr><tr><td>21<\/td><td>Lonnie Holley<\/td><td>Tonky<\/td><td>Jagjaguwar<\/td><td><\/td><\/tr><tr><td>21<\/td><td>Loradeniz<\/td><td>Sun Shone<\/td><td>Music From Memory<\/td><td><\/td><\/tr><tr><td>21<\/td><td>Lucy Liyou<\/td><td>Every Video Without Your Face, Every Sound Without Your Name<\/td><td>Orange Milk Records<\/td><td><\/td><\/tr><tr><td>21<\/td><td>Macie Stewart<\/td><td>When The Distance Is Blue<\/td><td>International Anthem<\/td><td><\/td><\/tr><tr><td>21<\/td><td>More Eaze &amp; Claire Rousay<\/td><td>No Floor<\/td><td>Thrill Jockey<\/td><td><\/td><\/tr><tr><td>21<\/td><td>Nat Birchall<\/td><td>Drums in Dub<\/td><td><\/td><td><\/td><\/tr><tr><td>21<\/td><td>Ora The Molecule<\/td><td>Dance Therapy<\/td><td>Mute<\/td><td><\/td><\/tr><tr><td>21<\/td><td>Phil Cook<\/td><td>Appalachia Borealis<\/td><td>Psychic Hotline<\/td><td><\/td><\/tr><tr><td>21<\/td><td>Placebo Domingo<\/td><td>First Crash<\/td><td><\/td><td><\/td><\/tr><tr><td>21<\/td><td>PremRock<\/td><td>Did You Enjoy Your Time Here\u2026?<\/td><td>Backwoodz<\/td><td><\/td><\/tr><tr><td>21<\/td><td>Rivet aka Grovskopa<\/td><td>Peck Glamour<\/td><td>Editions Mego<\/td><td><\/td><\/tr><tr><td>21<\/td><td>Sarah Davachi<\/td><td>Basse Brevis<\/td><td>Portraits GRM<\/td><td><\/td><\/tr><tr><td>21<\/td><td>Schatterau<\/td><td>\u00dcbers Jahr<\/td><td>Hands in the Dark<\/td><td><\/td><\/tr><tr><td>21<\/td><td>The Orchestra of Futurist Noise Intoners<\/td><td>The Orchestra of Futurist Noise Intoners directed by Luciano Chessa plays music by Mariam Gviniashvili, Aleksandra S\u0142y\u017c, Gerard Lebik, Luigi Russolo, John Hegre<\/td><td>Sanatorium of Sound<\/td><td><\/td><\/tr><tr><td>21<\/td><td>Utena Kobayashi &amp; Motion Graphics<\/td><td>Glossolalia<\/td><td>Domino<\/td><td>EP<\/td><\/tr><tr><td>21<\/td><td>VA<\/td><td>Emerald: New Sounds from Moon Glyph Records<\/td><td>Moon Glyph<\/td><td><\/td><\/tr><tr><td>21<\/td><td>Wiktoria Zwoli\u0144ska<\/td><td>Przeb\u0142yski<\/td><td>Magic Records<\/td><td><\/td><\/tr><tr><td>21<\/td><td>YHWH Nailgun<\/td><td>45 Pounds<\/td><td>AD 93<\/td><td><\/td><\/tr><tr><td>21<\/td><td>Yoko Ono \/ The Great Learning Orchestra<\/td><td>Selected Recordings From Grapefruit<\/td><td>Karlrecords<\/td><td><\/td><\/tr><tr><td>21<\/td><td>Young Widows<\/td><td>Power Sucker<\/td><td>Temporary Residence Ltd.<\/td><td><\/td><\/tr><tr><td>28<\/td><td>Alberto Novello &amp; Rob Mazurek<\/td><td>Sun Eaters<\/td><td>Hive Mind<\/td><td><\/td><\/tr><tr><td>28<\/td><td>Aya<\/td><td>Hexed!<\/td><td>Hyperdub<\/td><td><\/td><\/tr><tr><td>28<\/td><td>Bag People<\/td><td>Bag People<\/td><td>Drag City<\/td><td><\/td><\/tr><tr><td>28<\/td><td>Bria Salmena<\/td><td>Big Dog<\/td><td>Sub Pop<\/td><td><\/td><\/tr><tr><td>28<\/td><td>Butcher Brown<\/td><td>Letters From the Atlantic<\/td><td>Concord Jazz<\/td><td><\/td><\/tr><tr><td>28<\/td><td>Cactus Lee<\/td><td>Cactus Lee<\/td><td>Western Vinyl<\/td><td><\/td><\/tr><tr><td>28<\/td><td>Chris Cochrane \/ Collapsible Shoulder Big Band<\/td><td>Live 2019: A Map Of Books<\/td><td>Cuneiform<\/td><td><\/td><\/tr><tr><td>28<\/td><td>Clothing<\/td><td>La Muerte En Realidad no Existe<\/td><td>Tin Angel<\/td><td><\/td><\/tr><tr><td>28<\/td><td>CocoRosie<\/td><td>Little Death Wishes<\/td><td>Joyful Noise<\/td><td><\/td><\/tr><tr><td>28<\/td><td>Dean Wareham<\/td><td>That&#8217;s The Price of Loving Me<\/td><td>Carpark<\/td><td><\/td><\/tr><tr><td>28<\/td><td>Destroyer<\/td><td>Dan&#8217;s Boogie<\/td><td>Merge<\/td><td><\/td><\/tr><tr><td>28<\/td><td>Edison Machado<\/td><td>Edison Machado &amp; Boa Nova<\/td><td>Far Out<\/td><td><\/td><\/tr><tr><td>28<\/td><td>Eiko Ishibashi<\/td><td>Antigone<\/td><td>Drag City<\/td><td><\/td><\/tr><tr><td>28<\/td><td>Elizabeth Davis<\/td><td>There&#8217;s Always a Strawberry Hut<\/td><td>Superpang<\/td><td><\/td><\/tr><tr><td>28<\/td><td>Hannah Cohen<\/td><td>Earthstar Mountain<\/td><td>Bella Union<\/td><td><\/td><\/tr><tr><td>28<\/td><td>Holger Czukay<\/td><td>Gvoon &#8211; Brennung 1<\/td><td>Gr\u00f6nland<\/td><td><\/td><\/tr><tr><td>28<\/td><td>Ivo Shandor &amp; The Gozer Worshipers<\/td><td>Ivo Shandor &amp; The Gozer Worshipers<\/td><td>Antena Krzyku<\/td><td><\/td><\/tr><tr><td>28<\/td><td>James Elkington<\/td><td>Pastel de Nada<\/td><td>No Quarter<\/td><td><\/td><\/tr><tr><td>28<\/td><td>Klawo<\/td><td>2 bobry i zach\u00f3d s\u0142o\u0144ca<\/td><td>Coastline Northern Cuts<\/td><td><\/td><\/tr><tr><td>28<\/td><td>Knats<\/td><td>Knats<\/td><td>Gearbox<\/td><td><\/td><\/tr><tr><td>28<\/td><td>Loren Kramar<\/td><td>Living Legend<\/td><td>Secretly Canadian<\/td><td><\/td><\/tr><tr><td>28<\/td><td>Mess Esque<\/td><td>Jay Marie, Comfort Me<\/td><td>Drag City<\/td><td><\/td><\/tr><tr><td>28<\/td><td>MYRA MELFORD with Michael Formanek and Ches Smith<\/td><td>Myra Melford Splash<\/td><td>Intakt<\/td><td><\/td><\/tr><tr><td>28<\/td><td>NYX<\/td><td>NYX<\/td><td>State51<\/td><td><\/td><\/tr><tr><td>28<\/td><td>Perfume Genius<\/td><td>Glory<\/td><td>Matador<\/td><td><\/td><\/tr><tr><td>28<\/td><td>Pierce Warnecke<\/td><td>Music From Airports<\/td><td>Room40<\/td><td><\/td><\/tr><tr><td>28<\/td><td>Sam Akpro<\/td><td>Evenfall<\/td><td>Anti-<\/td><td><\/td><\/tr><tr><td>28<\/td><td>Serebii<\/td><td>Dime<\/td><td>Innovative Leisure<\/td><td><\/td><\/tr><tr><td>28<\/td><td>Sexbomba<\/td><td>Melodie z musztard\u0105<\/td><td>Mystic<\/td><td><\/td><\/tr><tr><td>28<\/td><td>Snapped Ankles<\/td><td>Hard Times Furious Dancing<\/td><td>The Leaf Label<\/td><td><\/td><\/tr><tr><td>28<\/td><td>Spellling<\/td><td>Potrait of My Heart<\/td><td>Sacred Bones<\/td><td><\/td><\/tr><tr><td>28<\/td><td>Unknown Mortal Orchestra<\/td><td>IC-02 Bogot\u00e1<\/td><td>Jagjaguwar<\/td><td><\/td><\/tr><tr><td>28<\/td><td>Vega Trails<\/td><td>Sierra Tracks<\/td><td>Gondwana<\/td><td><\/td><\/tr><tr><td>28<\/td><td>Whitney Johnson and Lia Kohl<\/td><td>For Translucence<\/td><td>Drag City<\/td><td><\/td><\/tr><tr><td>28<\/td><td>Zola Marcelle<\/td><td>Home<\/td><td>Jazz Re&#8221;Freshed<\/td><td><\/td><\/tr><tr><td>29<\/td><td>Mi\u0142osz K\u0119dra<\/td><td>Their Internal Diapasons<\/td><td><\/td><td><\/td><\/tr><tr><td>30<\/td><td>Ha\u0144ba!<\/td><td>10:10.Piosenki Warszawskiej Jesieni<\/td><td>Antena Krzyku<\/td><td><\/td><\/tr><\/tbody><\/table><\/figure>\n","protected":false},"excerpt":{"rendered":"<p>1 Paulina Przybysz Insides Calm Courage 3 Baby Meelo Bar\u0142\u00f3g TV BAS 4 Gajek Cutting Together Apart Stroom TV 6 Ajla Ala17 EP Dyspensa 6 Mirt \u2022 Ter Wat Chalermprakiat Saamleng 7 Actress Grey Interiors Smalltwon Supersound EP 7 Alabaster DePlume A Blade Because A Blade Is Whole International Anthem 7 Andrew Bernstein Shadows and [&hellip;]<\/p>\n","protected":false},"author":1,"featured_media":0,"parent":0,"menu_order":0,"comment_status":"closed","ping_status":"closed","template":"","meta":{"footnotes":""},"_links":{"self":[{"href":"https:\/\/blog.polityka.pl\/polifonia\/wp-json\/wp\/v2\/pages\/46455"}],"collection":[{"href":"https:\/\/blog.polityka.pl\/polifonia\/wp-json\/wp\/v2\/pages"}],"about":[{"href":"https:\/\/blog.polityka.pl\/polifonia\/wp-json\/wp\/v2\/types\/page"}],"author":[{"embeddable":true,"href":"https:\/\/blog.polityka.pl\/polifonia\/wp-json\/wp\/v2\/users\/1"}],"replies":[{"embeddable":true,"href":"https:\/\/blog.polityka.pl\/polifonia\/wp-json\/wp\/v2\/comments?post=46455"}],"version-history":[{"count":1,"href":"https:\/\/blog.polityka.pl\/polifonia\/wp-json\/wp\/v2\/pages\/46455\/revisions"}],"predecessor-version":[{"id":46456,"href":"https:\/\/blog.polityka.pl\/polifonia\/wp-json\/wp\/v2\/pages\/46455\/revisions\/46456"}],"wp:attachment":[{"href":"https:\/\/blog.polityka.pl\/polifonia\/wp-json\/wp\/v2\/media?parent=46455"}],"curies":[{"name":"wp","href":"https:\/\/api.w.org\/{rel}","templated":true}]}}