
{"id":5708,"date":"2014-01-10T10:19:34","date_gmt":"2014-01-10T09:19:34","guid":{"rendered":"http:\/\/polifonia.blog.polityka.pl\/"},"modified":"2014-01-10T10:22:25","modified_gmt":"2014-01-10T09:22:25","slug":"podsumowanie-2013","status":"publish","type":"page","link":"https:\/\/blog.polityka.pl\/polifonia\/podsumowanie-2013\/","title":{"rendered":"PODSUMOWANIE 2013"},"content":{"rendered":"<p><a href=\"\/wp-content\/uploads\/2013\/04\/stara_rzeka.jpg\"><img loading=\"lazy\" decoding=\"async\" class=\"aligncenter size-full wp-image-4469\" title=\"stara_rzeka\" src=\"\/wp-content\/uploads\/2013\/04\/stara_rzeka.jpg\" alt=\"\" width=\"612\" height=\"612\" srcset=\"\/polifonia\/wp-content\/uploads\/2013\/04\/stara_rzeka.jpg 612w, \/polifonia\/wp-content\/uploads\/2013\/04\/stara_rzeka-150x150.jpg 150w, \/polifonia\/wp-content\/uploads\/2013\/04\/stara_rzeka-300x300.jpg 300w\" sizes=\"(max-width: 612px) 100vw, 612px\" \/><\/a><\/p>\n<p style=\"text-align: center;\"><a href=\"http:\/\/polifonia.blog.polityka.pl\/2014\/01\/07\/23-plyty-roku-2013-polska\/\">23 p\u0142yty roku 2013: POLSKA<\/a><br \/>\n<a href=\"http:\/\/polifonia.blog.polityka.pl\/2014\/01\/10\/23-plyty-roku-2013-swiat\/\">23 p\u0142yty roku 2013: \u015aWIAT<\/a><br \/>\n<a href=\"http:\/\/polifonia.blog.polityka.pl\/2014\/01\/03\/rok-2013-w-muzyce-stare-na-nowo\/\">20 p\u0142yt roku 2013: ARCHIWALIA, KOMPILACJE, REEDYCJE<\/a><br \/>\n<a href=\"http:\/\/polifonia.blog.polityka.pl\/2014\/01\/02\/rok-2013-w-muzyce-10-uwag-koncowych\/\">Rok 2013 w muzyce: 10 UWAG KO\u0143COWYCH<br \/>\n<\/a><a href=\"http:\/\/haceha.wordpress.com\/2014\/01\/06\/hch-wydanie-144-podsumowanie-roku\/\">Rok 2013 w HCH<\/a><a href=\"http:\/\/polifonia.blog.polityka.pl\/2014\/01\/02\/rok-2013-w-muzyce-10-uwag-koncowych\/\"><br \/>\n<\/a><a href=\"http:\/\/www.polityka.pl\/kultura\/aktualnoscikulturalne\/1565131,1,kulturalne-podsumowanie-roku.read\">Rok 2013 w podsumowaniu &#8222;POLITYKI&#8221; <\/a><a href=\"http:\/\/polifonia.blog.polityka.pl\/2014\/01\/02\/rok-2013-w-muzyce-10-uwag-koncowych\/\"><\/a><\/p>\n<p style=\"text-align: center;\">\n","protected":false},"excerpt":{"rendered":"<p>23 p\u0142yty roku 2013: POLSKA 23 p\u0142yty roku 2013: \u015aWIAT 20 p\u0142yt roku 2013: ARCHIWALIA, KOMPILACJE, REEDYCJE Rok 2013 w muzyce: 10 UWAG KO\u0143COWYCH Rok 2013 w HCH Rok 2013 w podsumowaniu &#8222;POLITYKI&#8221;<\/p>\n","protected":false},"author":1,"featured_media":0,"parent":0,"menu_order":0,"comment_status":"open","ping_status":"closed","template":"","meta":{"footnotes":""},"_links":{"self":[{"href":"https:\/\/blog.polityka.pl\/polifonia\/wp-json\/wp\/v2\/pages\/5708"}],"collection":[{"href":"https:\/\/blog.polityka.pl\/polifonia\/wp-json\/wp\/v2\/pages"}],"about":[{"href":"https:\/\/blog.polityka.pl\/polifonia\/wp-json\/wp\/v2\/types\/page"}],"author":[{"embeddable":true,"href":"https:\/\/blog.polityka.pl\/polifonia\/wp-json\/wp\/v2\/users\/1"}],"replies":[{"embeddable":true,"href":"https:\/\/blog.polityka.pl\/polifonia\/wp-json\/wp\/v2\/comments?post=5708"}],"version-history":[{"count":3,"href":"https:\/\/blog.polityka.pl\/polifonia\/wp-json\/wp\/v2\/pages\/5708\/revisions"}],"predecessor-version":[{"id":5711,"href":"https:\/\/blog.polityka.pl\/polifonia\/wp-json\/wp\/v2\/pages\/5708\/revisions\/5711"}],"wp:attachment":[{"href":"https:\/\/blog.polityka.pl\/polifonia\/wp-json\/wp\/v2\/media?parent=5708"}],"curies":[{"name":"wp","href":"https:\/\/api.w.org\/{rel}","templated":true}]}}