
{"id":7325,"date":"2014-12-31T19:09:06","date_gmt":"2014-12-31T18:09:06","guid":{"rendered":"http:\/\/polifonia.blog.polityka.pl\/?page_id=7325"},"modified":"2014-12-31T19:09:06","modified_gmt":"2014-12-31T18:09:06","slug":"podsumowanie-2014","status":"publish","type":"page","link":"https:\/\/blog.polityka.pl\/polifonia\/podsumowanie-2014\/","title":{"rendered":"PODSUMOWANIE 2014"},"content":{"rendered":"<p><a href=\"\/wp-content\/uploads\/2014\/12\/IMG_20141231_190426_edit.jpg\"><img loading=\"lazy\" decoding=\"async\" class=\"aligncenter size-full wp-image-7328\" src=\"\/wp-content\/uploads\/2014\/12\/IMG_20141231_190426_edit.jpg\" alt=\"IMG_20141231_190426_edit\" width=\"500\" height=\"500\" srcset=\"\/polifonia\/wp-content\/uploads\/2014\/12\/IMG_20141231_190426_edit.jpg 964w, \/polifonia\/wp-content\/uploads\/2014\/12\/IMG_20141231_190426_edit-150x150.jpg 150w, \/polifonia\/wp-content\/uploads\/2014\/12\/IMG_20141231_190426_edit-300x300.jpg 300w\" sizes=\"(max-width: 500px) 100vw, 500px\" \/><\/a><\/p>\n<p style=\"text-align: center;\"><strong><a href=\"http:\/\/polifonia.blog.polityka.pl\/2014\/12\/31\/2x14-plyt-roku-2014-swiat\/\">2&#215;14 p\u0142yt roku 2014: \u015aWIAT<\/a><\/strong><br \/>\n<strong> <a href=\"http:\/\/polifonia.blog.polityka.pl\/2014\/12\/29\/2x14-plyt-roku-2014-polska\/\">2&#215;14 p\u0142yt roku 2014: POLSKA<\/a><\/strong><br \/>\n<strong> <a href=\"http:\/\/polifonia.blog.polityka.pl\/2014\/12\/27\/2x14-plyt-roku-2014-archiwalia-kompilacje-reedycje\/\">2&#215;14 p\u0142yt roku 2014: ARCHIWALIA, KOMPILACJE, REEDYCJE<\/a><\/strong><br \/>\n<strong> <a href=\"http:\/\/polifonia.blog.polityka.pl\/2014\/12\/23\/rok-2014-w-muzyce-10-uwag-koncowych\/\">Rok 2014 w muzyce: 10 uwag ko\u0144cowych<\/a><\/strong><\/p>\n","protected":false},"excerpt":{"rendered":"<p>2&#215;14 p\u0142yt roku 2014: \u015aWIAT 2&#215;14 p\u0142yt roku 2014: POLSKA 2&#215;14 p\u0142yt roku 2014: ARCHIWALIA, KOMPILACJE, REEDYCJE Rok 2014 w muzyce: 10 uwag ko\u0144cowych<\/p>\n","protected":false},"author":1,"featured_media":0,"parent":0,"menu_order":0,"comment_status":"open","ping_status":"closed","template":"","meta":{"footnotes":""},"_links":{"self":[{"href":"https:\/\/blog.polityka.pl\/polifonia\/wp-json\/wp\/v2\/pages\/7325"}],"collection":[{"href":"https:\/\/blog.polityka.pl\/polifonia\/wp-json\/wp\/v2\/pages"}],"about":[{"href":"https:\/\/blog.polityka.pl\/polifonia\/wp-json\/wp\/v2\/types\/page"}],"author":[{"embeddable":true,"href":"https:\/\/blog.polityka.pl\/polifonia\/wp-json\/wp\/v2\/users\/1"}],"replies":[{"embeddable":true,"href":"https:\/\/blog.polityka.pl\/polifonia\/wp-json\/wp\/v2\/comments?post=7325"}],"version-history":[{"count":3,"href":"https:\/\/blog.polityka.pl\/polifonia\/wp-json\/wp\/v2\/pages\/7325\/revisions"}],"predecessor-version":[{"id":7330,"href":"https:\/\/blog.polityka.pl\/polifonia\/wp-json\/wp\/v2\/pages\/7325\/revisions\/7330"}],"wp:attachment":[{"href":"https:\/\/blog.polityka.pl\/polifonia\/wp-json\/wp\/v2\/media?parent=7325"}],"curies":[{"name":"wp","href":"https:\/\/api.w.org\/{rel}","templated":true}]}}